{"id":78520,"date":"2024-09-22T18:13:03","date_gmt":"2024-09-22T16:13:03","guid":{"rendered":"https:\/\/schwarzmueller.com\/telematics\/"},"modified":"2024-10-29T10:42:32","modified_gmt":"2024-10-29T09:42:32","slug":"telematics","status":"publish","type":"page","link":"https:\/\/schwarzmueller.com\/pl\/telematics\/","title":{"rendered":"Telematics"},"content":{"rendered":"\n<style type=\"text\/css\" data-created_by=\"avia_inline_auto\" id=\"style-css-av-m1ds4cwq-ccaf6cf9f06b01e4d78e37b306b82d0c\">\n.avia-section.av-m1ds4cwq-ccaf6cf9f06b01e4d78e37b306b82d0c{\nbackground-repeat:no-repeat;\nbackground-image:url(https:\/\/schwarzmueller.com\/wp-content\/uploads\/2024\/09\/schwarzmueller-group-background.jpg);\nbackground-position:0% 0%;\nbackground-attachment:scroll;\n}\n<\/style>\n<div id='av_section_1'  class='avia-section av-m1ds4cwq-ccaf6cf9f06b01e4d78e37b306b82d0c main_color avia-section-default avia-no-border-styling  avia-builder-el-0  avia-builder-el-no-sibling  avia-full-stretch avia-bg-style-scroll container_wrap sidebar_left'  data-section-bg-repeat='stretch'><div class='container av-section-cont-open' ><main  role=\"main\" itemprop=\"mainContentOfPage\"  class='template-page content  av-content-small units'><div class='post-entry post-entry-type-page post-entry-78520'><div class='entry-content-wrapper clearfix'>\n<div  class='flex_column av-velotj-ae3e978e562b356fc577bd5a60fcdc37 av_one_half  avia-builder-el-1  el_before_av_one_half  avia-builder-el-first  first flex_column_div  '     ><style type=\"text\/css\" data-created_by=\"avia_inline_auto\" id=\"style-css-av-1loj6qv-5c9517ea12e6b725df162d46faf8b1c0\">\n.avia-image-container.av-1loj6qv-5c9517ea12e6b725df162d46faf8b1c0 img.avia_image{\nbox-shadow:none;\n}\n.avia-image-container.av-1loj6qv-5c9517ea12e6b725df162d46faf8b1c0 .av-image-caption-overlay-center{\ncolor:#ffffff;\n}\n<\/style>\n<div  class='avia-image-container av-1loj6qv-5c9517ea12e6b725df162d46faf8b1c0 av-styling- avia-align-left  avia-builder-el-2  avia-builder-el-no-sibling '   itemprop=\"image\" itemscope=\"itemscope\" itemtype=\"https:\/\/schema.org\/ImageObject\" ><div class=\"avia-image-container-inner\"><div class=\"avia-image-overlay-wrap\"><img decoding=\"async\" fetchpriority=\"high\" class='wp-image-78068 avia-img-lazy-loading-not-78068 avia_image ' src=\"https:\/\/schwarzmueller.com\/wp-content\/uploads\/2024\/09\/SWIT_Logo_negativ-300x99.png\" alt='' title='SWIT_Logo_negativ'  height=\"99\" width=\"300\"  itemprop=\"thumbnailUrl\" srcset=\"https:\/\/schwarzmueller.com\/wp-content\/uploads\/2024\/09\/SWIT_Logo_negativ-300x99.png 300w, https:\/\/schwarzmueller.com\/wp-content\/uploads\/2024\/09\/SWIT_Logo_negativ-705x234.png 705w, https:\/\/schwarzmueller.com\/wp-content\/uploads\/2024\/09\/SWIT_Logo_negativ.png 721w\" sizes=\"(max-width: 300px) 100vw, 300px\" \/><\/div><\/div><\/div><\/div><div  class='flex_column av-18fc9dz-9bf9853e44d1a4d9ad66e8094a45b740 av_one_half  avia-builder-el-3  el_after_av_one_half  el_before_av_one_half  flex_column_div  '     ><\/div><div  class='flex_column av-293vp53-ca4a5595054fccbf9f1a17df6eed75f1 av_one_half  avia-builder-el-4  el_after_av_one_half  el_before_av_one_half  first flex_column_div  column-top-margin'     ><section  class='av_textblock_section av-m1ds6ck0-5668e24650035b59f87ca03330cf5365 '   itemscope=\"itemscope\" itemtype=\"https:\/\/schema.org\/CreativeWork\" ><div class='avia_textblock'  itemprop=\"text\" ><h1 class=\"schwa-h3\"><span style=\"color: #ffffff;\">Schwarzm\u00fcller Intelligent Telematics<\/span><\/h1>\n<p><span style=\"color: #ffffff;\">Telematyka to w Schwarzm\u00fcller nowy standard. Od teraz wszystkie pojazdy wyposa\u017cone s\u0105 fabrycznie w nowy system SWIT. Dzi\u0119ki temu Tw\u00f3j pojazd mo\u017ce teraz jeszcze wi\u0119cej, poniewa\u017c jest ca\u0142y czas w sieci i dostarcza dane z r\u00f3\u017cnych podzespo\u0142\u00f3w.<\/span><\/p>\n<p><span style=\"color: #ffffff;\">Oprogramowanie przetwarza dane z pojazd\u00f3w i w czasie rzeczywistym* przekazuje je do przejrzystego i \u0142atwego w obs\u0142udze portalu<\/span> <strong><span style=\"color: #ffffff;\">SWIT<\/span><\/strong><span style=\"color: #ffffff;\">Na podstawie tych danych powstaj\u0105 kompleksowe raporty obejmuj\u0105ce ca\u0142\u0105 flot\u0119. Dzi\u0119ki temu zawsze masz pe\u0142en obraz sytuacji i zyskujesz nowe informacje o swoim taborze.<br \/>\n<\/span><\/p>\n<p><strong><span style=\"color: #ffffff;\">SWIT<\/strong><\/span><<span style=\"color: #ffffff;\"><span style=\"color: #ffffff;\">Ci\u0119 przekona!<\/span><\/p>\n<p><span style=\"color: #ffffff;\">* Zale\u017cnie od transferu danych i warunk\u00f3w technicznych<br \/>\nZg\u0142oszenie<\/span><\/p>\n<\/div><\/section><\/div><div  class='flex_column av-1og0pxj-bd7ee1872a5d3c46c9fc12fa4cce72ff av_one_half  avia-builder-el-6  el_after_av_one_half  el_before_av_one_half  flex_column_div  column-top-margin'     ><section  class='av_textblock_section av-m1dtvob9-e0d19b933beffadf312a2e98f3d24944 '   itemscope=\"itemscope\" itemtype=\"https:\/\/schema.org\/CreativeWork\" ><div class='avia_textblock'  itemprop=\"text\" ><h4><span style=\"color: #ffffff;\">Zgtoszenie<\/span><\/h4>\n<\/div><\/section><br \/>\n\n<style type=\"text\/css\" data-created_by=\"avia_inline_auto\" id=\"style-css-av-m1dv6f33-b3b83812eac61474347ecda530e701ec\">\n#top .hr.hr-invisible.av-m1dv6f33-b3b83812eac61474347ecda530e701ec{\nheight:24px;\n}\n<\/style>\n<div  class='hr av-m1dv6f33-b3b83812eac61474347ecda530e701ec hr-invisible  avia-builder-el-8  el_after_av_textblock  el_before_av_codeblock '><span class='hr-inner '><span class=\"hr-inner-style\"><\/span><\/span><\/div><br \/>\n<\/p><\/div><div  class='flex_column av-1b4x7fr-c53a2a19f7cebed16ab426255cfea222 av_one_half  avia-builder-el-10  el_after_av_one_half  el_before_av_one_half  first flex_column_div  column-top-margin'     ><section  class='av_textblock_section av-m1ds8rde-db4712ebd779410d8b23c5ae3df981d3 '   itemscope=\"itemscope\" itemtype=\"https:\/\/schema.org\/CreativeWork\" ><div class='avia_textblock'  itemprop=\"text\" ><p><span style=\"color: #ffffff;\">\u00a9 Wilhelm Schwarzm\u00fcller GmbH | Wszystkie prawa zastrze\u017cone. | <a href=\"https:\/\/schwarzmueller.com\/wp-content\/uploads\/2024\/09\/SWIT_AGB_2021_05_27_DE-PL.pdf\"><span style=\"color: #ffffff;\"> OWH <\/span><\/a><\/span><\/p>\n<\/div><\/section><\/div><div  class='flex_column av-otn61z-94f1b67a3a1003a4b337e2a9db258bb5 av_one_half  avia-builder-el-12  el_after_av_one_half  avia-builder-el-last  flex_column_div  column-top-margin'     ><section  class='av_textblock_section av-m1du69fq-616a92ab9dfb9bcec430130e49ba86a6 '   itemscope=\"itemscope\" itemtype=\"https:\/\/schema.org\/CreativeWork\" ><div class='avia_textblock'  itemprop=\"text\" ><p style=\"text-align: right;\"><span style=\"color: #ffffff;\"><a style=\"color: #ffffff;\" href=\"https:\/\/www.schwarzmueller.com\">www.schwarzmueller.com<\/a><\/span><\/p>\n<\/div><\/section><\/div>\n<\/div><\/div><\/main><!-- close content main element --><\/div><\/div><div id='after_section_1'  class='main_color av_default_container_wrap container_wrap sidebar_left'  ><div class='container av-section-cont-open' ><div class='template-page content  av-content-small units'><div class='post-entry post-entry-type-page post-entry-78520'><div class='entry-content-wrapper clearfix'>\n","protected":false},"excerpt":{"rendered":"","protected":false},"author":6,"featured_media":0,"parent":0,"menu_order":0,"comment_status":"closed","ping_status":"closed","template":"","meta":{"_acf_changed":false,"_relevanssi_hide_post":"","_relevanssi_hide_content":"","_relevanssi_pin_for_all":"","_relevanssi_pin_keywords":"","_relevanssi_unpin_keywords":"","_relevanssi_related_keywords":"","_relevanssi_related_include_ids":"","_relevanssi_related_exclude_ids":"","_relevanssi_related_no_append":"","_relevanssi_related_not_related":"","_relevanssi_related_posts":"51092,51072,51089,51035,51142,51060","_relevanssi_noindex_reason":"","footnotes":""},"class_list":["post-78520","page","type-page","status-publish","hentry"],"acf":[],"yoast_head":"<!-- This site is optimized with the Yoast SEO Premium plugin v26.4 (Yoast SEO v27.2) - https:\/\/yoast.com\/product\/yoast-seo-premium-wordpress\/ -->\n<title>Telematics - Schwarzm\u00fcller<\/title>\n<meta name=\"robots\" content=\"index, follow, max-snippet:-1, max-image-preview:large, max-video-preview:-1\" \/>\n<link rel=\"canonical\" href=\"https:\/\/schwarzmueller.com\/pl\/telematics\/\" \/>\n<meta property=\"og:locale\" content=\"pl_PL\" \/>\n<meta property=\"og:type\" content=\"article\" \/>\n<meta property=\"og:title\" content=\"Telematics\" \/>\n<meta property=\"og:url\" content=\"https:\/\/schwarzmueller.com\/pl\/telematics\/\" \/>\n<meta property=\"og:site_name\" content=\"Schwarzm\u00fcller\" \/>\n<meta property=\"article:modified_time\" content=\"2024-10-29T09:42:32+00:00\" \/>\n<meta property=\"og:image\" content=\"https:\/\/schwarzmueller.com\/wp-content\/uploads\/2024\/03\/csm_schwarzmueller-IAA-2022-tp-schubboden_60f424c13a.jpg\" \/>\n\t<meta property=\"og:image:width\" content=\"768\" \/>\n\t<meta property=\"og:image:height\" content=\"480\" \/>\n\t<meta property=\"og:image:type\" content=\"image\/jpeg\" \/>\n<meta name=\"twitter:card\" content=\"summary_large_image\" \/>\n<meta name=\"twitter:label1\" content=\"Szacowany czas czytania\" \/>\n\t<meta name=\"twitter:data1\" content=\"1 minuta\" \/>\n<script type=\"application\/ld+json\" class=\"yoast-schema-graph\">{\"@context\":\"https:\/\/schema.org\",\"@graph\":[{\"@type\":\"WebPage\",\"@id\":\"https:\/\/schwarzmueller.com\/pl\/telematics\/\",\"url\":\"https:\/\/schwarzmueller.com\/pl\/telematics\/\",\"name\":\"Telematics - Schwarzm\u00fcller\",\"isPartOf\":{\"@id\":\"https:\/\/schwarzmueller.com\/en\/#website\"},\"datePublished\":\"2024-09-22T16:13:03+00:00\",\"dateModified\":\"2024-10-29T09:42:32+00:00\",\"breadcrumb\":{\"@id\":\"https:\/\/schwarzmueller.com\/pl\/telematics\/#breadcrumb\"},\"inLanguage\":\"pl-PL\",\"potentialAction\":[{\"@type\":\"ReadAction\",\"target\":[\"https:\/\/schwarzmueller.com\/pl\/telematics\/\"]}]},{\"@type\":\"BreadcrumbList\",\"@id\":\"https:\/\/schwarzmueller.com\/pl\/telematics\/#breadcrumb\",\"itemListElement\":[{\"@type\":\"ListItem\",\"position\":1,\"name\":\"Home\",\"item\":\"https:\/\/schwarzmueller.com\/pl\/home-2\/\"},{\"@type\":\"ListItem\",\"position\":2,\"name\":\"Telematics\"}]},{\"@type\":\"WebSite\",\"@id\":\"https:\/\/schwarzmueller.com\/en\/#website\",\"url\":\"https:\/\/schwarzmueller.com\/en\/\",\"name\":\"Schwarzm\u00fcller | Intelligente Fahrzeuge\",\"description\":\"Ganz auf exzellente Fahrzeugtechnik gebaut\",\"publisher\":{\"@id\":\"https:\/\/schwarzmueller.com\/en\/#organization\"},\"alternateName\":\"Schwarzm\u00fcller\",\"potentialAction\":[{\"@type\":\"SearchAction\",\"target\":{\"@type\":\"EntryPoint\",\"urlTemplate\":\"https:\/\/schwarzmueller.com\/en\/?s={search_term_string}\"},\"query-input\":{\"@type\":\"PropertyValueSpecification\",\"valueRequired\":true,\"valueName\":\"search_term_string\"}}],\"inLanguage\":\"pl-PL\"},{\"@type\":\"Organization\",\"@id\":\"https:\/\/schwarzmueller.com\/en\/#organization\",\"name\":\"Schwarzm\u00fcller\",\"url\":\"https:\/\/schwarzmueller.com\/en\/\",\"logo\":{\"@type\":\"ImageObject\",\"inLanguage\":\"pl-PL\",\"@id\":\"https:\/\/schwarzmueller.com\/en\/#\/schema\/logo\/image\/\",\"url\":\"https:\/\/schwarzmueller.com\/wp-content\/uploads\/2024\/05\/sm_icon_logo.svg\",\"contentUrl\":\"https:\/\/schwarzmueller.com\/wp-content\/uploads\/2024\/05\/sm_icon_logo.svg\",\"width\":1,\"height\":1,\"caption\":\"Schwarzm\u00fcller\"},\"image\":{\"@id\":\"https:\/\/schwarzmueller.com\/en\/#\/schema\/logo\/image\/\"}}]}<\/script>\n<!-- \/ Yoast SEO Premium plugin. -->","yoast_head_json":{"title":"Telematics - Schwarzm\u00fcller","robots":{"index":"index","follow":"follow","max-snippet":"max-snippet:-1","max-image-preview":"max-image-preview:large","max-video-preview":"max-video-preview:-1"},"canonical":"https:\/\/schwarzmueller.com\/pl\/telematics\/","og_locale":"pl_PL","og_type":"article","og_title":"Telematics","og_url":"https:\/\/schwarzmueller.com\/pl\/telematics\/","og_site_name":"Schwarzm\u00fcller","article_modified_time":"2024-10-29T09:42:32+00:00","og_image":[{"width":768,"height":480,"url":"https:\/\/schwarzmueller.com\/wp-content\/uploads\/2024\/03\/csm_schwarzmueller-IAA-2022-tp-schubboden_60f424c13a.jpg","type":"image\/jpeg"}],"twitter_card":"summary_large_image","twitter_misc":{"Szacowany czas czytania":"1 minuta"},"schema":{"@context":"https:\/\/schema.org","@graph":[{"@type":"WebPage","@id":"https:\/\/schwarzmueller.com\/pl\/telematics\/","url":"https:\/\/schwarzmueller.com\/pl\/telematics\/","name":"Telematics - Schwarzm\u00fcller","isPartOf":{"@id":"https:\/\/schwarzmueller.com\/en\/#website"},"datePublished":"2024-09-22T16:13:03+00:00","dateModified":"2024-10-29T09:42:32+00:00","breadcrumb":{"@id":"https:\/\/schwarzmueller.com\/pl\/telematics\/#breadcrumb"},"inLanguage":"pl-PL","potentialAction":[{"@type":"ReadAction","target":["https:\/\/schwarzmueller.com\/pl\/telematics\/"]}]},{"@type":"BreadcrumbList","@id":"https:\/\/schwarzmueller.com\/pl\/telematics\/#breadcrumb","itemListElement":[{"@type":"ListItem","position":1,"name":"Home","item":"https:\/\/schwarzmueller.com\/pl\/home-2\/"},{"@type":"ListItem","position":2,"name":"Telematics"}]},{"@type":"WebSite","@id":"https:\/\/schwarzmueller.com\/en\/#website","url":"https:\/\/schwarzmueller.com\/en\/","name":"Schwarzm\u00fcller | Intelligente Fahrzeuge","description":"Ganz auf exzellente Fahrzeugtechnik gebaut","publisher":{"@id":"https:\/\/schwarzmueller.com\/en\/#organization"},"alternateName":"Schwarzm\u00fcller","potentialAction":[{"@type":"SearchAction","target":{"@type":"EntryPoint","urlTemplate":"https:\/\/schwarzmueller.com\/en\/?s={search_term_string}"},"query-input":{"@type":"PropertyValueSpecification","valueRequired":true,"valueName":"search_term_string"}}],"inLanguage":"pl-PL"},{"@type":"Organization","@id":"https:\/\/schwarzmueller.com\/en\/#organization","name":"Schwarzm\u00fcller","url":"https:\/\/schwarzmueller.com\/en\/","logo":{"@type":"ImageObject","inLanguage":"pl-PL","@id":"https:\/\/schwarzmueller.com\/en\/#\/schema\/logo\/image\/","url":"https:\/\/schwarzmueller.com\/wp-content\/uploads\/2024\/05\/sm_icon_logo.svg","contentUrl":"https:\/\/schwarzmueller.com\/wp-content\/uploads\/2024\/05\/sm_icon_logo.svg","width":1,"height":1,"caption":"Schwarzm\u00fcller"},"image":{"@id":"https:\/\/schwarzmueller.com\/en\/#\/schema\/logo\/image\/"}}]}},"_links":{"self":[{"href":"https:\/\/schwarzmueller.com\/pl\/wp-json\/wp\/v2\/pages\/78520","targetHints":{"allow":["GET"]}}],"collection":[{"href":"https:\/\/schwarzmueller.com\/pl\/wp-json\/wp\/v2\/pages"}],"about":[{"href":"https:\/\/schwarzmueller.com\/pl\/wp-json\/wp\/v2\/types\/page"}],"author":[{"embeddable":true,"href":"https:\/\/schwarzmueller.com\/pl\/wp-json\/wp\/v2\/users\/6"}],"replies":[{"embeddable":true,"href":"https:\/\/schwarzmueller.com\/pl\/wp-json\/wp\/v2\/comments?post=78520"}],"version-history":[{"count":10,"href":"https:\/\/schwarzmueller.com\/pl\/wp-json\/wp\/v2\/pages\/78520\/revisions"}],"predecessor-version":[{"id":81663,"href":"https:\/\/schwarzmueller.com\/pl\/wp-json\/wp\/v2\/pages\/78520\/revisions\/81663"}],"wp:attachment":[{"href":"https:\/\/schwarzmueller.com\/pl\/wp-json\/wp\/v2\/media?parent=78520"}],"curies":[{"name":"wp","href":"https:\/\/api.w.org\/{rel}","templated":true}]}}