{"id":71588,"date":"2024-03-06T16:48:12","date_gmt":"2024-03-06T15:48:12","guid":{"rendered":"https:\/\/schwarzmueller.com\/do-pobrania-media\/"},"modified":"2024-09-05T17:31:43","modified_gmt":"2024-09-05T15:31:43","slug":"do-pobrania-media","status":"publish","type":"page","link":"https:\/\/schwarzmueller.com\/pl\/informacje-kontakt\/do-pobrania-media\/","title":{"rendered":"Do pobrania media"},"content":{"rendered":"<\/p>\n\n<style type=\"text\/css\" data-created_by=\"avia_inline_auto\" id=\"style-css-av-luwep09t-fedfd3248cb546f3d56a29153b65118b\">\n.avia-section.av-luwep09t-fedfd3248cb546f3d56a29153b65118b{\nbackground-repeat:no-repeat;\nbackground-image:url(https:\/\/schwarzmueller.com\/wp-content\/uploads\/2024\/04\/background_as.jpg);\nbackground-position:50% 50%;\nbackground-attachment:scroll;\n}\n<\/style>\n<div id='av_section_1'  class='avia-section av-luwep09t-fedfd3248cb546f3d56a29153b65118b main_color avia-section-huge avia-no-border-styling  avia-builder-el-0  el_before_av_textblock  avia-builder-el-first  avia-full-stretch avia-bg-style-scroll av-minimum-height av-minimum-height-custom av-height-custom  container_wrap sidebar_left'  data-section-bg-repeat='stretch' data-av_minimum_height_px='512'><div class='container av-section-cont-open' style='height:512px'><main  role=\"main\" itemprop=\"mainContentOfPage\"  class='template-page content  av-content-small units'><div class='post-entry post-entry-type-page post-entry-71588'><div class='entry-content-wrapper clearfix'>\n\n<style type=\"text\/css\" data-created_by=\"avia_inline_auto\" id=\"style-css-av-luweno3r-bff9c8610edca80a5142d1288a2a359e\">\n#top .av_textblock_section.av-luweno3r-bff9c8610edca80a5142d1288a2a359e .avia_textblock{\ncolor:#ffffff;\n}\n<\/style>\n<section  class='av_textblock_section av-luweno3r-bff9c8610edca80a5142d1288a2a359e '   itemscope=\"itemscope\" itemtype=\"https:\/\/schema.org\/CreativeWork\" ><div class='avia_textblock hero-title av_inherit_color'  itemprop=\"text\" ><h1>Do pobrania media<\/h1>\n<p> Dokumenty oraz dokumentacja dotycz\u0105ca r\u00f3\u017cnych obszar\u00f3w tematycznych naszej firmy<br \/>Ch\u0119tnie odpowiemy na Pa\u0144stwa pytania. Dzi\u0119kujemy za zainteresowanie Grup\u0105 Schwarzm\u00fcller.<\/p>\n<\/div><\/section>\n<\/div><\/div><\/main><!-- close content main element --><\/div><\/div><div id='after_section_1'  class='main_color av_default_container_wrap container_wrap sidebar_left'  ><div class='container av-section-cont-open' ><div class='template-page content  av-content-small units'><div class='post-entry post-entry-type-page post-entry-71588'><div class='entry-content-wrapper clearfix'>\n<section  class='av_textblock_section av-j1ankm-d1b63f3b19e229ba9614e91bd9401c10 '   itemscope=\"itemscope\" itemtype=\"https:\/\/schema.org\/CreativeWork\" ><div class='avia_textblock sch-breadcrumb'  itemprop=\"text\" ><div class=\"breadcrumb breadcrumbs avia-breadcrumbs\"><div class=\"breadcrumb-trail\" ><span class=\"trail-before\"><span class=\"breadcrumb-title\">Jeste\u015b tutaj:<\/span><\/span> <span  itemscope=\"itemscope\" itemtype=\"https:\/\/schema.org\/BreadcrumbList\" ><span  itemscope=\"itemscope\" itemtype=\"https:\/\/schema.org\/ListItem\" itemprop=\"itemListElement\" ><a itemprop=\"url\" href=\"https:\/\/schwarzmueller.com\/pl\/\" title=\"Schwarzm\u00fcller\" rel=\"home\" class=\"trail-begin\"><span itemprop=\"name\">Home<\/span><\/a><span itemprop=\"position\" class=\"hidden\">1<\/span><\/span><\/span><\/div><\/div>\n<\/div><\/section>\n<\/div><\/div><\/div><!-- close content main div --><\/div><\/div>\n<style type=\"text\/css\" data-created_by=\"avia_inline_auto\" id=\"style-css-av-rlrc3a-17a14eb7d071a193e1606a7113104afa\">\n.avia-section.av-rlrc3a-17a14eb7d071a193e1606a7113104afa{\nbackground-repeat:repeat;\nbackground-image:url(https:\/\/schwarzmueller.com\/wp-content\/uploads\/2024\/03\/pattern2.png);\nbackground-position:0% 0%;\nbackground-attachment:scroll;\n}\n<\/style>\n<div id='av_section_2'  class='avia-section av-rlrc3a-17a14eb7d071a193e1606a7113104afa main_color avia-section-no-padding avia-no-border-styling  avia-builder-el-3  el_after_av_textblock  avia-builder-el-last  pattern-section-background avia-bg-style-scroll av-minimum-height av-minimum-height-custom av-height-custom  container_wrap sidebar_left'  data-section-bg-repeat='repeat' data-av_minimum_height_px='770'><div class='container av-section-cont-open' style='height:770px'><div class='template-page content  av-content-small units'><div class='post-entry post-entry-type-page post-entry-71588'><div class='entry-content-wrapper clearfix'>\n<div><div class=\"download-categories\"><div class=\"download-category-item\"><div class=\"download-category-info\"><h2 class=\"schwa-h5\">Og\u00f3lne informacje o firmie<\/h2><p>Tutaj znajdziesz broszury o naszej firmie oraz magazyny dla Klient\u00f3w.<\/p><\/div><div class=\"download-cards schwa-accordeon\"><div class=\"single-download\"><div class=\"single-download-image-container\"><img decoding=\"async\" src=\"https:\/\/schwarzmueller.com\/wp-content\/uploads\/2024\/05\/sm_download_placeholder.png\" alt=\" Kategoria obrazu\" ><\/div><div class=\"single-download-content-container\"><div class=\"single-download-content-text\"><h3 class=\"schwa-h6\">Schwarzm\u00fcller wideo<\/h3><span>Czasem mo\u017cna pozwoli\u0107 sobie na co\u015b wyj\u0105tkowego...<\/span><\/div><\/div><\/div><div class=\"single-download\"><div class=\"single-download-image-container\"><img decoding=\"async\" src=\"https:\/\/schwarzmueller.com\/wp-content\/uploads\/2024\/05\/csm_WEB_Links_SCHW_Image_Broschuere_2022_D_20231005_9e2faf5202.png\" alt=\" Kategoria obrazu\" ><\/div><div class=\"single-download-content-container\"><div class=\"single-download-content-text\"><h3 class=\"schwa-h6\">Broszura wizerunkowa Schwarzm\u00fcllera<\/h3><\/div><\/div><\/div><\/div><\/div><div class=\"download-category-item\"><div class=\"download-category-info\"><h2 class=\"schwa-h5\">O naszych produktach<\/h2><p>Odkryj tutaj nasze broszury produktowe.<\/p><\/div><div class=\"download-cards schwa-accordeon\"><div class=\"single-download\"><div class=\"single-download-image-container\"><img decoding=\"async\" src=\"https:\/\/schwarzmueller.com\/wp-content\/uploads\/2024\/05\/csm_SCHW_Schubboden_Brosch_September2021_52f44bf521.png\" alt=\" Kategoria obrazu\" ><\/div><div class=\"single-download-content-container\"><div class=\"single-download-content-text\"><h3 class=\"schwa-h6\">Walking floor vehicles<\/h3><p><i class=\"fa fa-file file-icon\"><\/i><span>PDF<\/span> (4.32 M)<\/p><\/div><div class=\"single-download-content-button\"><a class=\"btn-schwa btn-red-schwa\" href=\"https:\/\/schwarzmueller.com\/wp-content\/uploads\/2024\/05\/walking_floor_vehicles_202103.pdf\" target=\"_blank\"><span class=\"download-icon-text\">Pobierz<i class=\"fa fa-download download-icon\"><\/i><\/span><\/a><\/div><\/div><\/div><div class=\"single-download\"><div class=\"single-download-image-container\"><img decoding=\"async\" src=\"https:\/\/schwarzmueller.com\/wp-content\/uploads\/2024\/05\/csm_SCHW_Tieflader_Brosch_September2021_924d73c8a0.png\" alt=\" Kategoria obrazu\" ><\/div><div class=\"single-download-content-container\"><div class=\"single-download-content-text\"><h3 class=\"schwa-h6\">Low-loader Vehicles<\/h3><p><i class=\"fa fa-file file-icon\"><\/i><span>PDF<\/span> (4.87 M)<\/p><\/div><div class=\"single-download-content-button\"><a class=\"btn-schwa btn-red-schwa\" href=\"https:\/\/schwarzmueller.com\/wp-content\/uploads\/2024\/05\/low-loader_vehicles_202103.pdf\" target=\"_blank\"><span class=\"download-icon-text\">Pobierz<i class=\"fa fa-download download-icon\"><\/i><\/span><\/a><\/div><\/div><\/div><div class=\"single-download\"><div class=\"single-download-image-container\"><img decoding=\"async\" src=\"https:\/\/schwarzmueller.com\/wp-content\/uploads\/2024\/05\/csm_segmentmulden-kipper_produktbroschuere_202103_6071b568e1.png\" alt=\" Kategoria obrazu\" ><\/div><div class=\"single-download-content-container\"><div class=\"single-download-content-text\"><h3 class=\"schwa-h6\">Wywrotki segmentowe<\/h3><p><i class=\"fa fa-file file-icon\"><\/i><span>PDF<\/span> (8.54 M)<\/p><\/div><div class=\"single-download-content-button\"><a class=\"btn-schwa btn-red-schwa\" href=\"https:\/\/schwarzmueller.com\/wp-content\/uploads\/2024\/05\/SCHW_Kipper_Brosch_PL_Januar_2026.pdf\" target=\"_blank\"><span class=\"download-icon-text\">Pobierz<i class=\"fa fa-download download-icon\"><\/i><\/span><\/a><\/div><\/div><\/div><div class=\"single-download\"><div class=\"single-download-image-container\"><img decoding=\"async\" src=\"https:\/\/schwarzmueller.com\/wp-content\/uploads\/2024\/05\/csm_power_line_plateau_produktbroschuere_auch_integr_Landingpage_202102_5fd3912b3a.png\" alt=\" Kategoria obrazu\" ><\/div><div class=\"single-download-content-container\"><div class=\"single-download-content-text\"><h3 class=\"schwa-h6\">Platformy POWER LINE<\/h3><p><i class=\"fa fa-file file-icon\"><\/i><span>PDF<\/span> (5.39 M)<\/p><\/div><div class=\"single-download-content-button\"><a class=\"btn-schwa btn-red-schwa\" href=\"https:\/\/schwarzmueller.com\/wp-content\/uploads\/2024\/05\/platformy_power_line_202102.pdf\" target=\"_blank\"><span class=\"download-icon-text\">Pobierz<i class=\"fa fa-download download-icon\"><\/i><\/span><\/a><\/div><\/div><\/div><div class=\"single-download\"><div class=\"single-download-image-container\"><img decoding=\"async\" src=\"https:\/\/schwarzmueller.com\/wp-content\/uploads\/2024\/05\/csm_holz-rungen_produktbroschuere_202103_72eae1cce1.png\" alt=\" Kategoria obrazu\" ><\/div><div class=\"single-download-content-container\"><div class=\"single-download-content-text\"><h3 class=\"schwa-h6\">Timber\/Stanchion Trailers<\/h3><p><i class=\"fa fa-file file-icon\"><\/i><span>PDF<\/span> (5.61 M)<\/p><\/div><div class=\"single-download-content-button\"><a class=\"btn-schwa btn-red-schwa\" href=\"https:\/\/schwarzmueller.com\/wp-content\/uploads\/2024\/05\/timber-stanchion_trailers_202103.pdf\" target=\"_blank\"><span class=\"download-icon-text\">Pobierz<i class=\"fa fa-download download-icon\"><\/i><\/span><\/a><\/div><\/div><\/div><div class=\"single-download\"><div class=\"single-download-image-container\"><img decoding=\"async\" src=\"https:\/\/schwarzmueller.com\/wp-content\/uploads\/2024\/05\/grossraummulde_produktbroschuere_202102-1-pdf.jpg\" alt=\" Kategoria obrazu\" ><\/div><div class=\"single-download-content-container\"><div class=\"single-download-content-text\"><h3 class=\"schwa-h6\">Naczepy wywrotki do \u0142adunk\u00f3w przestrzennych<\/h3><p><i class=\"fa fa-file file-icon\"><\/i><span>PDF<\/span> (4.65 M)<\/p><\/div><div class=\"single-download-content-button\"><a class=\"btn-schwa btn-red-schwa\" href=\"https:\/\/schwarzmueller.com\/wp-content\/uploads\/2024\/05\/naczepy_wywrotki_do_ladunkow_przestrzennych_202102.pdf\" target=\"_blank\"><span class=\"download-icon-text\">Pobierz<i class=\"fa fa-download download-icon\"><\/i><\/span><\/a><\/div><\/div><\/div><div class=\"single-download\"><div class=\"single-download-image-container\"><img decoding=\"async\" src=\"https:\/\/schwarzmueller.com\/wp-content\/uploads\/2024\/05\/csm_alu-tanksattelanhaenger_produktbroschuere_202103_332b31c018.png\" alt=\" Kategoria obrazu\" ><\/div><div class=\"single-download-content-container\"><div class=\"single-download-content-text\"><h3 class=\"schwa-h6\">Aluminium Tank Semitrailers<\/h3><p><i class=\"fa fa-file file-icon\"><\/i><span>PDF<\/span> (5.88 M)<\/p><\/div><div class=\"single-download-content-button\"><a class=\"btn-schwa btn-red-schwa\" href=\"https:\/\/schwarzmueller.com\/wp-content\/uploads\/2024\/05\/aluminium_tank_semitrailers_202103.pdf\" target=\"_blank\"><span class=\"download-icon-text\">Pobierz<i class=\"fa fa-download download-icon\"><\/i><\/span><\/a><\/div><\/div><\/div><\/div><\/div><div class=\"download-category-item\"><div class=\"download-category-info\"><h2 class=\"schwa-h5\">Obs\u0142uga posprzeda\u017cowa w firmie Schwarzm\u00fcller<\/h2><p>Skorzystaj na naszym inteligentnym serwisie.Nasze ksi\u0105\u017cki przegl\u0105d\u00f3w serwisowych oraz oferty serwisowe znajdziesz tutaj do pobrania.<\/p><\/div><div class=\"download-cards schwa-accordeon\"><div class=\"single-download\"><div class=\"single-download-image-container\"><img decoding=\"async\" src=\"https:\/\/schwarzmueller.com\/wp-content\/uploads\/2024\/05\/csm_Schwarzmueller-Telematik-Broschuere-SWIT-Wickelfalz-6-Seiten-DE-20220912-Einzelseiten_ebc41e561f.png\" alt=\" Kategoria obrazu\" ><\/div><div class=\"single-download-content-container\"><div class=\"single-download-content-text\"><h3 class=\"schwa-h6\">Inteligentny system telematyczny<\/h3><p><i class=\"fa fa-file file-icon\"><\/i><span>PDF<\/span> (9.87 M)<\/p><\/div><div class=\"single-download-content-button\"><a class=\"btn-schwa btn-red-schwa\" href=\"https:\/\/schwarzmueller.com\/wp-content\/uploads\/2024\/05\/Schwarzmueller-Telematik-Broschuere-SWIT-Wickelfalz-6-Seiten-PL-20220912-Einzelseiten.pdf\" target=\"_blank\"><span class=\"download-icon-text\">Pobierz<i class=\"fa fa-download download-icon\"><\/i><\/span><\/a><\/div><\/div><\/div><div class=\"single-download\"><div class=\"single-download-image-container\"><img decoding=\"async\" src=\"https:\/\/schwarzmueller.com\/wp-content\/uploads\/2024\/05\/csm_werkstattfolder_202110_a66934b507.png\" alt=\" Kategoria obrazu\" ><\/div><div class=\"single-download-content-container\"><div class=\"single-download-content-text\"><h3 class=\"schwa-h6\">Workshop Folder<\/h3><p><i class=\"fa fa-file file-icon\"><\/i><span>PDF<\/span> (1.24 M)<\/p><\/div><div class=\"single-download-content-button\"><a class=\"btn-schwa btn-red-schwa\" href=\"https:\/\/schwarzmueller.com\/wp-content\/uploads\/2024\/05\/workshop_folder_202110.pdf\" target=\"_blank\"><span class=\"download-icon-text\">Pobierz<i class=\"fa fa-download download-icon\"><\/i><\/span><\/a><\/div><\/div><\/div><\/div><\/div><div class=\"download-category-item\"><div class=\"download-category-info\"><h2 class=\"schwa-h5\">Certyfikaty i Wyr\u00f3\u017cnienia<\/h2><p>Wysokie standardy jako\u015bci tworz\u0105 podstaw\u0119 ukierunkowania Schwarzm\u00fcller:<\/p><\/div><div class=\"download-cards schwa-accordeon\"><div class=\"single-download\"><div class=\"single-download-image-container\"><img decoding=\"async\" src=\"https:\/\/schwarzmueller.com\/wp-content\/uploads\/2024\/05\/csm_135001-HM-14001-va-de_83748a046c.png\" alt=\" Kategoria obrazu\" ><\/div><div class=\"single-download-content-container\"><div class=\"single-download-content-text\"><h3 class=\"schwa-h6\">Certificate Management system as per DIN EN ISO 14001 : 2015 (H\u00fcffermann Transportsysteme GmbH)<\/h3><p><i class=\"fa fa-file file-icon\"><\/i><span>PDF<\/span> (1.46 M)<\/p><\/div><div class=\"single-download-content-button\"><a class=\"btn-schwa btn-red-schwa\" href=\"https:\/\/schwarzmueller.com\/wp-content\/uploads\/2024\/05\/135001-HM-14001-va-en.pdf\" target=\"_blank\"><span class=\"download-icon-text\">Pobierz<i class=\"fa fa-download download-icon\"><\/i><\/span><\/a><\/div><\/div><\/div><div class=\"single-download\"><div class=\"single-download-image-container\"><img decoding=\"async\" src=\"https:\/\/schwarzmueller.com\/wp-content\/uploads\/2024\/05\/csm_135001-HM-9001-va-de_46cbebb6b9.png\" alt=\" Kategoria obrazu\" ><\/div><div class=\"single-download-content-container\"><div class=\"single-download-content-text\"><h3 class=\"schwa-h6\">Certificate Management system as per DIN EN ISO 9001 : 2015 (H\u00fcffermann Transportsysteme GmbH)<\/h3><p><i class=\"fa fa-file file-icon\"><\/i><span>PDF<\/span> (1.46 M)<\/p><\/div><div class=\"single-download-content-button\"><a class=\"btn-schwa btn-red-schwa\" href=\"https:\/\/schwarzmueller.com\/wp-content\/uploads\/2024\/05\/135001-HM-9001-va-en.pdf\" target=\"_blank\"><span class=\"download-icon-text\">Pobierz<i class=\"fa fa-download download-icon\"><\/i><\/span><\/a><\/div><\/div><\/div><div class=\"single-download\"><div class=\"single-download-image-container\"><img decoding=\"async\" src=\"https:\/\/schwarzmueller.com\/wp-content\/uploads\/2024\/05\/csm_135001-SM-14001-va-de_3eab4d4361.png\" alt=\" Kategoria obrazu\" ><\/div><div class=\"single-download-content-container\"><div class=\"single-download-content-text\"><h3 class=\"schwa-h6\">Certificate Management system as per DIN EN ISO 14001 : 2015 (Wilhelm Schwarzm\u00fcller GmbH)<\/h3><p><i class=\"fa fa-file file-icon\"><\/i><span>PDF<\/span> (1.74 M)<\/p><\/div><div class=\"single-download-content-button\"><a class=\"btn-schwa btn-red-schwa\" href=\"https:\/\/schwarzmueller.com\/wp-content\/uploads\/2024\/05\/135001-SM-14001-va-en.pdf\" target=\"_blank\"><span class=\"download-icon-text\">Pobierz<i class=\"fa fa-download download-icon\"><\/i><\/span><\/a><\/div><\/div><\/div><div class=\"single-download\"><div class=\"single-download-image-container\"><img decoding=\"async\" src=\"https:\/\/schwarzmueller.com\/wp-content\/uploads\/2024\/05\/csm_135001-SM-9001-va-de_8993a64700.png\" alt=\" Kategoria obrazu\" ><\/div><div class=\"single-download-content-container\"><div class=\"single-download-content-text\"><h3 class=\"schwa-h6\">Certificate Management system as per DIN EN ISO 9001 : 2015 (Wilhelm Schwarzm\u00fcller GmbH)<\/h3><p><i class=\"fa fa-file file-icon\"><\/i><span>PDF<\/span> (1.65 M)<\/p><\/div><div class=\"single-download-content-button\"><a class=\"btn-schwa btn-red-schwa\" href=\"https:\/\/schwarzmueller.com\/wp-content\/uploads\/2024\/05\/135001-SM-9001-va-en.pdf\" target=\"_blank\"><span class=\"download-icon-text\">Pobierz<i class=\"fa fa-download download-icon\"><\/i><\/span><\/a><\/div><\/div><\/div><\/div><\/div><\/div><\/div><\/div><\/div>\n<\/div><\/div><\/div><!-- close content main div --><\/div><\/div><div id='after_section_2'  class='main_color av_default_container_wrap container_wrap sidebar_left'  ><div class='container av-section-cont-open' ><div class='template-page content  av-content-small units'><div class='post-entry post-entry-type-page post-entry-71588'><div class='entry-content-wrapper clearfix'>\n","protected":false},"excerpt":{"rendered":"","protected":false},"author":5,"featured_media":0,"parent":76950,"menu_order":0,"comment_status":"closed","ping_status":"closed","template":"","meta":{"_acf_changed":false,"_relevanssi_hide_post":"","_relevanssi_hide_content":"","_relevanssi_pin_for_all":"","_relevanssi_pin_keywords":"","_relevanssi_unpin_keywords":"","_relevanssi_related_keywords":"","_relevanssi_related_include_ids":"","_relevanssi_related_exclude_ids":"","_relevanssi_related_no_append":"","_relevanssi_related_not_related":"","_relevanssi_related_posts":"51672,51673,51674,51675,51682,51685","_relevanssi_noindex_reason":"","footnotes":""},"class_list":["post-71588","page","type-page","status-publish","hentry"],"acf":[],"yoast_head":"<!-- This site is optimized with the Yoast SEO Premium plugin v26.4 (Yoast SEO v27.2) - https:\/\/yoast.com\/product\/yoast-seo-premium-wordpress\/ -->\n<title>Do pobrania media - Schwarzm\u00fcller<\/title>\n<meta name=\"robots\" content=\"index, follow, max-snippet:-1, max-image-preview:large, max-video-preview:-1\" \/>\n<link rel=\"canonical\" href=\"https:\/\/schwarzmueller.com\/pl\/informacje-kontakt\/do-pobrania-media\/\" \/>\n<meta property=\"og:locale\" content=\"pl_PL\" \/>\n<meta property=\"og:type\" content=\"article\" \/>\n<meta property=\"og:title\" content=\"Do pobrania media\" \/>\n<meta property=\"og:url\" content=\"https:\/\/schwarzmueller.com\/pl\/informacje-kontakt\/do-pobrania-media\/\" \/>\n<meta property=\"og:site_name\" content=\"Schwarzm\u00fcller\" \/>\n<meta property=\"article:modified_time\" content=\"2024-09-05T15:31:43+00:00\" \/>\n<meta property=\"og:image\" content=\"https:\/\/schwarzmueller.com\/wp-content\/uploads\/2024\/03\/csm_schwarzmueller-IAA-2022-tp-schubboden_60f424c13a.jpg\" \/>\n\t<meta property=\"og:image:width\" content=\"768\" \/>\n\t<meta property=\"og:image:height\" content=\"480\" \/>\n\t<meta property=\"og:image:type\" content=\"image\/jpeg\" \/>\n<meta name=\"twitter:card\" content=\"summary_large_image\" \/>\n<meta name=\"twitter:label1\" content=\"Szacowany czas czytania\" \/>\n\t<meta name=\"twitter:data1\" content=\"5 minut\" \/>\n<script type=\"application\/ld+json\" class=\"yoast-schema-graph\">{\"@context\":\"https:\/\/schema.org\",\"@graph\":[{\"@type\":\"WebPage\",\"@id\":\"https:\/\/schwarzmueller.com\/pl\/informacje-kontakt\/do-pobrania-media\/\",\"url\":\"https:\/\/schwarzmueller.com\/pl\/informacje-kontakt\/do-pobrania-media\/\",\"name\":\"Do pobrania media - Schwarzm\u00fcller\",\"isPartOf\":{\"@id\":\"https:\/\/schwarzmueller.com\/en\/#website\"},\"datePublished\":\"2024-03-06T15:48:12+00:00\",\"dateModified\":\"2024-09-05T15:31:43+00:00\",\"breadcrumb\":{\"@id\":\"https:\/\/schwarzmueller.com\/pl\/informacje-kontakt\/do-pobrania-media\/#breadcrumb\"},\"inLanguage\":\"pl-PL\",\"potentialAction\":[{\"@type\":\"ReadAction\",\"target\":[\"https:\/\/schwarzmueller.com\/pl\/informacje-kontakt\/do-pobrania-media\/\"]}]},{\"@type\":\"BreadcrumbList\",\"@id\":\"https:\/\/schwarzmueller.com\/pl\/informacje-kontakt\/do-pobrania-media\/#breadcrumb\",\"itemListElement\":[{\"@type\":\"ListItem\",\"position\":1,\"name\":\"Home\",\"item\":\"https:\/\/schwarzmueller.com\/pl\/home-2\/\"},{\"@type\":\"ListItem\",\"position\":2,\"name\":\"Informacje kontakt\",\"item\":\"https:\/\/schwarzmueller.com\/pl\/informacje-kontakt\/\"},{\"@type\":\"ListItem\",\"position\":3,\"name\":\"Do pobrania media\"}]},{\"@type\":\"WebSite\",\"@id\":\"https:\/\/schwarzmueller.com\/en\/#website\",\"url\":\"https:\/\/schwarzmueller.com\/en\/\",\"name\":\"Schwarzm\u00fcller | Intelligente Fahrzeuge\",\"description\":\"Ganz auf exzellente Fahrzeugtechnik gebaut\",\"publisher\":{\"@id\":\"https:\/\/schwarzmueller.com\/en\/#organization\"},\"alternateName\":\"Schwarzm\u00fcller\",\"potentialAction\":[{\"@type\":\"SearchAction\",\"target\":{\"@type\":\"EntryPoint\",\"urlTemplate\":\"https:\/\/schwarzmueller.com\/en\/?s={search_term_string}\"},\"query-input\":{\"@type\":\"PropertyValueSpecification\",\"valueRequired\":true,\"valueName\":\"search_term_string\"}}],\"inLanguage\":\"pl-PL\"},{\"@type\":\"Organization\",\"@id\":\"https:\/\/schwarzmueller.com\/en\/#organization\",\"name\":\"Schwarzm\u00fcller\",\"url\":\"https:\/\/schwarzmueller.com\/en\/\",\"logo\":{\"@type\":\"ImageObject\",\"inLanguage\":\"pl-PL\",\"@id\":\"https:\/\/schwarzmueller.com\/en\/#\/schema\/logo\/image\/\",\"url\":\"https:\/\/schwarzmueller.com\/wp-content\/uploads\/2024\/05\/sm_icon_logo.svg\",\"contentUrl\":\"https:\/\/schwarzmueller.com\/wp-content\/uploads\/2024\/05\/sm_icon_logo.svg\",\"width\":1,\"height\":1,\"caption\":\"Schwarzm\u00fcller\"},\"image\":{\"@id\":\"https:\/\/schwarzmueller.com\/en\/#\/schema\/logo\/image\/\"}}]}<\/script>\n<!-- \/ Yoast SEO Premium plugin. -->","yoast_head_json":{"title":"Do pobrania media - Schwarzm\u00fcller","robots":{"index":"index","follow":"follow","max-snippet":"max-snippet:-1","max-image-preview":"max-image-preview:large","max-video-preview":"max-video-preview:-1"},"canonical":"https:\/\/schwarzmueller.com\/pl\/informacje-kontakt\/do-pobrania-media\/","og_locale":"pl_PL","og_type":"article","og_title":"Do pobrania media","og_url":"https:\/\/schwarzmueller.com\/pl\/informacje-kontakt\/do-pobrania-media\/","og_site_name":"Schwarzm\u00fcller","article_modified_time":"2024-09-05T15:31:43+00:00","og_image":[{"width":768,"height":480,"url":"https:\/\/schwarzmueller.com\/wp-content\/uploads\/2024\/03\/csm_schwarzmueller-IAA-2022-tp-schubboden_60f424c13a.jpg","type":"image\/jpeg"}],"twitter_card":"summary_large_image","twitter_misc":{"Szacowany czas czytania":"5 minut"},"schema":{"@context":"https:\/\/schema.org","@graph":[{"@type":"WebPage","@id":"https:\/\/schwarzmueller.com\/pl\/informacje-kontakt\/do-pobrania-media\/","url":"https:\/\/schwarzmueller.com\/pl\/informacje-kontakt\/do-pobrania-media\/","name":"Do pobrania media - Schwarzm\u00fcller","isPartOf":{"@id":"https:\/\/schwarzmueller.com\/en\/#website"},"datePublished":"2024-03-06T15:48:12+00:00","dateModified":"2024-09-05T15:31:43+00:00","breadcrumb":{"@id":"https:\/\/schwarzmueller.com\/pl\/informacje-kontakt\/do-pobrania-media\/#breadcrumb"},"inLanguage":"pl-PL","potentialAction":[{"@type":"ReadAction","target":["https:\/\/schwarzmueller.com\/pl\/informacje-kontakt\/do-pobrania-media\/"]}]},{"@type":"BreadcrumbList","@id":"https:\/\/schwarzmueller.com\/pl\/informacje-kontakt\/do-pobrania-media\/#breadcrumb","itemListElement":[{"@type":"ListItem","position":1,"name":"Home","item":"https:\/\/schwarzmueller.com\/pl\/home-2\/"},{"@type":"ListItem","position":2,"name":"Informacje kontakt","item":"https:\/\/schwarzmueller.com\/pl\/informacje-kontakt\/"},{"@type":"ListItem","position":3,"name":"Do pobrania media"}]},{"@type":"WebSite","@id":"https:\/\/schwarzmueller.com\/en\/#website","url":"https:\/\/schwarzmueller.com\/en\/","name":"Schwarzm\u00fcller | Intelligente Fahrzeuge","description":"Ganz auf exzellente Fahrzeugtechnik gebaut","publisher":{"@id":"https:\/\/schwarzmueller.com\/en\/#organization"},"alternateName":"Schwarzm\u00fcller","potentialAction":[{"@type":"SearchAction","target":{"@type":"EntryPoint","urlTemplate":"https:\/\/schwarzmueller.com\/en\/?s={search_term_string}"},"query-input":{"@type":"PropertyValueSpecification","valueRequired":true,"valueName":"search_term_string"}}],"inLanguage":"pl-PL"},{"@type":"Organization","@id":"https:\/\/schwarzmueller.com\/en\/#organization","name":"Schwarzm\u00fcller","url":"https:\/\/schwarzmueller.com\/en\/","logo":{"@type":"ImageObject","inLanguage":"pl-PL","@id":"https:\/\/schwarzmueller.com\/en\/#\/schema\/logo\/image\/","url":"https:\/\/schwarzmueller.com\/wp-content\/uploads\/2024\/05\/sm_icon_logo.svg","contentUrl":"https:\/\/schwarzmueller.com\/wp-content\/uploads\/2024\/05\/sm_icon_logo.svg","width":1,"height":1,"caption":"Schwarzm\u00fcller"},"image":{"@id":"https:\/\/schwarzmueller.com\/en\/#\/schema\/logo\/image\/"}}]}},"_links":{"self":[{"href":"https:\/\/schwarzmueller.com\/pl\/wp-json\/wp\/v2\/pages\/71588","targetHints":{"allow":["GET"]}}],"collection":[{"href":"https:\/\/schwarzmueller.com\/pl\/wp-json\/wp\/v2\/pages"}],"about":[{"href":"https:\/\/schwarzmueller.com\/pl\/wp-json\/wp\/v2\/types\/page"}],"author":[{"embeddable":true,"href":"https:\/\/schwarzmueller.com\/pl\/wp-json\/wp\/v2\/users\/5"}],"replies":[{"embeddable":true,"href":"https:\/\/schwarzmueller.com\/pl\/wp-json\/wp\/v2\/comments?post=71588"}],"version-history":[{"count":10,"href":"https:\/\/schwarzmueller.com\/pl\/wp-json\/wp\/v2\/pages\/71588\/revisions"}],"predecessor-version":[{"id":76984,"href":"https:\/\/schwarzmueller.com\/pl\/wp-json\/wp\/v2\/pages\/71588\/revisions\/76984"}],"up":[{"embeddable":true,"href":"https:\/\/schwarzmueller.com\/pl\/wp-json\/wp\/v2\/pages\/76950"}],"wp:attachment":[{"href":"https:\/\/schwarzmueller.com\/pl\/wp-json\/wp\/v2\/media?parent=71588"}],"curies":[{"name":"wp","href":"https:\/\/api.w.org\/{rel}","templated":true}]}}