{"id":62502,"date":"2024-05-31T12:54:29","date_gmt":"2024-05-31T10:54:29","guid":{"rendered":"https:\/\/schwarzmueller.com\/impressum\/"},"modified":"2024-09-18T15:21:52","modified_gmt":"2024-09-18T13:21:52","slug":"impressum","status":"publish","type":"page","link":"https:\/\/schwarzmueller.com\/pl\/informacje-kontakt\/impressum\/","title":{"rendered":"Impressum"},"content":{"rendered":"<\/p>\n<section  class='av_textblock_section av-vjna4z-ac3e59bf0cbbc09fee358efdb3b612ce '   itemscope=\"itemscope\" itemtype=\"https:\/\/schema.org\/CreativeWork\" ><div class='avia_textblock sch-breadcrumb'  itemprop=\"text\" ><div class=\"breadcrumb breadcrumbs avia-breadcrumbs\"><div class=\"breadcrumb-trail\" ><span class=\"trail-before\"><span class=\"breadcrumb-title\">Jeste\u015b tutaj:<\/span><\/span> <span  itemscope=\"itemscope\" itemtype=\"https:\/\/schema.org\/BreadcrumbList\" ><span  itemscope=\"itemscope\" itemtype=\"https:\/\/schema.org\/ListItem\" itemprop=\"itemListElement\" ><a itemprop=\"url\" href=\"https:\/\/schwarzmueller.com\/pl\/\" title=\"Schwarzm\u00fcller\" rel=\"home\" class=\"trail-begin\"><span itemprop=\"name\">Home<\/span><\/a><span itemprop=\"position\" class=\"hidden\">1<\/span><\/span><\/span><\/div><\/div>\n<\/div><\/section>\n<\/div><\/div><\/div><!-- close content main div --><\/div><\/div><div id='av_section_1'  class='avia-section av-r99kz7-1ea735a43648ada920aba34715bd7dcb main_color avia-section-default avia-no-border-styling  avia-builder-el-1  el_after_av_textblock  avia-builder-el-last  avia-bg-style-scroll container_wrap sidebar_left'  ><div class='container av-section-cont-open' ><div class='template-page content  av-content-small units'><div class='post-entry post-entry-type-page post-entry-62502'><div class='entry-content-wrapper clearfix'>\n<section  class='av_textblock_section av-lwukekfh-ca293aa8d515a8ae38e856109bce3a1b '   itemscope=\"itemscope\" itemtype=\"https:\/\/schema.org\/CreativeWork\" ><div class='avia_textblock'  itemprop=\"text\" ><h1>Impressum<br \/>\n[Informacje o firmie oraz nota prawna]<\/h1>\n<p><strong>Nazwa firmy:\u00a0<\/strong>Wilhelm Schwarzm\u00fcller GmbH<br \/>\n<strong>Adres:\u00a0<\/strong>Hanzing 11, 4785 Freinberg, Austria<br \/>\n<strong>Przedmiot dzia\u0142alno\u015bci firmy:\u00a0<\/strong>Przyczepy i nadwozia do samochod\u00f3w ci\u0119\u017carowych<br \/>\n<strong>Numer rejestru handlowego:\u00a0<\/strong>364874f<br \/>\n<strong>S\u0105d rejestrowy:\u00a0<\/strong>S\u0105d Handlowy w Ried im Innkreis<br \/>\n<strong>Organ nadzorczy zgodnie z austriack\u0105 ustaw\u0105 o e-handlu [ECG]:\u00a0<\/strong>BH [Starostwo powiatowe w] Sch\u00e4rding\/Inn<br \/>\n<strong>UID [NIP]:<\/strong>\u00a0ATU66565433<br \/>\nCz\u0142onek Izby Gospodarczej G\u00f3rnej Austrii<br \/>\nCopyright by Wilhelm Schwarzm\u00fcller GmbH, Hanzing 11, 4785 Freinberg, Austria<\/p>\n<p><strong>Kontakt:<\/strong><br \/>\nTel.: +43 7713 800-0<br \/>\nFaks: +43 7713 800-297<br \/>\n<a href=\"mailto:office@schwarzmueller.com\">office@schwarzmueller.com<\/a><br \/>\n<a href=\"http:\/\/www.schwarzmueller.com\/\" target=\"_blank\" rel=\"noopener\">www.schwarzmueller.com<\/a><\/p>\n<p>Sp\u00f3\u0142ka Wilhelm Schwarzm\u00fcller GmbH nie odpowiada za kompletno\u015b\u0107, jako\u015b\u0107 ani aktualno\u015b\u0107 udost\u0119pnionych informacji. Wszelkie roszczenia wobec sp\u00f3\u0142ki Wilhelm Schwarzm\u00fcller GmbH, kt\u00f3re powstan\u0105 w wyniku korzystania lub niekorzystania z oferowanych informacji, s\u0105 wykluczone. To samo dotyczy wszystkich innych stron internetowych, do kt\u00f3rych s\u0105 odniesienia w postaci link\u00f3w.\u00a0 Sp\u00f3\u0142ka Wilhelm Schwarzm\u00fcller GmbH nie odpowiada za tre\u015b\u0107 stron internetowych, na kt\u00f3re si\u0119 wchodzi poprzez linki.<\/p>\n<p>Wszystkie oferty s\u0105 niewi\u0105\u017c\u0105ce i niezobowi\u0105zuj\u0105ce. Sp\u00f3\u0142ka Wilhelm Schwarzm\u00fcller GmbH zastrzega sobie wyra\u017anie prawo do zmiany lub usuni\u0119cia cz\u0119\u015bci oferty lub ca\u0142ej oferty bez oddzielnego powiadamiania, a tak\u017ce do tymczasowego lub ostatecznego zaprzestania jej publikacji.<\/p>\n<p>Tre\u015b\u0107 oraz struktura strony internetowej s\u0105 chronione prawem autorskim. Powielanie informacji oraz danych dozwolone jest tylko do u\u017cytku osobistego i informacyjnego.\u00a0 Tworzenie i u\u017cywanie kopii prezentacji strony internetowej w formie elektronicznej lub drukowanej jest dozwolone tylko wtedy, je\u017celi tre\u015b\u0107 \u2013 \u0142\u0105cznie z informacjami dotycz\u0105cymi autor\u00f3w oraz prawa autorskiego \u2013 pozostan\u0105 niezmienione.<\/p>\n<p>Sp\u00f3\u0142ka Wilhelm Schwarzm\u00fcller GmbH zosta\u0142a za\u0142o\u017cona wed\u0142ug prawa austriackiego i jemu te\u017c podlega. Dotyczy to r\u00f3wnie\u017c wk\u0142adu przedmiotowego i witryny internetowej. Dlatego wy\u0142\u0105czone s\u0105 wszelkiego rodzaju roszczenia, kt\u00f3re opieraj\u0105 si\u0119 na nieprzestrzeganiu przepis\u00f3w ustawowych w pa\u0144stwach spoza Unii Europejskiej.<\/p>\n<\/div><\/section>\n<\/div><\/div><\/div><!-- close content main div --><\/div><\/div><div id='after_section_1'  class='main_color av_default_container_wrap container_wrap sidebar_left'  ><div class='container av-section-cont-open' ><div class='template-page content  av-content-small units'><div class='post-entry post-entry-type-page post-entry-62502'><div class='entry-content-wrapper clearfix'>\n","protected":false},"excerpt":{"rendered":"","protected":false},"author":11,"featured_media":0,"parent":76950,"menu_order":0,"comment_status":"closed","ping_status":"open","template":"","meta":{"_acf_changed":false,"_relevanssi_hide_post":"","_relevanssi_hide_content":"","_relevanssi_pin_for_all":"","_relevanssi_pin_keywords":"","_relevanssi_unpin_keywords":"","_relevanssi_related_keywords":"","_relevanssi_related_include_ids":"","_relevanssi_related_exclude_ids":"","_relevanssi_related_no_append":"","_relevanssi_related_not_related":"","_relevanssi_related_posts":"37413,37349,37816,37331,37430,37299","_relevanssi_noindex_reason":"","footnotes":""},"class_list":["post-62502","page","type-page","status-publish","hentry"],"acf":[],"yoast_head":"<!-- This site is optimized with the Yoast SEO Premium plugin v26.4 (Yoast SEO v27.2) - https:\/\/yoast.com\/product\/yoast-seo-premium-wordpress\/ -->\n<title>Impressum - Schwarzm\u00fcller<\/title>\n<meta name=\"robots\" content=\"index, follow, max-snippet:-1, max-image-preview:large, max-video-preview:-1\" \/>\n<link rel=\"canonical\" href=\"https:\/\/schwarzmueller.com\/de\/info-und-kontakt\/impressum\/\" \/>\n<meta property=\"og:locale\" content=\"pl_PL\" \/>\n<meta property=\"og:type\" content=\"article\" \/>\n<meta property=\"og:title\" content=\"Impressum\" \/>\n<meta property=\"og:url\" content=\"https:\/\/schwarzmueller.com\/de\/info-und-kontakt\/impressum\/\" \/>\n<meta property=\"og:site_name\" content=\"Schwarzm\u00fcller\" \/>\n<meta property=\"article:modified_time\" content=\"2024-09-18T13:21:52+00:00\" \/>\n<meta property=\"og:image\" content=\"https:\/\/schwarzmueller.com\/wp-content\/uploads\/2024\/03\/csm_schwarzmueller-IAA-2022-tp-schubboden_60f424c13a.jpg\" \/>\n\t<meta property=\"og:image:width\" content=\"768\" \/>\n\t<meta property=\"og:image:height\" content=\"480\" \/>\n\t<meta property=\"og:image:type\" content=\"image\/jpeg\" \/>\n<meta name=\"twitter:card\" content=\"summary_large_image\" \/>\n<meta name=\"twitter:label1\" content=\"Szacowany czas czytania\" \/>\n\t<meta name=\"twitter:data1\" content=\"2 minuty\" \/>\n<script type=\"application\/ld+json\" class=\"yoast-schema-graph\">{\"@context\":\"https:\/\/schema.org\",\"@graph\":[{\"@type\":\"WebPage\",\"@id\":\"https:\/\/schwarzmueller.com\/de\/info-und-kontakt\/impressum\/\",\"url\":\"https:\/\/schwarzmueller.com\/de\/info-und-kontakt\/impressum\/\",\"name\":\"Impressum - Schwarzm\u00fcller\",\"isPartOf\":{\"@id\":\"https:\/\/schwarzmueller.com\/en\/#website\"},\"datePublished\":\"2024-05-31T10:54:29+00:00\",\"dateModified\":\"2024-09-18T13:21:52+00:00\",\"breadcrumb\":{\"@id\":\"https:\/\/schwarzmueller.com\/de\/info-und-kontakt\/impressum\/#breadcrumb\"},\"inLanguage\":\"pl-PL\",\"potentialAction\":[{\"@type\":\"ReadAction\",\"target\":[\"https:\/\/schwarzmueller.com\/de\/info-und-kontakt\/impressum\/\"]}]},{\"@type\":\"BreadcrumbList\",\"@id\":\"https:\/\/schwarzmueller.com\/de\/info-und-kontakt\/impressum\/#breadcrumb\",\"itemListElement\":[{\"@type\":\"ListItem\",\"position\":1,\"name\":\"Home\",\"item\":\"https:\/\/schwarzmueller.com\/pl\/home-2\/\"},{\"@type\":\"ListItem\",\"position\":2,\"name\":\"Informacje kontakt\",\"item\":\"https:\/\/schwarzmueller.com\/pl\/informacje-kontakt\/\"},{\"@type\":\"ListItem\",\"position\":3,\"name\":\"Impressum\"}]},{\"@type\":\"WebSite\",\"@id\":\"https:\/\/schwarzmueller.com\/en\/#website\",\"url\":\"https:\/\/schwarzmueller.com\/en\/\",\"name\":\"Schwarzm\u00fcller | Intelligente Fahrzeuge\",\"description\":\"Ganz auf exzellente Fahrzeugtechnik gebaut\",\"publisher\":{\"@id\":\"https:\/\/schwarzmueller.com\/en\/#organization\"},\"alternateName\":\"Schwarzm\u00fcller\",\"potentialAction\":[{\"@type\":\"SearchAction\",\"target\":{\"@type\":\"EntryPoint\",\"urlTemplate\":\"https:\/\/schwarzmueller.com\/en\/?s={search_term_string}\"},\"query-input\":{\"@type\":\"PropertyValueSpecification\",\"valueRequired\":true,\"valueName\":\"search_term_string\"}}],\"inLanguage\":\"pl-PL\"},{\"@type\":\"Organization\",\"@id\":\"https:\/\/schwarzmueller.com\/en\/#organization\",\"name\":\"Schwarzm\u00fcller\",\"url\":\"https:\/\/schwarzmueller.com\/en\/\",\"logo\":{\"@type\":\"ImageObject\",\"inLanguage\":\"pl-PL\",\"@id\":\"https:\/\/schwarzmueller.com\/en\/#\/schema\/logo\/image\/\",\"url\":\"https:\/\/schwarzmueller.com\/wp-content\/uploads\/2024\/05\/sm_icon_logo.svg\",\"contentUrl\":\"https:\/\/schwarzmueller.com\/wp-content\/uploads\/2024\/05\/sm_icon_logo.svg\",\"width\":1,\"height\":1,\"caption\":\"Schwarzm\u00fcller\"},\"image\":{\"@id\":\"https:\/\/schwarzmueller.com\/en\/#\/schema\/logo\/image\/\"}}]}<\/script>\n<!-- \/ Yoast SEO Premium plugin. -->","yoast_head_json":{"title":"Impressum - Schwarzm\u00fcller","robots":{"index":"index","follow":"follow","max-snippet":"max-snippet:-1","max-image-preview":"max-image-preview:large","max-video-preview":"max-video-preview:-1"},"canonical":"https:\/\/schwarzmueller.com\/de\/info-und-kontakt\/impressum\/","og_locale":"pl_PL","og_type":"article","og_title":"Impressum","og_url":"https:\/\/schwarzmueller.com\/de\/info-und-kontakt\/impressum\/","og_site_name":"Schwarzm\u00fcller","article_modified_time":"2024-09-18T13:21:52+00:00","og_image":[{"width":768,"height":480,"url":"https:\/\/schwarzmueller.com\/wp-content\/uploads\/2024\/03\/csm_schwarzmueller-IAA-2022-tp-schubboden_60f424c13a.jpg","type":"image\/jpeg"}],"twitter_card":"summary_large_image","twitter_misc":{"Szacowany czas czytania":"2 minuty"},"schema":{"@context":"https:\/\/schema.org","@graph":[{"@type":"WebPage","@id":"https:\/\/schwarzmueller.com\/de\/info-und-kontakt\/impressum\/","url":"https:\/\/schwarzmueller.com\/de\/info-und-kontakt\/impressum\/","name":"Impressum - Schwarzm\u00fcller","isPartOf":{"@id":"https:\/\/schwarzmueller.com\/en\/#website"},"datePublished":"2024-05-31T10:54:29+00:00","dateModified":"2024-09-18T13:21:52+00:00","breadcrumb":{"@id":"https:\/\/schwarzmueller.com\/de\/info-und-kontakt\/impressum\/#breadcrumb"},"inLanguage":"pl-PL","potentialAction":[{"@type":"ReadAction","target":["https:\/\/schwarzmueller.com\/de\/info-und-kontakt\/impressum\/"]}]},{"@type":"BreadcrumbList","@id":"https:\/\/schwarzmueller.com\/de\/info-und-kontakt\/impressum\/#breadcrumb","itemListElement":[{"@type":"ListItem","position":1,"name":"Home","item":"https:\/\/schwarzmueller.com\/pl\/home-2\/"},{"@type":"ListItem","position":2,"name":"Informacje kontakt","item":"https:\/\/schwarzmueller.com\/pl\/informacje-kontakt\/"},{"@type":"ListItem","position":3,"name":"Impressum"}]},{"@type":"WebSite","@id":"https:\/\/schwarzmueller.com\/en\/#website","url":"https:\/\/schwarzmueller.com\/en\/","name":"Schwarzm\u00fcller | Intelligente Fahrzeuge","description":"Ganz auf exzellente Fahrzeugtechnik gebaut","publisher":{"@id":"https:\/\/schwarzmueller.com\/en\/#organization"},"alternateName":"Schwarzm\u00fcller","potentialAction":[{"@type":"SearchAction","target":{"@type":"EntryPoint","urlTemplate":"https:\/\/schwarzmueller.com\/en\/?s={search_term_string}"},"query-input":{"@type":"PropertyValueSpecification","valueRequired":true,"valueName":"search_term_string"}}],"inLanguage":"pl-PL"},{"@type":"Organization","@id":"https:\/\/schwarzmueller.com\/en\/#organization","name":"Schwarzm\u00fcller","url":"https:\/\/schwarzmueller.com\/en\/","logo":{"@type":"ImageObject","inLanguage":"pl-PL","@id":"https:\/\/schwarzmueller.com\/en\/#\/schema\/logo\/image\/","url":"https:\/\/schwarzmueller.com\/wp-content\/uploads\/2024\/05\/sm_icon_logo.svg","contentUrl":"https:\/\/schwarzmueller.com\/wp-content\/uploads\/2024\/05\/sm_icon_logo.svg","width":1,"height":1,"caption":"Schwarzm\u00fcller"},"image":{"@id":"https:\/\/schwarzmueller.com\/en\/#\/schema\/logo\/image\/"}}]}},"_links":{"self":[{"href":"https:\/\/schwarzmueller.com\/pl\/wp-json\/wp\/v2\/pages\/62502","targetHints":{"allow":["GET"]}}],"collection":[{"href":"https:\/\/schwarzmueller.com\/pl\/wp-json\/wp\/v2\/pages"}],"about":[{"href":"https:\/\/schwarzmueller.com\/pl\/wp-json\/wp\/v2\/types\/page"}],"author":[{"embeddable":true,"href":"https:\/\/schwarzmueller.com\/pl\/wp-json\/wp\/v2\/users\/11"}],"replies":[{"embeddable":true,"href":"https:\/\/schwarzmueller.com\/pl\/wp-json\/wp\/v2\/comments?post=62502"}],"version-history":[{"count":4,"href":"https:\/\/schwarzmueller.com\/pl\/wp-json\/wp\/v2\/pages\/62502\/revisions"}],"predecessor-version":[{"id":76980,"href":"https:\/\/schwarzmueller.com\/pl\/wp-json\/wp\/v2\/pages\/62502\/revisions\/76980"}],"up":[{"embeddable":true,"href":"https:\/\/schwarzmueller.com\/pl\/wp-json\/wp\/v2\/pages\/76950"}],"wp:attachment":[{"href":"https:\/\/schwarzmueller.com\/pl\/wp-json\/wp\/v2\/media?parent=62502"}],"curies":[{"name":"wp","href":"https:\/\/api.w.org\/{rel}","templated":true}]}}