{"id":62327,"date":"2024-06-04T16:11:34","date_gmt":"2024-06-04T14:11:34","guid":{"rendered":"https:\/\/schwarzmueller.com\/platforma-dla-sygnalistow\/"},"modified":"2024-10-09T11:38:22","modified_gmt":"2024-10-09T09:38:22","slug":"platforma-dla-sygnalistow","status":"publish","type":"page","link":"https:\/\/schwarzmueller.com\/pl\/platforma-dla-sygnalistow\/","title":{"rendered":"Platforma dla sygnalist\u00f3w"},"content":{"rendered":"\n<style type=\"text\/css\" data-created_by=\"avia_inline_auto\" id=\"style-css-av-15px5jh-cdd98789c1e4e7fa6343c4158fcdffcb\">\n.avia-section.av-15px5jh-cdd98789c1e4e7fa6343c4158fcdffcb{\nbackground-repeat:no-repeat;\nbackground-image:url(https:\/\/schwarzmueller.com\/wp-content\/uploads\/2024\/10\/csm_sm-hinweisgeber-plattform_29c558fffa.jpg);\nbackground-position:50% 50%;\nbackground-attachment:scroll;\n}\n.avia-section.av-15px5jh-cdd98789c1e4e7fa6343c4158fcdffcb .av-section-color-overlay{\nopacity:0.5;\nbackground-color:#0a0a0a;\n}\n<\/style>\n<div id='av_section_1'  class='avia-section av-15px5jh-cdd98789c1e4e7fa6343c4158fcdffcb main_color avia-section-huge avia-no-border-styling  avia-builder-el-0  el_before_av_textblock  avia-builder-el-first  avia-full-stretch avia-bg-style-scroll av-section-color-overlay-active av-minimum-height av-minimum-height-custom av-height-custom  container_wrap sidebar_left'  data-section-bg-repeat='stretch' data-av_minimum_height_px='512'><div class=\"av-section-color-overlay-wrap\"><div class=\"av-section-color-overlay\"><\/div><div class='container av-section-cont-open' style='height:512px'><main  role=\"main\" itemprop=\"mainContentOfPage\"  class='template-page content  av-content-small units'><div class='post-entry post-entry-type-page post-entry-62327'><div class='entry-content-wrapper clearfix'>\n\n<style type=\"text\/css\" data-created_by=\"avia_inline_auto\" id=\"style-css-av-lx0hp25u-eabe57c4529f0f9b78a3409ad598ddf2\">\n#top .av_textblock_section.av-lx0hp25u-eabe57c4529f0f9b78a3409ad598ddf2 .avia_textblock{\ncolor:#ffffff;\n}\n<\/style>\n<section  class='av_textblock_section av-lx0hp25u-eabe57c4529f0f9b78a3409ad598ddf2 '   itemscope=\"itemscope\" itemtype=\"https:\/\/schema.org\/CreativeWork\" ><div class='avia_textblock hero-title av_inherit_color'  itemprop=\"text\" ><h1>Platforma dla sygnalist\u00f3w<\/h1>\n<\/div><\/section>\n<\/div><\/div><\/main><!-- close content main element --><\/div><\/div><\/div><div id='after_section_1'  class='main_color av_default_container_wrap container_wrap sidebar_left'  ><div class='container av-section-cont-open' ><div class='template-page content  av-content-small units'><div class='post-entry post-entry-type-page post-entry-62327'><div class='entry-content-wrapper clearfix'>\n<section  class='av_textblock_section av-vjna4z-ac3e59bf0cbbc09fee358efdb3b612ce '   itemscope=\"itemscope\" itemtype=\"https:\/\/schema.org\/CreativeWork\" ><div class='avia_textblock sch-breadcrumb'  itemprop=\"text\" ><div class=\"breadcrumb breadcrumbs avia-breadcrumbs\"><div class=\"breadcrumb-trail\" ><span class=\"trail-before\"><span class=\"breadcrumb-title\">Jeste\u015b tutaj:<\/span><\/span> <span  itemscope=\"itemscope\" itemtype=\"https:\/\/schema.org\/BreadcrumbList\" ><span  itemscope=\"itemscope\" itemtype=\"https:\/\/schema.org\/ListItem\" itemprop=\"itemListElement\" ><a itemprop=\"url\" href=\"https:\/\/schwarzmueller.com\/pl\/\" title=\"Schwarzm\u00fcller\" rel=\"home\" class=\"trail-begin\"><span itemprop=\"name\">Home<\/span><\/a><span itemprop=\"position\" class=\"hidden\">1<\/span><\/span><\/span><\/div><\/div>\n<\/div><\/section>\n<\/div><\/div><\/div><!-- close content main div --><\/div><\/div><div id='av_section_2'  class='avia-section av-mxtaz1-07d5a25ffc3b0e2f701bcc3affc1d0aa main_color avia-section-default avia-no-border-styling  avia-builder-el-3  el_after_av_textblock  avia-builder-el-last  avia-bg-style-scroll container_wrap sidebar_left'  ><div class='container av-section-cont-open' ><div class='template-page content  av-content-small units'><div class='post-entry post-entry-type-page post-entry-62327'><div class='entry-content-wrapper clearfix'>\n<section  class='av_textblock_section av-lwukekfh-ca293aa8d515a8ae38e856109bce3a1b '   itemscope=\"itemscope\" itemtype=\"https:\/\/schema.org\/CreativeWork\" ><div class='avia_textblock'  itemprop=\"text\" ><div id=\"c78587\" class=\"frame frame-type-wst3bootstrap_container frame-layout-0 frame-space-before-extra-large frame-space-after-none frame-padding-top-extra-large frame-padding-bottom-extra-large frame-\">\n<div class=\"ce-content\">\n<div class=\"container bg- \">\n<div id=\"c78591\" class=\"frame frame-type-text frame-layout-0 frame-space-before-none frame-space-after-medium frame-padding-top-none frame-padding-bottom-none frame-\">\n<div class=\"ce-content\">\n<h6><strong>System dla sygnalist\u00f3w \u2013 co si\u0119 za tym kryje?<\/strong><\/h6>\n<p>Sygnali\u015bci s\u0105 szczeg\u00f3lnie wa\u017cni dla zachowania otwartego i przejrzystego spo\u0142ecze\u0144stwa, poniewa\u017c maj\u0105 odwag\u0119 ujawnia\u0107 nieprawid\u0142owo\u015bci. Aby zapewni\u0107 sygnalistom mo\u017cliwo\u015b\u0107 anonimowego zg\u0142aszania nieprawid\u0142owo\u015bci i niezawodn\u0105 ochron\u0119 przed negatywnymi konsekwencjami, stworzono platform\u0119 dla sygnalist\u00f3w. Opr\u00f3cz kompleksowej ochrony to\u017csamo\u015bci sygnalisty internetowy system dla sygnalist\u00f3w oferuje \u0142atw\u0105 obs\u0142ug\u0119 oraz mo\u017cliwo\u015b\u0107 anonimowego prowadzenia dialogu ze specjalist\u0105 ds. zgodno\u015bci i zadawania pyta\u0144.<\/p>\n<\/div>\n<\/div>\n<\/div>\n<\/div>\n<\/div>\n<div id=\"c78570\" class=\"frame frame-type-wst3bootstrap_container frame-layout-0 frame-space-before-none frame-space-after-extra-large frame-padding-top-extra-large frame-padding-bottom-extra-large frame-\">\n<div class=\"ce-content\">\n<div class=\"container bg- \">\n<div id=\"c78559\" class=\"frame frame-type-text frame-layout-0 frame-space-before-none frame-space-after-medium frame-padding-top-none frame-padding-bottom-none frame-\">\n<div class=\"ce-content\">\n<h6><strong>Platforma dla sygnalist\u00f3w w firmie Schwarzm\u00fcller<\/strong><\/h6>\n<p>Sygnali\u015bci (\u201ewhistleblower\u201d) maj\u0105 zapewnion\u0105 ochron\u0119 przed represjami, takimi jak zawieszenie, zwolnienie, degradacja lub podobne \u015brodki na mocy dyrektywy UE 2019\/1937 (\u201edyrektywa UE o ochronie sygnalist\u00f3w\u201d), o ile zg\u0142oszenie podlega przedmiotowemu i podmiotowemu zakresowi zastosowania dyrektywy UE 2019\/1937, a sygnalista ma uzasadnione podstawy, by s\u0105dzi\u0107, \u017ce jego zg\u0142oszenie o naruszeniach prawa unijnego jest zgodne z prawd\u0105. Sygnali\u015bci, kt\u00f3rzy z\u0142o\u015bliwie i celowo przekazuj\u0105 fa\u0142szywe lub wprowadzaj\u0105ce w b\u0142\u0105d zg\u0142oszenia lub bezpodstawne zarzuty, nie s\u0105 chronieni przed represjami, a takie zg\u0142oszenie mo\u017ce zosta\u0107 zakwalifikowane jako czyn zabroniony, np. znies\u0142awienie.<\/p>\n<p>Ni\u017cej wymienione kana\u0142y zg\u0142aszania nie pe\u0142ni\u0105 funkcji biura do spraw rozpatrywania skarg i za\u017cale\u0144.<\/p>\n<p>Zach\u0119camy do podania w zg\u0142oszeniu swoich danych kontaktowych, aby mo\u017cliwe by\u0142o udzielenie odpowiedzi na wszelkie pytania. Gwarantowana jest poufno\u015b\u0107 danych osoby zg\u0142aszaj\u0105cej. Je\u015bli jednak preferujesz anonimowe zg\u0142aszanie, wprowadzona platforma dla sygnalist\u00f3w w firmie Schwarzm\u00fcller chroni Twoj\u0105 to\u017csamo\u015b\u0107. Tre\u015b\u0107 Twojego zg\u0142oszenia jest rozpatrywana przez pracownika ds. zgodno\u015bci. Tw\u00f3j raport jest traktowany w spos\u00f3b poufny. Dla zg\u0142osze\u0144 zgodnie z dyrektyw\u0105 UE 2019\/1937 ma zastosowanie ochrona sygnalist\u00f3w. Zalecamy dzielenie si\u0119 tylko tymi informacjami, o kt\u00f3rych prawdziwo\u015bci jeste\u015b przekonany(-a) zgodnie ze swoj\u0105 najlepsz\u0105 wiedz\u0105.<\/p>\n<p>Masz do dyspozycji poni\u017csze kana\u0142y zg\u0142aszania. Pracownicy firmy Schwarzm\u00fcller mog\u0105 nadal korzysta\u0107 z dotychczasowych metod zg\u0142aszania i zg\u0142asza\u0107 wszelkie w\u0105tpliwo\u015bci bezpo\u015brednio do swoich prze\u0142o\u017conych.<\/p>\n<p>Przejd\u017a do kana\u0142u zg\u0142aszania za po\u015brednictwem platformy dla sygnalist\u00f3w w firmie Schwarzm\u00fcller:<\/p>\n<ul>\n<li>Kana\u0142 zg\u0142aszania dla <a href=\"https:\/\/mywhistler.eu\/HWG_START.ASPX?MAN_NR=E5qIomusuDusbbRA7Sg84A==\" target=\"_blank\" rel=\"noopener noreferrer\">Niemiec<\/a><\/li>\n<li>Kana\u0142 zg\u0142aszania dla <a href=\"https:\/\/mywhistler.eu\/HWG_START.ASPX?MAN_NR=Fr4Y4JdGrOuV53MWkJsF8w==\" target=\"_blank\" rel=\"noopener noreferrer\">Austrii<\/a><\/li>\n<li>Kana\u0142 zg\u0142aszania dla <a href=\"https:\/\/mywhistler.eu\/HWG_START.ASPX?MAN_NR=LB13OZM2FU9F1YtJoX\/xrA==\" target=\"_blank\" rel=\"noopener noreferrer\">Rumunii<\/a><\/li>\n<li>Kana\u0142 zg\u0142aszania dla <a href=\"https:\/\/mywhistler.eu\/HWG_START.ASPX?MAN_NR=wX6CgTzWtp5y7PEHlQFlWA==\" target=\"_blank\" rel=\"noopener noreferrer\">Czech<\/a><\/li>\n<li>Kana\u0142 zg\u0142aszania dla <a href=\"https:\/\/mywhistler.eu\/HWG_START.ASPX?MAN_NR=BlOUUrYCDkjdJr6RpYxIQQ==\" target=\"_blank\" rel=\"noopener noreferrer\">W\u0119gier<\/a><\/li>\n<li>Kana\u0142 zg\u0142aszania dla firmy <a href=\"https:\/\/mywhistler.eu\/HWG_START.ASPX?MAN_NR=kpESuZ9iWH97jZsi9cI7\/Q==\" target=\"_blank\" rel=\"noopener noreferrer\">H\u00fcffermann<\/a><\/li>\n<li>Kana\u0142 zg\u0142aszania <a href=\"https:\/\/mywhistler.eu\/HWG_START.ASPX?MAN_NR=OWiOyrZpJUCPQq595XZYEQ==\" target=\"_blank\" rel=\"noopener noreferrer\">dla wszystkich pozosta\u0142ych kraj\u00f3w<\/a><\/li>\n<\/ul>\n<\/div>\n<\/div>\n<\/div>\n<\/div>\n<\/div>\n<\/div><\/section>\n<\/div><\/div><\/div><!-- close content main div --><\/div><\/div><div id='after_section_2'  class='main_color av_default_container_wrap container_wrap sidebar_left'  ><div class='container av-section-cont-open' ><div class='template-page content  av-content-small units'><div class='post-entry post-entry-type-page post-entry-62327'><div class='entry-content-wrapper clearfix'>\n","protected":false},"excerpt":{"rendered":"","protected":false},"author":11,"featured_media":0,"parent":0,"menu_order":0,"comment_status":"closed","ping_status":"open","template":"","meta":{"_acf_changed":false,"_relevanssi_hide_post":"","_relevanssi_hide_content":"","_relevanssi_pin_for_all":"","_relevanssi_pin_keywords":"","_relevanssi_unpin_keywords":"","_relevanssi_related_keywords":"","_relevanssi_related_include_ids":"","_relevanssi_related_exclude_ids":"","_relevanssi_related_no_append":"","_relevanssi_related_not_related":"","_relevanssi_related_posts":"51588,51606,51623,67348,51599,51615","_relevanssi_noindex_reason":"","footnotes":""},"class_list":["post-62327","page","type-page","status-publish","hentry"],"acf":[],"yoast_head":"<!-- This site is optimized with the Yoast SEO Premium plugin v26.4 (Yoast SEO v27.2) - https:\/\/yoast.com\/product\/yoast-seo-premium-wordpress\/ -->\n<title>Platforma dla sygnalist\u00f3w - Schwarzm\u00fcller<\/title>\n<meta name=\"robots\" content=\"index, follow, max-snippet:-1, max-image-preview:large, max-video-preview:-1\" \/>\n<link rel=\"canonical\" href=\"https:\/\/schwarzmueller.com\/pl\/platforma-dla-sygnalistow\/\" \/>\n<meta property=\"og:locale\" content=\"pl_PL\" \/>\n<meta property=\"og:type\" content=\"article\" \/>\n<meta property=\"og:title\" content=\"Platforma dla sygnalist\u00f3w\" \/>\n<meta property=\"og:url\" content=\"https:\/\/schwarzmueller.com\/pl\/platforma-dla-sygnalistow\/\" \/>\n<meta property=\"og:site_name\" content=\"Schwarzm\u00fcller\" \/>\n<meta property=\"article:modified_time\" content=\"2024-10-09T09:38:22+00:00\" \/>\n<meta property=\"og:image\" content=\"https:\/\/schwarzmueller.com\/wp-content\/uploads\/2024\/03\/csm_schwarzmueller-IAA-2022-tp-schubboden_60f424c13a.jpg\" \/>\n\t<meta property=\"og:image:width\" content=\"768\" \/>\n\t<meta property=\"og:image:height\" content=\"480\" \/>\n\t<meta property=\"og:image:type\" content=\"image\/jpeg\" \/>\n<meta name=\"twitter:card\" content=\"summary_large_image\" \/>\n<meta name=\"twitter:label1\" content=\"Szacowany czas czytania\" \/>\n\t<meta name=\"twitter:data1\" content=\"2 minuty\" \/>\n<script type=\"application\/ld+json\" class=\"yoast-schema-graph\">{\"@context\":\"https:\/\/schema.org\",\"@graph\":[{\"@type\":\"WebPage\",\"@id\":\"https:\/\/schwarzmueller.com\/pl\/platforma-dla-sygnalistow\/\",\"url\":\"https:\/\/schwarzmueller.com\/pl\/platforma-dla-sygnalistow\/\",\"name\":\"Platforma dla sygnalist\u00f3w - Schwarzm\u00fcller\",\"isPartOf\":{\"@id\":\"https:\/\/schwarzmueller.com\/en\/#website\"},\"datePublished\":\"2024-06-04T14:11:34+00:00\",\"dateModified\":\"2024-10-09T09:38:22+00:00\",\"breadcrumb\":{\"@id\":\"https:\/\/schwarzmueller.com\/pl\/platforma-dla-sygnalistow\/#breadcrumb\"},\"inLanguage\":\"pl-PL\",\"potentialAction\":[{\"@type\":\"ReadAction\",\"target\":[\"https:\/\/schwarzmueller.com\/pl\/platforma-dla-sygnalistow\/\"]}]},{\"@type\":\"BreadcrumbList\",\"@id\":\"https:\/\/schwarzmueller.com\/pl\/platforma-dla-sygnalistow\/#breadcrumb\",\"itemListElement\":[{\"@type\":\"ListItem\",\"position\":1,\"name\":\"Home\",\"item\":\"https:\/\/schwarzmueller.com\/pl\/home-2\/\"},{\"@type\":\"ListItem\",\"position\":2,\"name\":\"Platforma dla sygnalist\u00f3w\"}]},{\"@type\":\"WebSite\",\"@id\":\"https:\/\/schwarzmueller.com\/en\/#website\",\"url\":\"https:\/\/schwarzmueller.com\/en\/\",\"name\":\"Schwarzm\u00fcller | Intelligente Fahrzeuge\",\"description\":\"Ganz auf exzellente Fahrzeugtechnik gebaut\",\"publisher\":{\"@id\":\"https:\/\/schwarzmueller.com\/en\/#organization\"},\"alternateName\":\"Schwarzm\u00fcller\",\"potentialAction\":[{\"@type\":\"SearchAction\",\"target\":{\"@type\":\"EntryPoint\",\"urlTemplate\":\"https:\/\/schwarzmueller.com\/en\/?s={search_term_string}\"},\"query-input\":{\"@type\":\"PropertyValueSpecification\",\"valueRequired\":true,\"valueName\":\"search_term_string\"}}],\"inLanguage\":\"pl-PL\"},{\"@type\":\"Organization\",\"@id\":\"https:\/\/schwarzmueller.com\/en\/#organization\",\"name\":\"Schwarzm\u00fcller\",\"url\":\"https:\/\/schwarzmueller.com\/en\/\",\"logo\":{\"@type\":\"ImageObject\",\"inLanguage\":\"pl-PL\",\"@id\":\"https:\/\/schwarzmueller.com\/en\/#\/schema\/logo\/image\/\",\"url\":\"https:\/\/schwarzmueller.com\/wp-content\/uploads\/2024\/05\/sm_icon_logo.svg\",\"contentUrl\":\"https:\/\/schwarzmueller.com\/wp-content\/uploads\/2024\/05\/sm_icon_logo.svg\",\"width\":1,\"height\":1,\"caption\":\"Schwarzm\u00fcller\"},\"image\":{\"@id\":\"https:\/\/schwarzmueller.com\/en\/#\/schema\/logo\/image\/\"}}]}<\/script>\n<!-- \/ Yoast SEO Premium plugin. -->","yoast_head_json":{"title":"Platforma dla sygnalist\u00f3w - Schwarzm\u00fcller","robots":{"index":"index","follow":"follow","max-snippet":"max-snippet:-1","max-image-preview":"max-image-preview:large","max-video-preview":"max-video-preview:-1"},"canonical":"https:\/\/schwarzmueller.com\/pl\/platforma-dla-sygnalistow\/","og_locale":"pl_PL","og_type":"article","og_title":"Platforma dla sygnalist\u00f3w","og_url":"https:\/\/schwarzmueller.com\/pl\/platforma-dla-sygnalistow\/","og_site_name":"Schwarzm\u00fcller","article_modified_time":"2024-10-09T09:38:22+00:00","og_image":[{"width":768,"height":480,"url":"https:\/\/schwarzmueller.com\/wp-content\/uploads\/2024\/03\/csm_schwarzmueller-IAA-2022-tp-schubboden_60f424c13a.jpg","type":"image\/jpeg"}],"twitter_card":"summary_large_image","twitter_misc":{"Szacowany czas czytania":"2 minuty"},"schema":{"@context":"https:\/\/schema.org","@graph":[{"@type":"WebPage","@id":"https:\/\/schwarzmueller.com\/pl\/platforma-dla-sygnalistow\/","url":"https:\/\/schwarzmueller.com\/pl\/platforma-dla-sygnalistow\/","name":"Platforma dla sygnalist\u00f3w - Schwarzm\u00fcller","isPartOf":{"@id":"https:\/\/schwarzmueller.com\/en\/#website"},"datePublished":"2024-06-04T14:11:34+00:00","dateModified":"2024-10-09T09:38:22+00:00","breadcrumb":{"@id":"https:\/\/schwarzmueller.com\/pl\/platforma-dla-sygnalistow\/#breadcrumb"},"inLanguage":"pl-PL","potentialAction":[{"@type":"ReadAction","target":["https:\/\/schwarzmueller.com\/pl\/platforma-dla-sygnalistow\/"]}]},{"@type":"BreadcrumbList","@id":"https:\/\/schwarzmueller.com\/pl\/platforma-dla-sygnalistow\/#breadcrumb","itemListElement":[{"@type":"ListItem","position":1,"name":"Home","item":"https:\/\/schwarzmueller.com\/pl\/home-2\/"},{"@type":"ListItem","position":2,"name":"Platforma dla sygnalist\u00f3w"}]},{"@type":"WebSite","@id":"https:\/\/schwarzmueller.com\/en\/#website","url":"https:\/\/schwarzmueller.com\/en\/","name":"Schwarzm\u00fcller | Intelligente Fahrzeuge","description":"Ganz auf exzellente Fahrzeugtechnik gebaut","publisher":{"@id":"https:\/\/schwarzmueller.com\/en\/#organization"},"alternateName":"Schwarzm\u00fcller","potentialAction":[{"@type":"SearchAction","target":{"@type":"EntryPoint","urlTemplate":"https:\/\/schwarzmueller.com\/en\/?s={search_term_string}"},"query-input":{"@type":"PropertyValueSpecification","valueRequired":true,"valueName":"search_term_string"}}],"inLanguage":"pl-PL"},{"@type":"Organization","@id":"https:\/\/schwarzmueller.com\/en\/#organization","name":"Schwarzm\u00fcller","url":"https:\/\/schwarzmueller.com\/en\/","logo":{"@type":"ImageObject","inLanguage":"pl-PL","@id":"https:\/\/schwarzmueller.com\/en\/#\/schema\/logo\/image\/","url":"https:\/\/schwarzmueller.com\/wp-content\/uploads\/2024\/05\/sm_icon_logo.svg","contentUrl":"https:\/\/schwarzmueller.com\/wp-content\/uploads\/2024\/05\/sm_icon_logo.svg","width":1,"height":1,"caption":"Schwarzm\u00fcller"},"image":{"@id":"https:\/\/schwarzmueller.com\/en\/#\/schema\/logo\/image\/"}}]}},"_links":{"self":[{"href":"https:\/\/schwarzmueller.com\/pl\/wp-json\/wp\/v2\/pages\/62327","targetHints":{"allow":["GET"]}}],"collection":[{"href":"https:\/\/schwarzmueller.com\/pl\/wp-json\/wp\/v2\/pages"}],"about":[{"href":"https:\/\/schwarzmueller.com\/pl\/wp-json\/wp\/v2\/types\/page"}],"author":[{"embeddable":true,"href":"https:\/\/schwarzmueller.com\/pl\/wp-json\/wp\/v2\/users\/11"}],"replies":[{"embeddable":true,"href":"https:\/\/schwarzmueller.com\/pl\/wp-json\/wp\/v2\/comments?post=62327"}],"version-history":[{"count":12,"href":"https:\/\/schwarzmueller.com\/pl\/wp-json\/wp\/v2\/pages\/62327\/revisions"}],"predecessor-version":[{"id":80984,"href":"https:\/\/schwarzmueller.com\/pl\/wp-json\/wp\/v2\/pages\/62327\/revisions\/80984"}],"wp:attachment":[{"href":"https:\/\/schwarzmueller.com\/pl\/wp-json\/wp\/v2\/media?parent=62327"}],"curies":[{"name":"wp","href":"https:\/\/api.w.org\/{rel}","templated":true}]}}