{"id":62055,"date":"2024-04-04T11:19:35","date_gmt":"2024-04-04T09:19:35","guid":{"rendered":"https:\/\/schwarzmueller.com\/organizacja\/"},"modified":"2024-10-29T11:47:32","modified_gmt":"2024-10-29T10:47:32","slug":"organizacja","status":"publish","type":"page","link":"https:\/\/schwarzmueller.com\/pl\/firma\/organizacja\/","title":{"rendered":"Organizacja"},"content":{"rendered":"\n<style type=\"text\/css\" data-created_by=\"avia_inline_auto\" id=\"style-css-av-1m8afpj-c46cadc34e016acad79c2b3db70e0f7b\">\n.avia-section.av-1m8afpj-c46cadc34e016acad79c2b3db70e0f7b{\nbackground-repeat:no-repeat;\nbackground-image:url(https:\/\/schwarzmueller.com\/wp-content\/uploads\/2024\/04\/SM-Weltkugel-L1020680.jpg);\nbackground-position:50% 50%;\nbackground-attachment:scroll;\n}\n.avia-section.av-1m8afpj-c46cadc34e016acad79c2b3db70e0f7b .av-section-color-overlay{\nopacity:0.5;\nbackground-color:#0a0a0a;\n}\n<\/style>\n<div id='av_section_1'  class='avia-section av-1m8afpj-c46cadc34e016acad79c2b3db70e0f7b main_color avia-section-huge avia-no-border-styling  avia-builder-el-0  el_before_av_textblock  avia-builder-el-first  avia-full-stretch avia-bg-style-scroll av-section-color-overlay-active av-minimum-height av-minimum-height-custom av-height-custom  container_wrap sidebar_left'  data-section-bg-repeat='stretch' data-av_minimum_height_px='512'><div class=\"av-section-color-overlay-wrap\"><div class=\"av-section-color-overlay\"><\/div><div class='container av-section-cont-open' style='height:512px'><main  role=\"main\" itemprop=\"mainContentOfPage\"  class='template-page content  av-content-small units'><div class='post-entry post-entry-type-page post-entry-62055'><div class='entry-content-wrapper clearfix'>\n\n<style type=\"text\/css\" data-created_by=\"avia_inline_auto\" id=\"style-css-av-14xpgfb-3dff35b61eebde6c5431abd62fb76344\">\n#top .av_textblock_section.av-14xpgfb-3dff35b61eebde6c5431abd62fb76344 .avia_textblock{\ncolor:#ffffff;\n}\n<\/style>\n<section  class='av_textblock_section av-14xpgfb-3dff35b61eebde6c5431abd62fb76344 '   itemscope=\"itemscope\" itemtype=\"https:\/\/schema.org\/CreativeWork\" ><div class='avia_textblock hero-title av_inherit_color'  itemprop=\"text\" ><h1>Organizacja<\/h1>\n<\/div><\/section>\n<\/div><\/div><\/main><!-- close content main element --><\/div><\/div><\/div><div id='after_section_1'  class='main_color av_default_container_wrap container_wrap sidebar_left'  ><div class='container av-section-cont-open' ><div class='template-page content  av-content-small units'><div class='post-entry post-entry-type-page post-entry-62055'><div class='entry-content-wrapper clearfix'>\n<section  class='av_textblock_section av-av_textblock-0f3a4f2a1df5b45ca037e06949e03034 '   itemscope=\"itemscope\" itemtype=\"https:\/\/schema.org\/CreativeWork\" ><div class='avia_textblock sch-breadcrumb'  itemprop=\"text\" ><div class=\"breadcrumb breadcrumbs avia-breadcrumbs\"><div class=\"breadcrumb-trail\" ><span class=\"trail-before\"><span class=\"breadcrumb-title\">Jeste\u015b tutaj:<\/span><\/span> <span  itemscope=\"itemscope\" itemtype=\"https:\/\/schema.org\/BreadcrumbList\" ><span  itemscope=\"itemscope\" itemtype=\"https:\/\/schema.org\/ListItem\" itemprop=\"itemListElement\" ><a itemprop=\"url\" href=\"https:\/\/schwarzmueller.com\/pl\/\" title=\"Schwarzm\u00fcller\" rel=\"home\" class=\"trail-begin\"><span itemprop=\"name\">Home<\/span><\/a><span itemprop=\"position\" class=\"hidden\">1<\/span><\/span><\/span><\/div><\/div>\n<\/div><\/section>\n<\/div><\/div><\/div><!-- close content main div --><\/div><\/div><div id='av_section_2'  class='avia-section av-pxrfwn-0ac138c8945a0e37e48601b78db128cd main_color avia-section-huge avia-no-border-styling  avia-builder-el-3  el_after_av_textblock  el_before_av_section  avia-bg-style-scroll container_wrap sidebar_left'  ><div class='container av-section-cont-open' ><div class='template-page content  av-content-small units'><div class='post-entry post-entry-type-page post-entry-62055'><div class='entry-content-wrapper clearfix'>\n\n<style type=\"text\/css\" data-created_by=\"avia_inline_auto\" id=\"style-css-av-lv3irhfd-3d513979269b49a43718829fc60929f0\">\n#top .av_textblock_section.av-lv3irhfd-3d513979269b49a43718829fc60929f0 .avia_textblock{\ncolor:#0a0a0a;\ntext-align:left;\n}\n<\/style>\n<section  class='av_textblock_section av-lv3irhfd-3d513979269b49a43718829fc60929f0 '   itemscope=\"itemscope\" itemtype=\"https:\/\/schema.org\/CreativeWork\" ><div class='avia_textblock av_inherit_color'  itemprop=\"text\" ><div id=\"c1291\" class=\"frame frame-type-header frame-layout-0 frame-space-before-none frame-space-after-none frame-padding-top-none frame-padding-bottom-none frame-\">\n<div class=\"ce-content\">\n<div class=\"ce-header h1-mb ce-header-left\">\n<h3><strong>Kompetencje w ca\u0142ej Europie<\/strong><\/h3>\n<p><strong>Ukierunkowanie na rozwi\u0105zanie oraz si\u0142a innowacji jako czynniki sukcesu<\/strong><\/p>\n<\/div>\n<div class=\"ce-header h1-mb ce-header-left\"><\/div>\n<\/div>\n<\/div>\n<\/div><\/section>\n\n<style type=\"text\/css\" data-created_by=\"avia_inline_auto\" id=\"style-css-av-lv3it79q-eda2aa37f046c282fbda5eb7be786420\">\n.avia-image-container.av-lv3it79q-eda2aa37f046c282fbda5eb7be786420 img.avia_image{\nbox-shadow:none;\n}\n.avia-image-container.av-lv3it79q-eda2aa37f046c282fbda5eb7be786420 .av-image-caption-overlay-center{\ncolor:#ffffff;\n}\n<\/style>\n<div  class='avia-image-container av-lv3it79q-eda2aa37f046c282fbda5eb7be786420 av-styling- avia-align-center  avia-builder-el-5  el_after_av_textblock  el_before_av_textblock '   itemprop=\"image\" itemscope=\"itemscope\" itemtype=\"https:\/\/schema.org\/ImageObject\" ><div class=\"avia-image-container-inner\"><div class=\"avia-image-overlay-wrap\"><img decoding=\"async\" fetchpriority=\"high\" class='wp-image-42489 avia-img-lazy-loading-not-42489 avia_image ' src=\"https:\/\/schwarzmueller.com\/wp-content\/uploads\/2024\/04\/schwarzmueller-hanzing-luftaufnahme-2023-1.jpg\" alt='' title='schwarzmueller-hanzing-luftaufnahme-2023'  height=\"675\" width=\"1200\"  itemprop=\"thumbnailUrl\" srcset=\"https:\/\/schwarzmueller.com\/wp-content\/uploads\/2024\/04\/schwarzmueller-hanzing-luftaufnahme-2023-1.jpg 1200w, https:\/\/schwarzmueller.com\/wp-content\/uploads\/2024\/04\/schwarzmueller-hanzing-luftaufnahme-2023-1-300x169.jpg 300w, https:\/\/schwarzmueller.com\/wp-content\/uploads\/2024\/04\/schwarzmueller-hanzing-luftaufnahme-2023-1-1030x579.jpg 1030w, https:\/\/schwarzmueller.com\/wp-content\/uploads\/2024\/04\/schwarzmueller-hanzing-luftaufnahme-2023-1-768x432.jpg 768w, https:\/\/schwarzmueller.com\/wp-content\/uploads\/2024\/04\/schwarzmueller-hanzing-luftaufnahme-2023-1-705x397.jpg 705w, https:\/\/schwarzmueller.com\/wp-content\/uploads\/2024\/04\/schwarzmueller-hanzing-luftaufnahme-2023-1-1067x600.jpg 1067w\" sizes=\"(max-width: 1200px) 100vw, 1200px\" \/><\/div><\/div><\/div>\n\n<style type=\"text\/css\" data-created_by=\"avia_inline_auto\" id=\"style-css-av-lv3itn1n-afcccd510be5c602821c8b0a15260b3b\">\n#top .av_textblock_section.av-lv3itn1n-afcccd510be5c602821c8b0a15260b3b .avia_textblock{\ncolor:#0a0a0a;\ntext-align:left;\n}\n<\/style>\n<section  class='av_textblock_section av-lv3itn1n-afcccd510be5c602821c8b0a15260b3b '   itemscope=\"itemscope\" itemtype=\"https:\/\/schema.org\/CreativeWork\" ><div class='avia_textblock av_inherit_color'  itemprop=\"text\" ><div id=\"c1291\" class=\"frame frame-type-header frame-layout-0 frame-space-before-none frame-space-after-none frame-padding-top-none frame-padding-bottom-none frame-\">\n<div class=\"ce-content\">\n<div class=\"ce-header h1-mb ce-header-left\">\n<p>Grupa Schwarzm\u00fcller z siedzib\u0105 we Freinbergu niedaleko Sch\u00e4rding (Austria) jest jednym z wiod\u0105cych dostawc\u00f3w ci\u0105gnionych pojazd\u00f3w u\u017cytkowych w Europie. Firma opracowuje, produkuje i serwisuje pojazdy klasy premium dla dostosowanych do indywidualnych potrzeb rozwi\u0105za\u0144 transportowych z gwarantowan\u0105 warto\u015bci\u0105 dodan\u0105. Jako lider innowacji i technologii z ponad 150-letnim do\u015bwiadczeniem, Schwarzm\u00fcller wyznacza standardy dla pojazd\u00f3w u\u017cytkowych.<\/p>\n<p>Grupa Schwarzm\u00fcller posiada mi\u0119dzynarodow\u0105 organizacj\u0119 w 20 krajach Europy \u015arodkowej i Wschodniej.<\/p>\n<p>W macierzystym zak\u0142adzie Hanzing we Freinberg (Austria) oraz w trzech innych zak\u0142adach produkcyjnych w Dunaharaszti (W\u0119gry), \u017debr\u00e1k (Czechy) i Neustadt\/Dosse (Niemcy) firma wraz ze swoj\u0105 sp\u00f3\u0142k\u0105 zale\u017cn\u0105 H\u00fcffermann Transportsysteme produkuje oko\u0142o 8 000 przyczep i nadwozia samochod\u00f3w ci\u0119\u017carowych ka\u017cdego roku marki Schwarzm\u00fcller i H\u00fcffermann. Zatrudniaj\u0105c 1950 pracownik\u00f3w, grupa generuje sprzeda\u017c o warto\u015bci 390 mln euro (stan na 2023 r.).<\/p>\n<p>Opr\u00f3cz budowy pojazd\u00f3w zgodnie z normami przemys\u0142owymi, Schwarzm\u00fcller polega na kompleksowych us\u0142ugach spe\u0142niaj\u0105cych wszystkie wymagania klient\u00f3w. Obejmuje to konserwacj\u0119, naprawy i dostaw\u0119 cz\u0119\u015bci zamiennych, a tak\u017ce jedn\u0105 z najwi\u0119kszych flot wynajmu w Europie, w kt\u00f3rej dost\u0119pne s\u0105 r\u00f3wnie\u017c pojazdy specjalne. Schwarzm\u00fcller prowadzi r\u00f3wnie\u017c mi\u0119dzynarodowy handel u\u017cywanymi pojazdami.<\/p>\n<\/div>\n<div class=\"ce-header h1-mb ce-header-left\"><\/div>\n<\/div>\n<\/div>\n<\/div><\/section>\n\n<\/div><\/div><\/div><!-- close content main div --><\/div><\/div>\n<style type=\"text\/css\" data-created_by=\"avia_inline_auto\" id=\"style-css-av-lv3iw9sm-33bcc0ce0d574d17ea790f95eb75c2c9\">\n.avia-section.av-lv3iw9sm-33bcc0ce0d574d17ea790f95eb75c2c9{\nbackground-repeat:no-repeat;\nbackground-image:url(https:\/\/schwarzmueller.com\/wp-content\/uploads\/2024\/04\/background_as-1.jpg);\nbackground-position:0% 0%;\nbackground-attachment:scroll;\n}\n.avia-section.av-lv3iw9sm-33bcc0ce0d574d17ea790f95eb75c2c9 .av-section-color-overlay{\nopacity:0.5;\nbackground-color:#000000;\n}\n<\/style>\n<div id='av_section_3'  class='avia-section av-lv3iw9sm-33bcc0ce0d574d17ea790f95eb75c2c9 main_color avia-section-no-padding avia-no-border-styling  avia-builder-el-7  el_after_av_section  avia-builder-el-last  image-dark-section-background avia-full-stretch avia-bg-style-scroll av-section-color-overlay-active av-minimum-height av-minimum-height-100 av-height-100  container_wrap sidebar_left'  data-section-bg-repeat='stretch' data-av_minimum_height_pc='100' data-av_min_height_opt='100'><div class=\"av-section-color-overlay-wrap\"><div class=\"av-section-color-overlay\"><\/div><div class='container av-section-cont-open' ><div class='template-page content  av-content-small units'><div class='post-entry post-entry-type-page post-entry-62055'><div class='entry-content-wrapper clearfix'>\n\n<style type=\"text\/css\" data-created_by=\"avia_inline_auto\" id=\"style-css-av-lv3iukeh-77e1761aa43e3c03ec02be5e60de0fac\">\n#top .av_textblock_section.av-lv3iukeh-77e1761aa43e3c03ec02be5e60de0fac .avia_textblock{\ncolor:#ffffff;\ntext-align:center;\n}\n<\/style>\n<section  class='av_textblock_section av-lv3iukeh-77e1761aa43e3c03ec02be5e60de0fac '   itemscope=\"itemscope\" itemtype=\"https:\/\/schema.org\/CreativeWork\" ><div class='avia_textblock image-dark-section-heading av_inherit_color'  itemprop=\"text\" ><h2 class=\"align-center\">Nasze lokalizacje firmy Schwarzm\u00fcller<\/h2>\n<p class=\"align-center\">Informacje na temat naszych miejsc produkcji, us\u0142ug serwisowych w oddzia\u0142ach oraz informacje kontaktowe<\/p>\n<\/div><\/section>\n<div  class='avia-button-wrap av-lv3iv0to-099e4f36b8419c40e6a5361bf19a1494-wrap avia-button-center  avia-builder-el-9  el_after_av_textblock  avia-builder-el-last  button-filled-red'>\n<style type=\"text\/css\" data-created_by=\"avia_inline_auto\" id=\"style-css-av-lv3iv0to-099e4f36b8419c40e6a5361bf19a1494\">\n#top #wrap_all .avia-button.av-lv3iv0to-099e4f36b8419c40e6a5361bf19a1494{\nborder-style:none;\nborder-radius:0 0 0 0;\ntransition:all 0.4s ease-in-out;\nmargin:2rem 0 2rem 0;\npadding:1rem 2rem 1rem 2rem;\n}\n#top #wrap_all .avia-button.av-lv3iv0to-099e4f36b8419c40e6a5361bf19a1494:hover{\nbackground-color:white;\ncolor:black;\ntransition:all 0.4s ease-in-out;\n}\n#top #wrap_all.avia-button.av-lv3iv0to-099e4f36b8419c40e6a5361bf19a1494:hover .avia_button_background{\nborder-radius:0 0 0 0;\n}\n#top #wrap_all .avia-button.av-lv3iv0to-099e4f36b8419c40e6a5361bf19a1494:hover .avia-svg-icon svg:first-child{\nfill:black;\nstroke:black;\n}\n<\/style>\n<a href='https:\/\/schwarzmueller.com\/de\/unternehmen\/standorte\/'  class='avia-button av-lv3iv0to-099e4f36b8419c40e6a5361bf19a1494 av-link-btn avia-icon_select-no avia-size-medium avia-position-center avia-color-theme-color avia-font-color-white'   aria-label=\"Ucz si\u0119 wi\u0119cej\"><span class='avia_iconbox_title' >Ucz si\u0119 wi\u0119cej<\/span><\/a><\/div>\n<\/div><\/div><\/div><!-- close content main div --><\/div><\/div><\/div><div id='after_section_3'  class='main_color av_default_container_wrap container_wrap sidebar_left'  ><div class='container av-section-cont-open' ><div class='template-page content  av-content-small units'><div class='post-entry post-entry-type-page post-entry-62055'><div class='entry-content-wrapper clearfix'>\n","protected":false},"excerpt":{"rendered":"","protected":false},"author":6,"featured_media":0,"parent":64998,"menu_order":0,"comment_status":"closed","ping_status":"closed","template":"","meta":{"_acf_changed":false,"_relevanssi_hide_post":"","_relevanssi_hide_content":"","_relevanssi_pin_for_all":"","_relevanssi_pin_keywords":"","_relevanssi_unpin_keywords":"","_relevanssi_related_keywords":"","_relevanssi_related_include_ids":"","_relevanssi_related_exclude_ids":"","_relevanssi_related_no_append":"","_relevanssi_related_not_related":"","_relevanssi_related_posts":"51685,51623,51640,51599,51598,51686","_relevanssi_noindex_reason":"","footnotes":""},"class_list":["post-62055","page","type-page","status-publish","hentry"],"acf":[],"yoast_head":"<!-- This site is optimized with the Yoast SEO Premium plugin v26.4 (Yoast SEO v27.2) - https:\/\/yoast.com\/product\/yoast-seo-premium-wordpress\/ -->\n<title>Organizacja - Schwarzm\u00fcller<\/title>\n<meta name=\"robots\" content=\"index, follow, max-snippet:-1, max-image-preview:large, max-video-preview:-1\" \/>\n<link rel=\"canonical\" href=\"https:\/\/schwarzmueller.com\/pl\/firma\/organizacja\/\" \/>\n<meta property=\"og:locale\" content=\"pl_PL\" \/>\n<meta property=\"og:type\" content=\"article\" \/>\n<meta property=\"og:title\" content=\"Organizacja\" \/>\n<meta property=\"og:url\" content=\"https:\/\/schwarzmueller.com\/pl\/firma\/organizacja\/\" \/>\n<meta property=\"og:site_name\" content=\"Schwarzm\u00fcller\" \/>\n<meta property=\"article:modified_time\" content=\"2024-10-29T10:47:32+00:00\" \/>\n<meta property=\"og:image\" content=\"https:\/\/schwarzmueller.com\/wp-content\/uploads\/2024\/03\/csm_schwarzmueller-IAA-2022-tp-schubboden_60f424c13a.jpg\" \/>\n\t<meta property=\"og:image:width\" content=\"768\" \/>\n\t<meta property=\"og:image:height\" content=\"480\" \/>\n\t<meta property=\"og:image:type\" content=\"image\/jpeg\" \/>\n<meta name=\"twitter:card\" content=\"summary_large_image\" \/>\n<meta name=\"twitter:label1\" content=\"Szacowany czas czytania\" \/>\n\t<meta name=\"twitter:data1\" content=\"2 minuty\" \/>\n<script type=\"application\/ld+json\" class=\"yoast-schema-graph\">{\"@context\":\"https:\/\/schema.org\",\"@graph\":[{\"@type\":\"WebPage\",\"@id\":\"https:\/\/schwarzmueller.com\/pl\/firma\/organizacja\/\",\"url\":\"https:\/\/schwarzmueller.com\/pl\/firma\/organizacja\/\",\"name\":\"Organizacja - Schwarzm\u00fcller\",\"isPartOf\":{\"@id\":\"https:\/\/schwarzmueller.com\/en\/#website\"},\"datePublished\":\"2024-04-04T09:19:35+00:00\",\"dateModified\":\"2024-10-29T10:47:32+00:00\",\"breadcrumb\":{\"@id\":\"https:\/\/schwarzmueller.com\/pl\/firma\/organizacja\/#breadcrumb\"},\"inLanguage\":\"pl-PL\",\"potentialAction\":[{\"@type\":\"ReadAction\",\"target\":[\"https:\/\/schwarzmueller.com\/pl\/firma\/organizacja\/\"]}]},{\"@type\":\"BreadcrumbList\",\"@id\":\"https:\/\/schwarzmueller.com\/pl\/firma\/organizacja\/#breadcrumb\",\"itemListElement\":[{\"@type\":\"ListItem\",\"position\":1,\"name\":\"Home\",\"item\":\"https:\/\/schwarzmueller.com\/pl\/home-2\/\"},{\"@type\":\"ListItem\",\"position\":2,\"name\":\"Firma\",\"item\":\"https:\/\/schwarzmueller.com\/pl\/firma\/\"},{\"@type\":\"ListItem\",\"position\":3,\"name\":\"Organizacja\"}]},{\"@type\":\"WebSite\",\"@id\":\"https:\/\/schwarzmueller.com\/en\/#website\",\"url\":\"https:\/\/schwarzmueller.com\/en\/\",\"name\":\"Schwarzm\u00fcller | Intelligente Fahrzeuge\",\"description\":\"Ganz auf exzellente Fahrzeugtechnik gebaut\",\"publisher\":{\"@id\":\"https:\/\/schwarzmueller.com\/en\/#organization\"},\"alternateName\":\"Schwarzm\u00fcller\",\"potentialAction\":[{\"@type\":\"SearchAction\",\"target\":{\"@type\":\"EntryPoint\",\"urlTemplate\":\"https:\/\/schwarzmueller.com\/en\/?s={search_term_string}\"},\"query-input\":{\"@type\":\"PropertyValueSpecification\",\"valueRequired\":true,\"valueName\":\"search_term_string\"}}],\"inLanguage\":\"pl-PL\"},{\"@type\":\"Organization\",\"@id\":\"https:\/\/schwarzmueller.com\/en\/#organization\",\"name\":\"Schwarzm\u00fcller\",\"url\":\"https:\/\/schwarzmueller.com\/en\/\",\"logo\":{\"@type\":\"ImageObject\",\"inLanguage\":\"pl-PL\",\"@id\":\"https:\/\/schwarzmueller.com\/en\/#\/schema\/logo\/image\/\",\"url\":\"https:\/\/schwarzmueller.com\/wp-content\/uploads\/2024\/05\/sm_icon_logo.svg\",\"contentUrl\":\"https:\/\/schwarzmueller.com\/wp-content\/uploads\/2024\/05\/sm_icon_logo.svg\",\"width\":1,\"height\":1,\"caption\":\"Schwarzm\u00fcller\"},\"image\":{\"@id\":\"https:\/\/schwarzmueller.com\/en\/#\/schema\/logo\/image\/\"}}]}<\/script>\n<!-- \/ Yoast SEO Premium plugin. -->","yoast_head_json":{"title":"Organizacja - Schwarzm\u00fcller","robots":{"index":"index","follow":"follow","max-snippet":"max-snippet:-1","max-image-preview":"max-image-preview:large","max-video-preview":"max-video-preview:-1"},"canonical":"https:\/\/schwarzmueller.com\/pl\/firma\/organizacja\/","og_locale":"pl_PL","og_type":"article","og_title":"Organizacja","og_url":"https:\/\/schwarzmueller.com\/pl\/firma\/organizacja\/","og_site_name":"Schwarzm\u00fcller","article_modified_time":"2024-10-29T10:47:32+00:00","og_image":[{"width":768,"height":480,"url":"https:\/\/schwarzmueller.com\/wp-content\/uploads\/2024\/03\/csm_schwarzmueller-IAA-2022-tp-schubboden_60f424c13a.jpg","type":"image\/jpeg"}],"twitter_card":"summary_large_image","twitter_misc":{"Szacowany czas czytania":"2 minuty"},"schema":{"@context":"https:\/\/schema.org","@graph":[{"@type":"WebPage","@id":"https:\/\/schwarzmueller.com\/pl\/firma\/organizacja\/","url":"https:\/\/schwarzmueller.com\/pl\/firma\/organizacja\/","name":"Organizacja - Schwarzm\u00fcller","isPartOf":{"@id":"https:\/\/schwarzmueller.com\/en\/#website"},"datePublished":"2024-04-04T09:19:35+00:00","dateModified":"2024-10-29T10:47:32+00:00","breadcrumb":{"@id":"https:\/\/schwarzmueller.com\/pl\/firma\/organizacja\/#breadcrumb"},"inLanguage":"pl-PL","potentialAction":[{"@type":"ReadAction","target":["https:\/\/schwarzmueller.com\/pl\/firma\/organizacja\/"]}]},{"@type":"BreadcrumbList","@id":"https:\/\/schwarzmueller.com\/pl\/firma\/organizacja\/#breadcrumb","itemListElement":[{"@type":"ListItem","position":1,"name":"Home","item":"https:\/\/schwarzmueller.com\/pl\/home-2\/"},{"@type":"ListItem","position":2,"name":"Firma","item":"https:\/\/schwarzmueller.com\/pl\/firma\/"},{"@type":"ListItem","position":3,"name":"Organizacja"}]},{"@type":"WebSite","@id":"https:\/\/schwarzmueller.com\/en\/#website","url":"https:\/\/schwarzmueller.com\/en\/","name":"Schwarzm\u00fcller | Intelligente Fahrzeuge","description":"Ganz auf exzellente Fahrzeugtechnik gebaut","publisher":{"@id":"https:\/\/schwarzmueller.com\/en\/#organization"},"alternateName":"Schwarzm\u00fcller","potentialAction":[{"@type":"SearchAction","target":{"@type":"EntryPoint","urlTemplate":"https:\/\/schwarzmueller.com\/en\/?s={search_term_string}"},"query-input":{"@type":"PropertyValueSpecification","valueRequired":true,"valueName":"search_term_string"}}],"inLanguage":"pl-PL"},{"@type":"Organization","@id":"https:\/\/schwarzmueller.com\/en\/#organization","name":"Schwarzm\u00fcller","url":"https:\/\/schwarzmueller.com\/en\/","logo":{"@type":"ImageObject","inLanguage":"pl-PL","@id":"https:\/\/schwarzmueller.com\/en\/#\/schema\/logo\/image\/","url":"https:\/\/schwarzmueller.com\/wp-content\/uploads\/2024\/05\/sm_icon_logo.svg","contentUrl":"https:\/\/schwarzmueller.com\/wp-content\/uploads\/2024\/05\/sm_icon_logo.svg","width":1,"height":1,"caption":"Schwarzm\u00fcller"},"image":{"@id":"https:\/\/schwarzmueller.com\/en\/#\/schema\/logo\/image\/"}}]}},"_links":{"self":[{"href":"https:\/\/schwarzmueller.com\/pl\/wp-json\/wp\/v2\/pages\/62055","targetHints":{"allow":["GET"]}}],"collection":[{"href":"https:\/\/schwarzmueller.com\/pl\/wp-json\/wp\/v2\/pages"}],"about":[{"href":"https:\/\/schwarzmueller.com\/pl\/wp-json\/wp\/v2\/types\/page"}],"author":[{"embeddable":true,"href":"https:\/\/schwarzmueller.com\/pl\/wp-json\/wp\/v2\/users\/6"}],"replies":[{"embeddable":true,"href":"https:\/\/schwarzmueller.com\/pl\/wp-json\/wp\/v2\/comments?post=62055"}],"version-history":[{"count":3,"href":"https:\/\/schwarzmueller.com\/pl\/wp-json\/wp\/v2\/pages\/62055\/revisions"}],"predecessor-version":[{"id":81683,"href":"https:\/\/schwarzmueller.com\/pl\/wp-json\/wp\/v2\/pages\/62055\/revisions\/81683"}],"up":[{"embeddable":true,"href":"https:\/\/schwarzmueller.com\/pl\/wp-json\/wp\/v2\/pages\/64998"}],"wp:attachment":[{"href":"https:\/\/schwarzmueller.com\/pl\/wp-json\/wp\/v2\/media?parent=62055"}],"curies":[{"name":"wp","href":"https:\/\/api.w.org\/{rel}","templated":true}]}}