{"id":81184,"date":"2024-03-29T10:10:18","date_gmt":"2024-03-29T09:10:18","guid":{"rendered":"https:\/\/schwarzmueller.com\/karrier\/"},"modified":"2024-10-10T11:38:57","modified_gmt":"2024-10-10T09:38:57","slug":"karrier","status":"publish","type":"page","link":"https:\/\/schwarzmueller.com\/hu\/karrier\/","title":{"rendered":"Karrier"},"content":{"rendered":"\n<style type=\"text\/css\" data-created_by=\"avia_inline_auto\" id=\"style-css-av-lv3ssxkh-9e03e2ce67c528ac1e74f3195b6fc684\">\n.avia-section.av-lv3ssxkh-9e03e2ce67c528ac1e74f3195b6fc684{\nbackground-repeat:no-repeat;\nbackground-image:url(https:\/\/schwarzmueller.com\/wp-content\/uploads\/2024\/04\/csm_SM-Lackierer-L1031079_13d50df8a3.jpg);\nbackground-position:50% 50%;\nbackground-attachment:scroll;\n}\n.avia-section.av-lv3ssxkh-9e03e2ce67c528ac1e74f3195b6fc684 .av-section-color-overlay{\nopacity:0.5;\nbackground-color:#0a0a0a;\n}\n<\/style>\n<div id='av_section_1'  class='avia-section av-lv3ssxkh-9e03e2ce67c528ac1e74f3195b6fc684 main_color avia-section-huge avia-no-border-styling  avia-builder-el-0  el_before_av_textblock  avia-builder-el-first  avia-full-stretch avia-bg-style-scroll av-section-color-overlay-active av-minimum-height av-minimum-height-custom av-height-custom  container_wrap sidebar_left'  data-section-bg-repeat='stretch' data-av_minimum_height_px='512'><div class=\"av-section-color-overlay-wrap\"><div class=\"av-section-color-overlay\"><\/div><div class='container av-section-cont-open' style='height:512px'><main  role=\"main\" itemprop=\"mainContentOfPage\"  class='template-page content  av-content-small units'><div class='post-entry post-entry-type-page post-entry-81184'><div class='entry-content-wrapper clearfix'>\n<div  class='flex_column av-9u3iq18-4248d2d2c0bfdda7ad67030c735aeedc av_one_half  avia-builder-el-1  el_before_av_one_fourth  avia-builder-el-first  first flex_column_div  '     ><style type=\"text\/css\" data-created_by=\"avia_inline_auto\" id=\"style-css-av-lv3ss7uh-008b221b3f3a4674b88ee0f362f1051d\">\n#top .av_textblock_section.av-lv3ss7uh-008b221b3f3a4674b88ee0f362f1051d .avia_textblock{\ncolor:#ffffff;\n}\n<\/style>\n<section  class='av_textblock_section av-lv3ss7uh-008b221b3f3a4674b88ee0f362f1051d '   itemscope=\"itemscope\" itemtype=\"https:\/\/schema.org\/CreativeWork\" ><div class='avia_textblock hero-title av_inherit_color'  itemprop=\"text\" ><h1>Karrier<\/h1>\n<h2 class=\"schwa-h4\">J\u00f3l k\u00e9pzett munkat\u00e1rsakat keres\u00fcnk!<br \/>\nA hozz\u00e1adott \u00e9rt\u00e9ket munkat\u00e1rsaink adj\u00e1k.<\/h2>\n<\/div><\/section><\/div><div  class='flex_column av-9ct468c-5ba250ca1ace9eec91acd135572d392f av_one_fourth  avia-builder-el-3  el_after_av_one_half  el_before_av_one_fourth  flex_column_div  '     ><\/div><div  class='flex_column av-965w7d8-fa463b26b2c44b943fbe79d9c9521993 av_one_fourth  avia-builder-el-4  el_after_av_one_fourth  avia-builder-el-last  flex_column_div  '     ><\/div>\n<\/div><\/div><\/main><!-- close content main element --><\/div><\/div><\/div><div id='after_section_1'  class='main_color av_default_container_wrap container_wrap sidebar_left'  ><div class='container av-section-cont-open' ><div class='template-page content  av-content-small units'><div class='post-entry post-entry-type-page post-entry-81184'><div class='entry-content-wrapper clearfix'>\n<section  class='av_textblock_section av-w9atak-4710013a02ffddd62dd9f2bc669f3030 '   itemscope=\"itemscope\" itemtype=\"https:\/\/schema.org\/CreativeWork\" ><div class='avia_textblock sch-breadcrumb'  itemprop=\"text\" ><div class=\"breadcrumb breadcrumbs avia-breadcrumbs\"><div class=\"breadcrumb-trail\" ><span class=\"trail-before\"><span class=\"breadcrumb-title\">\u00d6n itt \u00e1ll:<\/span><\/span> <span  itemscope=\"itemscope\" itemtype=\"https:\/\/schema.org\/BreadcrumbList\" ><span  itemscope=\"itemscope\" itemtype=\"https:\/\/schema.org\/ListItem\" itemprop=\"itemListElement\" ><a itemprop=\"url\" href=\"https:\/\/schwarzmueller.com\/hu\/\" title=\"Schwarzm\u00fcller\" rel=\"home\" class=\"trail-begin\"><span itemprop=\"name\">Kezd\u0151lap<\/span><\/a><span itemprop=\"position\" class=\"hidden\">1<\/span><\/span><\/span><\/div><\/div>\n<\/div><\/section>\n<\/div><\/div><\/div><!-- close content main div --><\/div><\/div><div id='av_section_2'  class='avia-section av-lv3stfhw-cf3e9db724d3919835c7fc32033fbc26 main_color avia-section-huge avia-no-border-styling  avia-builder-el-6  el_after_av_textblock  el_before_av_section  avia-bg-style-scroll container_wrap sidebar_left'  ><div class='container av-section-cont-open' ><div class='template-page content  av-content-small units'><div class='post-entry post-entry-type-page post-entry-81184'><div class='entry-content-wrapper clearfix'>\n<\/p>\n<div class='flex_column_table av-v6ax64-47615c9416924977463048819791e744 sc-av_one_third av-equal-height-column-flextable'><div  class='flex_column av-v6ax64-47615c9416924977463048819791e744 av_one_third  avia-builder-el-7  el_before_av_one_third  avia-builder-el-first  first flex_column_table_cell av-equal-height-column av-align-top  '     ><section  class='av_textblock_section av-lv3su37k-f41c3af4728b0a7f13699d2885cfdbb5 '   itemscope=\"itemscope\" itemtype=\"https:\/\/schema.org\/CreativeWork\" ><div class='avia_textblock image-dark-section-title'  itemprop=\"text\" ><h2 class=\"schwa-h4\"><strong>Kompetencia<br \/>\nEur\u00f3pa-szerte!<\/strong><\/h2>\n<p>A Schwarzm\u00fcller csoport egyike a legnagyobb eur\u00f3pai, komplett j\u00e1rm\u0171palett\u00e1t k\u00edn\u00e1l\u00f3 p\u00f3tkocsi &#8211; f\u00e9lp\u00f3tkocsi gy\u00e1rt\u00f3knak \u00e9s a pr\u00e9mium kivitel\u0171 j\u00e1rm\u0171veivel \u00faj m\u00e9rc\u00e9ket \u00e1ll\u00edt fel a szakm\u00e1ban. A siker alapja munkat\u00e1rsaink hozz\u00e1\u00e9rt\u00e9s\u00e9ben, tapasztalat\u00e1ban \u00e9s felk\u00e9sz\u00fclts\u00e9g\u00e9ben rejlik. Mi pedig megbecs\u00fclj\u00fck ezt.<\/p>\n<\/div><\/section><\/div><div class='av-flex-placeholder'><\/div><div  class='flex_column av-812164s-600b2d1d93e71dabd1462e665a3a4fdc av_one_third  avia-builder-el-9  el_after_av_one_third  el_before_av_one_third  flex_column_table_cell av-equal-height-column av-align-top  '     ><style type=\"text\/css\" data-created_by=\"avia_inline_auto\" id=\"style-css-av-lv3suo37-ec2578de871459a160ebcd789ef6adb4\">\n#top .av_textblock_section.av-lv3suo37-ec2578de871459a160ebcd789ef6adb4 .avia_textblock{\ntext-align:left;\n}\n<\/style>\n<section  class='av_textblock_section av-lv3suo37-ec2578de871459a160ebcd789ef6adb4 '   itemscope=\"itemscope\" itemtype=\"https:\/\/schema.org\/CreativeWork\" ><div class='avia_textblock image-dark-section-title'  itemprop=\"text\" ><h2 class=\"schwa-h4\"><strong>\u00daj perspekt\u00edv\u00e1kat k\u00edn\u00e1lunk<\/strong><\/h2>\n<p>A Schwarzm\u00fcller csoport v\u00e1ltozatos, kih\u00edv\u00e1sokkal teli munkalehet\u0151s\u00e9geket k\u00edn\u00e1l, illetve nagy hangs\u00falyt fektet a j\u00f3 munkav\u00e1llal\u00f3 &#8211; munkaad\u00f3 viszony biztos\u00edt\u00e1s\u00e1ra. Folyamatosan olyan munkat\u00e1rsakat keres\u00fcnk, akik vel\u00fcnk \u00e9s vev\u0151inkkel egy\u00fctt \u00faj megold\u00e1sokat akarnak kifejleszteni \u00e9s osztj\u00e1k a min\u0151s\u00e9g ir\u00e1nti ig\u00e9nyt.<\/p>\n<\/div><\/section><\/div><div class='av-flex-placeholder'><\/div><div  class='flex_column av-rp9w4s-0b6408d32dde61599716f62225c4fdba av_one_third  avia-builder-el-11  el_after_av_one_third  avia-builder-el-last  flex_column_table_cell av-equal-height-column av-align-top  '     ><style type=\"text\/css\" data-created_by=\"avia_inline_auto\" id=\"style-css-av-m21wuxnf-1fc2edde9fa8e3de1824e28d9d741c85\">\n.avia-image-container.av-m21wuxnf-1fc2edde9fa8e3de1824e28d9d741c85 img.avia_image{\nbox-shadow:none;\n}\n.avia-image-container.av-m21wuxnf-1fc2edde9fa8e3de1824e28d9d741c85 .av-image-caption-overlay-center{\ncolor:#ffffff;\n}\n<\/style>\n<div  class='avia-image-container av-m21wuxnf-1fc2edde9fa8e3de1824e28d9d741c85 av-styling- avia-align-center  avia-builder-el-12  avia-builder-el-no-sibling '   itemprop=\"image\" itemscope=\"itemscope\" itemtype=\"https:\/\/schema.org\/ImageObject\" ><div class=\"avia-image-container-inner\"><div class=\"avia-image-overlay-wrap\"><img decoding=\"async\" fetchpriority=\"high\" class='wp-image-81156 avia-img-lazy-loading-not-81156 avia_image ' src=\"https:\/\/schwarzmueller.com\/wp-content\/uploads\/2024\/10\/csm_spatenstich_lehrwerkstaette_99cd95d088.jpg\" alt='' title='csm_spatenstich_lehrwerkstaette_99cd95d088'  height=\"631\" width=\"745\"  itemprop=\"thumbnailUrl\" srcset=\"https:\/\/schwarzmueller.com\/wp-content\/uploads\/2024\/10\/csm_spatenstich_lehrwerkstaette_99cd95d088.jpg 745w, https:\/\/schwarzmueller.com\/wp-content\/uploads\/2024\/10\/csm_spatenstich_lehrwerkstaette_99cd95d088-300x254.jpg 300w, https:\/\/schwarzmueller.com\/wp-content\/uploads\/2024\/10\/csm_spatenstich_lehrwerkstaette_99cd95d088-705x597.jpg 705w, https:\/\/schwarzmueller.com\/wp-content\/uploads\/2024\/10\/csm_spatenstich_lehrwerkstaette_99cd95d088-708x600.jpg 708w\" sizes=\"(max-width: 745px) 100vw, 745px\" \/><\/div><\/div><\/div><\/div><\/div><!--close column table wrapper. Autoclose: 1 -->\n\n<\/div><\/div><\/div><!-- close content main div --><\/div><\/div>\n<style type=\"text\/css\" data-created_by=\"avia_inline_auto\" id=\"style-css-av-k1soc5-87e0f06f77645948899ecd378efe4d05\">\n.avia-section.av-k1soc5-87e0f06f77645948899ecd378efe4d05{\nbackground-repeat:repeat;\nbackground-image:url(https:\/\/schwarzmueller.com\/wp-content\/uploads\/2024\/03\/pattern2.png);\nbackground-position:0% 0%;\nbackground-attachment:scroll;\n}\n<\/style>\n<div id='av_section_3'  class='avia-section av-k1soc5-87e0f06f77645948899ecd378efe4d05 main_color avia-section-huge avia-no-border-styling  avia-builder-el-13  el_after_av_section  avia-builder-el-last  pattern-section-background avia-bg-style-scroll container_wrap sidebar_left'  data-section-bg-repeat='repeat'><div class='container av-section-cont-open' ><div class='template-page content  av-content-small units'><div class='post-entry post-entry-type-page post-entry-81184'><div class='entry-content-wrapper clearfix'>\n<div  class='flex_column av-lv3vsaiy-f4a98ebd460a7852a0e79168a7055985 av_one_third  avia-builder-el-14  el_before_av_two_third  avia-builder-el-first  sch-job-listing first flex_column_div  '     ><section  class='av_textblock_section av-lx0kg300-5d29e3262cc199b7eb0a6601f44455c6 '   itemscope=\"itemscope\" itemtype=\"https:\/\/schema.org\/CreativeWork\" ><div class='avia_textblock'  itemprop=\"text\" ><h2 class=\"schwa-h4\">A Schwarzm\u00fcller \u00e1ll\u00e1ssz\u0171r\u0151<\/h2>\n<p>Fedezze fel Eur\u00f3pa szerte a Schwarzm\u00fcller csoport \u00e1ll\u00e1saj\u00e1nlatait:<\/p>\n<\/div><\/section><br \/>\n<br \/>\n<section  class='av_textblock_section av-lyfyjxki-1ff8895af33b0d9eaacd1e7aacc29b50 '   itemscope=\"itemscope\" itemtype=\"https:\/\/schema.org\/CreativeWork\" ><div class='avia_textblock karriere-card'  itemprop=\"text\" ><\/p>\n<h2 class=\"schwa-h5\">Nem tal\u00e1lja a megfelel\u0151t?<\/h2>\n<p>K\u00fcldje el nek\u00fcnk jelentkez\u00e9s\u00e9t PDF-form\u00e1ban: <a href=\"mailto:allas@schwarzmueller.com\">allas@schwarzmueller.com<\/a><\/p>\n<\/div><\/section><br \/>\n<section  class='av_textblock_section av-lyfyvanc-217f1b677741fff0ed88456db99efe12 '   itemscope=\"itemscope\" itemtype=\"https:\/\/schema.org\/CreativeWork\" ><div class='avia_textblock karriere-card'  itemprop=\"text\" ><p>A p\u00e1ly\u00e1z\u00f3k adatainak kezel\u00e9s\u00e9vel kapcsolatos inform\u00e1ci\u00f3kat itt <a href=\"https:\/\/schwarzmueller.com\/hu\/palyazok-adatainak-kezeleserol\/\" target=\"\" rel=\"noopener\">tal\u00e1l<\/a>.<\/p>\n<\/div><\/section><\/p><\/div><div  class='flex_column av-2nxt85-3ae63fd32ce653945995de48aa044711 av_two_third  avia-builder-el-19  el_after_av_one_third  avia-builder-el-last  flex_column_div  '     ><section  class='av_textblock_section av-lwnlrhdg-1-93e5de97f7832576be03dbb451e2d851 '   itemscope=\"itemscope\" itemtype=\"https:\/\/schema.org\/CreativeWork\" ><div class='avia_textblock karriere-page karriere-page'  itemprop=\"text\" ><section class=\"job-listing row clearfix\" aria-label=\"Job listings\"><div class=\"column medium-12 col-md-12\" role=\"list\"><article class=\"job-preview clearfix\" role=\"article\" aria-labelledby=\"job-title-90177\"><div class=\"job-content\"><h5><a href=\"https:\/\/schwarzmueller.com\/hu\/job\/szemcseszoro-cinkszoro\/\" id=\"job-title-90177\" target=\"_self\"><span>Szemcsesz\u00f3r\u00f3\/Cinksz\u00f3r\u00f3<\/span><\/a><\/h5><div class=\"job-additional-information\" aria-label=\"Additional job information\"><span>Dunaharaszti<\/span><\/div><\/div><div class=\"job-cta\"><a href=\"https:\/\/schwarzmueller.com\/hu\/job\/szemcseszoro-cinkszoro\/\" target=\"_self\" class=\"apply-btn local\" aria-label=\"View job: Szemcsesz\u00f3r\u00f3\/Cinksz\u00f3r\u00f3\">View<\/a><\/div><\/article><article class=\"job-preview clearfix\" role=\"article\" aria-labelledby=\"job-title-90175\"><div class=\"job-content\"><h5><a href=\"https:\/\/schwarzmueller.com\/hu\/job\/karbantarto-technikus\/\" id=\"job-title-90175\" target=\"_self\"><span>Karbantart\u00f3 technikus<\/span><\/a><\/h5><div class=\"job-additional-information\" aria-label=\"Additional job information\"><span>Dunaharaszti<\/span><\/div><\/div><div class=\"job-cta\"><a href=\"https:\/\/schwarzmueller.com\/hu\/job\/karbantarto-technikus\/\" target=\"_self\" class=\"apply-btn local\" aria-label=\"View job: Karbantart\u00f3 technikus\">View<\/a><\/div><\/article><article class=\"job-preview clearfix\" role=\"article\" aria-labelledby=\"job-title-89415\"><div class=\"job-content\"><h5><a href=\"https:\/\/schwarzmueller.com\/hu\/job\/lakatos\/\" id=\"job-title-89415\" target=\"_self\"><span>Lakatos \/ Hegeszt\u0151<\/span><\/a><\/h5><div class=\"job-additional-information\" aria-label=\"Additional job information\"><span>Dunaharaszti<\/span><\/div><\/div><div class=\"job-cta\"><a href=\"https:\/\/schwarzmueller.com\/hu\/job\/lakatos\/\" target=\"_self\" class=\"apply-btn local\" aria-label=\"View job: Lakatos \/ Hegeszt\u0151\">View<\/a><\/div><\/article><article class=\"job-preview clearfix\" role=\"article\" aria-labelledby=\"job-title-89412\"><div class=\"job-content\"><h5><a href=\"https:\/\/schwarzmueller.com\/hu\/job\/beszerzo\/\" id=\"job-title-89412\" target=\"_self\"><span>Beszerz\u0151<\/span><\/a><\/h5><div class=\"job-additional-information\" aria-label=\"Additional job information\"><span>Dunaharaszti<\/span><\/div><\/div><div class=\"job-cta\"><a href=\"https:\/\/schwarzmueller.com\/hu\/job\/beszerzo\/\" target=\"_self\" class=\"apply-btn local\" aria-label=\"View job: Beszerz\u0151\">View<\/a><\/div><\/article><article class=\"job-preview clearfix\" role=\"article\" aria-labelledby=\"job-title-89410\"><div class=\"job-content\"><h5><a href=\"https:\/\/schwarzmueller.com\/hu\/job\/elektromos-karbantarto\/\" id=\"job-title-89410\" target=\"_self\"><span>Elektromos karbantart\u00f3<\/span><\/a><\/h5><div class=\"job-additional-information\" aria-label=\"Additional job information\"><span>Dunaharaszti<\/span><\/div><\/div><div class=\"job-cta\"><a href=\"https:\/\/schwarzmueller.com\/hu\/job\/elektromos-karbantarto\/\" target=\"_self\" class=\"apply-btn local\" aria-label=\"View job: Elektromos karbantart\u00f3\">View<\/a><\/div><\/article><\/div><\/section>\n<\/div><\/section><\/div><\/div><\/div><\/div><!-- close content main div --><\/div><\/div><div id='after_section_3'  class='main_color av_default_container_wrap container_wrap sidebar_left'  ><div class='container av-section-cont-open' ><div class='template-page content  av-content-small units'><div class='post-entry post-entry-type-page post-entry-81184'><div class='entry-content-wrapper clearfix'>\n","protected":false},"excerpt":{"rendered":"","protected":false},"author":4,"featured_media":0,"parent":0,"menu_order":0,"comment_status":"closed","ping_status":"closed","template":"","meta":{"_acf_changed":false,"_relevanssi_hide_post":"","_relevanssi_hide_content":"","_relevanssi_pin_for_all":"","_relevanssi_pin_keywords":"","_relevanssi_unpin_keywords":"","_relevanssi_related_keywords":"","_relevanssi_related_include_ids":"","_relevanssi_related_exclude_ids":"","_relevanssi_related_no_append":"","_relevanssi_related_not_related":"","_relevanssi_related_posts":"51538,51490,51506,51537,51520,63426","_relevanssi_noindex_reason":"","footnotes":""},"class_list":["post-81184","page","type-page","status-publish","hentry"],"acf":[],"yoast_head":"<!-- This site is optimized with the Yoast SEO Premium plugin v26.4 (Yoast SEO v27.2) - https:\/\/yoast.com\/product\/yoast-seo-premium-wordpress\/ -->\n<title>Karrier - Schwarzm\u00fcller<\/title>\n<meta name=\"robots\" content=\"index, follow, max-snippet:-1, max-image-preview:large, max-video-preview:-1\" \/>\n<link rel=\"canonical\" href=\"https:\/\/schwarzmueller.com\/hu\/karrier\/\" \/>\n<meta property=\"og:locale\" content=\"hu_HU\" \/>\n<meta property=\"og:type\" content=\"article\" \/>\n<meta property=\"og:title\" content=\"Karrier\" \/>\n<meta property=\"og:url\" content=\"https:\/\/schwarzmueller.com\/hu\/karrier\/\" \/>\n<meta property=\"og:site_name\" content=\"Schwarzm\u00fcller\" \/>\n<meta property=\"article:modified_time\" content=\"2024-10-10T09:38:57+00:00\" \/>\n<meta property=\"og:image\" content=\"https:\/\/schwarzmueller.com\/wp-content\/uploads\/2024\/03\/csm_schwarzmueller-IAA-2022-tp-schubboden_60f424c13a.jpg\" \/>\n\t<meta property=\"og:image:width\" content=\"768\" \/>\n\t<meta property=\"og:image:height\" content=\"480\" \/>\n\t<meta property=\"og:image:type\" content=\"image\/jpeg\" \/>\n<meta name=\"twitter:card\" content=\"summary_large_image\" \/>\n<meta name=\"twitter:label1\" content=\"Becs\u00fclt olvas\u00e1si id\u0151\" \/>\n\t<meta name=\"twitter:data1\" content=\"1 perc\" \/>\n<script type=\"application\/ld+json\" class=\"yoast-schema-graph\">{\"@context\":\"https:\/\/schema.org\",\"@graph\":[{\"@type\":\"WebPage\",\"@id\":\"https:\/\/schwarzmueller.com\/hu\/karrier\/\",\"url\":\"https:\/\/schwarzmueller.com\/hu\/karrier\/\",\"name\":\"Karrier - Schwarzm\u00fcller\",\"isPartOf\":{\"@id\":\"https:\/\/schwarzmueller.com\/en\/#website\"},\"datePublished\":\"2024-03-29T09:10:18+00:00\",\"dateModified\":\"2024-10-10T09:38:57+00:00\",\"breadcrumb\":{\"@id\":\"https:\/\/schwarzmueller.com\/hu\/karrier\/#breadcrumb\"},\"inLanguage\":\"hu\",\"potentialAction\":[{\"@type\":\"ReadAction\",\"target\":[\"https:\/\/schwarzmueller.com\/hu\/karrier\/\"]}]},{\"@type\":\"BreadcrumbList\",\"@id\":\"https:\/\/schwarzmueller.com\/hu\/karrier\/#breadcrumb\",\"itemListElement\":[{\"@type\":\"ListItem\",\"position\":1,\"name\":\"Home\",\"item\":\"https:\/\/schwarzmueller.com\/hu\/home-2\/\"},{\"@type\":\"ListItem\",\"position\":2,\"name\":\"Karrier\"}]},{\"@type\":\"WebSite\",\"@id\":\"https:\/\/schwarzmueller.com\/en\/#website\",\"url\":\"https:\/\/schwarzmueller.com\/en\/\",\"name\":\"Schwarzm\u00fcller | Intelligente Fahrzeuge\",\"description\":\"Ganz auf exzellente Fahrzeugtechnik gebaut\",\"publisher\":{\"@id\":\"https:\/\/schwarzmueller.com\/en\/#organization\"},\"alternateName\":\"Schwarzm\u00fcller\",\"potentialAction\":[{\"@type\":\"SearchAction\",\"target\":{\"@type\":\"EntryPoint\",\"urlTemplate\":\"https:\/\/schwarzmueller.com\/en\/?s={search_term_string}\"},\"query-input\":{\"@type\":\"PropertyValueSpecification\",\"valueRequired\":true,\"valueName\":\"search_term_string\"}}],\"inLanguage\":\"hu\"},{\"@type\":\"Organization\",\"@id\":\"https:\/\/schwarzmueller.com\/en\/#organization\",\"name\":\"Schwarzm\u00fcller\",\"url\":\"https:\/\/schwarzmueller.com\/en\/\",\"logo\":{\"@type\":\"ImageObject\",\"inLanguage\":\"hu\",\"@id\":\"https:\/\/schwarzmueller.com\/en\/#\/schema\/logo\/image\/\",\"url\":\"https:\/\/schwarzmueller.com\/wp-content\/uploads\/2024\/05\/sm_icon_logo.svg\",\"contentUrl\":\"https:\/\/schwarzmueller.com\/wp-content\/uploads\/2024\/05\/sm_icon_logo.svg\",\"width\":1,\"height\":1,\"caption\":\"Schwarzm\u00fcller\"},\"image\":{\"@id\":\"https:\/\/schwarzmueller.com\/en\/#\/schema\/logo\/image\/\"}}]}<\/script>\n<!-- \/ Yoast SEO Premium plugin. -->","yoast_head_json":{"title":"Karrier - Schwarzm\u00fcller","robots":{"index":"index","follow":"follow","max-snippet":"max-snippet:-1","max-image-preview":"max-image-preview:large","max-video-preview":"max-video-preview:-1"},"canonical":"https:\/\/schwarzmueller.com\/hu\/karrier\/","og_locale":"hu_HU","og_type":"article","og_title":"Karrier","og_url":"https:\/\/schwarzmueller.com\/hu\/karrier\/","og_site_name":"Schwarzm\u00fcller","article_modified_time":"2024-10-10T09:38:57+00:00","og_image":[{"width":768,"height":480,"url":"https:\/\/schwarzmueller.com\/wp-content\/uploads\/2024\/03\/csm_schwarzmueller-IAA-2022-tp-schubboden_60f424c13a.jpg","type":"image\/jpeg"}],"twitter_card":"summary_large_image","twitter_misc":{"Becs\u00fclt olvas\u00e1si id\u0151":"1 perc"},"schema":{"@context":"https:\/\/schema.org","@graph":[{"@type":"WebPage","@id":"https:\/\/schwarzmueller.com\/hu\/karrier\/","url":"https:\/\/schwarzmueller.com\/hu\/karrier\/","name":"Karrier - Schwarzm\u00fcller","isPartOf":{"@id":"https:\/\/schwarzmueller.com\/en\/#website"},"datePublished":"2024-03-29T09:10:18+00:00","dateModified":"2024-10-10T09:38:57+00:00","breadcrumb":{"@id":"https:\/\/schwarzmueller.com\/hu\/karrier\/#breadcrumb"},"inLanguage":"hu","potentialAction":[{"@type":"ReadAction","target":["https:\/\/schwarzmueller.com\/hu\/karrier\/"]}]},{"@type":"BreadcrumbList","@id":"https:\/\/schwarzmueller.com\/hu\/karrier\/#breadcrumb","itemListElement":[{"@type":"ListItem","position":1,"name":"Home","item":"https:\/\/schwarzmueller.com\/hu\/home-2\/"},{"@type":"ListItem","position":2,"name":"Karrier"}]},{"@type":"WebSite","@id":"https:\/\/schwarzmueller.com\/en\/#website","url":"https:\/\/schwarzmueller.com\/en\/","name":"Schwarzm\u00fcller | Intelligente Fahrzeuge","description":"Ganz auf exzellente Fahrzeugtechnik gebaut","publisher":{"@id":"https:\/\/schwarzmueller.com\/en\/#organization"},"alternateName":"Schwarzm\u00fcller","potentialAction":[{"@type":"SearchAction","target":{"@type":"EntryPoint","urlTemplate":"https:\/\/schwarzmueller.com\/en\/?s={search_term_string}"},"query-input":{"@type":"PropertyValueSpecification","valueRequired":true,"valueName":"search_term_string"}}],"inLanguage":"hu"},{"@type":"Organization","@id":"https:\/\/schwarzmueller.com\/en\/#organization","name":"Schwarzm\u00fcller","url":"https:\/\/schwarzmueller.com\/en\/","logo":{"@type":"ImageObject","inLanguage":"hu","@id":"https:\/\/schwarzmueller.com\/en\/#\/schema\/logo\/image\/","url":"https:\/\/schwarzmueller.com\/wp-content\/uploads\/2024\/05\/sm_icon_logo.svg","contentUrl":"https:\/\/schwarzmueller.com\/wp-content\/uploads\/2024\/05\/sm_icon_logo.svg","width":1,"height":1,"caption":"Schwarzm\u00fcller"},"image":{"@id":"https:\/\/schwarzmueller.com\/en\/#\/schema\/logo\/image\/"}}]}},"_links":{"self":[{"href":"https:\/\/schwarzmueller.com\/hu\/wp-json\/wp\/v2\/pages\/81184","targetHints":{"allow":["GET"]}}],"collection":[{"href":"https:\/\/schwarzmueller.com\/hu\/wp-json\/wp\/v2\/pages"}],"about":[{"href":"https:\/\/schwarzmueller.com\/hu\/wp-json\/wp\/v2\/types\/page"}],"author":[{"embeddable":true,"href":"https:\/\/schwarzmueller.com\/hu\/wp-json\/wp\/v2\/users\/4"}],"replies":[{"embeddable":true,"href":"https:\/\/schwarzmueller.com\/hu\/wp-json\/wp\/v2\/comments?post=81184"}],"version-history":[{"count":13,"href":"https:\/\/schwarzmueller.com\/hu\/wp-json\/wp\/v2\/pages\/81184\/revisions"}],"predecessor-version":[{"id":81329,"href":"https:\/\/schwarzmueller.com\/hu\/wp-json\/wp\/v2\/pages\/81184\/revisions\/81329"}],"wp:attachment":[{"href":"https:\/\/schwarzmueller.com\/hu\/wp-json\/wp\/v2\/media?parent=81184"}],"curies":[{"name":"wp","href":"https:\/\/api.w.org\/{rel}","templated":true}]}}