{"id":78436,"date":"2024-09-22T18:13:03","date_gmt":"2024-09-22T16:13:03","guid":{"rendered":"https:\/\/schwarzmueller.com\/telematics\/"},"modified":"2024-10-29T10:42:15","modified_gmt":"2024-10-29T09:42:15","slug":"telematics","status":"publish","type":"page","link":"https:\/\/schwarzmueller.com\/hu\/telematics\/","title":{"rendered":"Telematics"},"content":{"rendered":"\n<style type=\"text\/css\" data-created_by=\"avia_inline_auto\" id=\"style-css-av-m1ds4cwq-ccaf6cf9f06b01e4d78e37b306b82d0c\">\n.avia-section.av-m1ds4cwq-ccaf6cf9f06b01e4d78e37b306b82d0c{\nbackground-repeat:no-repeat;\nbackground-image:url(https:\/\/schwarzmueller.com\/wp-content\/uploads\/2024\/09\/schwarzmueller-group-background.jpg);\nbackground-position:0% 0%;\nbackground-attachment:scroll;\n}\n<\/style>\n<div id='av_section_1'  class='avia-section av-m1ds4cwq-ccaf6cf9f06b01e4d78e37b306b82d0c main_color avia-section-default avia-no-border-styling  avia-builder-el-0  avia-builder-el-no-sibling  avia-full-stretch avia-bg-style-scroll container_wrap sidebar_left'  data-section-bg-repeat='stretch'><div class='container av-section-cont-open' ><main  role=\"main\" itemprop=\"mainContentOfPage\"  class='template-page content  av-content-small units'><div class='post-entry post-entry-type-page post-entry-78436'><div class='entry-content-wrapper clearfix'>\n<div  class='flex_column av-velotj-ae3e978e562b356fc577bd5a60fcdc37 av_one_half  avia-builder-el-1  el_before_av_one_half  avia-builder-el-first  first flex_column_div  '     ><style type=\"text\/css\" data-created_by=\"avia_inline_auto\" id=\"style-css-av-1loj6qv-e56f04c9e553328dc4cb5c473ccf4fa0\">\n.avia-image-container.av-1loj6qv-e56f04c9e553328dc4cb5c473ccf4fa0 img.avia_image{\nbox-shadow:none;\n}\n.avia-image-container.av-1loj6qv-e56f04c9e553328dc4cb5c473ccf4fa0 .av-image-caption-overlay-center{\ncolor:#ffffff;\n}\n<\/style>\n<div  class='avia-image-container av-1loj6qv-e56f04c9e553328dc4cb5c473ccf4fa0 av-styling- avia-align-left  avia-builder-el-2  avia-builder-el-no-sibling '   itemprop=\"image\" itemscope=\"itemscope\" itemtype=\"https:\/\/schema.org\/ImageObject\" ><div class=\"avia-image-container-inner\"><div class=\"avia-image-overlay-wrap\"><img decoding=\"async\" fetchpriority=\"high\" class='wp-image-78067 avia-img-lazy-loading-not-78067 avia_image ' src=\"https:\/\/schwarzmueller.com\/wp-content\/uploads\/2024\/09\/SWIT_Logo_negativ-300x99.png\" alt='' title='SWIT_Logo_negativ'  height=\"99\" width=\"300\"  itemprop=\"thumbnailUrl\" srcset=\"https:\/\/schwarzmueller.com\/wp-content\/uploads\/2024\/09\/SWIT_Logo_negativ-300x99.png 300w, https:\/\/schwarzmueller.com\/wp-content\/uploads\/2024\/09\/SWIT_Logo_negativ-705x234.png 705w, https:\/\/schwarzmueller.com\/wp-content\/uploads\/2024\/09\/SWIT_Logo_negativ.png 721w\" sizes=\"(max-width: 300px) 100vw, 300px\" \/><\/div><\/div><\/div><\/div><div  class='flex_column av-18fc9dz-9bf9853e44d1a4d9ad66e8094a45b740 av_one_half  avia-builder-el-3  el_after_av_one_half  el_before_av_one_half  flex_column_div  '     ><\/div><div  class='flex_column av-293vp53-ca4a5595054fccbf9f1a17df6eed75f1 av_one_half  avia-builder-el-4  el_after_av_one_half  el_before_av_one_half  first flex_column_div  column-top-margin'     ><section  class='av_textblock_section av-m1ds6ck0-5668e24650035b59f87ca03330cf5365 '   itemscope=\"itemscope\" itemtype=\"https:\/\/schema.org\/CreativeWork\" ><div class='avia_textblock'  itemprop=\"text\" ><h1 class=\"schwa-h3\"><span style=\"color: #ffffff;\">Schwarzm\u00fcller Intelligent Telematics<\/span><\/h1>\n<p><span style=\"color: #ffffff;\">A telematika a Schwarzm\u00fcller \u00faj standardja. Mostant\u00f3l minden j\u00e1rm\u0171v\u00fcnk alapfelszerelts\u00e9g\u00e9hez tartozik az \u00faj SWIT rendszer\u00fcnk. J\u00e1rm\u0171ve \u00edgy most m\u00e9g t\u00f6bbet tud, mert intelligensen csatlakozik \u00e9s a p\u00f3tkocsi k\u00fcl\u00f6nb\u00f6z\u0151 r\u00e9szeir\u0151l adatokat gener\u00e1l.<\/span><\/p>\n<p><strong><span style=\"color: #ffffff;\">SWIT<\/span><\/strong><span style=\"color: #ffffff;\">az \u00fat , hogy g\u00e9pj\u00e1rm\u0171flott\u00e1ja m\u00e9g hat\u00e9konyabb \u00e9s m\u00e9g rugalmasabb legyen, \u00e9s ezzel a nagyobb gazdas\u00e1gi eredm\u00e9nyess\u00e9ghez!<br \/>\n<\/span><\/p>\n<p><span style=\"color: #ffffff;\">A <\/span><strong><span style=\"color: #ffffff;\">SWIT<\/span><\/strong><span style=\"color: #ffffff;\"> feldolgozza a g\u00e9pj\u00e1rm\u0171 adatait \u00e9s val\u00f3s id\u0151ben* tov\u00e1bb\u00edtja \u0151ket egy felhaszn\u00e1l\u00f3bar\u00e1t \u00e9s struktur\u00e1lt webes fel\u00fcletre. Az adatokb\u00f3l \u00e1tfog\u00f3 jelent\u00e9seket k\u00e9sz\u00edthet a teljes flott\u00e1j\u00e1r\u00f3l. \u00cdgy mindig meglesz az \u00e1ttekint\u00e9se \u00e9s \u00faj betekint\u00e9st is nyer j\u00e1rm\u0171flott\u00e1j\u00e1ba.<\/span><\/p>\n<p><span style=\"color: #ffffff;\">A <\/span><strong><span style=\"color: #ffffff;\">SWIT<\/span><\/strong><span style=\"color: #ffffff;\"> meg fogja gy\u0151zni \u00d6nt!<\/span><\/p>\n<p><span style=\"color: #ffffff;\">* Az adat\u00e1tviteli sebess\u00e9gt\u0151l \u00e9s m\u0171szaki felt\u00e9telekt\u0151l f\u00fcgg\u0151en<\/span><\/p>\n<\/div><\/section><\/div><div  class='flex_column av-1og0pxj-bd7ee1872a5d3c46c9fc12fa4cce72ff av_one_half  avia-builder-el-6  el_after_av_one_half  el_before_av_one_half  flex_column_div  column-top-margin'     ><section  class='av_textblock_section av-m1dtvob9-e0d19b933beffadf312a2e98f3d24944 '   itemscope=\"itemscope\" itemtype=\"https:\/\/schema.org\/CreativeWork\" ><div class='avia_textblock'  itemprop=\"text\" ><h4><span style=\"color: #ffffff;\">Bejelentkez\u00e9s<\/span><\/h4>\n<\/div><\/section><br \/>\n\n<style type=\"text\/css\" data-created_by=\"avia_inline_auto\" id=\"style-css-av-m1dv6f33-b3b83812eac61474347ecda530e701ec\">\n#top .hr.hr-invisible.av-m1dv6f33-b3b83812eac61474347ecda530e701ec{\nheight:24px;\n}\n<\/style>\n<div  class='hr av-m1dv6f33-b3b83812eac61474347ecda530e701ec hr-invisible  avia-builder-el-8  el_after_av_textblock  el_before_av_codeblock '><span class='hr-inner '><span class=\"hr-inner-style\"><\/span><\/span><\/div><br \/>\n<\/p><\/div><div  class='flex_column av-1b4x7fr-c53a2a19f7cebed16ab426255cfea222 av_one_half  avia-builder-el-10  el_after_av_one_half  el_before_av_one_half  first flex_column_div  column-top-margin'     ><section  class='av_textblock_section av-m1ds8rde-db4712ebd779410d8b23c5ae3df981d3 '   itemscope=\"itemscope\" itemtype=\"https:\/\/schema.org\/CreativeWork\" ><div class='avia_textblock'  itemprop=\"text\" ><p><span style=\"color: #ffffff;\">\u00a9 Wilhelm Schwarzm\u00fcller GmbH | Minden jog fenntartva. | <a href=\"https:\/\/schwarzmueller.com\/wp-content\/uploads\/2024\/09\/SWIT_AGB_2021_05_27_DE-HU.pdf\"><span style=\"color: #ffffff;\"> \u00c1SZF <\/span><\/a><\/span><\/p>\n<\/div><\/section><\/div><div  class='flex_column av-otn61z-94f1b67a3a1003a4b337e2a9db258bb5 av_one_half  avia-builder-el-12  el_after_av_one_half  avia-builder-el-last  flex_column_div  column-top-margin'     ><section  class='av_textblock_section av-m1du69fq-616a92ab9dfb9bcec430130e49ba86a6 '   itemscope=\"itemscope\" itemtype=\"https:\/\/schema.org\/CreativeWork\" ><div class='avia_textblock'  itemprop=\"text\" ><p style=\"text-align: right;\"><span style=\"color: #ffffff;\"><a style=\"color: #ffffff;\" href=\"https:\/\/www.schwarzmueller.com\">www.schwarzmueller.com<\/a><\/span><\/p>\n<\/div><\/section><\/div>\n<\/div><\/div><\/main><!-- close content main element --><\/div><\/div><div id='after_section_1'  class='main_color av_default_container_wrap container_wrap sidebar_left'  ><div class='container av-section-cont-open' ><div class='template-page content  av-content-small units'><div class='post-entry post-entry-type-page post-entry-78436'><div class='entry-content-wrapper clearfix'>\n","protected":false},"excerpt":{"rendered":"","protected":false},"author":6,"featured_media":0,"parent":0,"menu_order":0,"comment_status":"closed","ping_status":"closed","template":"","meta":{"_acf_changed":false,"_relevanssi_hide_post":"","_relevanssi_hide_content":"","_relevanssi_pin_for_all":"","_relevanssi_pin_keywords":"","_relevanssi_unpin_keywords":"","_relevanssi_related_keywords":"","_relevanssi_related_include_ids":"","_relevanssi_related_exclude_ids":"","_relevanssi_related_no_append":"","_relevanssi_related_not_related":"","_relevanssi_related_posts":"51092,51072,51089,51035,51142,51060","_relevanssi_noindex_reason":"","footnotes":""},"class_list":["post-78436","page","type-page","status-publish","hentry"],"acf":[],"yoast_head":"<!-- This site is optimized with the Yoast SEO Premium plugin v26.4 (Yoast SEO v27.2) - https:\/\/yoast.com\/product\/yoast-seo-premium-wordpress\/ -->\n<title>Telematics - Schwarzm\u00fcller<\/title>\n<meta name=\"robots\" content=\"index, follow, max-snippet:-1, max-image-preview:large, max-video-preview:-1\" \/>\n<link rel=\"canonical\" href=\"https:\/\/schwarzmueller.com\/hu\/telematics\/\" \/>\n<meta property=\"og:locale\" content=\"hu_HU\" \/>\n<meta property=\"og:type\" content=\"article\" \/>\n<meta property=\"og:title\" content=\"Telematics\" \/>\n<meta property=\"og:url\" content=\"https:\/\/schwarzmueller.com\/hu\/telematics\/\" \/>\n<meta property=\"og:site_name\" content=\"Schwarzm\u00fcller\" \/>\n<meta property=\"article:modified_time\" content=\"2024-10-29T09:42:15+00:00\" \/>\n<meta property=\"og:image\" content=\"https:\/\/schwarzmueller.com\/wp-content\/uploads\/2024\/03\/csm_schwarzmueller-IAA-2022-tp-schubboden_60f424c13a.jpg\" \/>\n\t<meta property=\"og:image:width\" content=\"768\" \/>\n\t<meta property=\"og:image:height\" content=\"480\" \/>\n\t<meta property=\"og:image:type\" content=\"image\/jpeg\" \/>\n<meta name=\"twitter:card\" content=\"summary_large_image\" \/>\n<meta name=\"twitter:label1\" content=\"Becs\u00fclt olvas\u00e1si id\u0151\" \/>\n\t<meta name=\"twitter:data1\" content=\"1 perc\" \/>\n<script type=\"application\/ld+json\" class=\"yoast-schema-graph\">{\"@context\":\"https:\/\/schema.org\",\"@graph\":[{\"@type\":\"WebPage\",\"@id\":\"https:\/\/schwarzmueller.com\/hu\/telematics\/\",\"url\":\"https:\/\/schwarzmueller.com\/hu\/telematics\/\",\"name\":\"Telematics - Schwarzm\u00fcller\",\"isPartOf\":{\"@id\":\"https:\/\/schwarzmueller.com\/en\/#website\"},\"datePublished\":\"2024-09-22T16:13:03+00:00\",\"dateModified\":\"2024-10-29T09:42:15+00:00\",\"breadcrumb\":{\"@id\":\"https:\/\/schwarzmueller.com\/hu\/telematics\/#breadcrumb\"},\"inLanguage\":\"hu\",\"potentialAction\":[{\"@type\":\"ReadAction\",\"target\":[\"https:\/\/schwarzmueller.com\/hu\/telematics\/\"]}]},{\"@type\":\"BreadcrumbList\",\"@id\":\"https:\/\/schwarzmueller.com\/hu\/telematics\/#breadcrumb\",\"itemListElement\":[{\"@type\":\"ListItem\",\"position\":1,\"name\":\"Home\",\"item\":\"https:\/\/schwarzmueller.com\/hu\/home-2\/\"},{\"@type\":\"ListItem\",\"position\":2,\"name\":\"Telematics\"}]},{\"@type\":\"WebSite\",\"@id\":\"https:\/\/schwarzmueller.com\/en\/#website\",\"url\":\"https:\/\/schwarzmueller.com\/en\/\",\"name\":\"Schwarzm\u00fcller | Intelligente Fahrzeuge\",\"description\":\"Ganz auf exzellente Fahrzeugtechnik gebaut\",\"publisher\":{\"@id\":\"https:\/\/schwarzmueller.com\/en\/#organization\"},\"alternateName\":\"Schwarzm\u00fcller\",\"potentialAction\":[{\"@type\":\"SearchAction\",\"target\":{\"@type\":\"EntryPoint\",\"urlTemplate\":\"https:\/\/schwarzmueller.com\/en\/?s={search_term_string}\"},\"query-input\":{\"@type\":\"PropertyValueSpecification\",\"valueRequired\":true,\"valueName\":\"search_term_string\"}}],\"inLanguage\":\"hu\"},{\"@type\":\"Organization\",\"@id\":\"https:\/\/schwarzmueller.com\/en\/#organization\",\"name\":\"Schwarzm\u00fcller\",\"url\":\"https:\/\/schwarzmueller.com\/en\/\",\"logo\":{\"@type\":\"ImageObject\",\"inLanguage\":\"hu\",\"@id\":\"https:\/\/schwarzmueller.com\/en\/#\/schema\/logo\/image\/\",\"url\":\"https:\/\/schwarzmueller.com\/wp-content\/uploads\/2024\/05\/sm_icon_logo.svg\",\"contentUrl\":\"https:\/\/schwarzmueller.com\/wp-content\/uploads\/2024\/05\/sm_icon_logo.svg\",\"width\":1,\"height\":1,\"caption\":\"Schwarzm\u00fcller\"},\"image\":{\"@id\":\"https:\/\/schwarzmueller.com\/en\/#\/schema\/logo\/image\/\"}}]}<\/script>\n<!-- \/ Yoast SEO Premium plugin. -->","yoast_head_json":{"title":"Telematics - Schwarzm\u00fcller","robots":{"index":"index","follow":"follow","max-snippet":"max-snippet:-1","max-image-preview":"max-image-preview:large","max-video-preview":"max-video-preview:-1"},"canonical":"https:\/\/schwarzmueller.com\/hu\/telematics\/","og_locale":"hu_HU","og_type":"article","og_title":"Telematics","og_url":"https:\/\/schwarzmueller.com\/hu\/telematics\/","og_site_name":"Schwarzm\u00fcller","article_modified_time":"2024-10-29T09:42:15+00:00","og_image":[{"width":768,"height":480,"url":"https:\/\/schwarzmueller.com\/wp-content\/uploads\/2024\/03\/csm_schwarzmueller-IAA-2022-tp-schubboden_60f424c13a.jpg","type":"image\/jpeg"}],"twitter_card":"summary_large_image","twitter_misc":{"Becs\u00fclt olvas\u00e1si id\u0151":"1 perc"},"schema":{"@context":"https:\/\/schema.org","@graph":[{"@type":"WebPage","@id":"https:\/\/schwarzmueller.com\/hu\/telematics\/","url":"https:\/\/schwarzmueller.com\/hu\/telematics\/","name":"Telematics - Schwarzm\u00fcller","isPartOf":{"@id":"https:\/\/schwarzmueller.com\/en\/#website"},"datePublished":"2024-09-22T16:13:03+00:00","dateModified":"2024-10-29T09:42:15+00:00","breadcrumb":{"@id":"https:\/\/schwarzmueller.com\/hu\/telematics\/#breadcrumb"},"inLanguage":"hu","potentialAction":[{"@type":"ReadAction","target":["https:\/\/schwarzmueller.com\/hu\/telematics\/"]}]},{"@type":"BreadcrumbList","@id":"https:\/\/schwarzmueller.com\/hu\/telematics\/#breadcrumb","itemListElement":[{"@type":"ListItem","position":1,"name":"Home","item":"https:\/\/schwarzmueller.com\/hu\/home-2\/"},{"@type":"ListItem","position":2,"name":"Telematics"}]},{"@type":"WebSite","@id":"https:\/\/schwarzmueller.com\/en\/#website","url":"https:\/\/schwarzmueller.com\/en\/","name":"Schwarzm\u00fcller | Intelligente Fahrzeuge","description":"Ganz auf exzellente Fahrzeugtechnik gebaut","publisher":{"@id":"https:\/\/schwarzmueller.com\/en\/#organization"},"alternateName":"Schwarzm\u00fcller","potentialAction":[{"@type":"SearchAction","target":{"@type":"EntryPoint","urlTemplate":"https:\/\/schwarzmueller.com\/en\/?s={search_term_string}"},"query-input":{"@type":"PropertyValueSpecification","valueRequired":true,"valueName":"search_term_string"}}],"inLanguage":"hu"},{"@type":"Organization","@id":"https:\/\/schwarzmueller.com\/en\/#organization","name":"Schwarzm\u00fcller","url":"https:\/\/schwarzmueller.com\/en\/","logo":{"@type":"ImageObject","inLanguage":"hu","@id":"https:\/\/schwarzmueller.com\/en\/#\/schema\/logo\/image\/","url":"https:\/\/schwarzmueller.com\/wp-content\/uploads\/2024\/05\/sm_icon_logo.svg","contentUrl":"https:\/\/schwarzmueller.com\/wp-content\/uploads\/2024\/05\/sm_icon_logo.svg","width":1,"height":1,"caption":"Schwarzm\u00fcller"},"image":{"@id":"https:\/\/schwarzmueller.com\/en\/#\/schema\/logo\/image\/"}}]}},"_links":{"self":[{"href":"https:\/\/schwarzmueller.com\/hu\/wp-json\/wp\/v2\/pages\/78436","targetHints":{"allow":["GET"]}}],"collection":[{"href":"https:\/\/schwarzmueller.com\/hu\/wp-json\/wp\/v2\/pages"}],"about":[{"href":"https:\/\/schwarzmueller.com\/hu\/wp-json\/wp\/v2\/types\/page"}],"author":[{"embeddable":true,"href":"https:\/\/schwarzmueller.com\/hu\/wp-json\/wp\/v2\/users\/6"}],"replies":[{"embeddable":true,"href":"https:\/\/schwarzmueller.com\/hu\/wp-json\/wp\/v2\/comments?post=78436"}],"version-history":[{"count":10,"href":"https:\/\/schwarzmueller.com\/hu\/wp-json\/wp\/v2\/pages\/78436\/revisions"}],"predecessor-version":[{"id":81661,"href":"https:\/\/schwarzmueller.com\/hu\/wp-json\/wp\/v2\/pages\/78436\/revisions\/81661"}],"wp:attachment":[{"href":"https:\/\/schwarzmueller.com\/hu\/wp-json\/wp\/v2\/media?parent=78436"}],"curies":[{"name":"wp","href":"https:\/\/api.w.org\/{rel}","templated":true}]}}