{"id":71989,"date":"2024-04-04T11:14:41","date_gmt":"2024-04-04T09:14:41","guid":{"rendered":"https:\/\/schwarzmueller.com\/lieferanten\/"},"modified":"2024-09-18T16:52:04","modified_gmt":"2024-09-18T14:52:04","slug":"beszallitok","status":"publish","type":"page","link":"https:\/\/schwarzmueller.com\/hu\/info-es-kapcsolat\/beszallitok\/","title":{"rendered":"Besz\u00e1llit\u00f3k"},"content":{"rendered":"<\/p>\n\n<style type=\"text\/css\" data-created_by=\"avia_inline_auto\" id=\"style-css-av-luwep09t-0a866f5fd7d971553998c5dcc97f433c\">\n.avia-section.av-luwep09t-0a866f5fd7d971553998c5dcc97f433c{\nbackground-repeat:no-repeat;\nbackground-image:url(https:\/\/schwarzmueller.com\/wp-content\/uploads\/2024\/04\/csm_freinberg_gebaeude_innen_bd87ac44b7-scaled.jpg);\nbackground-position:50% 50%;\nbackground-attachment:scroll;\n}\n.avia-section.av-luwep09t-0a866f5fd7d971553998c5dcc97f433c .av-section-color-overlay{\nopacity:0.5;\nbackground-color:#0a0a0a;\n}\n<\/style>\n<div id='av_section_1'  class='avia-section av-luwep09t-0a866f5fd7d971553998c5dcc97f433c main_color avia-section-huge avia-no-border-styling  avia-builder-el-0  el_before_av_textblock  avia-builder-el-first  avia-full-stretch avia-bg-style-scroll av-section-color-overlay-active av-minimum-height av-minimum-height-custom av-height-custom  container_wrap sidebar_left'  data-section-bg-repeat='stretch' data-av_minimum_height_px='512'><div class=\"av-section-color-overlay-wrap\"><div class=\"av-section-color-overlay\"><\/div><div class='container av-section-cont-open' style='height:512px'><main  role=\"main\" itemprop=\"mainContentOfPage\"  class='template-page content  av-content-small units'><div class='post-entry post-entry-type-page post-entry-71989'><div class='entry-content-wrapper clearfix'>\n\n<style type=\"text\/css\" data-created_by=\"avia_inline_auto\" id=\"style-css-av-luweno3r-bff9c8610edca80a5142d1288a2a359e\">\n#top .av_textblock_section.av-luweno3r-bff9c8610edca80a5142d1288a2a359e .avia_textblock{\ncolor:#ffffff;\n}\n<\/style>\n<section  class='av_textblock_section av-luweno3r-bff9c8610edca80a5142d1288a2a359e '   itemscope=\"itemscope\" itemtype=\"https:\/\/schema.org\/CreativeWork\" ><div class='avia_textblock hero-title av_inherit_color'  itemprop=\"text\" ><h1 class=\"display-1\">Besz\u00e1ll\u00edt\u00f3k<br \/>\ninform\u00e1ci\u00f3k<\/h1>\n<\/div><\/section>\n<\/div><\/div><\/main><!-- close content main element --><\/div><\/div><\/div><div id='after_section_1'  class='main_color av_default_container_wrap container_wrap sidebar_left'  ><div class='container av-section-cont-open' ><div class='template-page content  av-content-small units'><div class='post-entry post-entry-type-page post-entry-71989'><div class='entry-content-wrapper clearfix'>\n<section  class='av_textblock_section av-kuqaqj-d27d135770ce67aa6855820cb2a57fcb '   itemscope=\"itemscope\" itemtype=\"https:\/\/schema.org\/CreativeWork\" ><div class='avia_textblock sch-breadcrumb'  itemprop=\"text\" ><div class=\"breadcrumb breadcrumbs avia-breadcrumbs\"><div class=\"breadcrumb-trail\" ><span class=\"trail-before\"><span class=\"breadcrumb-title\">\u00d6n itt \u00e1ll:<\/span><\/span> <span  itemscope=\"itemscope\" itemtype=\"https:\/\/schema.org\/BreadcrumbList\" ><span  itemscope=\"itemscope\" itemtype=\"https:\/\/schema.org\/ListItem\" itemprop=\"itemListElement\" ><a itemprop=\"url\" href=\"https:\/\/schwarzmueller.com\/hu\/\" title=\"Schwarzm\u00fcller\" rel=\"home\" class=\"trail-begin\"><span itemprop=\"name\">Kezd\u0151lap<\/span><\/a><span itemprop=\"position\" class=\"hidden\">1<\/span><\/span><\/span><\/div><\/div>\n<\/div><\/section>\n<\/div><\/div><\/div><!-- close content main div --><\/div><\/div>\n<style type=\"text\/css\" data-created_by=\"avia_inline_auto\" id=\"style-css-av-rlrc3a-29821e29a93770b796dac7548c2d4860\">\n.avia-section.av-rlrc3a-29821e29a93770b796dac7548c2d4860{\nbackground-repeat:repeat;\nbackground-image:url(https:\/\/schwarzmueller.com\/wp-content\/uploads\/2024\/03\/pattern2.png);\nbackground-position:0% 0%;\nbackground-attachment:scroll;\n}\n.avia-section.av-rlrc3a-29821e29a93770b796dac7548c2d4860 .av-section-color-overlay{\nopacity:0.1;\nbackground-color:#ffffff;\n}\n<\/style>\n<div id='av_section_2'  class='avia-section av-rlrc3a-29821e29a93770b796dac7548c2d4860 main_color avia-section-huge avia-no-border-styling  avia-builder-el-3  el_after_av_textblock  avia-builder-el-last  pattern-section-background avia-bg-style-scroll av-section-color-overlay-active av-minimum-height av-minimum-height-custom av-height-custom  container_wrap sidebar_left'  data-section-bg-repeat='repeat' data-av_minimum_height_px='770'><div class=\"av-section-color-overlay-wrap\"><div class=\"av-section-color-overlay\"><\/div><div class='container av-section-cont-open' style='height:770px'><div class='template-page content  av-content-small units'><div class='post-entry post-entry-type-page post-entry-71989'><div class='entry-content-wrapper clearfix'>\n<div><div class=\"download-categories\"><div class=\"download-category-item\"><div class=\"download-category-info\"><h2 class=\"schwa-h5\">Let\u00f6lt\u00e9sek besz\u00e1ll\u00edt\u00f3knak<\/h2><\/div><div class=\"download-cards schwa-accordeon\"><div class=\"single-download\"><div class=\"single-download-content-container\"><div class=\"single-download-content-text\"><h3 class=\"schwa-h6\">Lieferantenfragebogen<\/h3><p><i class=\"fa fa-file file-icon\"><\/i><span>PDF<\/span> (136.02 K)<\/p><\/div><div class=\"single-download-content-button\"><a class=\"btn-schwa btn-red-schwa\" href=\"https:\/\/schwarzmueller.com\/wp-content\/uploads\/2024\/05\/lieferantenfragebogen_fm_0019_rev4-1.pdf\" target=\"_blank\"><span class=\"download-icon-text\">Let\u00f6lt\u00e9s<i class=\"fa fa-download download-icon\"><\/i><\/span><\/a><\/div><\/div><\/div><div class=\"single-download\"><div class=\"single-download-content-container\"><div class=\"single-download-content-text\"><h3 class=\"schwa-h6\">Oberfl\u00e4chenspezifikation f\u00fcr Kaufteile aus metallischen Werkstoffen<\/h3><p><i class=\"fa fa-file file-icon\"><\/i><span>PDF<\/span> (142.16 K)<\/p><\/div><div class=\"single-download-content-button\"><a class=\"btn-schwa btn-red-schwa\" href=\"https:\/\/schwarzmueller.com\/wp-content\/uploads\/2024\/05\/Werksspezifikation-Oberflaechenspezifikation-fuer-Kaufteile.pdf\" target=\"_blank\"><span class=\"download-icon-text\">Let\u00f6lt\u00e9s<i class=\"fa fa-download download-icon\"><\/i><\/span><\/a><\/div><\/div><\/div><div class=\"single-download\"><div class=\"single-download-content-container\"><div class=\"single-download-content-text\"><h3 class=\"schwa-h6\">Protokoll Erstbemusterung<\/h3><p><i class=\"fa fa-file file-icon\"><\/i><span>PDF<\/span> (84.15 K)<\/p><\/div><div class=\"single-download-content-button\"><a class=\"btn-schwa btn-red-schwa\" href=\"https:\/\/schwarzmueller.com\/wp-content\/uploads\/2024\/05\/Formular-FM-QM-011-Protokoll-Erstbemusterung.pdf\" target=\"_blank\"><span class=\"download-icon-text\">Let\u00f6lt\u00e9s<i class=\"fa fa-download download-icon\"><\/i><\/span><\/a><\/div><\/div><\/div><div class=\"single-download\"><div class=\"single-download-content-container\"><div class=\"single-download-content-text\"><h3 class=\"schwa-h6\">Allgemeine Verpackungsrichtlinie<\/h3><p><i class=\"fa fa-file file-icon\"><\/i><span>PDF<\/span> (1.49 M)<\/p><\/div><div class=\"single-download-content-button\"><a class=\"btn-schwa btn-red-schwa\" href=\"https:\/\/schwarzmueller.com\/wp-content\/uploads\/2024\/05\/ws-pack-001_202104_rev1-1.pdf\" target=\"_blank\"><span class=\"download-icon-text\">Let\u00f6lt\u00e9s<i class=\"fa fa-download download-icon\"><\/i><\/span><\/a><\/div><\/div><\/div><div class=\"single-download\"><div class=\"single-download-content-container\"><div class=\"single-download-content-text\"><h3 class=\"schwa-h6\">Allgemeine Einkaufsbedingungen<\/h3><p><i class=\"fa fa-file file-icon\"><\/i><span>PDF<\/span> (151.99 K)<\/p><\/div><div class=\"single-download-content-button\"><a class=\"btn-schwa btn-red-schwa\" href=\"https:\/\/schwarzmueller.com\/wp-content\/uploads\/2024\/05\/einkaufsbedingungen_schwarzmuellergruppe_2024.pdf\" target=\"_blank\"><span class=\"download-icon-text\">Let\u00f6lt\u00e9s<i class=\"fa fa-download download-icon\"><\/i><\/span><\/a><\/div><\/div><\/div><\/div><\/div><\/div><\/div><\/div><\/div>\n<\/div><\/div><\/div><!-- close content main div --><\/div><\/div><\/div><div id='after_section_2'  class='main_color av_default_container_wrap container_wrap sidebar_left'  ><div class='container av-section-cont-open' ><div class='template-page content  av-content-small units'><div class='post-entry post-entry-type-page post-entry-71989'><div class='entry-content-wrapper clearfix'>\n","protected":false},"excerpt":{"rendered":"","protected":false},"author":6,"featured_media":0,"parent":76948,"menu_order":0,"comment_status":"closed","ping_status":"closed","template":"","meta":{"_acf_changed":false,"_relevanssi_hide_post":"","_relevanssi_hide_content":"","_relevanssi_pin_for_all":"","_relevanssi_pin_keywords":"","_relevanssi_unpin_keywords":"","_relevanssi_related_keywords":"","_relevanssi_related_include_ids":"","_relevanssi_related_exclude_ids":"","_relevanssi_related_no_append":"","_relevanssi_related_not_related":"","_relevanssi_related_posts":"37718,37346,37705,37323,37722,37402","_relevanssi_noindex_reason":"","footnotes":""},"class_list":["post-71989","page","type-page","status-publish","hentry"],"acf":[],"yoast_head":"<!-- This site is optimized with the Yoast SEO Premium plugin v26.4 (Yoast SEO v27.2) - https:\/\/yoast.com\/product\/yoast-seo-premium-wordpress\/ -->\n<title>Besz\u00e1llit\u00f3k - Schwarzm\u00fcller<\/title>\n<meta name=\"robots\" content=\"index, follow, max-snippet:-1, max-image-preview:large, max-video-preview:-1\" \/>\n<link rel=\"canonical\" href=\"https:\/\/schwarzmueller.com\/hu\/info-es-kapcsolat\/beszallitok\/\" \/>\n<meta property=\"og:locale\" content=\"hu_HU\" \/>\n<meta property=\"og:type\" content=\"article\" \/>\n<meta property=\"og:title\" content=\"Besz\u00e1llit\u00f3k\" \/>\n<meta property=\"og:url\" content=\"https:\/\/schwarzmueller.com\/hu\/info-es-kapcsolat\/beszallitok\/\" \/>\n<meta property=\"og:site_name\" content=\"Schwarzm\u00fcller\" \/>\n<meta property=\"article:modified_time\" content=\"2024-09-18T14:52:04+00:00\" \/>\n<meta property=\"og:image\" content=\"https:\/\/schwarzmueller.com\/wp-content\/uploads\/2024\/03\/csm_schwarzmueller-IAA-2022-tp-schubboden_60f424c13a.jpg\" \/>\n\t<meta property=\"og:image:width\" content=\"768\" \/>\n\t<meta property=\"og:image:height\" content=\"480\" \/>\n\t<meta property=\"og:image:type\" content=\"image\/jpeg\" \/>\n<meta name=\"twitter:card\" content=\"summary_large_image\" \/>\n<meta name=\"twitter:label1\" content=\"Becs\u00fclt olvas\u00e1si id\u0151\" \/>\n\t<meta name=\"twitter:data1\" content=\"1 perc\" \/>\n<script type=\"application\/ld+json\" class=\"yoast-schema-graph\">{\"@context\":\"https:\/\/schema.org\",\"@graph\":[{\"@type\":\"WebPage\",\"@id\":\"https:\/\/schwarzmueller.com\/hu\/info-es-kapcsolat\/beszallitok\/\",\"url\":\"https:\/\/schwarzmueller.com\/hu\/info-es-kapcsolat\/beszallitok\/\",\"name\":\"Besz\u00e1llit\u00f3k - Schwarzm\u00fcller\",\"isPartOf\":{\"@id\":\"https:\/\/schwarzmueller.com\/en\/#website\"},\"datePublished\":\"2024-04-04T09:14:41+00:00\",\"dateModified\":\"2024-09-18T14:52:04+00:00\",\"breadcrumb\":{\"@id\":\"https:\/\/schwarzmueller.com\/hu\/info-es-kapcsolat\/beszallitok\/#breadcrumb\"},\"inLanguage\":\"hu\",\"potentialAction\":[{\"@type\":\"ReadAction\",\"target\":[\"https:\/\/schwarzmueller.com\/hu\/info-es-kapcsolat\/beszallitok\/\"]}]},{\"@type\":\"BreadcrumbList\",\"@id\":\"https:\/\/schwarzmueller.com\/hu\/info-es-kapcsolat\/beszallitok\/#breadcrumb\",\"itemListElement\":[{\"@type\":\"ListItem\",\"position\":1,\"name\":\"Home\",\"item\":\"https:\/\/schwarzmueller.com\/hu\/home-2\/\"},{\"@type\":\"ListItem\",\"position\":2,\"name\":\"Info es kapcsola\",\"item\":\"https:\/\/schwarzmueller.com\/hu\/info-es-kapcsolat\/\"},{\"@type\":\"ListItem\",\"position\":3,\"name\":\"Besz\u00e1llit\u00f3k\"}]},{\"@type\":\"WebSite\",\"@id\":\"https:\/\/schwarzmueller.com\/en\/#website\",\"url\":\"https:\/\/schwarzmueller.com\/en\/\",\"name\":\"Schwarzm\u00fcller | Intelligente Fahrzeuge\",\"description\":\"Ganz auf exzellente Fahrzeugtechnik gebaut\",\"publisher\":{\"@id\":\"https:\/\/schwarzmueller.com\/en\/#organization\"},\"alternateName\":\"Schwarzm\u00fcller\",\"potentialAction\":[{\"@type\":\"SearchAction\",\"target\":{\"@type\":\"EntryPoint\",\"urlTemplate\":\"https:\/\/schwarzmueller.com\/en\/?s={search_term_string}\"},\"query-input\":{\"@type\":\"PropertyValueSpecification\",\"valueRequired\":true,\"valueName\":\"search_term_string\"}}],\"inLanguage\":\"hu\"},{\"@type\":\"Organization\",\"@id\":\"https:\/\/schwarzmueller.com\/en\/#organization\",\"name\":\"Schwarzm\u00fcller\",\"url\":\"https:\/\/schwarzmueller.com\/en\/\",\"logo\":{\"@type\":\"ImageObject\",\"inLanguage\":\"hu\",\"@id\":\"https:\/\/schwarzmueller.com\/en\/#\/schema\/logo\/image\/\",\"url\":\"https:\/\/schwarzmueller.com\/wp-content\/uploads\/2024\/05\/sm_icon_logo.svg\",\"contentUrl\":\"https:\/\/schwarzmueller.com\/wp-content\/uploads\/2024\/05\/sm_icon_logo.svg\",\"width\":1,\"height\":1,\"caption\":\"Schwarzm\u00fcller\"},\"image\":{\"@id\":\"https:\/\/schwarzmueller.com\/en\/#\/schema\/logo\/image\/\"}}]}<\/script>\n<!-- \/ Yoast SEO Premium plugin. -->","yoast_head_json":{"title":"Besz\u00e1llit\u00f3k - Schwarzm\u00fcller","robots":{"index":"index","follow":"follow","max-snippet":"max-snippet:-1","max-image-preview":"max-image-preview:large","max-video-preview":"max-video-preview:-1"},"canonical":"https:\/\/schwarzmueller.com\/hu\/info-es-kapcsolat\/beszallitok\/","og_locale":"hu_HU","og_type":"article","og_title":"Besz\u00e1llit\u00f3k","og_url":"https:\/\/schwarzmueller.com\/hu\/info-es-kapcsolat\/beszallitok\/","og_site_name":"Schwarzm\u00fcller","article_modified_time":"2024-09-18T14:52:04+00:00","og_image":[{"width":768,"height":480,"url":"https:\/\/schwarzmueller.com\/wp-content\/uploads\/2024\/03\/csm_schwarzmueller-IAA-2022-tp-schubboden_60f424c13a.jpg","type":"image\/jpeg"}],"twitter_card":"summary_large_image","twitter_misc":{"Becs\u00fclt olvas\u00e1si id\u0151":"1 perc"},"schema":{"@context":"https:\/\/schema.org","@graph":[{"@type":"WebPage","@id":"https:\/\/schwarzmueller.com\/hu\/info-es-kapcsolat\/beszallitok\/","url":"https:\/\/schwarzmueller.com\/hu\/info-es-kapcsolat\/beszallitok\/","name":"Besz\u00e1llit\u00f3k - Schwarzm\u00fcller","isPartOf":{"@id":"https:\/\/schwarzmueller.com\/en\/#website"},"datePublished":"2024-04-04T09:14:41+00:00","dateModified":"2024-09-18T14:52:04+00:00","breadcrumb":{"@id":"https:\/\/schwarzmueller.com\/hu\/info-es-kapcsolat\/beszallitok\/#breadcrumb"},"inLanguage":"hu","potentialAction":[{"@type":"ReadAction","target":["https:\/\/schwarzmueller.com\/hu\/info-es-kapcsolat\/beszallitok\/"]}]},{"@type":"BreadcrumbList","@id":"https:\/\/schwarzmueller.com\/hu\/info-es-kapcsolat\/beszallitok\/#breadcrumb","itemListElement":[{"@type":"ListItem","position":1,"name":"Home","item":"https:\/\/schwarzmueller.com\/hu\/home-2\/"},{"@type":"ListItem","position":2,"name":"Info es kapcsola","item":"https:\/\/schwarzmueller.com\/hu\/info-es-kapcsolat\/"},{"@type":"ListItem","position":3,"name":"Besz\u00e1llit\u00f3k"}]},{"@type":"WebSite","@id":"https:\/\/schwarzmueller.com\/en\/#website","url":"https:\/\/schwarzmueller.com\/en\/","name":"Schwarzm\u00fcller | Intelligente Fahrzeuge","description":"Ganz auf exzellente Fahrzeugtechnik gebaut","publisher":{"@id":"https:\/\/schwarzmueller.com\/en\/#organization"},"alternateName":"Schwarzm\u00fcller","potentialAction":[{"@type":"SearchAction","target":{"@type":"EntryPoint","urlTemplate":"https:\/\/schwarzmueller.com\/en\/?s={search_term_string}"},"query-input":{"@type":"PropertyValueSpecification","valueRequired":true,"valueName":"search_term_string"}}],"inLanguage":"hu"},{"@type":"Organization","@id":"https:\/\/schwarzmueller.com\/en\/#organization","name":"Schwarzm\u00fcller","url":"https:\/\/schwarzmueller.com\/en\/","logo":{"@type":"ImageObject","inLanguage":"hu","@id":"https:\/\/schwarzmueller.com\/en\/#\/schema\/logo\/image\/","url":"https:\/\/schwarzmueller.com\/wp-content\/uploads\/2024\/05\/sm_icon_logo.svg","contentUrl":"https:\/\/schwarzmueller.com\/wp-content\/uploads\/2024\/05\/sm_icon_logo.svg","width":1,"height":1,"caption":"Schwarzm\u00fcller"},"image":{"@id":"https:\/\/schwarzmueller.com\/en\/#\/schema\/logo\/image\/"}}]}},"_links":{"self":[{"href":"https:\/\/schwarzmueller.com\/hu\/wp-json\/wp\/v2\/pages\/71989","targetHints":{"allow":["GET"]}}],"collection":[{"href":"https:\/\/schwarzmueller.com\/hu\/wp-json\/wp\/v2\/pages"}],"about":[{"href":"https:\/\/schwarzmueller.com\/hu\/wp-json\/wp\/v2\/types\/page"}],"author":[{"embeddable":true,"href":"https:\/\/schwarzmueller.com\/hu\/wp-json\/wp\/v2\/users\/6"}],"replies":[{"embeddable":true,"href":"https:\/\/schwarzmueller.com\/hu\/wp-json\/wp\/v2\/comments?post=71989"}],"version-history":[{"count":8,"href":"https:\/\/schwarzmueller.com\/hu\/wp-json\/wp\/v2\/pages\/71989\/revisions"}],"predecessor-version":[{"id":76991,"href":"https:\/\/schwarzmueller.com\/hu\/wp-json\/wp\/v2\/pages\/71989\/revisions\/76991"}],"up":[{"embeddable":true,"href":"https:\/\/schwarzmueller.com\/hu\/wp-json\/wp\/v2\/pages\/76948"}],"wp:attachment":[{"href":"https:\/\/schwarzmueller.com\/hu\/wp-json\/wp\/v2\/media?parent=71989"}],"curies":[{"name":"wp","href":"https:\/\/api.w.org\/{rel}","templated":true}]}}