{"id":62318,"date":"2024-06-04T16:11:34","date_gmt":"2024-06-04T14:11:34","guid":{"rendered":"https:\/\/schwarzmueller.com\/bejelento-platform\/"},"modified":"2024-10-09T11:38:00","modified_gmt":"2024-10-09T09:38:00","slug":"bejelento-platform","status":"publish","type":"page","link":"https:\/\/schwarzmueller.com\/hu\/bejelento-platform\/","title":{"rendered":"Bejelent\u0151 platform"},"content":{"rendered":"\n<style type=\"text\/css\" data-created_by=\"avia_inline_auto\" id=\"style-css-av-15px5jh-0edeb26e015abd8363e81a7ffcfd3fe6\">\n.avia-section.av-15px5jh-0edeb26e015abd8363e81a7ffcfd3fe6{\nbackground-repeat:no-repeat;\nbackground-image:url(https:\/\/schwarzmueller.com\/wp-content\/uploads\/2024\/10\/csm_sm-hinweisgeber-plattform_29c558fffa.jpg);\nbackground-position:50% 50%;\nbackground-attachment:scroll;\n}\n.avia-section.av-15px5jh-0edeb26e015abd8363e81a7ffcfd3fe6 .av-section-color-overlay{\nopacity:0.5;\nbackground-color:#0a0a0a;\n}\n<\/style>\n<div id='av_section_1'  class='avia-section av-15px5jh-0edeb26e015abd8363e81a7ffcfd3fe6 main_color avia-section-huge avia-no-border-styling  avia-builder-el-0  el_before_av_textblock  avia-builder-el-first  avia-full-stretch avia-bg-style-scroll av-section-color-overlay-active av-minimum-height av-minimum-height-custom av-height-custom  container_wrap sidebar_left'  data-section-bg-repeat='stretch' data-av_minimum_height_px='512'><div class=\"av-section-color-overlay-wrap\"><div class=\"av-section-color-overlay\"><\/div><div class='container av-section-cont-open' style='height:512px'><main  role=\"main\" itemprop=\"mainContentOfPage\"  class='template-page content  av-content-small units'><div class='post-entry post-entry-type-page post-entry-62318'><div class='entry-content-wrapper clearfix'>\n\n<style type=\"text\/css\" data-created_by=\"avia_inline_auto\" id=\"style-css-av-lx0hp25u-eabe57c4529f0f9b78a3409ad598ddf2\">\n#top .av_textblock_section.av-lx0hp25u-eabe57c4529f0f9b78a3409ad598ddf2 .avia_textblock{\ncolor:#ffffff;\n}\n<\/style>\n<section  class='av_textblock_section av-lx0hp25u-eabe57c4529f0f9b78a3409ad598ddf2 '   itemscope=\"itemscope\" itemtype=\"https:\/\/schema.org\/CreativeWork\" ><div class='avia_textblock hero-title av_inherit_color'  itemprop=\"text\" ><h1>Bejelent\u0151 platform<\/h1>\n<\/div><\/section>\n<\/div><\/div><\/main><!-- close content main element --><\/div><\/div><\/div><div id='after_section_1'  class='main_color av_default_container_wrap container_wrap sidebar_left'  ><div class='container av-section-cont-open' ><div class='template-page content  av-content-small units'><div class='post-entry post-entry-type-page post-entry-62318'><div class='entry-content-wrapper clearfix'>\n<section  class='av_textblock_section av-vjna4z-ac3e59bf0cbbc09fee358efdb3b612ce '   itemscope=\"itemscope\" itemtype=\"https:\/\/schema.org\/CreativeWork\" ><div class='avia_textblock sch-breadcrumb'  itemprop=\"text\" ><div class=\"breadcrumb breadcrumbs avia-breadcrumbs\"><div class=\"breadcrumb-trail\" ><span class=\"trail-before\"><span class=\"breadcrumb-title\">\u00d6n itt \u00e1ll:<\/span><\/span> <span  itemscope=\"itemscope\" itemtype=\"https:\/\/schema.org\/BreadcrumbList\" ><span  itemscope=\"itemscope\" itemtype=\"https:\/\/schema.org\/ListItem\" itemprop=\"itemListElement\" ><a itemprop=\"url\" href=\"https:\/\/schwarzmueller.com\/hu\/\" title=\"Schwarzm\u00fcller\" rel=\"home\" class=\"trail-begin\"><span itemprop=\"name\">Kezd\u0151lap<\/span><\/a><span itemprop=\"position\" class=\"hidden\">1<\/span><\/span><\/span><\/div><\/div>\n<\/div><\/section>\n<\/div><\/div><\/div><!-- close content main div --><\/div><\/div><div id='av_section_2'  class='avia-section av-mxtaz1-07d5a25ffc3b0e2f701bcc3affc1d0aa main_color avia-section-default avia-no-border-styling  avia-builder-el-3  el_after_av_textblock  avia-builder-el-last  avia-bg-style-scroll container_wrap sidebar_left'  ><div class='container av-section-cont-open' ><div class='template-page content  av-content-small units'><div class='post-entry post-entry-type-page post-entry-62318'><div class='entry-content-wrapper clearfix'>\n<section  class='av_textblock_section av-lwukekfh-ca293aa8d515a8ae38e856109bce3a1b '   itemscope=\"itemscope\" itemtype=\"https:\/\/schema.org\/CreativeWork\" ><div class='avia_textblock'  itemprop=\"text\" ><div id=\"c78587\" class=\"frame frame-type-wst3bootstrap_container frame-layout-0 frame-space-before-extra-large frame-space-after-none frame-padding-top-extra-large frame-padding-bottom-extra-large frame-\">\n<div class=\"ce-content\">\n<div class=\"container bg- \">\n<div id=\"c78591\" class=\"frame frame-type-text frame-layout-0 frame-space-before-none frame-space-after-medium frame-padding-top-none frame-padding-bottom-none frame-\">\n<div class=\"ce-content\">\n<h6><strong>Bejelent\u0151 rendszer \u2013 mi \u00e1ll m\u00f6g\u00f6tte?<\/strong><\/h6>\n<p>bejelent\u0151k k\u00fcl\u00f6n\u00f6sen fontosak a ny\u00edlt \u00e9s \u00e1tl\u00e1that\u00f3 t\u00e1rsadalom meg\u0151rz\u00e9se szempontj\u00e1b\u00f3l, mert van b\u00e1tors\u00e1guk leleplezni a vissza\u00e9l\u00e9seket. L\u00e9trehoztunk egy bejelent\u0151 platformot, amely lehet\u0151s\u00e9get ny\u00fajt a bejelent\u0151knek, hogy bizalmasan jelenthessenek be inform\u00e1ci\u00f3kat, \u00e9s biztos v\u00e9delmet \u00e9lvezzenek a negat\u00edv k\u00f6vetkezm\u00e9nyekkel szemben. A bejelent\u0151 szem\u00e9lyazonoss\u00e1g\u00e1nak \u00e1tfog\u00f3 v\u00e9delme mellett a webalap\u00fa bejelent\u0151 rendszer egyszer\u0171 haszn\u00e1latot, valamint a megfelel\u00e9s\u00e9rt felel\u0151s tisztvisel\u0151vel val\u00f3 n\u00e9vtelen p\u00e1rbesz\u00e9d \u00e9s a k\u00e9rd\u00e9sek feltev\u00e9s\u00e9nek lehet\u0151s\u00e9g\u00e9t is biztos\u00edtja.<\/p>\n<\/div>\n<\/div>\n<\/div>\n<\/div>\n<\/div>\n<div id=\"c78570\" class=\"frame frame-type-wst3bootstrap_container frame-layout-0 frame-space-before-none frame-space-after-extra-large frame-padding-top-extra-large frame-padding-bottom-extra-large frame-\">\n<div class=\"ce-content\">\n<div class=\"container bg- \">\n<div id=\"c78559\" class=\"frame frame-type-text frame-layout-0 frame-space-before-none frame-space-after-medium frame-padding-top-none frame-padding-bottom-none frame-\">\n<div class=\"ce-content\">\n<h6><strong>Schwarzm\u00fcller bejelent\u0151 platform<\/strong><\/h6>\n<p>A bejelent\u0151k (\u201eWhistleblower\u201d) a 2019\/1937\/EU ir\u00e1nyelv (\u201eaz uni\u00f3s bejelent\u00e9si ir\u00e1nyelv\u201d) \u00e9rtelm\u00e9ben v\u00e9delmet \u00e9lveznek az olyan megtorl\u00e1sokkal szemben, mint a felf\u00fcggeszt\u00e9s, elbocs\u00e1t\u00e1s, lefokoz\u00e1s vagy hasonl\u00f3 int\u00e9zked\u00e9sek, felt\u00e9ve, hogy a bejelent\u00e9s a 2019\/1937\/EU ir\u00e1nyelv t\u00e1rgyi \u00e9s szem\u00e9lyi hat\u00e1lya al\u00e1 tartozik, \u00e9s a bejelent\u0151nek alapos oka van felt\u00e9telezni, hogy az uni\u00f3s jog megs\u00e9rt\u00e9s\u00e9r\u0151l sz\u00f3l\u00f3 bejelent\u00e9se igaz. A rosszindulat\u00faan \u00e9s sz\u00e1nd\u00e9kosan hamis vagy f\u00e9lrevezet\u0151 bejelent\u00e9seket vagy alaptalan \u00e1ll\u00edt\u00e1sokat tev\u0151 bejelent\u0151k nem \u00e9lveznek v\u00e9delmet a megtorl\u00e1ssal szemben, \u00e9s az ilyen bejelent\u00e9s b\u0171ncselekm\u00e9nynek, pl. r\u00e1galmaz\u00e1snak min\u0151s\u00fclhet.<\/p>\n<p>Az al\u00e1bb eml\u00edtett bejelent\u00e9si csatorn\u00e1k nem szolg\u00e1lnak a panaszok vagy s\u00e9relmek ombudsmanjak\u00e9nt.<\/p>\n<p>Javasoljuk, hogy a bejelent\u00e9sben t\u00fcntesse fel el\u00e9rhet\u0151s\u00e9g\u00e9t, hogy a nyitott k\u00e9rd\u00e9seket tiszt\u00e1zni lehessen. Az adatok bizalmas kezel\u00e9se garant\u00e1lt. Ha azonban ink\u00e1bb n\u00e9vtelen\u00fcl szeretne bejelent\u00e9st tenni, a Schwarzm\u00fcller bejelent\u0151 platformja v\u00e9di az \u00d6n szem\u00e9lyazonoss\u00e1g\u00e1t. A bejelent\u00e9s tartalm\u00e1t a megfelel\u00e9s\u00e9rt felel\u0151s tisztvisel\u0151 dolgozza fel. Az \u00d6n jelent\u00e9s\u00e9t bizalmasan kezelj\u00fck. A 2019\/1937\/EU ir\u00e1nyelvvel \u00f6sszhangban t\u00f6rt\u00e9n\u0151 bejelent\u00e9s eset\u00e9n a bejelent\u0151 v\u00e9delme \u00e9rv\u00e9nyes\u00fcl. K\u00e9rj\u00fck, hogy csak olyan inform\u00e1ci\u00f3kat k\u00f6z\u00f6lj\u00f6n, amelyekr\u0151l legjobb tud\u00e1sa szerint \u00fagy v\u00e9li, hogy helyt\u00e1ll\u00f3ak.<\/p>\n<p>A bejelent\u00e9shez a k\u00f6vetkez\u0151 csatorn\u00e1k \u00e1llnak rendelkez\u00e9sre. A Schwarzm\u00fcller munkat\u00e1rsai tov\u00e1bbra is haszn\u00e1lhatj\u00e1k a kor\u00e1bbi bejelent\u00e9si csatorn\u00e1kat, \u00e9s az agg\u00e1lyokat k\u00f6zvetlen\u00fcl a felettes\u00fcknek is jelenthetik..<\/p>\n<p>Tov\u00e1bb a bejelent\u00e9si csatorn\u00e1ra a Schwarzm\u00fcller jelent\u00e9si platformj\u00e1n kereszt\u00fcl:<\/p>\n<ul>\n<li><a href=\"https:\/\/mywhistler.eu\/HWG_START.ASPX?MAN_NR=E5qIomusuDusbbRA7Sg84A==\" target=\"_blank\" rel=\"noopener noreferrer\">N\u00e9metorsz\u00e1gi<\/a> jelent\u00e9si csatorna<\/li>\n<li><a href=\"https:\/\/mywhistler.eu\/HWG_START.ASPX?MAN_NR=Fr4Y4JdGrOuV53MWkJsF8w==\" target=\"_blank\" rel=\"noopener noreferrer\">Ausztriai<\/a> jelent\u00e9si csatorna<\/li>\n<li><a href=\"https:\/\/mywhistler.eu\/HWG_START.ASPX?MAN_NR=LB13OZM2FU9F1YtJoX\/xrA==\" target=\"_blank\" rel=\"noopener noreferrer\">Rom\u00e1niai<\/a> jelent\u00e9si csatorna<\/li>\n<li><a href=\"https:\/\/mywhistler.eu\/HWG_START.ASPX?MAN_NR=wX6CgTzWtp5y7PEHlQFlWA==\" target=\"_blank\" rel=\"noopener noreferrer\">Csehorsz\u00e1gi<\/a> jelent\u00e9si csatorna<\/li>\n<li><a href=\"https:\/\/mywhistler.eu\/HWG_START.ASPX?MAN_NR=BlOUUrYCDkjdJr6RpYxIQQ==\" target=\"_blank\" rel=\"noopener noreferrer\">Magyarorsz\u00e1gi<\/a> jelent\u00e9si csatorna<\/li>\n<li><a href=\"https:\/\/mywhistler.eu\/HWG_START.ASPX?MAN_NR=kpESuZ9iWH97jZsi9cI7\/Q==\" target=\"_blank\" rel=\"noopener noreferrer\">H\u00fcffermann<\/a> jelent\u00e9si csatorna<\/li>\n<li><a href=\"https:\/\/mywhistler.eu\/HWG_START.ASPX?MAN_NR=OWiOyrZpJUCPQq595XZYEQ==\" target=\"_blank\" rel=\"noopener noreferrer\">Jelent\u00e9si csatorna az \u00f6sszes t\u00f6bbi orsz\u00e1g sz\u00e1m\u00e1ra<\/a><\/li>\n<\/ul>\n<\/div>\n<\/div>\n<\/div>\n<\/div>\n<\/div>\n<\/div><\/section>\n<\/div><\/div><\/div><!-- close content main div --><\/div><\/div><div id='after_section_2'  class='main_color av_default_container_wrap container_wrap sidebar_left'  ><div class='container av-section-cont-open' ><div class='template-page content  av-content-small units'><div class='post-entry post-entry-type-page post-entry-62318'><div class='entry-content-wrapper clearfix'>\n","protected":false},"excerpt":{"rendered":"","protected":false},"author":11,"featured_media":0,"parent":0,"menu_order":0,"comment_status":"closed","ping_status":"open","template":"","meta":{"_acf_changed":false,"_relevanssi_hide_post":"","_relevanssi_hide_content":"","_relevanssi_pin_for_all":"","_relevanssi_pin_keywords":"","_relevanssi_unpin_keywords":"","_relevanssi_related_keywords":"","_relevanssi_related_include_ids":"","_relevanssi_related_exclude_ids":"","_relevanssi_related_no_append":"","_relevanssi_related_not_related":"","_relevanssi_related_posts":"51534,63373,51508,51490,51512,51540","_relevanssi_noindex_reason":"","footnotes":""},"class_list":["post-62318","page","type-page","status-publish","hentry"],"acf":[],"yoast_head":"<!-- This site is optimized with the Yoast SEO Premium plugin v26.4 (Yoast SEO v27.2) - https:\/\/yoast.com\/product\/yoast-seo-premium-wordpress\/ -->\n<title>Bejelent\u0151 platform - Schwarzm\u00fcller<\/title>\n<meta name=\"robots\" content=\"index, follow, max-snippet:-1, max-image-preview:large, max-video-preview:-1\" \/>\n<link rel=\"canonical\" href=\"https:\/\/schwarzmueller.com\/hu\/bejelento-platform\/\" \/>\n<meta property=\"og:locale\" content=\"hu_HU\" \/>\n<meta property=\"og:type\" content=\"article\" \/>\n<meta property=\"og:title\" content=\"Bejelent\u0151 platform\" \/>\n<meta property=\"og:url\" content=\"https:\/\/schwarzmueller.com\/hu\/bejelento-platform\/\" \/>\n<meta property=\"og:site_name\" content=\"Schwarzm\u00fcller\" \/>\n<meta property=\"article:modified_time\" content=\"2024-10-09T09:38:00+00:00\" \/>\n<meta property=\"og:image\" content=\"https:\/\/schwarzmueller.com\/wp-content\/uploads\/2024\/03\/csm_schwarzmueller-IAA-2022-tp-schubboden_60f424c13a.jpg\" \/>\n\t<meta property=\"og:image:width\" content=\"768\" \/>\n\t<meta property=\"og:image:height\" content=\"480\" \/>\n\t<meta property=\"og:image:type\" content=\"image\/jpeg\" \/>\n<meta name=\"twitter:card\" content=\"summary_large_image\" \/>\n<meta name=\"twitter:label1\" content=\"Becs\u00fclt olvas\u00e1si id\u0151\" \/>\n\t<meta name=\"twitter:data1\" content=\"2 perc\" \/>\n<script type=\"application\/ld+json\" class=\"yoast-schema-graph\">{\"@context\":\"https:\/\/schema.org\",\"@graph\":[{\"@type\":\"WebPage\",\"@id\":\"https:\/\/schwarzmueller.com\/hu\/bejelento-platform\/\",\"url\":\"https:\/\/schwarzmueller.com\/hu\/bejelento-platform\/\",\"name\":\"Bejelent\u0151 platform - Schwarzm\u00fcller\",\"isPartOf\":{\"@id\":\"https:\/\/schwarzmueller.com\/en\/#website\"},\"datePublished\":\"2024-06-04T14:11:34+00:00\",\"dateModified\":\"2024-10-09T09:38:00+00:00\",\"breadcrumb\":{\"@id\":\"https:\/\/schwarzmueller.com\/hu\/bejelento-platform\/#breadcrumb\"},\"inLanguage\":\"hu\",\"potentialAction\":[{\"@type\":\"ReadAction\",\"target\":[\"https:\/\/schwarzmueller.com\/hu\/bejelento-platform\/\"]}]},{\"@type\":\"BreadcrumbList\",\"@id\":\"https:\/\/schwarzmueller.com\/hu\/bejelento-platform\/#breadcrumb\",\"itemListElement\":[{\"@type\":\"ListItem\",\"position\":1,\"name\":\"Home\",\"item\":\"https:\/\/schwarzmueller.com\/hu\/home-2\/\"},{\"@type\":\"ListItem\",\"position\":2,\"name\":\"Bejelent\u0151 platform\"}]},{\"@type\":\"WebSite\",\"@id\":\"https:\/\/schwarzmueller.com\/en\/#website\",\"url\":\"https:\/\/schwarzmueller.com\/en\/\",\"name\":\"Schwarzm\u00fcller | Intelligente Fahrzeuge\",\"description\":\"Ganz auf exzellente Fahrzeugtechnik gebaut\",\"publisher\":{\"@id\":\"https:\/\/schwarzmueller.com\/en\/#organization\"},\"alternateName\":\"Schwarzm\u00fcller\",\"potentialAction\":[{\"@type\":\"SearchAction\",\"target\":{\"@type\":\"EntryPoint\",\"urlTemplate\":\"https:\/\/schwarzmueller.com\/en\/?s={search_term_string}\"},\"query-input\":{\"@type\":\"PropertyValueSpecification\",\"valueRequired\":true,\"valueName\":\"search_term_string\"}}],\"inLanguage\":\"hu\"},{\"@type\":\"Organization\",\"@id\":\"https:\/\/schwarzmueller.com\/en\/#organization\",\"name\":\"Schwarzm\u00fcller\",\"url\":\"https:\/\/schwarzmueller.com\/en\/\",\"logo\":{\"@type\":\"ImageObject\",\"inLanguage\":\"hu\",\"@id\":\"https:\/\/schwarzmueller.com\/en\/#\/schema\/logo\/image\/\",\"url\":\"https:\/\/schwarzmueller.com\/wp-content\/uploads\/2024\/05\/sm_icon_logo.svg\",\"contentUrl\":\"https:\/\/schwarzmueller.com\/wp-content\/uploads\/2024\/05\/sm_icon_logo.svg\",\"width\":1,\"height\":1,\"caption\":\"Schwarzm\u00fcller\"},\"image\":{\"@id\":\"https:\/\/schwarzmueller.com\/en\/#\/schema\/logo\/image\/\"}}]}<\/script>\n<!-- \/ Yoast SEO Premium plugin. -->","yoast_head_json":{"title":"Bejelent\u0151 platform - Schwarzm\u00fcller","robots":{"index":"index","follow":"follow","max-snippet":"max-snippet:-1","max-image-preview":"max-image-preview:large","max-video-preview":"max-video-preview:-1"},"canonical":"https:\/\/schwarzmueller.com\/hu\/bejelento-platform\/","og_locale":"hu_HU","og_type":"article","og_title":"Bejelent\u0151 platform","og_url":"https:\/\/schwarzmueller.com\/hu\/bejelento-platform\/","og_site_name":"Schwarzm\u00fcller","article_modified_time":"2024-10-09T09:38:00+00:00","og_image":[{"width":768,"height":480,"url":"https:\/\/schwarzmueller.com\/wp-content\/uploads\/2024\/03\/csm_schwarzmueller-IAA-2022-tp-schubboden_60f424c13a.jpg","type":"image\/jpeg"}],"twitter_card":"summary_large_image","twitter_misc":{"Becs\u00fclt olvas\u00e1si id\u0151":"2 perc"},"schema":{"@context":"https:\/\/schema.org","@graph":[{"@type":"WebPage","@id":"https:\/\/schwarzmueller.com\/hu\/bejelento-platform\/","url":"https:\/\/schwarzmueller.com\/hu\/bejelento-platform\/","name":"Bejelent\u0151 platform - Schwarzm\u00fcller","isPartOf":{"@id":"https:\/\/schwarzmueller.com\/en\/#website"},"datePublished":"2024-06-04T14:11:34+00:00","dateModified":"2024-10-09T09:38:00+00:00","breadcrumb":{"@id":"https:\/\/schwarzmueller.com\/hu\/bejelento-platform\/#breadcrumb"},"inLanguage":"hu","potentialAction":[{"@type":"ReadAction","target":["https:\/\/schwarzmueller.com\/hu\/bejelento-platform\/"]}]},{"@type":"BreadcrumbList","@id":"https:\/\/schwarzmueller.com\/hu\/bejelento-platform\/#breadcrumb","itemListElement":[{"@type":"ListItem","position":1,"name":"Home","item":"https:\/\/schwarzmueller.com\/hu\/home-2\/"},{"@type":"ListItem","position":2,"name":"Bejelent\u0151 platform"}]},{"@type":"WebSite","@id":"https:\/\/schwarzmueller.com\/en\/#website","url":"https:\/\/schwarzmueller.com\/en\/","name":"Schwarzm\u00fcller | Intelligente Fahrzeuge","description":"Ganz auf exzellente Fahrzeugtechnik gebaut","publisher":{"@id":"https:\/\/schwarzmueller.com\/en\/#organization"},"alternateName":"Schwarzm\u00fcller","potentialAction":[{"@type":"SearchAction","target":{"@type":"EntryPoint","urlTemplate":"https:\/\/schwarzmueller.com\/en\/?s={search_term_string}"},"query-input":{"@type":"PropertyValueSpecification","valueRequired":true,"valueName":"search_term_string"}}],"inLanguage":"hu"},{"@type":"Organization","@id":"https:\/\/schwarzmueller.com\/en\/#organization","name":"Schwarzm\u00fcller","url":"https:\/\/schwarzmueller.com\/en\/","logo":{"@type":"ImageObject","inLanguage":"hu","@id":"https:\/\/schwarzmueller.com\/en\/#\/schema\/logo\/image\/","url":"https:\/\/schwarzmueller.com\/wp-content\/uploads\/2024\/05\/sm_icon_logo.svg","contentUrl":"https:\/\/schwarzmueller.com\/wp-content\/uploads\/2024\/05\/sm_icon_logo.svg","width":1,"height":1,"caption":"Schwarzm\u00fcller"},"image":{"@id":"https:\/\/schwarzmueller.com\/en\/#\/schema\/logo\/image\/"}}]}},"_links":{"self":[{"href":"https:\/\/schwarzmueller.com\/hu\/wp-json\/wp\/v2\/pages\/62318","targetHints":{"allow":["GET"]}}],"collection":[{"href":"https:\/\/schwarzmueller.com\/hu\/wp-json\/wp\/v2\/pages"}],"about":[{"href":"https:\/\/schwarzmueller.com\/hu\/wp-json\/wp\/v2\/types\/page"}],"author":[{"embeddable":true,"href":"https:\/\/schwarzmueller.com\/hu\/wp-json\/wp\/v2\/users\/11"}],"replies":[{"embeddable":true,"href":"https:\/\/schwarzmueller.com\/hu\/wp-json\/wp\/v2\/comments?post=62318"}],"version-history":[{"count":6,"href":"https:\/\/schwarzmueller.com\/hu\/wp-json\/wp\/v2\/pages\/62318\/revisions"}],"predecessor-version":[{"id":80982,"href":"https:\/\/schwarzmueller.com\/hu\/wp-json\/wp\/v2\/pages\/62318\/revisions\/80982"}],"wp:attachment":[{"href":"https:\/\/schwarzmueller.com\/hu\/wp-json\/wp\/v2\/media?parent=62318"}],"curies":[{"name":"wp","href":"https:\/\/api.w.org\/{rel}","templated":true}]}}