{"id":62168,"date":"2024-04-04T11:21:02","date_gmt":"2024-04-04T09:21:02","guid":{"rendered":"https:\/\/schwarzmueller.com\/joevokep-es-kueldetes\/"},"modified":"2024-07-13T18:06:33","modified_gmt":"2024-07-13T16:06:33","slug":"joevokep-es-kueldetes","status":"publish","type":"page","link":"https:\/\/schwarzmueller.com\/hu\/vallalat\/joevokep-es-kueldetes\/","title":{"rendered":"J\u00f6v\u0151k\u00e9p \u00e9s k\u00fcldet\u00e9s"},"content":{"rendered":"<p>\n<style type=\"text\/css\" data-created_by=\"avia_inline_auto\" id=\"style-css-av-lv3mmhpy-92cb33fc35eae7ee5c625a48b7235e27\">\n.avia-section.av-lv3mmhpy-92cb33fc35eae7ee5c625a48b7235e27{\nbackground-repeat:no-repeat;\nbackground-image:url(https:\/\/schwarzmueller.com\/wp-content\/uploads\/2024\/04\/csm_channel_schweissen_ab16501407.jpg);\nbackground-position:50% 50%;\nbackground-attachment:scroll;\n}\n.avia-section.av-lv3mmhpy-92cb33fc35eae7ee5c625a48b7235e27 .av-section-color-overlay{\nopacity:0.5;\nbackground-color:#0a0a0a;\n}\n<\/style>\n<div id='av_section_1'  class='avia-section av-lv3mmhpy-92cb33fc35eae7ee5c625a48b7235e27 main_color avia-section-huge avia-no-border-styling  avia-builder-el-0  el_before_av_textblock  avia-builder-el-first  avia-full-stretch avia-bg-style-scroll av-section-color-overlay-active av-minimum-height av-minimum-height-custom av-height-custom  container_wrap sidebar_left'  data-section-bg-repeat='stretch' data-av_minimum_height_px='512'><div class=\"av-section-color-overlay-wrap\"><div class=\"av-section-color-overlay\"><\/div><div class='container av-section-cont-open' style='height:512px'><main  role=\"main\" itemprop=\"mainContentOfPage\"  class='template-page content  av-content-small units'><div class='post-entry post-entry-type-page post-entry-62168'><div class='entry-content-wrapper clearfix'>\n\n<style type=\"text\/css\" data-created_by=\"avia_inline_auto\" id=\"style-css-av-lv3mi5cf-0e546ac0edfbd2e33c81d646404c3d23\">\n#top .av_textblock_section.av-lv3mi5cf-0e546ac0edfbd2e33c81d646404c3d23 .avia_textblock{\ncolor:#ffffff;\n}\n<\/style>\n<section  class='av_textblock_section av-lv3mi5cf-0e546ac0edfbd2e33c81d646404c3d23 '   itemscope=\"itemscope\" itemtype=\"https:\/\/schema.org\/CreativeWork\" ><div class='avia_textblock hero-title av_inherit_color'  itemprop=\"text\" ><h1 class=\"display-1\">J\u00f6v\u0151k\u00e9p \u00e9s k\u00fcldet\u00e9s<\/h1>\n<h2 class=\"schwa-h4\">Intelligens megold\u00e1saink t\u00f6bblet\u00e9rt\u00e9ket teremtenek &#8211; V\u00edzi\u00f3nk: a j\u00f6v\u0151be mutat\u00f3 j\u00e1rm\u0171gy\u00e1rt\u00e1s<\/h2>\n<\/div><\/section>\n<\/div><\/div><\/main><!-- close content main element --><\/div><\/div><\/div><div id='after_section_1'  class='main_color av_default_container_wrap container_wrap sidebar_left'  ><div class='container av-section-cont-open' ><div class='template-page content  av-content-small units'><div class='post-entry post-entry-type-page post-entry-62168'><div class='entry-content-wrapper clearfix'><section  class='av_textblock_section av-n218iw-7e0475eaafc9845661d0d5017b14b444 '   itemscope=\"itemscope\" itemtype=\"https:\/\/schema.org\/CreativeWork\" ><div class='avia_textblock sch-breadcrumb'  itemprop=\"text\" ><div class=\"breadcrumb breadcrumbs avia-breadcrumbs\"><div class=\"breadcrumb-trail\" ><span class=\"trail-before\"><span class=\"breadcrumb-title\">\u00d6n itt \u00e1ll:<\/span><\/span> <span  itemscope=\"itemscope\" itemtype=\"https:\/\/schema.org\/BreadcrumbList\" ><span  itemscope=\"itemscope\" itemtype=\"https:\/\/schema.org\/ListItem\" itemprop=\"itemListElement\" ><a itemprop=\"url\" href=\"https:\/\/schwarzmueller.com\/hu\/\" title=\"Schwarzm\u00fcller\" rel=\"home\" class=\"trail-begin\"><span itemprop=\"name\">Kezd\u0151lap<\/span><\/a><span itemprop=\"position\" class=\"hidden\">1<\/span><\/span><\/span><\/div><\/div>\n<\/div><\/section><\/p>\n<p><\/div><\/div><\/div><!-- close content main div --><\/div><\/div><div id='av_section_2'  class='avia-section av-lv3mih6k-5913a9b27d843fd3bf50a0f8e01d48b9 main_color avia-section-huge avia-no-border-styling  avia-builder-el-3  el_after_av_textblock  el_before_av_section  avia-bg-style-scroll container_wrap sidebar_left'  ><div class='container av-section-cont-open' ><div class='template-page content  av-content-small units'><div class='post-entry post-entry-type-page post-entry-62168'><div class='entry-content-wrapper clearfix'>\n<div class='flex_column_table av-1xmugo8-9acbec0232d9f321381c65471aa4d236 sc-av_one_half av-equal-height-column-flextable'><div  class='flex_column av-1xmugo8-9acbec0232d9f321381c65471aa4d236 av_one_half  avia-builder-el-4  el_before_av_one_half  avia-builder-el-first  first flex_column_table_cell av-equal-height-column av-align-top  '     ><style type=\"text\/css\" data-created_by=\"avia_inline_auto\" id=\"style-css-av-lv3mj2hc-00db33db57a6b2ae422227708eaecf3c\">\n#top .av_textblock_section.av-lv3mj2hc-00db33db57a6b2ae422227708eaecf3c .avia_textblock{\ntext-align:left;\n}\n<\/style>\n<section  class='av_textblock_section av-lv3mj2hc-00db33db57a6b2ae422227708eaecf3c '   itemscope=\"itemscope\" itemtype=\"https:\/\/schema.org\/CreativeWork\" ><div class='avia_textblock image-dark-section-title'  itemprop=\"text\" ><div class=\"ce-header h2-mb ce-header-left\">\n<div class=\"ce-headline\">\n<h2 class=\"schwa-h4\">A Schwarzm\u00fcller-j\u00f6v\u0151k\u00e9p<\/h2>\n<\/div>\n<\/div>\n<h3 class=\"schwa-h4 schwa-h6\"><strong>\u00daj perspekt\u00edv\u00e1k &#8211; intelligens m\u00f3dszerek<\/strong><\/h3>\n<p>A Schwarm\u00fcller-csoport &#8211; haszong\u00e9pj\u00e1rm\u0171veinek felhaszn\u00e1l\u00e1si lehet\u0151s\u00e9geit tekintve &#8211; eg\u00e9szen \u00faj t\u00e1vlatokban gondolkozik. J\u00e1rm\u0171veink megjelen\u00e9s\u00e9t az egyedi, testre szabott fejleszt\u00e9sek alak\u00edtj\u00e1k, \u00edgy olyan eszk\u00f6zt tudunk a v\u00e1s\u00e1rl\u00f3ink kez\u00e9be adni, amely val\u00f3di pr\u00e9mium-\u00e9rt\u00e9ket garant\u00e1l. A be\u00e9rkez\u0151 vev\u0151i ig\u00e9nyeket m\u00e9lyrehat\u00f3an \u00e9rt\u00e9kelj\u00fck \u00e9s elemezz\u00fck, hogy partnereink elv\u00e1r\u00e1sait b\u00e1rmikor k\u00e9pesek legy\u00fcnk megfelel\u0151en kiel\u00e9g\u00edteni \u2013 vagy egyszer\u0171en t\u00falsz\u00e1rnyalni!<\/p>\n<\/div><\/section><\/div><div class='av-flex-placeholder'><\/div><div  class='flex_column av-1l165pk-7747a86e274e427be70fc6c1bd8e416a av_one_half  avia-builder-el-6  el_after_av_one_half  avia-builder-el-last  flex_column_table_cell av-equal-height-column av-align-top  '     ><style type=\"text\/css\" data-created_by=\"avia_inline_auto\" id=\"style-css-av-lv3mjbe2-d9385ff2bca627de7a3ed65f8d52203e\">\n.avia-image-container.av-lv3mjbe2-d9385ff2bca627de7a3ed65f8d52203e img.avia_image{\nbox-shadow:none;\n}\n.avia-image-container.av-lv3mjbe2-d9385ff2bca627de7a3ed65f8d52203e .av-image-caption-overlay-center{\ncolor:#ffffff;\n}\n<\/style>\n<div  class='avia-image-container av-lv3mjbe2-d9385ff2bca627de7a3ed65f8d52203e av-styling- avia-align-center  avia-builder-el-7  avia-builder-el-no-sibling '   itemprop=\"image\" itemscope=\"itemscope\" itemtype=\"https:\/\/schema.org\/ImageObject\" ><div class=\"avia-image-container-inner\"><div class=\"avia-image-overlay-wrap\"><img decoding=\"async\" fetchpriority=\"high\" class='wp-image-42749 avia-img-lazy-loading-not-42749 avia_image ' src=\"https:\/\/schwarzmueller.com\/wp-content\/uploads\/2024\/04\/csm_pc-design_6f37a17787.jpg\" alt='' title='csm_pc-design_6f37a17787'  height=\"466\" width=\"700\"  itemprop=\"thumbnailUrl\" srcset=\"https:\/\/schwarzmueller.com\/wp-content\/uploads\/2024\/04\/csm_pc-design_6f37a17787.jpg 700w, https:\/\/schwarzmueller.com\/wp-content\/uploads\/2024\/04\/csm_pc-design_6f37a17787-300x200.jpg 300w\" sizes=\"(max-width: 700px) 100vw, 700px\" \/><\/div><\/div><\/div><\/div><\/div><!--close column table wrapper. Autoclose: 1 -->\n<\/div><\/div><\/div><!-- close content main div --><\/div><\/div>\n<style type=\"text\/css\" data-created_by=\"avia_inline_auto\" id=\"style-css-av-lv3mjrq1-751d3d8bd8304a8f55bc7c6c9427c0a4\">\n.avia-section.av-lv3mjrq1-751d3d8bd8304a8f55bc7c6c9427c0a4{\nbackground-repeat:repeat;\nbackground-image:url(https:\/\/schwarzmueller.com\/wp-content\/uploads\/2024\/03\/pattern2.png);\nbackground-position:0% 0%;\nbackground-attachment:scroll;\n}\n<\/style>\n<div id='av_section_3'  class='avia-section av-lv3mjrq1-751d3d8bd8304a8f55bc7c6c9427c0a4 main_color avia-section-huge avia-no-border-styling  avia-builder-el-8  el_after_av_section  avia-builder-el-last  pattern-section-background avia-bg-style-scroll container_wrap sidebar_left'  data-section-bg-repeat='repeat'><div class='container av-section-cont-open' ><div class='template-page content  av-content-small units'><div class='post-entry post-entry-type-page post-entry-62168'><div class='entry-content-wrapper clearfix'>\n<div class='flex_column_table av-10sm0qw-a66fe749e3c378a8a87779ba3032d5a5 sc-av_one_half av-equal-height-column-flextable'><div  class='flex_column av-10sm0qw-a66fe749e3c378a8a87779ba3032d5a5 av_one_half  avia-builder-el-9  el_before_av_one_half  avia-builder-el-first  first flex_column_table_cell av-equal-height-column av-align-top  '     ><style type=\"text\/css\" data-created_by=\"avia_inline_auto\" id=\"style-css-av-lv3mkqvi-d9ab89d5c68df06539663309c25879ac\">\n#top .av_textblock_section.av-lv3mkqvi-d9ab89d5c68df06539663309c25879ac .avia_textblock{\ntext-align:left;\n}\n<\/style>\n<section  class='av_textblock_section av-lv3mkqvi-d9ab89d5c68df06539663309c25879ac '   itemscope=\"itemscope\" itemtype=\"https:\/\/schema.org\/CreativeWork\" ><div class='avia_textblock image-dark-section-title'  itemprop=\"text\" ><div class=\"ce-header h2-mb ce-header-left\">\n<div class=\"ce-headline\">\n<div class=\"ce-header h2-mb ce-header-left\">\n<div class=\"ce-headline\">\n<h2 class=\"schwa-h4\">A Schwarzm\u00fcller-k\u00fcldet\u00e9s<\/h2>\n<\/div>\n<\/div>\n<h3 class=\"schwa-h4 schwa-h6\"><strong>Elhivatott megold\u00e1s-fejleszt\u00e9s<\/strong><\/h3>\n<p>A Schwarzm\u00fcllert dolgoz\u00f3inak szakmai tud\u00e1sa emeli ki versenyt\u00e1rsai k\u00f6z\u00fcl. A v\u00e1llalat \u00edgy k\u00e9pes olyan haszong\u00e9pj\u00e1rm\u0171veket fejleszteni, \u00e9p\u00edteni \u00e9s szervizelni, melyek minden ipar\u00e1gban kem\u00e9ny munkav\u00e9gz\u00e9sre k\u00e9pesek: ott is, ahol folyamatosan extr\u00e9m ig\u00e9nybev\u00e9telnek vannak kit\u00e9ve. A szakm\u00e1n bel\u00fcl term\u00e9keink k\u00e9pviselik az optim\u00e1lis \u00e9rt\u00e9keket mind a haszn\u00e1lati id\u0151tartam, mind a kezelhet\u0151s\u00e9g, mind a j\u00e1rm\u0171 \u00e9letciklusa sor\u00e1n ad\u00f3d\u00f3 fenntart\u00e1si k\u00f6lts\u00e9gek tekintet\u00e9ben. J\u00f3l ismerj\u00fck partnereink \u00fczleti vil\u00e1g\u00e1t \u00e9s versenyhelyzeteit: term\u00e9keink pedig abban seg\u00edtik \u0151ket, hogy gazdas\u00e1gi teljes\u00edtm\u00e9ny\u00fck m\u00e9g magasabb szintre \u00e9rjen.<\/p>\n<\/div>\n<\/div>\n<\/div><\/section><\/div><div class='av-flex-placeholder'><\/div><div  class='flex_column av-l4ht2g-f39a062cc9153cc535cf02f5c4da5867 av_one_half  avia-builder-el-11  el_after_av_one_half  avia-builder-el-last  flex_column_table_cell av-equal-height-column av-align-top  '     ><style type=\"text\/css\" data-created_by=\"avia_inline_auto\" id=\"style-css-av-lv3ml6go-df687aadec1c8e6847c7dea7c9a86411\">\n.avia-image-container.av-lv3ml6go-df687aadec1c8e6847c7dea7c9a86411 img.avia_image{\nbox-shadow:none;\n}\n.avia-image-container.av-lv3ml6go-df687aadec1c8e6847c7dea7c9a86411 .av-image-caption-overlay-center{\ncolor:#ffffff;\n}\n<\/style>\n<div  class='avia-image-container av-lv3ml6go-df687aadec1c8e6847c7dea7c9a86411 av-styling- avia-align-center  avia-builder-el-12  avia-builder-el-no-sibling '   itemprop=\"image\" itemscope=\"itemscope\" itemtype=\"https:\/\/schema.org\/ImageObject\" ><div class=\"avia-image-container-inner\"><div class=\"avia-image-overlay-wrap\"><img decoding=\"async\" fetchpriority=\"high\" class='wp-image-42754 avia-img-lazy-loading-not-42754 avia_image ' src=\"https:\/\/schwarzmueller.com\/wp-content\/uploads\/2024\/04\/csm_mission_93beefce63.jpg\" alt='' title='csm_mission_93beefce63'  height=\"466\" width=\"700\"  itemprop=\"thumbnailUrl\" srcset=\"https:\/\/schwarzmueller.com\/wp-content\/uploads\/2024\/04\/csm_mission_93beefce63.jpg 700w, https:\/\/schwarzmueller.com\/wp-content\/uploads\/2024\/04\/csm_mission_93beefce63-300x200.jpg 300w\" sizes=\"(max-width: 700px) 100vw, 700px\" \/><\/div><\/div><\/div><\/div><\/div><!--close column table wrapper. Autoclose: 1 -->\n<\/div><\/div><\/div><!-- close content main div --><\/div><\/div><div id='after_section_3'  class='main_color av_default_container_wrap container_wrap sidebar_left'  ><div class='container av-section-cont-open' ><div class='template-page content  av-content-small units'><div class='post-entry post-entry-type-page post-entry-62168'><div class='entry-content-wrapper clearfix'><\/p>\n","protected":false},"excerpt":{"rendered":"","protected":false},"author":6,"featured_media":0,"parent":64986,"menu_order":0,"comment_status":"closed","ping_status":"closed","template":"","meta":{"_acf_changed":false,"_relevanssi_hide_post":"","_relevanssi_hide_content":"","_relevanssi_pin_for_all":"","_relevanssi_pin_keywords":"","_relevanssi_unpin_keywords":"","_relevanssi_related_keywords":"","_relevanssi_related_include_ids":"","_relevanssi_related_exclude_ids":"","_relevanssi_related_no_append":"","_relevanssi_related_not_related":"","_relevanssi_related_posts":"","_relevanssi_noindex_reason":"","footnotes":""},"class_list":["post-62168","page","type-page","status-publish","hentry"],"acf":[],"yoast_head":"<!-- This site is optimized with the Yoast SEO Premium plugin v26.4 (Yoast SEO v27.2) - https:\/\/yoast.com\/product\/yoast-seo-premium-wordpress\/ -->\n<title>J\u00f6v\u0151k\u00e9p \u00e9s k\u00fcldet\u00e9s - Schwarzm\u00fcller<\/title>\n<meta name=\"robots\" content=\"index, follow, max-snippet:-1, max-image-preview:large, max-video-preview:-1\" \/>\n<link rel=\"canonical\" href=\"https:\/\/schwarzmueller.com\/hu\/vallalat\/joevokep-es-kueldetes\/\" \/>\n<meta property=\"og:locale\" content=\"hu_HU\" \/>\n<meta property=\"og:type\" content=\"article\" \/>\n<meta property=\"og:title\" content=\"J\u00f6v\u0151k\u00e9p \u00e9s k\u00fcldet\u00e9s\" \/>\n<meta property=\"og:url\" content=\"https:\/\/schwarzmueller.com\/hu\/vallalat\/joevokep-es-kueldetes\/\" \/>\n<meta property=\"og:site_name\" content=\"Schwarzm\u00fcller\" \/>\n<meta property=\"article:modified_time\" content=\"2024-07-13T16:06:33+00:00\" \/>\n<meta property=\"og:image\" content=\"https:\/\/schwarzmueller.com\/wp-content\/uploads\/2024\/03\/csm_schwarzmueller-IAA-2022-tp-schubboden_60f424c13a.jpg\" \/>\n\t<meta property=\"og:image:width\" content=\"768\" \/>\n\t<meta property=\"og:image:height\" content=\"480\" \/>\n\t<meta property=\"og:image:type\" content=\"image\/jpeg\" \/>\n<meta name=\"twitter:card\" content=\"summary_large_image\" \/>\n<meta name=\"twitter:label1\" content=\"Becs\u00fclt olvas\u00e1si id\u0151\" \/>\n\t<meta name=\"twitter:data1\" content=\"22 perc\" \/>\n<script type=\"application\/ld+json\" class=\"yoast-schema-graph\">{\"@context\":\"https:\/\/schema.org\",\"@graph\":[{\"@type\":\"WebPage\",\"@id\":\"https:\/\/schwarzmueller.com\/hu\/vallalat\/joevokep-es-kueldetes\/\",\"url\":\"https:\/\/schwarzmueller.com\/hu\/vallalat\/joevokep-es-kueldetes\/\",\"name\":\"J\u00f6v\u0151k\u00e9p \u00e9s k\u00fcldet\u00e9s - Schwarzm\u00fcller\",\"isPartOf\":{\"@id\":\"https:\/\/schwarzmueller.com\/en\/#website\"},\"datePublished\":\"2024-04-04T09:21:02+00:00\",\"dateModified\":\"2024-07-13T16:06:33+00:00\",\"breadcrumb\":{\"@id\":\"https:\/\/schwarzmueller.com\/hu\/vallalat\/joevokep-es-kueldetes\/#breadcrumb\"},\"inLanguage\":\"hu\",\"potentialAction\":[{\"@type\":\"ReadAction\",\"target\":[\"https:\/\/schwarzmueller.com\/hu\/vallalat\/joevokep-es-kueldetes\/\"]}]},{\"@type\":\"BreadcrumbList\",\"@id\":\"https:\/\/schwarzmueller.com\/hu\/vallalat\/joevokep-es-kueldetes\/#breadcrumb\",\"itemListElement\":[{\"@type\":\"ListItem\",\"position\":1,\"name\":\"Home\",\"item\":\"https:\/\/schwarzmueller.com\/hu\/home-2\/\"},{\"@type\":\"ListItem\",\"position\":2,\"name\":\"V\u00e1llalat\",\"item\":\"https:\/\/schwarzmueller.com\/hu\/vallalat\/\"},{\"@type\":\"ListItem\",\"position\":3,\"name\":\"J\u00f6v\u0151k\u00e9p \u00e9s k\u00fcldet\u00e9s\"}]},{\"@type\":\"WebSite\",\"@id\":\"https:\/\/schwarzmueller.com\/en\/#website\",\"url\":\"https:\/\/schwarzmueller.com\/en\/\",\"name\":\"Schwarzm\u00fcller | Intelligente Fahrzeuge\",\"description\":\"Ganz auf exzellente Fahrzeugtechnik gebaut\",\"publisher\":{\"@id\":\"https:\/\/schwarzmueller.com\/en\/#organization\"},\"alternateName\":\"Schwarzm\u00fcller\",\"potentialAction\":[{\"@type\":\"SearchAction\",\"target\":{\"@type\":\"EntryPoint\",\"urlTemplate\":\"https:\/\/schwarzmueller.com\/en\/?s={search_term_string}\"},\"query-input\":{\"@type\":\"PropertyValueSpecification\",\"valueRequired\":true,\"valueName\":\"search_term_string\"}}],\"inLanguage\":\"hu\"},{\"@type\":\"Organization\",\"@id\":\"https:\/\/schwarzmueller.com\/en\/#organization\",\"name\":\"Schwarzm\u00fcller\",\"url\":\"https:\/\/schwarzmueller.com\/en\/\",\"logo\":{\"@type\":\"ImageObject\",\"inLanguage\":\"hu\",\"@id\":\"https:\/\/schwarzmueller.com\/en\/#\/schema\/logo\/image\/\",\"url\":\"https:\/\/schwarzmueller.com\/wp-content\/uploads\/2024\/05\/sm_icon_logo.svg\",\"contentUrl\":\"https:\/\/schwarzmueller.com\/wp-content\/uploads\/2024\/05\/sm_icon_logo.svg\",\"width\":1,\"height\":1,\"caption\":\"Schwarzm\u00fcller\"},\"image\":{\"@id\":\"https:\/\/schwarzmueller.com\/en\/#\/schema\/logo\/image\/\"}}]}<\/script>\n<!-- \/ Yoast SEO Premium plugin. -->","yoast_head_json":{"title":"J\u00f6v\u0151k\u00e9p \u00e9s k\u00fcldet\u00e9s - Schwarzm\u00fcller","robots":{"index":"index","follow":"follow","max-snippet":"max-snippet:-1","max-image-preview":"max-image-preview:large","max-video-preview":"max-video-preview:-1"},"canonical":"https:\/\/schwarzmueller.com\/hu\/vallalat\/joevokep-es-kueldetes\/","og_locale":"hu_HU","og_type":"article","og_title":"J\u00f6v\u0151k\u00e9p \u00e9s k\u00fcldet\u00e9s","og_url":"https:\/\/schwarzmueller.com\/hu\/vallalat\/joevokep-es-kueldetes\/","og_site_name":"Schwarzm\u00fcller","article_modified_time":"2024-07-13T16:06:33+00:00","og_image":[{"width":768,"height":480,"url":"https:\/\/schwarzmueller.com\/wp-content\/uploads\/2024\/03\/csm_schwarzmueller-IAA-2022-tp-schubboden_60f424c13a.jpg","type":"image\/jpeg"}],"twitter_card":"summary_large_image","twitter_misc":{"Becs\u00fclt olvas\u00e1si id\u0151":"22 perc"},"schema":{"@context":"https:\/\/schema.org","@graph":[{"@type":"WebPage","@id":"https:\/\/schwarzmueller.com\/hu\/vallalat\/joevokep-es-kueldetes\/","url":"https:\/\/schwarzmueller.com\/hu\/vallalat\/joevokep-es-kueldetes\/","name":"J\u00f6v\u0151k\u00e9p \u00e9s k\u00fcldet\u00e9s - Schwarzm\u00fcller","isPartOf":{"@id":"https:\/\/schwarzmueller.com\/en\/#website"},"datePublished":"2024-04-04T09:21:02+00:00","dateModified":"2024-07-13T16:06:33+00:00","breadcrumb":{"@id":"https:\/\/schwarzmueller.com\/hu\/vallalat\/joevokep-es-kueldetes\/#breadcrumb"},"inLanguage":"hu","potentialAction":[{"@type":"ReadAction","target":["https:\/\/schwarzmueller.com\/hu\/vallalat\/joevokep-es-kueldetes\/"]}]},{"@type":"BreadcrumbList","@id":"https:\/\/schwarzmueller.com\/hu\/vallalat\/joevokep-es-kueldetes\/#breadcrumb","itemListElement":[{"@type":"ListItem","position":1,"name":"Home","item":"https:\/\/schwarzmueller.com\/hu\/home-2\/"},{"@type":"ListItem","position":2,"name":"V\u00e1llalat","item":"https:\/\/schwarzmueller.com\/hu\/vallalat\/"},{"@type":"ListItem","position":3,"name":"J\u00f6v\u0151k\u00e9p \u00e9s k\u00fcldet\u00e9s"}]},{"@type":"WebSite","@id":"https:\/\/schwarzmueller.com\/en\/#website","url":"https:\/\/schwarzmueller.com\/en\/","name":"Schwarzm\u00fcller | Intelligente Fahrzeuge","description":"Ganz auf exzellente Fahrzeugtechnik gebaut","publisher":{"@id":"https:\/\/schwarzmueller.com\/en\/#organization"},"alternateName":"Schwarzm\u00fcller","potentialAction":[{"@type":"SearchAction","target":{"@type":"EntryPoint","urlTemplate":"https:\/\/schwarzmueller.com\/en\/?s={search_term_string}"},"query-input":{"@type":"PropertyValueSpecification","valueRequired":true,"valueName":"search_term_string"}}],"inLanguage":"hu"},{"@type":"Organization","@id":"https:\/\/schwarzmueller.com\/en\/#organization","name":"Schwarzm\u00fcller","url":"https:\/\/schwarzmueller.com\/en\/","logo":{"@type":"ImageObject","inLanguage":"hu","@id":"https:\/\/schwarzmueller.com\/en\/#\/schema\/logo\/image\/","url":"https:\/\/schwarzmueller.com\/wp-content\/uploads\/2024\/05\/sm_icon_logo.svg","contentUrl":"https:\/\/schwarzmueller.com\/wp-content\/uploads\/2024\/05\/sm_icon_logo.svg","width":1,"height":1,"caption":"Schwarzm\u00fcller"},"image":{"@id":"https:\/\/schwarzmueller.com\/en\/#\/schema\/logo\/image\/"}}]}},"_links":{"self":[{"href":"https:\/\/schwarzmueller.com\/hu\/wp-json\/wp\/v2\/pages\/62168","targetHints":{"allow":["GET"]}}],"collection":[{"href":"https:\/\/schwarzmueller.com\/hu\/wp-json\/wp\/v2\/pages"}],"about":[{"href":"https:\/\/schwarzmueller.com\/hu\/wp-json\/wp\/v2\/types\/page"}],"author":[{"embeddable":true,"href":"https:\/\/schwarzmueller.com\/hu\/wp-json\/wp\/v2\/users\/6"}],"replies":[{"embeddable":true,"href":"https:\/\/schwarzmueller.com\/hu\/wp-json\/wp\/v2\/comments?post=62168"}],"version-history":[{"count":2,"href":"https:\/\/schwarzmueller.com\/hu\/wp-json\/wp\/v2\/pages\/62168\/revisions"}],"predecessor-version":[{"id":62170,"href":"https:\/\/schwarzmueller.com\/hu\/wp-json\/wp\/v2\/pages\/62168\/revisions\/62170"}],"up":[{"embeddable":true,"href":"https:\/\/schwarzmueller.com\/hu\/wp-json\/wp\/v2\/pages\/64986"}],"wp:attachment":[{"href":"https:\/\/schwarzmueller.com\/hu\/wp-json\/wp\/v2\/media?parent=62168"}],"curies":[{"name":"wp","href":"https:\/\/api.w.org\/{rel}","templated":true}]}}