{"id":62118,"date":"2024-04-04T11:20:25","date_gmt":"2024-04-04T09:20:25","guid":{"rendered":"https:\/\/schwarzmueller.com\/tortenet\/"},"modified":"2024-10-15T14:05:45","modified_gmt":"2024-10-15T12:05:45","slug":"tortenet","status":"publish","type":"page","link":"https:\/\/schwarzmueller.com\/hu\/vallalat\/tortenet\/","title":{"rendered":"T\u00f6rt\u00e9nelem"},"content":{"rendered":"\n<style type=\"text\/css\" data-created_by=\"avia_inline_auto\" id=\"style-css-av-lv3mcwmj-ccf8271dcdd6ff9ccc23034f5a67516c\">\n.avia-section.av-lv3mcwmj-ccf8271dcdd6ff9ccc23034f5a67516c{\nbackground-repeat:no-repeat;\nbackground-image:url(https:\/\/schwarzmueller.com\/wp-content\/uploads\/2024\/04\/csm_geschichte_1_ea8944c25c.jpg);\nbackground-position:50% 50%;\nbackground-attachment:scroll;\n}\n.avia-section.av-lv3mcwmj-ccf8271dcdd6ff9ccc23034f5a67516c .av-section-color-overlay{\nopacity:0.5;\nbackground-color:#0a0a0a;\n}\n<\/style>\n<div id='av_section_1'  class='avia-section av-lv3mcwmj-ccf8271dcdd6ff9ccc23034f5a67516c main_color avia-section-huge avia-no-border-styling  avia-builder-el-0  el_before_av_textblock  avia-builder-el-first  avia-full-stretch avia-bg-style-scroll av-section-color-overlay-active av-minimum-height av-minimum-height-custom av-height-custom  container_wrap sidebar_left'  data-section-bg-repeat='stretch' data-av_minimum_height_px='512'><div class=\"av-section-color-overlay-wrap\"><div class=\"av-section-color-overlay\"><\/div><div class='container av-section-cont-open' style='height:512px'><main  role=\"main\" itemprop=\"mainContentOfPage\"  class='template-page content  av-content-small units'><div class='post-entry post-entry-type-page post-entry-62118'><div class='entry-content-wrapper clearfix'>\n\n<style type=\"text\/css\" data-created_by=\"avia_inline_auto\" id=\"style-css-av-lv3mc31a-6392ced448409e391e4f152c42512def\">\n#top .av_textblock_section.av-lv3mc31a-6392ced448409e391e4f152c42512def .avia_textblock{\ncolor:#ffffff;\n}\n<\/style>\n<section  class='av_textblock_section av-lv3mc31a-6392ced448409e391e4f152c42512def '   itemscope=\"itemscope\" itemtype=\"https:\/\/schema.org\/CreativeWork\" ><div class='avia_textblock hero-title av_inherit_color'  itemprop=\"text\" ><h1>Schwarzm\u00fcller T\u00f6rt\u00e9nelem<\/h1>\n<\/div><\/section>\n<\/div><\/div><\/main><!-- close content main element --><\/div><\/div><\/div><div id='after_section_1'  class='main_color av_default_container_wrap container_wrap sidebar_left'  ><div class='container av-section-cont-open' ><div class='template-page content  av-content-small units'><div class='post-entry post-entry-type-page post-entry-62118'><div class='entry-content-wrapper clearfix'>\n<section  class='av_textblock_section av-o6xps6-203d3aab2aeb5b2ec56c469f10c7a1b5 '   itemscope=\"itemscope\" itemtype=\"https:\/\/schema.org\/CreativeWork\" ><div class='avia_textblock sch-breadcrumb'  itemprop=\"text\" ><div class=\"breadcrumb breadcrumbs avia-breadcrumbs\"><div class=\"breadcrumb-trail\" ><span class=\"trail-before\"><span class=\"breadcrumb-title\">\u00d6n itt \u00e1ll:<\/span><\/span> <span  itemscope=\"itemscope\" itemtype=\"https:\/\/schema.org\/BreadcrumbList\" ><span  itemscope=\"itemscope\" itemtype=\"https:\/\/schema.org\/ListItem\" itemprop=\"itemListElement\" ><a itemprop=\"url\" href=\"https:\/\/schwarzmueller.com\/hu\/\" title=\"Schwarzm\u00fcller\" rel=\"home\" class=\"trail-begin\"><span itemprop=\"name\">Kezd\u0151lap<\/span><\/a><span itemprop=\"position\" class=\"hidden\">1<\/span><\/span><\/span><\/div><\/div>\n<\/div><\/section>\n<p><\/div><\/div><\/div><!-- close content main div --><\/div><\/div><div id='av_section_2'  class='avia-section av-lv3mderq-e779454dce2a99e28553c13954d20b2f main_color avia-section-huge avia-no-border-styling  avia-builder-el-3  el_after_av_textblock  el_before_av_section  avia-bg-style-scroll container_wrap sidebar_left'  ><div class='container av-section-cont-open' ><div class='template-page content  av-content-small units'><div class='post-entry post-entry-type-page post-entry-62118'><div class='entry-content-wrapper clearfix'>\n\n<style type=\"text\/css\" data-created_by=\"avia_inline_auto\" id=\"style-css-av-lv3mdrqe-b9ad123afe35eb8902363ed1cdb54b87\">\n#top .av_textblock_section.av-lv3mdrqe-b9ad123afe35eb8902363ed1cdb54b87 .avia_textblock{\ntext-align:left;\n}\n<\/style>\n<section  class='av_textblock_section av-lv3mdrqe-b9ad123afe35eb8902363ed1cdb54b87 '   itemscope=\"itemscope\" itemtype=\"https:\/\/schema.org\/CreativeWork\" ><div class='avia_textblock image-dark-section-title'  itemprop=\"text\" ><h2 class=\"schwa-h4\"><strong>\u00datt\u00f6r\u0151k 150 \u00e9ve!<\/strong><\/h2>\n<p>A c\u00e9g eredetileg kov\u00e1csm\u0171helyk\u00e9nt alakult a 19. sz\u00e1zad v\u00e9g\u00e9n. Az\u00f3ta nemzetk\u00f6zi szint\u0171, komplett szolg\u00e1ltat\u00e1srendszert k\u00edn\u00e1l\u00f3 gy\u00e1rt\u00f3m\u0171v\u00e9 n\u0151tte ki mag\u00e1t, amely m\u00e9g mindig az alap\u00edt\u00f3 csal\u00e1d tulajdon\u00e1ban van. A Schwarzm\u00fcller Csoport 150 \u00e9ves fejl\u0151d\u00e9s\u00e9nek vez\u00e9rfonal\u00e1t dolgoz\u00f3ink id\u0151r\u0151l id\u0151re el\u0151t\u0171n\u0151 innov\u00e1ci\u00f3s k\u00e9szs\u00e9ge adja.<\/p>\n<\/div><\/section>\n<div  class='flex_column av-1n6zih2-4bb72bab0dd68b5ec737bb9ca4bafe6e av_one_half  avia-builder-el-5  el_after_av_textblock  el_before_av_one_half  first flex_column_div  column-top-margin'     ><style type=\"text\/css\" data-created_by=\"avia_inline_auto\" id=\"style-css-av-lv3meenu-536ab83dd3373cdb4ac9fb59f44d29f7\">\n.avia-image-container.av-lv3meenu-536ab83dd3373cdb4ac9fb59f44d29f7 img.avia_image{\nbox-shadow:none;\n}\n.avia-image-container.av-lv3meenu-536ab83dd3373cdb4ac9fb59f44d29f7 .av-image-caption-overlay-center{\ncolor:#ffffff;\n}\n<\/style>\n<div  class='avia-image-container av-lv3meenu-536ab83dd3373cdb4ac9fb59f44d29f7 av-styling- avia-align-center  avia-builder-el-6  avia-builder-el-no-sibling '   itemprop=\"image\" itemscope=\"itemscope\" itemtype=\"https:\/\/schema.org\/ImageObject\" ><div class=\"avia-image-container-inner\"><div class=\"avia-image-overlay-wrap\"><img decoding=\"async\" fetchpriority=\"high\" class='wp-image-42734 avia-img-lazy-loading-not-42734 avia_image ' src=\"https:\/\/schwarzmueller.com\/wp-content\/uploads\/2024\/04\/csm_historie_anno_1925_e861c1e4f0.jpg\" alt='' title='csm_historie_anno_1925_e861c1e4f0'  height=\"600\" width=\"771\"  itemprop=\"thumbnailUrl\" srcset=\"https:\/\/schwarzmueller.com\/wp-content\/uploads\/2024\/04\/csm_historie_anno_1925_e861c1e4f0.jpg 771w, https:\/\/schwarzmueller.com\/wp-content\/uploads\/2024\/04\/csm_historie_anno_1925_e861c1e4f0-300x233.jpg 300w, https:\/\/schwarzmueller.com\/wp-content\/uploads\/2024\/04\/csm_historie_anno_1925_e861c1e4f0-768x598.jpg 768w, https:\/\/schwarzmueller.com\/wp-content\/uploads\/2024\/04\/csm_historie_anno_1925_e861c1e4f0-705x549.jpg 705w\" sizes=\"(max-width: 771px) 100vw, 771px\" \/><\/div><\/div><\/div><\/div><div  class='flex_column av-13md012-2d5807c6d013e0088935882e9c1e62a3 av_one_half  avia-builder-el-7  el_after_av_one_half  avia-builder-el-last  flex_column_div  column-top-margin'     ><style type=\"text\/css\" data-created_by=\"avia_inline_auto\" id=\"style-css-av-lv3memo6-8a345ec65345eb55e8e1b5a49b18ffb2\">\n.avia-image-container.av-lv3memo6-8a345ec65345eb55e8e1b5a49b18ffb2 img.avia_image{\nbox-shadow:none;\n}\n.avia-image-container.av-lv3memo6-8a345ec65345eb55e8e1b5a49b18ffb2 .av-image-caption-overlay-center{\ncolor:#ffffff;\n}\n<\/style>\n<div  class='avia-image-container av-lv3memo6-8a345ec65345eb55e8e1b5a49b18ffb2 av-styling- avia-align-center  avia-builder-el-8  avia-builder-el-no-sibling '   itemprop=\"image\" itemscope=\"itemscope\" itemtype=\"https:\/\/schema.org\/ImageObject\" ><div class=\"avia-image-container-inner\"><div class=\"avia-image-overlay-wrap\"><img decoding=\"async\" fetchpriority=\"high\" class='wp-image-42739 avia-img-lazy-loading-not-42739 avia_image ' src=\"https:\/\/schwarzmueller.com\/wp-content\/uploads\/2024\/04\/csm_historie_anno_1955_db3a0861c2.jpg\" alt='' title='csm_historie_anno_1955_db3a0861c2'  height=\"600\" width=\"771\"  itemprop=\"thumbnailUrl\" srcset=\"https:\/\/schwarzmueller.com\/wp-content\/uploads\/2024\/04\/csm_historie_anno_1955_db3a0861c2.jpg 771w, https:\/\/schwarzmueller.com\/wp-content\/uploads\/2024\/04\/csm_historie_anno_1955_db3a0861c2-300x233.jpg 300w, https:\/\/schwarzmueller.com\/wp-content\/uploads\/2024\/04\/csm_historie_anno_1955_db3a0861c2-768x598.jpg 768w, https:\/\/schwarzmueller.com\/wp-content\/uploads\/2024\/04\/csm_historie_anno_1955_db3a0861c2-705x549.jpg 705w\" sizes=\"(max-width: 771px) 100vw, 771px\" \/><\/div><\/div><\/div><\/div>\n<\/div><\/div><\/div><!-- close content main div --><\/div><\/div><div id='av_section_3'  class='avia-section av-ncklxi-02e12ef10124b426f4af234f094cc022 main_color avia-section-huge avia-no-border-styling  avia-builder-el-9  el_after_av_section  avia-builder-el-last  avia-bg-style-scroll container_wrap sidebar_left'  ><div class='container av-section-cont-open' ><div class='template-page content  av-content-small units'><div class='post-entry post-entry-type-page post-entry-62118'><div class='entry-content-wrapper clearfix'>\n\n<style type=\"text\/css\" data-created_by=\"avia_inline_auto\" id=\"style-css-av-lv3mf5rl-b88b54524a283c493aafb905aeb52292\">\n#top .av_textblock_section.av-lv3mf5rl-b88b54524a283c493aafb905aeb52292 .avia_textblock{\ntext-align:left;\n}\n<\/style>\n<section  class='av_textblock_section av-lv3mf5rl-b88b54524a283c493aafb905aeb52292 '   itemscope=\"itemscope\" itemtype=\"https:\/\/schema.org\/CreativeWork\" ><div class='avia_textblock image-dark-section-title'  itemprop=\"text\" ><div id=\"c3072\" class=\"frame frame-type-text frame-layout-0 frame-space-before-extra-large frame-space-after-medium frame-padding-top-none frame-padding-bottom-none frame-\">\n<div class=\"ce-content\">\n<h3 class=\"schwa-h4\"><strong>Tapasztattal \u00e9s szenved\u00e9llyel a j\u00e1rm\u0171vek\u00e9rt<\/strong><\/h3>\n<\/div>\n<\/div>\n<div id=\"c2400\" class=\"frame frame-type-text frame-layout-0 frame-space-before-extra-large frame-space-after-extra-large frame-padding-top-none frame-padding-bottom-none frame-\">\n<div class=\"ce-content\">\n<ul>\n<li><strong>1871: <\/strong> Passau, N\u00e9metorsz\u00e1g &#8211; Josef Schwarzm\u00fcller kov\u00e1csmester megnyitja els\u0151 m\u0171hely\u00e9t.<\/li>\n<li><strong>1939: <\/strong> Gy\u00e1ralap\u00edt\u00e1s az ausztriai Hanzing &#8211; Freinbergben<\/li>\n<li><strong>1985: <\/strong> Kialakul az osztr\u00e1k \u00e9rt\u00e9kes\u00edt\u00e9si h\u00e1l\u00f3zat<\/li>\n<li><strong>1990: <\/strong> A dunaharaszti gy\u00e1r alap\u00edt\u00e1sa<\/li>\n<li><strong>1993:<\/strong> A csehorsz\u00e1gi (\u017debr\u00e1k) gy\u00e1r alap\u00edt\u00e1sa<\/li>\n<li><strong>2009:<\/strong> Kirendelts\u00e9g megnyit\u00e1sa Bukarestben (Rom\u00e1nia)<\/li>\n<li><strong>2014: <\/strong> Hossz\u00fa t\u00e1v\u00fa (2020) strat\u00e9gia kialak\u00edt\u00e1sa<\/li>\n<li><strong>2018: <\/strong> Kirendelts\u00e9g megnyit\u00e1sa Eltmann-n\u00e1l (N\u00e9metorsz\u00e1g)<\/li>\n<li><strong>2019: <\/strong> Tanm\u0171hely alapk\u0151let\u00e9tele<\/li>\n<li><strong>2020:<\/strong> A H\u00fcffermann Transportsysteme GmbH megv\u00e1s\u00e1rl\u00e1sa Neustadt\/Dosse-ban (N\u00e9metorsz\u00e1g)<\/li>\n<\/ul>\n<\/div>\n<\/div>\n<\/div><\/section>\n<\/div><\/div><\/div><!-- close content main div --><\/div><\/div><div id='after_section_3'  class='main_color av_default_container_wrap container_wrap sidebar_left'  ><div class='container av-section-cont-open' ><div class='template-page content  av-content-small units'><div class='post-entry post-entry-type-page post-entry-62118'><div class='entry-content-wrapper clearfix'><\/p>\n","protected":false},"excerpt":{"rendered":"","protected":false},"author":6,"featured_media":0,"parent":64986,"menu_order":0,"comment_status":"closed","ping_status":"closed","template":"","meta":{"_acf_changed":false,"_relevanssi_hide_post":"","_relevanssi_hide_content":"","_relevanssi_pin_for_all":"","_relevanssi_pin_keywords":"","_relevanssi_unpin_keywords":"","_relevanssi_related_keywords":"","_relevanssi_related_include_ids":"","_relevanssi_related_exclude_ids":"","_relevanssi_related_no_append":"","_relevanssi_related_not_related":"","_relevanssi_related_posts":"51506,51512,51482,51508,51531,51550","_relevanssi_noindex_reason":"","footnotes":""},"class_list":["post-62118","page","type-page","status-publish","hentry"],"acf":[],"yoast_head":"<!-- This site is optimized with the Yoast SEO Premium plugin v26.4 (Yoast SEO v27.2) - https:\/\/yoast.com\/product\/yoast-seo-premium-wordpress\/ -->\n<title>T\u00f6rt\u00e9nelem - Schwarzm\u00fcller<\/title>\n<meta name=\"robots\" content=\"index, follow, max-snippet:-1, max-image-preview:large, max-video-preview:-1\" \/>\n<link rel=\"canonical\" href=\"https:\/\/schwarzmueller.com\/hu\/vallalat\/tortenet\/\" \/>\n<meta property=\"og:locale\" content=\"hu_HU\" \/>\n<meta property=\"og:type\" content=\"article\" \/>\n<meta property=\"og:title\" content=\"T\u00f6rt\u00e9nelem\" \/>\n<meta property=\"og:url\" content=\"https:\/\/schwarzmueller.com\/hu\/vallalat\/tortenet\/\" \/>\n<meta property=\"og:site_name\" content=\"Schwarzm\u00fcller\" \/>\n<meta property=\"article:modified_time\" content=\"2024-10-15T12:05:45+00:00\" \/>\n<meta property=\"og:image\" content=\"https:\/\/schwarzmueller.com\/wp-content\/uploads\/2024\/03\/csm_schwarzmueller-IAA-2022-tp-schubboden_60f424c13a.jpg\" \/>\n\t<meta property=\"og:image:width\" content=\"768\" \/>\n\t<meta property=\"og:image:height\" content=\"480\" \/>\n\t<meta property=\"og:image:type\" content=\"image\/jpeg\" \/>\n<meta name=\"twitter:card\" content=\"summary_large_image\" \/>\n<meta name=\"twitter:label1\" content=\"Becs\u00fclt olvas\u00e1si id\u0151\" \/>\n\t<meta name=\"twitter:data1\" content=\"2 perc\" \/>\n<script type=\"application\/ld+json\" class=\"yoast-schema-graph\">{\"@context\":\"https:\/\/schema.org\",\"@graph\":[{\"@type\":\"WebPage\",\"@id\":\"https:\/\/schwarzmueller.com\/hu\/vallalat\/tortenet\/\",\"url\":\"https:\/\/schwarzmueller.com\/hu\/vallalat\/tortenet\/\",\"name\":\"T\u00f6rt\u00e9nelem - Schwarzm\u00fcller\",\"isPartOf\":{\"@id\":\"https:\/\/schwarzmueller.com\/en\/#website\"},\"datePublished\":\"2024-04-04T09:20:25+00:00\",\"dateModified\":\"2024-10-15T12:05:45+00:00\",\"breadcrumb\":{\"@id\":\"https:\/\/schwarzmueller.com\/hu\/vallalat\/tortenet\/#breadcrumb\"},\"inLanguage\":\"hu\",\"potentialAction\":[{\"@type\":\"ReadAction\",\"target\":[\"https:\/\/schwarzmueller.com\/hu\/vallalat\/tortenet\/\"]}]},{\"@type\":\"BreadcrumbList\",\"@id\":\"https:\/\/schwarzmueller.com\/hu\/vallalat\/tortenet\/#breadcrumb\",\"itemListElement\":[{\"@type\":\"ListItem\",\"position\":1,\"name\":\"Home\",\"item\":\"https:\/\/schwarzmueller.com\/hu\/home-2\/\"},{\"@type\":\"ListItem\",\"position\":2,\"name\":\"V\u00e1llalat\",\"item\":\"https:\/\/schwarzmueller.com\/hu\/vallalat\/\"},{\"@type\":\"ListItem\",\"position\":3,\"name\":\"T\u00f6rt\u00e9nelem\"}]},{\"@type\":\"WebSite\",\"@id\":\"https:\/\/schwarzmueller.com\/en\/#website\",\"url\":\"https:\/\/schwarzmueller.com\/en\/\",\"name\":\"Schwarzm\u00fcller | Intelligente Fahrzeuge\",\"description\":\"Ganz auf exzellente Fahrzeugtechnik gebaut\",\"publisher\":{\"@id\":\"https:\/\/schwarzmueller.com\/en\/#organization\"},\"alternateName\":\"Schwarzm\u00fcller\",\"potentialAction\":[{\"@type\":\"SearchAction\",\"target\":{\"@type\":\"EntryPoint\",\"urlTemplate\":\"https:\/\/schwarzmueller.com\/en\/?s={search_term_string}\"},\"query-input\":{\"@type\":\"PropertyValueSpecification\",\"valueRequired\":true,\"valueName\":\"search_term_string\"}}],\"inLanguage\":\"hu\"},{\"@type\":\"Organization\",\"@id\":\"https:\/\/schwarzmueller.com\/en\/#organization\",\"name\":\"Schwarzm\u00fcller\",\"url\":\"https:\/\/schwarzmueller.com\/en\/\",\"logo\":{\"@type\":\"ImageObject\",\"inLanguage\":\"hu\",\"@id\":\"https:\/\/schwarzmueller.com\/en\/#\/schema\/logo\/image\/\",\"url\":\"https:\/\/schwarzmueller.com\/wp-content\/uploads\/2024\/05\/sm_icon_logo.svg\",\"contentUrl\":\"https:\/\/schwarzmueller.com\/wp-content\/uploads\/2024\/05\/sm_icon_logo.svg\",\"width\":1,\"height\":1,\"caption\":\"Schwarzm\u00fcller\"},\"image\":{\"@id\":\"https:\/\/schwarzmueller.com\/en\/#\/schema\/logo\/image\/\"}}]}<\/script>\n<!-- \/ Yoast SEO Premium plugin. -->","yoast_head_json":{"title":"T\u00f6rt\u00e9nelem - Schwarzm\u00fcller","robots":{"index":"index","follow":"follow","max-snippet":"max-snippet:-1","max-image-preview":"max-image-preview:large","max-video-preview":"max-video-preview:-1"},"canonical":"https:\/\/schwarzmueller.com\/hu\/vallalat\/tortenet\/","og_locale":"hu_HU","og_type":"article","og_title":"T\u00f6rt\u00e9nelem","og_url":"https:\/\/schwarzmueller.com\/hu\/vallalat\/tortenet\/","og_site_name":"Schwarzm\u00fcller","article_modified_time":"2024-10-15T12:05:45+00:00","og_image":[{"width":768,"height":480,"url":"https:\/\/schwarzmueller.com\/wp-content\/uploads\/2024\/03\/csm_schwarzmueller-IAA-2022-tp-schubboden_60f424c13a.jpg","type":"image\/jpeg"}],"twitter_card":"summary_large_image","twitter_misc":{"Becs\u00fclt olvas\u00e1si id\u0151":"2 perc"},"schema":{"@context":"https:\/\/schema.org","@graph":[{"@type":"WebPage","@id":"https:\/\/schwarzmueller.com\/hu\/vallalat\/tortenet\/","url":"https:\/\/schwarzmueller.com\/hu\/vallalat\/tortenet\/","name":"T\u00f6rt\u00e9nelem - Schwarzm\u00fcller","isPartOf":{"@id":"https:\/\/schwarzmueller.com\/en\/#website"},"datePublished":"2024-04-04T09:20:25+00:00","dateModified":"2024-10-15T12:05:45+00:00","breadcrumb":{"@id":"https:\/\/schwarzmueller.com\/hu\/vallalat\/tortenet\/#breadcrumb"},"inLanguage":"hu","potentialAction":[{"@type":"ReadAction","target":["https:\/\/schwarzmueller.com\/hu\/vallalat\/tortenet\/"]}]},{"@type":"BreadcrumbList","@id":"https:\/\/schwarzmueller.com\/hu\/vallalat\/tortenet\/#breadcrumb","itemListElement":[{"@type":"ListItem","position":1,"name":"Home","item":"https:\/\/schwarzmueller.com\/hu\/home-2\/"},{"@type":"ListItem","position":2,"name":"V\u00e1llalat","item":"https:\/\/schwarzmueller.com\/hu\/vallalat\/"},{"@type":"ListItem","position":3,"name":"T\u00f6rt\u00e9nelem"}]},{"@type":"WebSite","@id":"https:\/\/schwarzmueller.com\/en\/#website","url":"https:\/\/schwarzmueller.com\/en\/","name":"Schwarzm\u00fcller | Intelligente Fahrzeuge","description":"Ganz auf exzellente Fahrzeugtechnik gebaut","publisher":{"@id":"https:\/\/schwarzmueller.com\/en\/#organization"},"alternateName":"Schwarzm\u00fcller","potentialAction":[{"@type":"SearchAction","target":{"@type":"EntryPoint","urlTemplate":"https:\/\/schwarzmueller.com\/en\/?s={search_term_string}"},"query-input":{"@type":"PropertyValueSpecification","valueRequired":true,"valueName":"search_term_string"}}],"inLanguage":"hu"},{"@type":"Organization","@id":"https:\/\/schwarzmueller.com\/en\/#organization","name":"Schwarzm\u00fcller","url":"https:\/\/schwarzmueller.com\/en\/","logo":{"@type":"ImageObject","inLanguage":"hu","@id":"https:\/\/schwarzmueller.com\/en\/#\/schema\/logo\/image\/","url":"https:\/\/schwarzmueller.com\/wp-content\/uploads\/2024\/05\/sm_icon_logo.svg","contentUrl":"https:\/\/schwarzmueller.com\/wp-content\/uploads\/2024\/05\/sm_icon_logo.svg","width":1,"height":1,"caption":"Schwarzm\u00fcller"},"image":{"@id":"https:\/\/schwarzmueller.com\/en\/#\/schema\/logo\/image\/"}}]}},"_links":{"self":[{"href":"https:\/\/schwarzmueller.com\/hu\/wp-json\/wp\/v2\/pages\/62118","targetHints":{"allow":["GET"]}}],"collection":[{"href":"https:\/\/schwarzmueller.com\/hu\/wp-json\/wp\/v2\/pages"}],"about":[{"href":"https:\/\/schwarzmueller.com\/hu\/wp-json\/wp\/v2\/types\/page"}],"author":[{"embeddable":true,"href":"https:\/\/schwarzmueller.com\/hu\/wp-json\/wp\/v2\/users\/6"}],"replies":[{"embeddable":true,"href":"https:\/\/schwarzmueller.com\/hu\/wp-json\/wp\/v2\/comments?post=62118"}],"version-history":[{"count":6,"href":"https:\/\/schwarzmueller.com\/hu\/wp-json\/wp\/v2\/pages\/62118\/revisions"}],"predecessor-version":[{"id":81534,"href":"https:\/\/schwarzmueller.com\/hu\/wp-json\/wp\/v2\/pages\/62118\/revisions\/81534"}],"up":[{"embeddable":true,"href":"https:\/\/schwarzmueller.com\/hu\/wp-json\/wp\/v2\/pages\/64986"}],"wp:attachment":[{"href":"https:\/\/schwarzmueller.com\/hu\/wp-json\/wp\/v2\/media?parent=62118"}],"curies":[{"name":"wp","href":"https:\/\/api.w.org\/{rel}","templated":true}]}}