{"id":62041,"date":"2024-04-04T11:19:35","date_gmt":"2024-04-04T09:19:35","guid":{"rendered":"https:\/\/schwarzmueller.com\/szervezet\/"},"modified":"2024-10-29T11:48:22","modified_gmt":"2024-10-29T10:48:22","slug":"szervezet","status":"publish","type":"page","link":"https:\/\/schwarzmueller.com\/hu\/vallalat\/szervezet\/","title":{"rendered":"Szervezet"},"content":{"rendered":"\n<style type=\"text\/css\" data-created_by=\"avia_inline_auto\" id=\"style-css-av-iqc9l-6af34cda7a02ae285934d214e685235f\">\n.avia-section.av-iqc9l-6af34cda7a02ae285934d214e685235f{\nbackground-repeat:no-repeat;\nbackground-image:url(https:\/\/schwarzmueller.com\/wp-content\/uploads\/2024\/04\/SM-Weltkugel-L1020680.jpg);\nbackground-position:50% 50%;\nbackground-attachment:scroll;\n}\n.avia-section.av-iqc9l-6af34cda7a02ae285934d214e685235f .av-section-color-overlay{\nopacity:0.5;\nbackground-color:#0a0a0a;\n}\n<\/style>\n<div id='av_section_1'  class='avia-section av-iqc9l-6af34cda7a02ae285934d214e685235f main_color avia-section-huge avia-no-border-styling  avia-builder-el-0  el_before_av_textblock  avia-builder-el-first  avia-full-stretch avia-bg-style-scroll av-section-color-overlay-active av-minimum-height av-minimum-height-custom av-height-custom  container_wrap sidebar_left'  data-section-bg-repeat='stretch' data-av_minimum_height_px='512'><div class=\"av-section-color-overlay-wrap\"><div class=\"av-section-color-overlay\"><\/div><div class='container av-section-cont-open' style='height:512px'><main  role=\"main\" itemprop=\"mainContentOfPage\"  class='template-page content  av-content-small units'><div class='post-entry post-entry-type-page post-entry-62041'><div class='entry-content-wrapper clearfix'>\n\n<style type=\"text\/css\" data-created_by=\"avia_inline_auto\" id=\"style-css-av-4k2915-71d6b75ca7ab3dcc1455ac31aa99cf34\">\n#top .av_textblock_section.av-4k2915-71d6b75ca7ab3dcc1455ac31aa99cf34 .avia_textblock{\ncolor:#ffffff;\n}\n<\/style>\n<section  class='av_textblock_section av-4k2915-71d6b75ca7ab3dcc1455ac31aa99cf34 '   itemscope=\"itemscope\" itemtype=\"https:\/\/schema.org\/CreativeWork\" ><div class='avia_textblock hero-title av_inherit_color'  itemprop=\"text\" ><h1>Szervezet<\/h1>\n<\/div><\/section>\n<\/div><\/div><\/main><!-- close content main element --><\/div><\/div><\/div><div id='after_section_1'  class='main_color av_default_container_wrap container_wrap sidebar_left'  ><div class='container av-section-cont-open' ><div class='template-page content  av-content-small units'><div class='post-entry post-entry-type-page post-entry-62041'><div class='entry-content-wrapper clearfix'>\n<section  class='av_textblock_section av-av_textblock-beeb41102f7ca92b91fb4a3aca77e40b '   itemscope=\"itemscope\" itemtype=\"https:\/\/schema.org\/CreativeWork\" ><div class='avia_textblock sch-breadcrumb'  itemprop=\"text\" ><div class=\"breadcrumb breadcrumbs avia-breadcrumbs\"><div class=\"breadcrumb-trail\" ><span class=\"trail-before\"><span class=\"breadcrumb-title\">\u00d6n itt \u00e1ll:<\/span><\/span> <span  itemscope=\"itemscope\" itemtype=\"https:\/\/schema.org\/BreadcrumbList\" ><span  itemscope=\"itemscope\" itemtype=\"https:\/\/schema.org\/ListItem\" itemprop=\"itemListElement\" ><a itemprop=\"url\" href=\"https:\/\/schwarzmueller.com\/hu\/\" title=\"Schwarzm\u00fcller\" rel=\"home\" class=\"trail-begin\"><span itemprop=\"name\">Kezd\u0151lap<\/span><\/a><span itemprop=\"position\" class=\"hidden\">1<\/span><\/span><\/span><\/div><\/div>\n<\/div><\/section>\n<\/div><\/div><\/div><!-- close content main div --><\/div><\/div><div id='av_section_2'  class='avia-section av-pyh5tl-4bc8b18803ca435cbc75576a7f18e7ef main_color avia-section-huge avia-no-border-styling  avia-builder-el-3  el_after_av_textblock  el_before_av_section  avia-bg-style-scroll container_wrap sidebar_left'  ><div class='container av-section-cont-open' ><div class='template-page content  av-content-small units'><div class='post-entry post-entry-type-page post-entry-62041'><div class='entry-content-wrapper clearfix'>\n\n<style type=\"text\/css\" data-created_by=\"avia_inline_auto\" id=\"style-css-av-lv3irhfd-3d513979269b49a43718829fc60929f0\">\n#top .av_textblock_section.av-lv3irhfd-3d513979269b49a43718829fc60929f0 .avia_textblock{\ncolor:#0a0a0a;\ntext-align:left;\n}\n<\/style>\n<section  class='av_textblock_section av-lv3irhfd-3d513979269b49a43718829fc60929f0 '   itemscope=\"itemscope\" itemtype=\"https:\/\/schema.org\/CreativeWork\" ><div class='avia_textblock av_inherit_color'  itemprop=\"text\" ><div id=\"c1291\" class=\"frame frame-type-header frame-layout-0 frame-space-before-none frame-space-after-none frame-padding-top-none frame-padding-bottom-none frame-\">\n<div class=\"ce-content\">\n<div class=\"ce-header h1-mb ce-header-left\">\n<h3><strong>Kompetencia Eur\u00f3pa-szerte!<\/strong><\/h3>\n<p><strong>Siker\u00fcnk titka: megold\u00e1sk\u00f6zpont\u00fas\u00e1g \u00e9s az innov\u00e1ci\u00f3s er\u0151.<\/strong><\/p>\n<\/div>\n<div class=\"ce-header h1-mb ce-header-left\"><\/div>\n<\/div>\n<\/div>\n<\/div><\/section>\n\n<style type=\"text\/css\" data-created_by=\"avia_inline_auto\" id=\"style-css-av-lv3it79q-eda2aa37f046c282fbda5eb7be786420\">\n.avia-image-container.av-lv3it79q-eda2aa37f046c282fbda5eb7be786420 img.avia_image{\nbox-shadow:none;\n}\n.avia-image-container.av-lv3it79q-eda2aa37f046c282fbda5eb7be786420 .av-image-caption-overlay-center{\ncolor:#ffffff;\n}\n<\/style>\n<div  class='avia-image-container av-lv3it79q-eda2aa37f046c282fbda5eb7be786420 av-styling- avia-align-center  avia-builder-el-5  el_after_av_textblock  el_before_av_textblock '   itemprop=\"image\" itemscope=\"itemscope\" itemtype=\"https:\/\/schema.org\/ImageObject\" ><div class=\"avia-image-container-inner\"><div class=\"avia-image-overlay-wrap\"><img decoding=\"async\" fetchpriority=\"high\" class='wp-image-42488 avia-img-lazy-loading-not-42488 avia_image ' src=\"https:\/\/schwarzmueller.com\/wp-content\/uploads\/2024\/04\/schwarzmueller-hanzing-luftaufnahme-2023-1.jpg\" alt='' title='schwarzmueller-hanzing-luftaufnahme-2023'  height=\"675\" width=\"1200\"  itemprop=\"thumbnailUrl\" srcset=\"https:\/\/schwarzmueller.com\/wp-content\/uploads\/2024\/04\/schwarzmueller-hanzing-luftaufnahme-2023-1.jpg 1200w, https:\/\/schwarzmueller.com\/wp-content\/uploads\/2024\/04\/schwarzmueller-hanzing-luftaufnahme-2023-1-300x169.jpg 300w, https:\/\/schwarzmueller.com\/wp-content\/uploads\/2024\/04\/schwarzmueller-hanzing-luftaufnahme-2023-1-1030x579.jpg 1030w, https:\/\/schwarzmueller.com\/wp-content\/uploads\/2024\/04\/schwarzmueller-hanzing-luftaufnahme-2023-1-768x432.jpg 768w, https:\/\/schwarzmueller.com\/wp-content\/uploads\/2024\/04\/schwarzmueller-hanzing-luftaufnahme-2023-1-705x397.jpg 705w, https:\/\/schwarzmueller.com\/wp-content\/uploads\/2024\/04\/schwarzmueller-hanzing-luftaufnahme-2023-1-1067x600.jpg 1067w\" sizes=\"(max-width: 1200px) 100vw, 1200px\" \/><\/div><\/div><\/div>\n\n<style type=\"text\/css\" data-created_by=\"avia_inline_auto\" id=\"style-css-av-lv3itn1n-afcccd510be5c602821c8b0a15260b3b\">\n#top .av_textblock_section.av-lv3itn1n-afcccd510be5c602821c8b0a15260b3b .avia_textblock{\ncolor:#0a0a0a;\ntext-align:left;\n}\n<\/style>\n<section  class='av_textblock_section av-lv3itn1n-afcccd510be5c602821c8b0a15260b3b '   itemscope=\"itemscope\" itemtype=\"https:\/\/schema.org\/CreativeWork\" ><div class='avia_textblock av_inherit_color'  itemprop=\"text\" ><div id=\"c1291\" class=\"frame frame-type-header frame-layout-0 frame-space-before-none frame-space-after-none frame-padding-top-none frame-padding-bottom-none frame-\">\n<div class=\"ce-content\">\n<div class=\"ce-header h1-mb ce-header-left\">\n<p>A Sch\u00e4rding melletti Freinbergben (Ausztria) sz\u00e9khellyel rendelkez\u0151 Schwarzm\u00fcller-csoport Eur\u00f3pa egyik vezet\u0151 vontatott haszong\u00e9pj\u00e1rm\u0171-szolg\u00e1ltat\u00f3ja. A c\u00e9g pr\u00e9mium j\u00e1rm\u0171veket fejleszt, gy\u00e1rt \u00e9s szervizel szem\u00e9lyre szabott, garant\u00e1lt hozz\u00e1adott \u00e9rt\u00e9kkel rendelkez\u0151 sz\u00e1ll\u00edt\u00e1si megold\u00e1sokhoz. T\u00f6bb mint 150 \u00e9ves tapasztalattal rendelkez\u0151 innov\u00e1ci\u00f3s \u00e9s technol\u00f3giai vezet\u0151k\u00e9nt a Schwarzm\u00fcller \u00e1ll\u00edtja a m\u00e9rc\u00e9t a haszong\u00e9pj\u00e1rm\u0171vek sz\u00e1m\u00e1ra.<\/p>\n<p>A Schwarzm\u00fcller Csoportnak K\u00f6z\u00e9p- \u00e9s Kelet-Eur\u00f3pa 20 orsz\u00e1g\u00e1ban van nemzetk\u00f6zi szervezete.<\/p>\n<p>A Hanzing anyagy\u00e1r\u00e1ban Freinbergben (Ausztria) \u00e9s a m\u00e1sik h\u00e1rom gy\u00e1rt\u00f3\u00fczemben Dunaharasztiban (Magyarorsz\u00e1g), \u017debr\u00e1kon (Csehorsz\u00e1gban) \u00e9s Neustadt\/Dosse-ban (N\u00e9metorsz\u00e1g) a c\u00e9g a H\u00fcffermann Transportsysteme le\u00e1nyv\u00e1llalat\u00e1val egy\u00fctt mintegy 8000 p\u00f3tkocsit gy\u00e1rt. \u00e9s teheraut\u00f3 karossz\u00e9ri\u00e1k minden \u00e9vben Schwarzm\u00fcller \u00e9s H\u00fcffermann m\u00e1rk\u00e1k.<\/p>\n<p>Az 1950 alkalmazottat foglalkoztat\u00f3 csoport 390 milli\u00f3 eur\u00f3s \u00e1rbev\u00e9telt termel (2023-ban). A Schwarzm\u00fcller az ipari szabv\u00e1nyok szerinti j\u00e1rm\u0171gy\u00e1rt\u00e1son t\u00falmen\u0151en \u00e1tfog\u00f3 szolg\u00e1ltat\u00e1sokra t\u00e1maszkodik minden \u00fcgyf\u00e9lig\u00e9ny eset\u00e9n. Ebbe beletartozik a karbantart\u00e1s, jav\u00edt\u00e1s \u00e9s alkatr\u00e9szell\u00e1t\u00e1s, valamint Eur\u00f3pa egyik legnagyobb b\u00e9rbead\u00f3 flott\u00e1ja, amelyben speci\u00e1lis j\u00e1rm\u0171vek is el\u00e9rhet\u0151k. A Schwarzm\u00fcller haszn\u00e1lt j\u00e1rm\u0171vek nemzetk\u00f6zi kereskedelm\u00e9t is folytatja.<\/p>\n<\/div>\n<div class=\"ce-header h1-mb ce-header-left\"><\/div>\n<\/div>\n<\/div>\n<\/div><\/section>\n\n<\/div><\/div><\/div><!-- close content main div --><\/div><\/div>\n<style type=\"text\/css\" data-created_by=\"avia_inline_auto\" id=\"style-css-av-lv3iw9sm-33bcc0ce0d574d17ea790f95eb75c2c9\">\n.avia-section.av-lv3iw9sm-33bcc0ce0d574d17ea790f95eb75c2c9{\nbackground-repeat:no-repeat;\nbackground-image:url(https:\/\/schwarzmueller.com\/wp-content\/uploads\/2024\/04\/background_as-1.jpg);\nbackground-position:0% 0%;\nbackground-attachment:scroll;\n}\n.avia-section.av-lv3iw9sm-33bcc0ce0d574d17ea790f95eb75c2c9 .av-section-color-overlay{\nopacity:0.5;\nbackground-color:#000000;\n}\n<\/style>\n<div id='av_section_3'  class='avia-section av-lv3iw9sm-33bcc0ce0d574d17ea790f95eb75c2c9 main_color avia-section-no-padding avia-no-border-styling  avia-builder-el-7  el_after_av_section  avia-builder-el-last  image-dark-section-background avia-full-stretch avia-bg-style-scroll av-section-color-overlay-active av-minimum-height av-minimum-height-100 av-height-100  container_wrap sidebar_left'  data-section-bg-repeat='stretch' data-av_minimum_height_pc='100' data-av_min_height_opt='100'><div class=\"av-section-color-overlay-wrap\"><div class=\"av-section-color-overlay\"><\/div><div class='container av-section-cont-open' ><div class='template-page content  av-content-small units'><div class='post-entry post-entry-type-page post-entry-62041'><div class='entry-content-wrapper clearfix'>\n\n<style type=\"text\/css\" data-created_by=\"avia_inline_auto\" id=\"style-css-av-lv3iukeh-77e1761aa43e3c03ec02be5e60de0fac\">\n#top .av_textblock_section.av-lv3iukeh-77e1761aa43e3c03ec02be5e60de0fac .avia_textblock{\ncolor:#ffffff;\ntext-align:center;\n}\n<\/style>\n<section  class='av_textblock_section av-lv3iukeh-77e1761aa43e3c03ec02be5e60de0fac '   itemscope=\"itemscope\" itemtype=\"https:\/\/schema.org\/CreativeWork\" ><div class='avia_textblock image-dark-section-heading av_inherit_color'  itemprop=\"text\" ><h2 class=\"align-center\">Schwarzm\u00fcller telephelyek<\/h2>\n<p class=\"align-center\">Inform\u00e1ci\u00f3k a gy\u00e1rt\u00f3egys\u00e9geinkr\u0151l, k\u00e9pviseleteink szervizszolg\u00e1ltat\u00e1sair\u00f3l \u00e9s el\u00e9rhet\u0151s\u00e9geir\u0151l<\/p>\n<\/div><\/section>\n<div  class='avia-button-wrap av-lv3iv0to-0da2a7d3c5e3c3d8c671672ef339b8a4-wrap avia-button-center  avia-builder-el-9  el_after_av_textblock  avia-builder-el-last  button-filled-red'>\n<style type=\"text\/css\" data-created_by=\"avia_inline_auto\" id=\"style-css-av-lv3iv0to-0da2a7d3c5e3c3d8c671672ef339b8a4\">\n#top #wrap_all .avia-button.av-lv3iv0to-0da2a7d3c5e3c3d8c671672ef339b8a4{\nborder-style:none;\nborder-radius:0 0 0 0;\ntransition:all 0.4s ease-in-out;\nmargin:2rem 0 2rem 0;\npadding:1rem 2rem 1rem 2rem;\n}\n#top #wrap_all .avia-button.av-lv3iv0to-0da2a7d3c5e3c3d8c671672ef339b8a4:hover{\nbackground-color:white;\ncolor:black;\ntransition:all 0.4s ease-in-out;\n}\n#top #wrap_all.avia-button.av-lv3iv0to-0da2a7d3c5e3c3d8c671672ef339b8a4:hover .avia_button_background{\nborder-radius:0 0 0 0;\n}\n#top #wrap_all .avia-button.av-lv3iv0to-0da2a7d3c5e3c3d8c671672ef339b8a4:hover .avia-svg-icon svg:first-child{\nfill:black;\nstroke:black;\n}\n<\/style>\n<a href='https:\/\/schwarzmueller.com\/de\/unternehmen\/standorte\/'  class='avia-button av-lv3iv0to-0da2a7d3c5e3c3d8c671672ef339b8a4 av-link-btn avia-icon_select-no avia-size-medium avia-position-center avia-color-theme-color avia-font-color-white'   aria-label=\"Tudjon meg t\u00f6bbet\"><span class='avia_iconbox_title' >Tudjon meg t\u00f6bbet<\/span><\/a><\/div>\n<\/div><\/div><\/div><!-- close content main div --><\/div><\/div><\/div><div id='after_section_3'  class='main_color av_default_container_wrap container_wrap sidebar_left'  ><div class='container av-section-cont-open' ><div class='template-page content  av-content-small units'><div class='post-entry post-entry-type-page post-entry-62041'><div class='entry-content-wrapper clearfix'>\n","protected":false},"excerpt":{"rendered":"","protected":false},"author":6,"featured_media":0,"parent":64986,"menu_order":0,"comment_status":"closed","ping_status":"closed","template":"","meta":{"_acf_changed":false,"_relevanssi_hide_post":"","_relevanssi_hide_content":"","_relevanssi_pin_for_all":"","_relevanssi_pin_keywords":"","_relevanssi_unpin_keywords":"","_relevanssi_related_keywords":"","_relevanssi_related_include_ids":"","_relevanssi_related_exclude_ids":"","_relevanssi_related_no_append":"","_relevanssi_related_not_related":"","_relevanssi_related_posts":"51481,51551,51535,51506,51537,51521","_relevanssi_noindex_reason":"","footnotes":""},"class_list":["post-62041","page","type-page","status-publish","hentry"],"acf":[],"yoast_head":"<!-- This site is optimized with the Yoast SEO Premium plugin v26.4 (Yoast SEO v27.2) - https:\/\/yoast.com\/product\/yoast-seo-premium-wordpress\/ -->\n<title>Szervezet - Schwarzm\u00fcller<\/title>\n<meta name=\"robots\" content=\"index, follow, max-snippet:-1, max-image-preview:large, max-video-preview:-1\" \/>\n<link rel=\"canonical\" href=\"https:\/\/schwarzmueller.com\/hu\/vallalat\/szervezet\/\" \/>\n<meta property=\"og:locale\" content=\"hu_HU\" \/>\n<meta property=\"og:type\" content=\"article\" \/>\n<meta property=\"og:title\" content=\"Szervezet\" \/>\n<meta property=\"og:url\" content=\"https:\/\/schwarzmueller.com\/hu\/vallalat\/szervezet\/\" \/>\n<meta property=\"og:site_name\" content=\"Schwarzm\u00fcller\" \/>\n<meta property=\"article:modified_time\" content=\"2024-10-29T10:48:22+00:00\" \/>\n<meta property=\"og:image\" content=\"https:\/\/schwarzmueller.com\/wp-content\/uploads\/2024\/03\/csm_schwarzmueller-IAA-2022-tp-schubboden_60f424c13a.jpg\" \/>\n\t<meta property=\"og:image:width\" content=\"768\" \/>\n\t<meta property=\"og:image:height\" content=\"480\" \/>\n\t<meta property=\"og:image:type\" content=\"image\/jpeg\" \/>\n<meta name=\"twitter:card\" content=\"summary_large_image\" \/>\n<script type=\"application\/ld+json\" class=\"yoast-schema-graph\">{\"@context\":\"https:\/\/schema.org\",\"@graph\":[{\"@type\":\"WebPage\",\"@id\":\"https:\/\/schwarzmueller.com\/hu\/vallalat\/szervezet\/\",\"url\":\"https:\/\/schwarzmueller.com\/hu\/vallalat\/szervezet\/\",\"name\":\"Szervezet - Schwarzm\u00fcller\",\"isPartOf\":{\"@id\":\"https:\/\/schwarzmueller.com\/en\/#website\"},\"datePublished\":\"2024-04-04T09:19:35+00:00\",\"dateModified\":\"2024-10-29T10:48:22+00:00\",\"breadcrumb\":{\"@id\":\"https:\/\/schwarzmueller.com\/hu\/vallalat\/szervezet\/#breadcrumb\"},\"inLanguage\":\"hu\",\"potentialAction\":[{\"@type\":\"ReadAction\",\"target\":[\"https:\/\/schwarzmueller.com\/hu\/vallalat\/szervezet\/\"]}]},{\"@type\":\"BreadcrumbList\",\"@id\":\"https:\/\/schwarzmueller.com\/hu\/vallalat\/szervezet\/#breadcrumb\",\"itemListElement\":[{\"@type\":\"ListItem\",\"position\":1,\"name\":\"Home\",\"item\":\"https:\/\/schwarzmueller.com\/hu\/home-2\/\"},{\"@type\":\"ListItem\",\"position\":2,\"name\":\"V\u00e1llalat\",\"item\":\"https:\/\/schwarzmueller.com\/hu\/vallalat\/\"},{\"@type\":\"ListItem\",\"position\":3,\"name\":\"Szervezet\"}]},{\"@type\":\"WebSite\",\"@id\":\"https:\/\/schwarzmueller.com\/en\/#website\",\"url\":\"https:\/\/schwarzmueller.com\/en\/\",\"name\":\"Schwarzm\u00fcller | Intelligente Fahrzeuge\",\"description\":\"Ganz auf exzellente Fahrzeugtechnik gebaut\",\"publisher\":{\"@id\":\"https:\/\/schwarzmueller.com\/en\/#organization\"},\"alternateName\":\"Schwarzm\u00fcller\",\"potentialAction\":[{\"@type\":\"SearchAction\",\"target\":{\"@type\":\"EntryPoint\",\"urlTemplate\":\"https:\/\/schwarzmueller.com\/en\/?s={search_term_string}\"},\"query-input\":{\"@type\":\"PropertyValueSpecification\",\"valueRequired\":true,\"valueName\":\"search_term_string\"}}],\"inLanguage\":\"hu\"},{\"@type\":\"Organization\",\"@id\":\"https:\/\/schwarzmueller.com\/en\/#organization\",\"name\":\"Schwarzm\u00fcller\",\"url\":\"https:\/\/schwarzmueller.com\/en\/\",\"logo\":{\"@type\":\"ImageObject\",\"inLanguage\":\"hu\",\"@id\":\"https:\/\/schwarzmueller.com\/en\/#\/schema\/logo\/image\/\",\"url\":\"https:\/\/schwarzmueller.com\/wp-content\/uploads\/2024\/05\/sm_icon_logo.svg\",\"contentUrl\":\"https:\/\/schwarzmueller.com\/wp-content\/uploads\/2024\/05\/sm_icon_logo.svg\",\"width\":1,\"height\":1,\"caption\":\"Schwarzm\u00fcller\"},\"image\":{\"@id\":\"https:\/\/schwarzmueller.com\/en\/#\/schema\/logo\/image\/\"}}]}<\/script>\n<!-- \/ Yoast SEO Premium plugin. -->","yoast_head_json":{"title":"Szervezet - Schwarzm\u00fcller","robots":{"index":"index","follow":"follow","max-snippet":"max-snippet:-1","max-image-preview":"max-image-preview:large","max-video-preview":"max-video-preview:-1"},"canonical":"https:\/\/schwarzmueller.com\/hu\/vallalat\/szervezet\/","og_locale":"hu_HU","og_type":"article","og_title":"Szervezet","og_url":"https:\/\/schwarzmueller.com\/hu\/vallalat\/szervezet\/","og_site_name":"Schwarzm\u00fcller","article_modified_time":"2024-10-29T10:48:22+00:00","og_image":[{"width":768,"height":480,"url":"https:\/\/schwarzmueller.com\/wp-content\/uploads\/2024\/03\/csm_schwarzmueller-IAA-2022-tp-schubboden_60f424c13a.jpg","type":"image\/jpeg"}],"twitter_card":"summary_large_image","schema":{"@context":"https:\/\/schema.org","@graph":[{"@type":"WebPage","@id":"https:\/\/schwarzmueller.com\/hu\/vallalat\/szervezet\/","url":"https:\/\/schwarzmueller.com\/hu\/vallalat\/szervezet\/","name":"Szervezet - Schwarzm\u00fcller","isPartOf":{"@id":"https:\/\/schwarzmueller.com\/en\/#website"},"datePublished":"2024-04-04T09:19:35+00:00","dateModified":"2024-10-29T10:48:22+00:00","breadcrumb":{"@id":"https:\/\/schwarzmueller.com\/hu\/vallalat\/szervezet\/#breadcrumb"},"inLanguage":"hu","potentialAction":[{"@type":"ReadAction","target":["https:\/\/schwarzmueller.com\/hu\/vallalat\/szervezet\/"]}]},{"@type":"BreadcrumbList","@id":"https:\/\/schwarzmueller.com\/hu\/vallalat\/szervezet\/#breadcrumb","itemListElement":[{"@type":"ListItem","position":1,"name":"Home","item":"https:\/\/schwarzmueller.com\/hu\/home-2\/"},{"@type":"ListItem","position":2,"name":"V\u00e1llalat","item":"https:\/\/schwarzmueller.com\/hu\/vallalat\/"},{"@type":"ListItem","position":3,"name":"Szervezet"}]},{"@type":"WebSite","@id":"https:\/\/schwarzmueller.com\/en\/#website","url":"https:\/\/schwarzmueller.com\/en\/","name":"Schwarzm\u00fcller | Intelligente Fahrzeuge","description":"Ganz auf exzellente Fahrzeugtechnik gebaut","publisher":{"@id":"https:\/\/schwarzmueller.com\/en\/#organization"},"alternateName":"Schwarzm\u00fcller","potentialAction":[{"@type":"SearchAction","target":{"@type":"EntryPoint","urlTemplate":"https:\/\/schwarzmueller.com\/en\/?s={search_term_string}"},"query-input":{"@type":"PropertyValueSpecification","valueRequired":true,"valueName":"search_term_string"}}],"inLanguage":"hu"},{"@type":"Organization","@id":"https:\/\/schwarzmueller.com\/en\/#organization","name":"Schwarzm\u00fcller","url":"https:\/\/schwarzmueller.com\/en\/","logo":{"@type":"ImageObject","inLanguage":"hu","@id":"https:\/\/schwarzmueller.com\/en\/#\/schema\/logo\/image\/","url":"https:\/\/schwarzmueller.com\/wp-content\/uploads\/2024\/05\/sm_icon_logo.svg","contentUrl":"https:\/\/schwarzmueller.com\/wp-content\/uploads\/2024\/05\/sm_icon_logo.svg","width":1,"height":1,"caption":"Schwarzm\u00fcller"},"image":{"@id":"https:\/\/schwarzmueller.com\/en\/#\/schema\/logo\/image\/"}}]}},"_links":{"self":[{"href":"https:\/\/schwarzmueller.com\/hu\/wp-json\/wp\/v2\/pages\/62041","targetHints":{"allow":["GET"]}}],"collection":[{"href":"https:\/\/schwarzmueller.com\/hu\/wp-json\/wp\/v2\/pages"}],"about":[{"href":"https:\/\/schwarzmueller.com\/hu\/wp-json\/wp\/v2\/types\/page"}],"author":[{"embeddable":true,"href":"https:\/\/schwarzmueller.com\/hu\/wp-json\/wp\/v2\/users\/6"}],"replies":[{"embeddable":true,"href":"https:\/\/schwarzmueller.com\/hu\/wp-json\/wp\/v2\/comments?post=62041"}],"version-history":[{"count":3,"href":"https:\/\/schwarzmueller.com\/hu\/wp-json\/wp\/v2\/pages\/62041\/revisions"}],"predecessor-version":[{"id":81685,"href":"https:\/\/schwarzmueller.com\/hu\/wp-json\/wp\/v2\/pages\/62041\/revisions\/81685"}],"up":[{"embeddable":true,"href":"https:\/\/schwarzmueller.com\/hu\/wp-json\/wp\/v2\/pages\/64986"}],"wp:attachment":[{"href":"https:\/\/schwarzmueller.com\/hu\/wp-json\/wp\/v2\/media?parent=62041"}],"curies":[{"name":"wp","href":"https:\/\/api.w.org\/{rel}","templated":true}]}}