{"id":61856,"date":"2024-04-04T14:32:32","date_gmt":"2024-04-04T12:32:32","guid":{"rendered":"https:\/\/schwarzmueller.com\/szolgaltatasok\/finanszirozas\/"},"modified":"2024-07-12T19:10:11","modified_gmt":"2024-07-12T17:10:11","slug":"finanszirozas","status":"publish","type":"page","link":"https:\/\/schwarzmueller.com\/hu\/szolgaltatasok\/finanszirozas\/","title":{"rendered":"Finansz\u00edroz\u00e1s"},"content":{"rendered":"\n<style type=\"text\/css\" data-created_by=\"avia_inline_auto\" id=\"style-css-av-22y0r1j-20ea0d062b4622a61e44208647862fb2\">\n.avia-section.av-22y0r1j-20ea0d062b4622a61e44208647862fb2{\nbackground-repeat:no-repeat;\nbackground-image:url(https:\/\/schwarzmueller.com\/wp-content\/uploads\/2024\/04\/SM-Weltkugel-L1020680.jpg);\nbackground-position:50% 50%;\nbackground-attachment:scroll;\n}\n.avia-section.av-22y0r1j-20ea0d062b4622a61e44208647862fb2 .av-section-color-overlay{\nopacity:0.5;\nbackground-color:#0a0a0a;\n}\n<\/style>\n<div id='av_section_1'  class='avia-section av-22y0r1j-20ea0d062b4622a61e44208647862fb2 main_color avia-section-huge avia-no-border-styling  avia-builder-el-0  el_before_av_textblock  avia-builder-el-first  avia-full-stretch avia-bg-style-scroll av-section-color-overlay-active av-minimum-height av-minimum-height-custom av-height-custom  container_wrap sidebar_left'  data-section-bg-repeat='stretch' data-av_minimum_height_px='512'><div class=\"av-section-color-overlay-wrap\"><div class=\"av-section-color-overlay\"><\/div><div class='container av-section-cont-open' style='height:512px'><main  role=\"main\" itemprop=\"mainContentOfPage\"  class='template-page content  av-content-small units'><div class='post-entry post-entry-type-page post-entry-61856'><div class='entry-content-wrapper clearfix'>\n\n<style type=\"text\/css\" data-created_by=\"avia_inline_auto\" id=\"style-css-av-lv2faaqz-6bc62407e42b1f5284f0e33425248ac0\">\n#top .av_textblock_section.av-lv2faaqz-6bc62407e42b1f5284f0e33425248ac0 .avia_textblock{\ncolor:#ffffff;\n}\n<\/style>\n<section  class='av_textblock_section av-lv2faaqz-6bc62407e42b1f5284f0e33425248ac0 '   itemscope=\"itemscope\" itemtype=\"https:\/\/schema.org\/CreativeWork\" ><div class='avia_textblock hero-title av_inherit_color'  itemprop=\"text\" ><h1>Finansz\u00edroz\u00e1s<\/h1>\n<\/div><\/section>\n<\/div><\/div><\/main><!-- close content main element --><\/div><\/div><\/div><div id='after_section_1'  class='main_color av_default_container_wrap container_wrap sidebar_left'  ><div class='container av-section-cont-open' ><div class='template-page content  av-content-small units'><div class='post-entry post-entry-type-page post-entry-61856'><div class='entry-content-wrapper clearfix'>\n<section  class='av_textblock_section av-kc5kp3-a610e67c35a581c0f98891e66b9de9cf '   itemscope=\"itemscope\" itemtype=\"https:\/\/schema.org\/CreativeWork\" ><div class='avia_textblock sch-breadcrumb'  itemprop=\"text\" ><div class=\"breadcrumb breadcrumbs avia-breadcrumbs\"><div class=\"breadcrumb-trail\" ><span class=\"trail-before\"><span class=\"breadcrumb-title\">\u00d6n itt \u00e1ll:<\/span><\/span> <span  itemscope=\"itemscope\" itemtype=\"https:\/\/schema.org\/BreadcrumbList\" ><span  itemscope=\"itemscope\" itemtype=\"https:\/\/schema.org\/ListItem\" itemprop=\"itemListElement\" ><a itemprop=\"url\" href=\"https:\/\/schwarzmueller.com\/hu\/\" title=\"Schwarzm\u00fcller\" rel=\"home\" class=\"trail-begin\"><span itemprop=\"name\">Kezd\u0151lap<\/span><\/a><span itemprop=\"position\" class=\"hidden\">1<\/span><\/span><\/span><\/div><\/div>\n<\/div><\/section>\n<\/div><\/div><\/div><!-- close content main div --><\/div><\/div><div id='av_section_2'  class='avia-section av-1t4s9tz-8fd5210341606b1f8e03ef304ba6200b main_color avia-section-huge avia-no-border-styling  avia-builder-el-3  el_after_av_textblock  avia-builder-el-last  avia-bg-style-scroll container_wrap sidebar_left'  ><div class='container av-section-cont-open' ><div class='template-page content  av-content-small units'><div class='post-entry post-entry-type-page post-entry-61856'><div class='entry-content-wrapper clearfix'>\n<div class='flex_column_table av-16tzdqf-b0bccb2166f78852f31798bb240de421 sc-av_one_half av-equal-height-column-flextable'><div  class='flex_column av-16tzdqf-b0bccb2166f78852f31798bb240de421 av_one_half  avia-builder-el-4  el_before_av_one_half  avia-builder-el-first  first flex_column_table_cell av-equal-height-column av-align-top  '     ><style type=\"text\/css\" data-created_by=\"avia_inline_auto\" id=\"style-css-av-lv2fak7p-db6ef86c570bf8b4f188da810685dced\">\n#top .av_textblock_section.av-lv2fak7p-db6ef86c570bf8b4f188da810685dced .avia_textblock{\ntext-align:left;\n}\n<\/style>\n<section  class='av_textblock_section av-lv2fak7p-db6ef86c570bf8b4f188da810685dced '   itemscope=\"itemscope\" itemtype=\"https:\/\/schema.org\/CreativeWork\" ><div class='avia_textblock image-dark-section-title'  itemprop=\"text\" ><h2 class=\"schwa-h4\"><strong>L\u00edzingeljen k\u00f6nnyed\u00e9n!<\/strong><\/h2>\n<\/div><\/section><br \/>\n\n<style type=\"text\/css\" data-created_by=\"avia_inline_auto\" id=\"style-css-av-lv2fb2jc-390abb1a45f8cef8ee85f3e8fa27f561\">\n#top .av_textblock_section.av-lv2fb2jc-390abb1a45f8cef8ee85f3e8fa27f561 .avia_textblock{\ntext-align:left;\n}\n<\/style>\n<section  class='av_textblock_section av-lv2fb2jc-390abb1a45f8cef8ee85f3e8fa27f561 '   itemscope=\"itemscope\" itemtype=\"https:\/\/schema.org\/CreativeWork\" ><div class='avia_textblock image-dark-section-title'  itemprop=\"text\" ><p><strong>Intelligens, rugalmas l\u00edzingmegold\u00e1sok a Schwarzm\u00fcllert\u0151l.<\/strong><\/p>\n<p>A Schwarzm\u00fcller l\u00edzingszolg\u00e1ltat\u00e1sai az alapvet\u0151 anyagi rugalmass\u00e1got k\u00edn\u00e1lj\u00e1k v\u00e1llalkoz\u00e1s\u00e1nak. A Schwarzm\u00fcller Financial Service-nek \u00e9s c\u00e9g\u00fcnk k\u00fcls\u0151 p\u00e9nz\u00fcgyi partnereinek finansz\u00edroz\u00e1s\u00e1val \u00d6n az ig\u00e9nyeinek megfelel\u0151en v\u00e1laszthat l\u00edzing vagy b\u00e9rleti konstrukci\u00f3ink k\u00f6z\u00fcl. Ezek nyilv\u00e1nval\u00f3 el\u0151nye, hogy vev\u0151ink mindv\u00e9gig \u00e1tl\u00e1that\u00f3, egyszer\u0171en tervezhet\u0151 k\u00f6lts\u00e9gek mellett juthatnak min\u0151s\u00e9gi Schwarzm\u00fcller term\u00e9khez. A meg\u00e1llapod\u00e1s karbantart\u00e1si szerz\u0151d\u00e9ssel vagy an\u00e9lk\u00fcl is ig\u00e9nybe vehet\u0151.<\/p>\n<p>Minden a terv szerint! A k\u00f6lcs\u00f6n\u00f6s megegyez\u00e9s alapj\u00e1n kialak\u00edtott t\u00f6rleszt\u0151r\u00e9szletek megb\u00edzhat\u00f3 p\u00e9nz\u00fcgyi tervez\u00e9st tesznek lehet\u0151v\u00e9. A Schwarzm\u00fcller egyedi kialak\u00edt\u00e1s\u00fa, v\u00e1ltoz\u00f3 futamid\u0151kkel \u00e9s el\u0151ny\u00f6s kamatokkal j\u00e1r\u00f3 finansz\u00edroz\u00e1si konstrukci\u00f3kat k\u00edn\u00e1l \u00d6nnek. A szerz\u0151d\u00e9si peri\u00f3dus v\u00e9g\u00e9n a j\u00e1rm\u0171 megv\u00e1s\u00e1rolhat\u00f3, vagy ak\u00e1r egy \u00fajabbra is cser\u00e9lhet\u0151.<\/p>\n<p>\u00d6n rendelkez\u00e9s\u00e9re, ha tan\u00e1csad\u00e1sra lenne sz\u00fcks\u00e9ge, vagy szeretn\u00e9 megismerni aktu\u00e1lis aj\u00e1nlatainkat.<\/p>\n<\/div><\/section><br \/>\n<div  class='avia-button-wrap av-lv2fblf5-67483a5105d0abb6b196af6ef355f130-wrap avia-button-left  avia-builder-el-7  el_after_av_textblock  avia-builder-el-last  button-filled-red'>\n<style type=\"text\/css\" data-created_by=\"avia_inline_auto\" id=\"style-css-av-lv2fblf5-67483a5105d0abb6b196af6ef355f130\">\n#top #wrap_all .avia-button.av-lv2fblf5-67483a5105d0abb6b196af6ef355f130{\nborder-style:none;\nborder-radius:0 0 0 0;\ntransition:all 0.4s ease-in-out;\nmargin:3rem 0 0 0;\npadding:1rem 2rem 1rem 2rem;\n}\n#top #wrap_all .avia-button.av-lv2fblf5-67483a5105d0abb6b196af6ef355f130:hover{\nbackground-color:white;\ncolor:black;\ntransition:all 0.4s ease-in-out;\n}\n#top #wrap_all.avia-button.av-lv2fblf5-67483a5105d0abb6b196af6ef355f130:hover .avia_button_background{\nborder-radius:0 0 0 0;\n}\n#top #wrap_all .avia-button.av-lv2fblf5-67483a5105d0abb6b196af6ef355f130:hover .avia-svg-icon svg:first-child{\nfill:black;\nstroke:black;\n}\n<\/style>\n<a href='https:\/\/schwarzmueller.com\/de\/info-und-kontakt\/kontakt\/'  class='avia-button av-lv2fblf5-67483a5105d0abb6b196af6ef355f130 av-link-btn avia-icon_select-no avia-size-medium avia-position-left avia-color-theme-color avia-font-color-white'   aria-label=\"Kapcsolat\"><span class='avia_iconbox_title' >Kapcsolat<\/span><\/a><\/div><\/p><\/div><div class='av-flex-placeholder'><\/div><div  class='flex_column av-mppkbr-a6f8e649e63b48fc876905f0970ed76e av_one_half  avia-builder-el-8  el_after_av_one_half  avia-builder-el-last  flex_column_table_cell av-equal-height-column av-align-top  '     ><style type=\"text\/css\" data-created_by=\"avia_inline_auto\" id=\"style-css-av-lv2fc3mp-6c0ab04bc038b1d3ef4bdd9622655068\">\n.avia-image-container.av-lv2fc3mp-6c0ab04bc038b1d3ef4bdd9622655068 img.avia_image{\nbox-shadow:none;\n}\n.avia-image-container.av-lv2fc3mp-6c0ab04bc038b1d3ef4bdd9622655068 .av-image-caption-overlay-center{\ncolor:#ffffff;\n}\n<\/style>\n<div  class='avia-image-container av-lv2fc3mp-6c0ab04bc038b1d3ef4bdd9622655068 av-styling- avia-align-center  avia-builder-el-9  avia-builder-el-no-sibling '   itemprop=\"image\" itemscope=\"itemscope\" itemtype=\"https:\/\/schema.org\/ImageObject\" ><div class=\"avia-image-container-inner\"><div class=\"avia-image-overlay-wrap\"><img decoding=\"async\" fetchpriority=\"high\" class='wp-image-41083 avia-img-lazy-loading-not-41083 avia_image ' src=\"https:\/\/schwarzmueller.com\/wp-content\/uploads\/2024\/04\/8_produktgruppen_oktober2020.jpg\" alt='' title='8_produktgruppen_oktober2020'  height=\"832\" width=\"679\"  itemprop=\"thumbnailUrl\" srcset=\"https:\/\/schwarzmueller.com\/wp-content\/uploads\/2024\/04\/8_produktgruppen_oktober2020.jpg 679w, https:\/\/schwarzmueller.com\/wp-content\/uploads\/2024\/04\/8_produktgruppen_oktober2020-245x300.jpg 245w, https:\/\/schwarzmueller.com\/wp-content\/uploads\/2024\/04\/8_produktgruppen_oktober2020-575x705.jpg 575w\" sizes=\"(max-width: 679px) 100vw, 679px\" \/><\/div><\/div><\/div><\/div><\/div><!--close column table wrapper. Autoclose: 1 -->\n<\/div><\/div><\/div><!-- close content main div --><\/div><\/div><div id='after_section_2'  class='main_color av_default_container_wrap container_wrap sidebar_left'  ><div class='container av-section-cont-open' ><div class='template-page content  av-content-small units'><div class='post-entry post-entry-type-page post-entry-61856'><div class='entry-content-wrapper clearfix'>\n","protected":false},"excerpt":{"rendered":"","protected":false},"author":6,"featured_media":0,"parent":59793,"menu_order":0,"comment_status":"closed","ping_status":"closed","template":"","meta":{"_acf_changed":false,"_relevanssi_hide_post":"","_relevanssi_hide_content":"","_relevanssi_pin_for_all":"","_relevanssi_pin_keywords":"","_relevanssi_unpin_keywords":"","_relevanssi_related_keywords":"","_relevanssi_related_include_ids":"","_relevanssi_related_exclude_ids":"","_relevanssi_related_no_append":"","_relevanssi_related_not_related":"","_relevanssi_related_posts":"","_relevanssi_noindex_reason":"","footnotes":""},"class_list":["post-61856","page","type-page","status-publish","hentry"],"acf":[],"yoast_head":"<!-- This site is optimized with the Yoast SEO Premium plugin v26.4 (Yoast SEO v27.2) - https:\/\/yoast.com\/product\/yoast-seo-premium-wordpress\/ -->\n<title>Finansz\u00edroz\u00e1s - Schwarzm\u00fcller<\/title>\n<meta name=\"robots\" content=\"index, follow, max-snippet:-1, max-image-preview:large, max-video-preview:-1\" \/>\n<link rel=\"canonical\" href=\"https:\/\/schwarzmueller.com\/hu\/szolgaltatasok\/finanszirozas\/\" \/>\n<meta property=\"og:locale\" content=\"hu_HU\" \/>\n<meta property=\"og:type\" content=\"article\" \/>\n<meta property=\"og:title\" content=\"Finansz\u00edroz\u00e1s\" \/>\n<meta property=\"og:url\" content=\"https:\/\/schwarzmueller.com\/hu\/szolgaltatasok\/finanszirozas\/\" \/>\n<meta property=\"og:site_name\" content=\"Schwarzm\u00fcller\" \/>\n<meta property=\"article:modified_time\" content=\"2024-07-12T17:10:11+00:00\" \/>\n<meta property=\"og:image\" content=\"https:\/\/schwarzmueller.com\/wp-content\/uploads\/2024\/03\/csm_schwarzmueller-IAA-2022-tp-schubboden_60f424c13a.jpg\" \/>\n\t<meta property=\"og:image:width\" content=\"768\" \/>\n\t<meta property=\"og:image:height\" content=\"480\" \/>\n\t<meta property=\"og:image:type\" content=\"image\/jpeg\" \/>\n<meta name=\"twitter:card\" content=\"summary_large_image\" \/>\n<meta name=\"twitter:label1\" content=\"Becs\u00fclt olvas\u00e1si id\u0151\" \/>\n\t<meta name=\"twitter:data1\" content=\"15 perc\" \/>\n<script type=\"application\/ld+json\" class=\"yoast-schema-graph\">{\"@context\":\"https:\/\/schema.org\",\"@graph\":[{\"@type\":\"WebPage\",\"@id\":\"https:\/\/schwarzmueller.com\/hu\/szolgaltatasok\/finanszirozas\/\",\"url\":\"https:\/\/schwarzmueller.com\/hu\/szolgaltatasok\/finanszirozas\/\",\"name\":\"Finansz\u00edroz\u00e1s - Schwarzm\u00fcller\",\"isPartOf\":{\"@id\":\"https:\/\/schwarzmueller.com\/en\/#website\"},\"datePublished\":\"2024-04-04T12:32:32+00:00\",\"dateModified\":\"2024-07-12T17:10:11+00:00\",\"breadcrumb\":{\"@id\":\"https:\/\/schwarzmueller.com\/hu\/szolgaltatasok\/finanszirozas\/#breadcrumb\"},\"inLanguage\":\"hu\",\"potentialAction\":[{\"@type\":\"ReadAction\",\"target\":[\"https:\/\/schwarzmueller.com\/hu\/szolgaltatasok\/finanszirozas\/\"]}]},{\"@type\":\"BreadcrumbList\",\"@id\":\"https:\/\/schwarzmueller.com\/hu\/szolgaltatasok\/finanszirozas\/#breadcrumb\",\"itemListElement\":[{\"@type\":\"ListItem\",\"position\":1,\"name\":\"Home\",\"item\":\"https:\/\/schwarzmueller.com\/hu\/home-2\/\"},{\"@type\":\"ListItem\",\"position\":2,\"name\":\"Szolg\u00e1ltat\u00e1sok\",\"item\":\"https:\/\/schwarzmueller.com\/hu\/szolgaltatasok\/\"},{\"@type\":\"ListItem\",\"position\":3,\"name\":\"Finansz\u00edroz\u00e1s\"}]},{\"@type\":\"WebSite\",\"@id\":\"https:\/\/schwarzmueller.com\/en\/#website\",\"url\":\"https:\/\/schwarzmueller.com\/en\/\",\"name\":\"Schwarzm\u00fcller | Intelligente Fahrzeuge\",\"description\":\"Ganz auf exzellente Fahrzeugtechnik gebaut\",\"publisher\":{\"@id\":\"https:\/\/schwarzmueller.com\/en\/#organization\"},\"alternateName\":\"Schwarzm\u00fcller\",\"potentialAction\":[{\"@type\":\"SearchAction\",\"target\":{\"@type\":\"EntryPoint\",\"urlTemplate\":\"https:\/\/schwarzmueller.com\/en\/?s={search_term_string}\"},\"query-input\":{\"@type\":\"PropertyValueSpecification\",\"valueRequired\":true,\"valueName\":\"search_term_string\"}}],\"inLanguage\":\"hu\"},{\"@type\":\"Organization\",\"@id\":\"https:\/\/schwarzmueller.com\/en\/#organization\",\"name\":\"Schwarzm\u00fcller\",\"url\":\"https:\/\/schwarzmueller.com\/en\/\",\"logo\":{\"@type\":\"ImageObject\",\"inLanguage\":\"hu\",\"@id\":\"https:\/\/schwarzmueller.com\/en\/#\/schema\/logo\/image\/\",\"url\":\"https:\/\/schwarzmueller.com\/wp-content\/uploads\/2024\/05\/sm_icon_logo.svg\",\"contentUrl\":\"https:\/\/schwarzmueller.com\/wp-content\/uploads\/2024\/05\/sm_icon_logo.svg\",\"width\":1,\"height\":1,\"caption\":\"Schwarzm\u00fcller\"},\"image\":{\"@id\":\"https:\/\/schwarzmueller.com\/en\/#\/schema\/logo\/image\/\"}}]}<\/script>\n<!-- \/ Yoast SEO Premium plugin. -->","yoast_head_json":{"title":"Finansz\u00edroz\u00e1s - Schwarzm\u00fcller","robots":{"index":"index","follow":"follow","max-snippet":"max-snippet:-1","max-image-preview":"max-image-preview:large","max-video-preview":"max-video-preview:-1"},"canonical":"https:\/\/schwarzmueller.com\/hu\/szolgaltatasok\/finanszirozas\/","og_locale":"hu_HU","og_type":"article","og_title":"Finansz\u00edroz\u00e1s","og_url":"https:\/\/schwarzmueller.com\/hu\/szolgaltatasok\/finanszirozas\/","og_site_name":"Schwarzm\u00fcller","article_modified_time":"2024-07-12T17:10:11+00:00","og_image":[{"width":768,"height":480,"url":"https:\/\/schwarzmueller.com\/wp-content\/uploads\/2024\/03\/csm_schwarzmueller-IAA-2022-tp-schubboden_60f424c13a.jpg","type":"image\/jpeg"}],"twitter_card":"summary_large_image","twitter_misc":{"Becs\u00fclt olvas\u00e1si id\u0151":"15 perc"},"schema":{"@context":"https:\/\/schema.org","@graph":[{"@type":"WebPage","@id":"https:\/\/schwarzmueller.com\/hu\/szolgaltatasok\/finanszirozas\/","url":"https:\/\/schwarzmueller.com\/hu\/szolgaltatasok\/finanszirozas\/","name":"Finansz\u00edroz\u00e1s - Schwarzm\u00fcller","isPartOf":{"@id":"https:\/\/schwarzmueller.com\/en\/#website"},"datePublished":"2024-04-04T12:32:32+00:00","dateModified":"2024-07-12T17:10:11+00:00","breadcrumb":{"@id":"https:\/\/schwarzmueller.com\/hu\/szolgaltatasok\/finanszirozas\/#breadcrumb"},"inLanguage":"hu","potentialAction":[{"@type":"ReadAction","target":["https:\/\/schwarzmueller.com\/hu\/szolgaltatasok\/finanszirozas\/"]}]},{"@type":"BreadcrumbList","@id":"https:\/\/schwarzmueller.com\/hu\/szolgaltatasok\/finanszirozas\/#breadcrumb","itemListElement":[{"@type":"ListItem","position":1,"name":"Home","item":"https:\/\/schwarzmueller.com\/hu\/home-2\/"},{"@type":"ListItem","position":2,"name":"Szolg\u00e1ltat\u00e1sok","item":"https:\/\/schwarzmueller.com\/hu\/szolgaltatasok\/"},{"@type":"ListItem","position":3,"name":"Finansz\u00edroz\u00e1s"}]},{"@type":"WebSite","@id":"https:\/\/schwarzmueller.com\/en\/#website","url":"https:\/\/schwarzmueller.com\/en\/","name":"Schwarzm\u00fcller | Intelligente Fahrzeuge","description":"Ganz auf exzellente Fahrzeugtechnik gebaut","publisher":{"@id":"https:\/\/schwarzmueller.com\/en\/#organization"},"alternateName":"Schwarzm\u00fcller","potentialAction":[{"@type":"SearchAction","target":{"@type":"EntryPoint","urlTemplate":"https:\/\/schwarzmueller.com\/en\/?s={search_term_string}"},"query-input":{"@type":"PropertyValueSpecification","valueRequired":true,"valueName":"search_term_string"}}],"inLanguage":"hu"},{"@type":"Organization","@id":"https:\/\/schwarzmueller.com\/en\/#organization","name":"Schwarzm\u00fcller","url":"https:\/\/schwarzmueller.com\/en\/","logo":{"@type":"ImageObject","inLanguage":"hu","@id":"https:\/\/schwarzmueller.com\/en\/#\/schema\/logo\/image\/","url":"https:\/\/schwarzmueller.com\/wp-content\/uploads\/2024\/05\/sm_icon_logo.svg","contentUrl":"https:\/\/schwarzmueller.com\/wp-content\/uploads\/2024\/05\/sm_icon_logo.svg","width":1,"height":1,"caption":"Schwarzm\u00fcller"},"image":{"@id":"https:\/\/schwarzmueller.com\/en\/#\/schema\/logo\/image\/"}}]}},"_links":{"self":[{"href":"https:\/\/schwarzmueller.com\/hu\/wp-json\/wp\/v2\/pages\/61856","targetHints":{"allow":["GET"]}}],"collection":[{"href":"https:\/\/schwarzmueller.com\/hu\/wp-json\/wp\/v2\/pages"}],"about":[{"href":"https:\/\/schwarzmueller.com\/hu\/wp-json\/wp\/v2\/types\/page"}],"author":[{"embeddable":true,"href":"https:\/\/schwarzmueller.com\/hu\/wp-json\/wp\/v2\/users\/6"}],"replies":[{"embeddable":true,"href":"https:\/\/schwarzmueller.com\/hu\/wp-json\/wp\/v2\/comments?post=61856"}],"version-history":[{"count":5,"href":"https:\/\/schwarzmueller.com\/hu\/wp-json\/wp\/v2\/pages\/61856\/revisions"}],"predecessor-version":[{"id":61872,"href":"https:\/\/schwarzmueller.com\/hu\/wp-json\/wp\/v2\/pages\/61856\/revisions\/61872"}],"up":[{"embeddable":true,"href":"https:\/\/schwarzmueller.com\/hu\/wp-json\/wp\/v2\/pages\/59793"}],"wp:attachment":[{"href":"https:\/\/schwarzmueller.com\/hu\/wp-json\/wp\/v2\/media?parent=61856"}],"curies":[{"name":"wp","href":"https:\/\/api.w.org\/{rel}","templated":true}]}}