{"id":61379,"date":"2024-02-16T11:29:27","date_gmt":"2024-02-16T10:29:27","guid":{"rendered":"https:\/\/schwarzmueller.com\/szolgaltatasok\/szervizmuehelyek-keresese\/"},"modified":"2025-01-20T07:21:56","modified_gmt":"2025-01-20T06:21:56","slug":"szervizmuehelyek-keresese","status":"publish","type":"page","link":"https:\/\/schwarzmueller.com\/hu\/szolgaltatasok\/szervizmuehelyek-keresese\/","title":{"rendered":"Szervizm\u0171helyek keres\u00e9se"},"content":{"rendered":"\n<style type=\"text\/css\" data-created_by=\"avia_inline_auto\" id=\"style-css-av-lv2cnmd9-2a8da3537253a72ec74afa9afdacf6dd\">\n.avia-section.av-lv2cnmd9-2a8da3537253a72ec74afa9afdacf6dd{\nbackground-repeat:no-repeat;\nbackground-image:url(https:\/\/schwarzmueller.com\/wp-content\/uploads\/2024\/04\/SM-Punktschweisser-MPS00631.jpg);\nbackground-position:50% 50%;\nbackground-attachment:scroll;\n}\n.avia-section.av-lv2cnmd9-2a8da3537253a72ec74afa9afdacf6dd .av-section-color-overlay{\nopacity:0.5;\nbackground-color:#0a0a0a;\n}\n<\/style>\n<div id='av_section_1'  class='avia-section av-lv2cnmd9-2a8da3537253a72ec74afa9afdacf6dd main_color avia-section-huge avia-no-border-styling  avia-builder-el-0  el_before_av_textblock  avia-builder-el-first  avia-full-stretch avia-bg-style-scroll av-section-color-overlay-active av-minimum-height av-minimum-height-custom av-height-custom  container_wrap sidebar_left'  data-section-bg-repeat='stretch' data-av_minimum_height_px='512'><div class=\"av-section-color-overlay-wrap\"><div class=\"av-section-color-overlay\"><\/div><div class='container av-section-cont-open' style='height:512px'><main  role=\"main\" itemprop=\"mainContentOfPage\"  class='template-page content  av-content-small units'><div class='post-entry post-entry-type-page post-entry-61379'><div class='entry-content-wrapper clearfix'>\n\n<style type=\"text\/css\" data-created_by=\"avia_inline_auto\" id=\"style-css-av-lv2bw1rn-c9785b797d7e6b75f0a0c74b6be31c42\">\n#top .av_textblock_section.av-lv2bw1rn-c9785b797d7e6b75f0a0c74b6be31c42 .avia_textblock{\ncolor:#ffffff;\ntext-align:center;\n}\n<\/style>\n<section  class='av_textblock_section av-lv2bw1rn-c9785b797d7e6b75f0a0c74b6be31c42 '   itemscope=\"itemscope\" itemtype=\"https:\/\/schema.org\/CreativeWork\" ><div class='avia_textblock hero-title av_inherit_color'  itemprop=\"text\" ><h1>K\u00f6zel \u00fcgyfeleinkhez, 21 orsz\u00e1gban<\/h1>\n<div class=\"headline\">\n<p>Az \u00d6n pr\u00e9miumj\u00e1rm\u0171v\u00e9nek optim\u00e1lis karbantart\u00e1s\u00e1hoz: Schwarzm\u00fcller szerv\u00edzh\u00e1l\u00f3zat K\u00f6z\u00e9p- \u00e9s Keleteur\u00f3pa minden jelent\u0151s tranzit\u00fatvonal\u00e1n<\/p>\n<\/div>\n<\/div><\/section>\n<div  class='avia-button-wrap av-3wjft-4adad0e474b1d3fc05fba3fcfef52e37-wrap avia-button-left  avia-builder-el-2  el_after_av_textblock  avia-builder-el-last  button-filled-red'>\n<style type=\"text\/css\" data-created_by=\"avia_inline_auto\" id=\"style-css-av-3wjft-4adad0e474b1d3fc05fba3fcfef52e37\">\n#top #wrap_all .avia-button.av-3wjft-4adad0e474b1d3fc05fba3fcfef52e37{\nborder-style:none;\nborder-radius:0 0 0 0;\ntransition:all 0.4s ease-in-out;\nmargin:2rem 0 2rem 0;\npadding:1rem 2rem 1rem 2rem;\n}\n#top #wrap_all .avia-button.av-3wjft-4adad0e474b1d3fc05fba3fcfef52e37:hover{\nbackground-color:white;\ncolor:black;\ntransition:all 0.4s ease-in-out;\n}\n#top #wrap_all.avia-button.av-3wjft-4adad0e474b1d3fc05fba3fcfef52e37:hover .avia_button_background{\nborder-radius:0 0 0 0;\n}\n#top #wrap_all .avia-button.av-3wjft-4adad0e474b1d3fc05fba3fcfef52e37:hover .avia-svg-icon svg:first-child{\nfill:black;\nstroke:black;\n}\n<\/style>\n<a href='https:\/\/schwarzmueller.com\/hu\/szolgaltatasok\/szervizmuehelyek-keresese\/#karte'  class='avia-button av-3wjft-4adad0e474b1d3fc05fba3fcfef52e37 av-link-btn avia-icon_select-no avia-size-medium avia-position-left avia-color-theme-color avia-font-color-white'   aria-label=\"T\u00e9rk\u00e9p megjelen\u00edt\u00e9se\"><span class='avia_iconbox_title' >T\u00e9rk\u00e9p megjelen\u00edt\u00e9se<\/span><\/a><\/div>\n<\/div><\/div><\/main><!-- close content main element --><\/div><\/div><\/div><div id='after_section_1'  class='main_color av_default_container_wrap container_wrap sidebar_left'  ><div class='container av-section-cont-open' ><div class='template-page content  av-content-small units'><div class='post-entry post-entry-type-page post-entry-61379'><div class='entry-content-wrapper clearfix'>\n<section  class='av_textblock_section av-tvn5-6b11df157f066ff76c57a5d7ce7e417e '   itemscope=\"itemscope\" itemtype=\"https:\/\/schema.org\/CreativeWork\" ><div class='avia_textblock sch-breadcrumb'  itemprop=\"text\" ><div class=\"breadcrumb breadcrumbs avia-breadcrumbs\"><div class=\"breadcrumb-trail\" ><span class=\"trail-before\"><span class=\"breadcrumb-title\">\u00d6n itt \u00e1ll:<\/span><\/span> <span  itemscope=\"itemscope\" itemtype=\"https:\/\/schema.org\/BreadcrumbList\" ><span  itemscope=\"itemscope\" itemtype=\"https:\/\/schema.org\/ListItem\" itemprop=\"itemListElement\" ><a itemprop=\"url\" href=\"https:\/\/schwarzmueller.com\/hu\/\" title=\"Schwarzm\u00fcller\" rel=\"home\" class=\"trail-begin\"><span itemprop=\"name\">Kezd\u0151lap<\/span><\/a><span itemprop=\"position\" class=\"hidden\">1<\/span><\/span><\/span><\/div><\/div>\n<\/div><\/section>\n<\/div><\/div><\/div><!-- close content main div --><\/div><\/div><div id='karte'  class='avia-section av-lw7zq103-03d33e6c204227668d794c84a7d595ed main_color avia-section-no-padding avia-no-border-styling  avia-builder-el-4  el_after_av_textblock  el_before_av_section  wpsl-store-container avia-bg-style-scroll container_wrap sidebar_left'  ><div class='container av-section-cont-open' ><div class='template-page content  av-content-small units'><div class='post-entry post-entry-type-page post-entry-61379'><div class='entry-content-wrapper clearfix'>\n<section  class='av_textblock_section av-vtl29x-517178cc1be2459a7a8a5a697e2a282a '   itemscope=\"itemscope\" itemtype=\"https:\/\/schema.org\/CreativeWork\" ><div class='avia_textblock'  itemprop=\"text\" ><style>\r\n\t#wpsl-stores .wpsl-store-thumb {height:45px !important; width:45px !important;}\r\n\t#wpsl-stores, #wpsl-direction-details, #wpsl-gmap {height:600px !important;}\r\n\t#wpsl-gmap .wpsl-info-window {max-width:325px !important;}\r\n\t.wpsl-input label, #wpsl-radius label, #wpsl-category label {width:95px;}\r\n\t#wpsl-search-input  {width:179px;}\r\n<\/style>\r\n<div class=\"sch-result-store-wrapper\"><div id=\"wpsl-gmap\" class=\"wpsl-gmap-canvas\"><\/div>\r\n<div class=\"sch-result-store-flex\"><div id=\"wpsl-wrap\" style=\"overflow:visible;\">\r\n<div class=\"wpsl-search wpsl-clearfix \">\r\n<div>\r\n<h2 class=\"schwa-h5\">Szolg\u00e1ltat\u00e1s az \u00d6n szomsz\u00e9ds\u00e1g\u00e1ban<\/h2>\r\n<p>Ahhoz, hogy Schwarzm\u00fcller j\u00e1rm\u0171ve t\u00f6k\u00e9letes \u00e1llapotban maradjon, eg\u00e9sz Eur\u00f3p\u00e1ra kiterjed\u0151 szervizh\u00e1l\u00f3zatot k\u00edn\u00e1lunk \u00d6nnek.<\/p>\r\n<\/div>\r\n<div id=\"wpsl-search-wrap\">\r\n<form autocomplete=\"off\">\r\n<div class=\"wpsl-input\">\r\n<input id=\"wpsl-search-input\" placeholder=\"PLZ eingeben\" type=\"text\" value=\"\" name=\"wpsl-search-input\" placeholder=\"\" aria-required=\"true\" \/>\r\n<\/div>\r\n<div class=\"wpsl-select-wrap\">\r\n<div id=\"wpsl-radius\">\r\n<label for=\"wpsl-radius-dropdown\">Keres\u00e9s hat\u00f3sugara:\t\t\t<\/label>\r\n<select id=\"wpsl-radius-dropdown\" class=\"wpsl-dropdown\" name=\"wpsl-radius\">\r\n<option value=\"50\">50 km<\/option><option value=\"100\">100 km<\/option><option value=\"200\">200 km<\/option><option selected=\"selected\" value=\"400\">400 km<\/option>\r\n<\/select>\r\n<\/div>\r\n<div id=\"wpsl-results\">\r\n<label for=\"wpsl-results-dropdown\">Megjelen\u00edtett eredm\u00e9nyek: <\/label>\r\n<select id=\"wpsl-results-dropdown\" class=\"wpsl-dropdown\" name=\"wpsl-results\">\r\n<option value=\"25\">25<\/option><option value=\"50\">50<\/option><option selected=\"selected\" value=\"100\">100<\/option>\r\n<\/select>\r\n<\/div>\r\n<\/div>\r\n<div class=\"wpsl-search-btn-wrap\"><input id=\"wpsl-search-btn\" type=\"submit\" value=\"Keres\u00e9s\"><\/div>\r\n<\/form>\r\n<\/div>\r\n<\/div>\r\n<\/div>\r\n<div id=\"wpsl-result-list\">\r\n<div id=\"wpsl-stores\" >\r\n<ul><\/ul>\r\n<\/div>\r\n<div id=\"wpsl-direction-details\">\r\n<ul><\/ul>\r\n<\/div>\r\n<\/div>\r\n<\/div><\/div><\/div>\r\n\n<\/div><\/section>\n\n<\/div><\/div><\/div><!-- close content main div --><\/div><\/div>\n<style type=\"text\/css\" data-created_by=\"avia_inline_auto\" id=\"style-css-av-lv2bzubd-8bf2abaf334c038fb42364a5937ad24e\">\n.avia-section.av-lv2bzubd-8bf2abaf334c038fb42364a5937ad24e{\nbackground-repeat:no-repeat;\nbackground-image:url(https:\/\/schwarzmueller.com\/wp-content\/uploads\/2024\/04\/csm_servicewerkstaetten_7d9247cfb8.jpg);\nbackground-position:50% 50%;\nbackground-attachment:scroll;\n}\n.avia-section.av-lv2bzubd-8bf2abaf334c038fb42364a5937ad24e .av-section-color-overlay{\nopacity:0.5;\nbackground-color:#000000;\n}\n<\/style>\n<div id='av_section_3'  class='avia-section av-lv2bzubd-8bf2abaf334c038fb42364a5937ad24e main_color avia-section-no-padding avia-no-border-styling  avia-builder-el-6  el_after_av_section  el_before_av_section  image-dark-section-background avia-full-stretch avia-bg-style-scroll av-section-color-overlay-active av-minimum-height av-minimum-height-100 av-height-100  container_wrap sidebar_left'  data-section-bg-repeat='stretch' data-av_minimum_height_pc='100' data-av_min_height_opt='100'><div class=\"av-section-color-overlay-wrap\"><div class=\"av-section-color-overlay\"><\/div><div class='container av-section-cont-open' ><div class='template-page content  av-content-small units'><div class='post-entry post-entry-type-page post-entry-61379'><div class='entry-content-wrapper clearfix'>\n\n<style type=\"text\/css\" data-created_by=\"avia_inline_auto\" id=\"style-css-av-lv2c0jux-3db82058d66ba7b81dd55786573846dd\">\n#top .av_textblock_section.av-lv2c0jux-3db82058d66ba7b81dd55786573846dd .avia_textblock{\ncolor:#ffffff;\ntext-align:center;\n}\n<\/style>\n<section  class='av_textblock_section av-lv2c0jux-3db82058d66ba7b81dd55786573846dd '   itemscope=\"itemscope\" itemtype=\"https:\/\/schema.org\/CreativeWork\" ><div class='avia_textblock image-dark-section-heading av_inherit_color'  itemprop=\"text\" ><h2 class=\"align-center\">A Schwarzm\u00fcller-Csoport<br \/>\nnemzetk\u00f6zi szervizm\u0171helyei<\/h2>\n<\/div><\/section>\n<div  class='avia-button-wrap av-2nig9-7b0b851348c3d1e806c3ad351ee2cae9-wrap avia-button-center  avia-builder-el-8  el_after_av_textblock  avia-builder-el-last  button-filled-red'>\n<style type=\"text\/css\" data-created_by=\"avia_inline_auto\" id=\"style-css-av-2nig9-7b0b851348c3d1e806c3ad351ee2cae9\">\n#top #wrap_all .avia-button.av-2nig9-7b0b851348c3d1e806c3ad351ee2cae9{\nborder-style:none;\nborder-radius:0 0 0 0;\ntransition:all 0.4s ease-in-out;\nmargin:2rem 0 2rem 0;\npadding:1rem 2rem 1rem 2rem;\n}\n#top #wrap_all .avia-button.av-2nig9-7b0b851348c3d1e806c3ad351ee2cae9:hover{\nbackground-color:white;\ncolor:black;\ntransition:all 0.4s ease-in-out;\n}\n#top #wrap_all.avia-button.av-2nig9-7b0b851348c3d1e806c3ad351ee2cae9:hover .avia_button_background{\nborder-radius:0 0 0 0;\n}\n#top #wrap_all .avia-button.av-2nig9-7b0b851348c3d1e806c3ad351ee2cae9:hover .avia-svg-icon svg:first-child{\nfill:black;\nstroke:black;\n}\n<\/style>\n<a href='https:\/\/schwarzmueller.com\/de\/service\/schwarzmuller-werkstatten\/'  class='avia-button av-2nig9-7b0b851348c3d1e806c3ad351ee2cae9 av-link-btn avia-icon_select-no avia-size-medium avia-position-center avia-color-theme-color avia-font-color-white'   aria-label=\"Tudjon meg t\u00f6bbet\"><span class='avia_iconbox_title' >Tudjon meg t\u00f6bbet<\/span><\/a><\/div>\n<\/div><\/div><\/div><!-- close content main div --><\/div><\/div><\/div>\n<style type=\"text\/css\" data-created_by=\"avia_inline_auto\" id=\"style-css-av-81zt-54b43cccfcfef36fb29df5bd9338b461\">\n.avia-section.av-81zt-54b43cccfcfef36fb29df5bd9338b461{\nbackground-repeat:repeat;\nbackground-image:url(https:\/\/schwarzmueller.com\/wp-content\/uploads\/2024\/03\/pattern2.png);\nbackground-position:0% 0%;\nbackground-attachment:scroll;\n}\n<\/style>\n<div id='av_section_4'  class='avia-section av-81zt-54b43cccfcfef36fb29df5bd9338b461 main_color avia-section-huge avia-no-border-styling  avia-builder-el-9  el_after_av_section  avia-builder-el-last  pattern-section-background avia-bg-style-scroll container_wrap sidebar_left'  data-section-bg-repeat='repeat'><div class='container av-section-cont-open' ><div class='template-page content  av-content-small units'><div class='post-entry post-entry-type-page post-entry-61379'><div class='entry-content-wrapper clearfix'>\n\n<style type=\"text\/css\" data-created_by=\"avia_inline_auto\" id=\"style-css-av-lv2c87d8-88259b0ffa15c78df8adfe2ee2fc2ff0\">\n#top .av_textblock_section.av-lv2c87d8-88259b0ffa15c78df8adfe2ee2fc2ff0 .avia_textblock{\nfont-size:40px;\ntext-align:center;\n}\n<\/style>\n<section  class='av_textblock_section av-lv2c87d8-88259b0ffa15c78df8adfe2ee2fc2ff0 '   itemscope=\"itemscope\" itemtype=\"https:\/\/schema.org\/CreativeWork\" ><div class='avia_textblock image-dark-section-heading'  itemprop=\"text\" ><div id=\"c1603\" class=\"frame frame-type-text frame-layout-0 frame-space-before-large frame-space-after-medium frame-padding-top-none frame-padding-bottom-none frame-\">\n<div class=\"ce-content\">\n<h2 class=\"align-center schwa-h3\">D\u00edjmentesen h\u00edvhat\u00f3 7\/24<br \/>\neur\u00f3pai seg\u00e9lyh\u00edv\u00f3 sz\u00e1m:<\/h2>\n<p><a style=\"font-size: 34px;font-weight: 600\" title=\"+43 36 22 723 00 66\" href=\"tel:+4336227230066\">+43 36 22 723 00 66<\/a><\/p>\n<\/div>\n<\/div>\n<\/div><\/section>\n<\/div><\/div><\/div><!-- close content main div --><\/div><\/div><div id='after_section_4'  class='main_color av_default_container_wrap container_wrap sidebar_left'  ><div class='container av-section-cont-open' ><div class='template-page content  av-content-small units'><div class='post-entry post-entry-type-page post-entry-61379'><div class='entry-content-wrapper clearfix'><\/p>\n","protected":false},"excerpt":{"rendered":"","protected":false},"author":5,"featured_media":0,"parent":59793,"menu_order":0,"comment_status":"closed","ping_status":"closed","template":"","meta":{"_acf_changed":false,"_relevanssi_hide_post":"","_relevanssi_hide_content":"","_relevanssi_pin_for_all":"","_relevanssi_pin_keywords":"","_relevanssi_unpin_keywords":"","_relevanssi_related_keywords":"","_relevanssi_related_include_ids":"","_relevanssi_related_exclude_ids":"","_relevanssi_related_no_append":"","_relevanssi_related_not_related":"","_relevanssi_related_posts":"51506,51467,51482,51449,51538,51514","_relevanssi_noindex_reason":"","footnotes":""},"class_list":["post-61379","page","type-page","status-publish","hentry"],"acf":[],"yoast_head":"<!-- This site is optimized with the Yoast SEO Premium plugin v26.4 (Yoast SEO v27.2) - https:\/\/yoast.com\/product\/yoast-seo-premium-wordpress\/ -->\n<title>Szervizm\u0171helyek keres\u00e9se - Schwarzm\u00fcller<\/title>\n<meta name=\"robots\" content=\"index, follow, max-snippet:-1, max-image-preview:large, max-video-preview:-1\" \/>\n<link rel=\"canonical\" href=\"https:\/\/schwarzmueller.com\/hu\/szolgaltatasok\/szervizmuehelyek-keresese\/\" \/>\n<meta property=\"og:locale\" content=\"hu_HU\" \/>\n<meta property=\"og:type\" content=\"article\" \/>\n<meta property=\"og:title\" content=\"Szervizm\u0171helyek keres\u00e9se\" \/>\n<meta property=\"og:url\" content=\"https:\/\/schwarzmueller.com\/hu\/szolgaltatasok\/szervizmuehelyek-keresese\/\" \/>\n<meta property=\"og:site_name\" content=\"Schwarzm\u00fcller\" \/>\n<meta property=\"article:modified_time\" content=\"2025-01-20T06:21:56+00:00\" \/>\n<meta property=\"og:image\" content=\"https:\/\/schwarzmueller.com\/wp-content\/uploads\/2024\/03\/csm_schwarzmueller-IAA-2022-tp-schubboden_60f424c13a.jpg\" \/>\n\t<meta property=\"og:image:width\" content=\"768\" \/>\n\t<meta property=\"og:image:height\" content=\"480\" \/>\n\t<meta property=\"og:image:type\" content=\"image\/jpeg\" \/>\n<meta name=\"twitter:card\" content=\"summary_large_image\" \/>\n<meta name=\"twitter:label1\" content=\"Becs\u00fclt olvas\u00e1si id\u0151\" \/>\n\t<meta name=\"twitter:data1\" content=\"1 perc\" \/>\n<script type=\"application\/ld+json\" class=\"yoast-schema-graph\">{\"@context\":\"https:\/\/schema.org\",\"@graph\":[{\"@type\":\"WebPage\",\"@id\":\"https:\/\/schwarzmueller.com\/hu\/szolgaltatasok\/szervizmuehelyek-keresese\/\",\"url\":\"https:\/\/schwarzmueller.com\/hu\/szolgaltatasok\/szervizmuehelyek-keresese\/\",\"name\":\"Szervizm\u0171helyek keres\u00e9se - Schwarzm\u00fcller\",\"isPartOf\":{\"@id\":\"https:\/\/schwarzmueller.com\/en\/#website\"},\"datePublished\":\"2024-02-16T10:29:27+00:00\",\"dateModified\":\"2025-01-20T06:21:56+00:00\",\"breadcrumb\":{\"@id\":\"https:\/\/schwarzmueller.com\/hu\/szolgaltatasok\/szervizmuehelyek-keresese\/#breadcrumb\"},\"inLanguage\":\"hu\",\"potentialAction\":[{\"@type\":\"ReadAction\",\"target\":[\"https:\/\/schwarzmueller.com\/hu\/szolgaltatasok\/szervizmuehelyek-keresese\/\"]}]},{\"@type\":\"BreadcrumbList\",\"@id\":\"https:\/\/schwarzmueller.com\/hu\/szolgaltatasok\/szervizmuehelyek-keresese\/#breadcrumb\",\"itemListElement\":[{\"@type\":\"ListItem\",\"position\":1,\"name\":\"Home\",\"item\":\"https:\/\/schwarzmueller.com\/hu\/home-2\/\"},{\"@type\":\"ListItem\",\"position\":2,\"name\":\"Szolg\u00e1ltat\u00e1sok\",\"item\":\"https:\/\/schwarzmueller.com\/hu\/szolgaltatasok\/\"},{\"@type\":\"ListItem\",\"position\":3,\"name\":\"Szervizm\u0171helyek keres\u00e9se\"}]},{\"@type\":\"WebSite\",\"@id\":\"https:\/\/schwarzmueller.com\/en\/#website\",\"url\":\"https:\/\/schwarzmueller.com\/en\/\",\"name\":\"Schwarzm\u00fcller | Intelligente Fahrzeuge\",\"description\":\"Ganz auf exzellente Fahrzeugtechnik gebaut\",\"publisher\":{\"@id\":\"https:\/\/schwarzmueller.com\/en\/#organization\"},\"alternateName\":\"Schwarzm\u00fcller\",\"potentialAction\":[{\"@type\":\"SearchAction\",\"target\":{\"@type\":\"EntryPoint\",\"urlTemplate\":\"https:\/\/schwarzmueller.com\/en\/?s={search_term_string}\"},\"query-input\":{\"@type\":\"PropertyValueSpecification\",\"valueRequired\":true,\"valueName\":\"search_term_string\"}}],\"inLanguage\":\"hu\"},{\"@type\":\"Organization\",\"@id\":\"https:\/\/schwarzmueller.com\/en\/#organization\",\"name\":\"Schwarzm\u00fcller\",\"url\":\"https:\/\/schwarzmueller.com\/en\/\",\"logo\":{\"@type\":\"ImageObject\",\"inLanguage\":\"hu\",\"@id\":\"https:\/\/schwarzmueller.com\/en\/#\/schema\/logo\/image\/\",\"url\":\"https:\/\/schwarzmueller.com\/wp-content\/uploads\/2024\/05\/sm_icon_logo.svg\",\"contentUrl\":\"https:\/\/schwarzmueller.com\/wp-content\/uploads\/2024\/05\/sm_icon_logo.svg\",\"width\":1,\"height\":1,\"caption\":\"Schwarzm\u00fcller\"},\"image\":{\"@id\":\"https:\/\/schwarzmueller.com\/en\/#\/schema\/logo\/image\/\"}}]}<\/script>\n<!-- \/ Yoast SEO Premium plugin. -->","yoast_head_json":{"title":"Szervizm\u0171helyek keres\u00e9se - Schwarzm\u00fcller","robots":{"index":"index","follow":"follow","max-snippet":"max-snippet:-1","max-image-preview":"max-image-preview:large","max-video-preview":"max-video-preview:-1"},"canonical":"https:\/\/schwarzmueller.com\/hu\/szolgaltatasok\/szervizmuehelyek-keresese\/","og_locale":"hu_HU","og_type":"article","og_title":"Szervizm\u0171helyek keres\u00e9se","og_url":"https:\/\/schwarzmueller.com\/hu\/szolgaltatasok\/szervizmuehelyek-keresese\/","og_site_name":"Schwarzm\u00fcller","article_modified_time":"2025-01-20T06:21:56+00:00","og_image":[{"width":768,"height":480,"url":"https:\/\/schwarzmueller.com\/wp-content\/uploads\/2024\/03\/csm_schwarzmueller-IAA-2022-tp-schubboden_60f424c13a.jpg","type":"image\/jpeg"}],"twitter_card":"summary_large_image","twitter_misc":{"Becs\u00fclt olvas\u00e1si id\u0151":"1 perc"},"schema":{"@context":"https:\/\/schema.org","@graph":[{"@type":"WebPage","@id":"https:\/\/schwarzmueller.com\/hu\/szolgaltatasok\/szervizmuehelyek-keresese\/","url":"https:\/\/schwarzmueller.com\/hu\/szolgaltatasok\/szervizmuehelyek-keresese\/","name":"Szervizm\u0171helyek keres\u00e9se - Schwarzm\u00fcller","isPartOf":{"@id":"https:\/\/schwarzmueller.com\/en\/#website"},"datePublished":"2024-02-16T10:29:27+00:00","dateModified":"2025-01-20T06:21:56+00:00","breadcrumb":{"@id":"https:\/\/schwarzmueller.com\/hu\/szolgaltatasok\/szervizmuehelyek-keresese\/#breadcrumb"},"inLanguage":"hu","potentialAction":[{"@type":"ReadAction","target":["https:\/\/schwarzmueller.com\/hu\/szolgaltatasok\/szervizmuehelyek-keresese\/"]}]},{"@type":"BreadcrumbList","@id":"https:\/\/schwarzmueller.com\/hu\/szolgaltatasok\/szervizmuehelyek-keresese\/#breadcrumb","itemListElement":[{"@type":"ListItem","position":1,"name":"Home","item":"https:\/\/schwarzmueller.com\/hu\/home-2\/"},{"@type":"ListItem","position":2,"name":"Szolg\u00e1ltat\u00e1sok","item":"https:\/\/schwarzmueller.com\/hu\/szolgaltatasok\/"},{"@type":"ListItem","position":3,"name":"Szervizm\u0171helyek keres\u00e9se"}]},{"@type":"WebSite","@id":"https:\/\/schwarzmueller.com\/en\/#website","url":"https:\/\/schwarzmueller.com\/en\/","name":"Schwarzm\u00fcller | Intelligente Fahrzeuge","description":"Ganz auf exzellente Fahrzeugtechnik gebaut","publisher":{"@id":"https:\/\/schwarzmueller.com\/en\/#organization"},"alternateName":"Schwarzm\u00fcller","potentialAction":[{"@type":"SearchAction","target":{"@type":"EntryPoint","urlTemplate":"https:\/\/schwarzmueller.com\/en\/?s={search_term_string}"},"query-input":{"@type":"PropertyValueSpecification","valueRequired":true,"valueName":"search_term_string"}}],"inLanguage":"hu"},{"@type":"Organization","@id":"https:\/\/schwarzmueller.com\/en\/#organization","name":"Schwarzm\u00fcller","url":"https:\/\/schwarzmueller.com\/en\/","logo":{"@type":"ImageObject","inLanguage":"hu","@id":"https:\/\/schwarzmueller.com\/en\/#\/schema\/logo\/image\/","url":"https:\/\/schwarzmueller.com\/wp-content\/uploads\/2024\/05\/sm_icon_logo.svg","contentUrl":"https:\/\/schwarzmueller.com\/wp-content\/uploads\/2024\/05\/sm_icon_logo.svg","width":1,"height":1,"caption":"Schwarzm\u00fcller"},"image":{"@id":"https:\/\/schwarzmueller.com\/en\/#\/schema\/logo\/image\/"}}]}},"_links":{"self":[{"href":"https:\/\/schwarzmueller.com\/hu\/wp-json\/wp\/v2\/pages\/61379","targetHints":{"allow":["GET"]}}],"collection":[{"href":"https:\/\/schwarzmueller.com\/hu\/wp-json\/wp\/v2\/pages"}],"about":[{"href":"https:\/\/schwarzmueller.com\/hu\/wp-json\/wp\/v2\/types\/page"}],"author":[{"embeddable":true,"href":"https:\/\/schwarzmueller.com\/hu\/wp-json\/wp\/v2\/users\/5"}],"replies":[{"embeddable":true,"href":"https:\/\/schwarzmueller.com\/hu\/wp-json\/wp\/v2\/comments?post=61379"}],"version-history":[{"count":10,"href":"https:\/\/schwarzmueller.com\/hu\/wp-json\/wp\/v2\/pages\/61379\/revisions"}],"predecessor-version":[{"id":83022,"href":"https:\/\/schwarzmueller.com\/hu\/wp-json\/wp\/v2\/pages\/61379\/revisions\/83022"}],"up":[{"embeddable":true,"href":"https:\/\/schwarzmueller.com\/hu\/wp-json\/wp\/v2\/pages\/59793"}],"wp:attachment":[{"href":"https:\/\/schwarzmueller.com\/hu\/wp-json\/wp\/v2\/media?parent=61379"}],"curies":[{"name":"wp","href":"https:\/\/api.w.org\/{rel}","templated":true}]}}