{"id":62033,"date":"2024-04-04T11:19:35","date_gmt":"2024-04-04T09:19:35","guid":{"rendered":"https:\/\/schwarzmueller.com\/organisation\/"},"modified":"2024-10-30T17:30:52","modified_gmt":"2024-10-30T16:30:52","slug":"organisation","status":"publish","type":"page","link":"https:\/\/schwarzmueller.com\/en\/company\/organisation\/","title":{"rendered":"Organisation"},"content":{"rendered":"\n<style type=\"text\/css\" data-created_by=\"avia_inline_auto\" id=\"style-css-av-1ii99mq-afb4685c3f8c6734311e938c15765e75\">\n.avia-section.av-1ii99mq-afb4685c3f8c6734311e938c15765e75{\nbackground-repeat:no-repeat;\nbackground-image:url(https:\/\/schwarzmueller.com\/wp-content\/uploads\/2024\/04\/SM-Weltkugel-L1020680.jpg);\nbackground-position:50% 50%;\nbackground-attachment:scroll;\n}\n.avia-section.av-1ii99mq-afb4685c3f8c6734311e938c15765e75 .av-section-color-overlay{\nopacity:0.5;\nbackground-color:#0a0a0a;\n}\n<\/style>\n<div id='av_section_1'  class='avia-section av-1ii99mq-afb4685c3f8c6734311e938c15765e75 main_color avia-section-huge avia-no-border-styling  avia-builder-el-0  el_before_av_textblock  avia-builder-el-first  avia-full-stretch avia-bg-style-scroll av-section-color-overlay-active av-minimum-height av-minimum-height-custom av-height-custom  container_wrap sidebar_left'  data-section-bg-repeat='stretch' data-av_minimum_height_px='512'><div class=\"av-section-color-overlay-wrap\"><div class=\"av-section-color-overlay\"><\/div><div class='container av-section-cont-open' style='height:512px'><main  role=\"main\" itemprop=\"mainContentOfPage\"  class='template-page content  av-content-small units'><div class='post-entry post-entry-type-page post-entry-62033'><div class='entry-content-wrapper clearfix'>\n\n<style type=\"text\/css\" data-created_by=\"avia_inline_auto\" id=\"style-css-av-4lycde-1dcd3428ec7e5411794fafa30960e99d\">\n#top .av_textblock_section.av-4lycde-1dcd3428ec7e5411794fafa30960e99d .avia_textblock{\ncolor:#ffffff;\n}\n<\/style>\n<section  class='av_textblock_section av-4lycde-1dcd3428ec7e5411794fafa30960e99d '   itemscope=\"itemscope\" itemtype=\"https:\/\/schema.org\/CreativeWork\" ><div class='avia_textblock hero-title av_inherit_color'  itemprop=\"text\" ><h1>Organisation<\/h1>\n<\/div><\/section>\n<\/div><\/div><\/main><!-- close content main element --><\/div><\/div><\/div><div id='after_section_1'  class='main_color av_default_container_wrap container_wrap sidebar_left'  ><div class='container av-section-cont-open' ><div class='template-page content  av-content-small units'><div class='post-entry post-entry-type-page post-entry-62033'><div class='entry-content-wrapper clearfix'>\n<section  class='av_textblock_section av-tkbb2a-38ccc43d2114b9190be6553a8b62e73e '   itemscope=\"itemscope\" itemtype=\"https:\/\/schema.org\/CreativeWork\" ><div class='avia_textblock sch-breadcrumb'  itemprop=\"text\" ><div class=\"breadcrumb breadcrumbs avia-breadcrumbs\"><div class=\"breadcrumb-trail\" ><span class=\"trail-before\"><span class=\"breadcrumb-title\">You are here:<\/span><\/span> <span  itemscope=\"itemscope\" itemtype=\"https:\/\/schema.org\/BreadcrumbList\" ><span  itemscope=\"itemscope\" itemtype=\"https:\/\/schema.org\/ListItem\" itemprop=\"itemListElement\" ><a itemprop=\"url\" href=\"https:\/\/schwarzmueller.com\/en\/\" title=\"Schwarzm\u00fcller\" rel=\"home\" class=\"trail-begin\"><span itemprop=\"name\">Home<\/span><\/a><span itemprop=\"position\" class=\"hidden\">1<\/span><\/span><\/span><\/div><\/div>\n<\/div><\/section>\n<\/div><\/div><\/div><!-- close content main div --><\/div><\/div><div id='av_section_2'  class='avia-section av-si7kci-5c3adaf683b6680a386c09c27f6da5a0 main_color avia-section-huge avia-no-border-styling  avia-builder-el-3  el_after_av_textblock  el_before_av_section  avia-bg-style-scroll container_wrap sidebar_left'  ><div class='container av-section-cont-open' ><div class='template-page content  av-content-small units'><div class='post-entry post-entry-type-page post-entry-62033'><div class='entry-content-wrapper clearfix'>\n\n<style type=\"text\/css\" data-created_by=\"avia_inline_auto\" id=\"style-css-av-lv3irhfd-3d513979269b49a43718829fc60929f0\">\n#top .av_textblock_section.av-lv3irhfd-3d513979269b49a43718829fc60929f0 .avia_textblock{\ncolor:#0a0a0a;\ntext-align:left;\n}\n<\/style>\n<section  class='av_textblock_section av-lv3irhfd-3d513979269b49a43718829fc60929f0 '   itemscope=\"itemscope\" itemtype=\"https:\/\/schema.org\/CreativeWork\" ><div class='avia_textblock av_inherit_color'  itemprop=\"text\" ><div id=\"c1291\">\n<div>\n<div>\n<h2 class=\"schwa-h3\">European-wide expertise<\/h2>\n<div id=\"c15211\">\n<div>\n<p><strong>Success founded in striving for solutions and innovative ability<\/strong><\/p>\n<\/div>\n<\/div>\n<div id=\"c70706\">\n<div>\n<div>\n<div id=\"c70706-c0\"><\/div>\n<div id=\"c70706-c1\">\n<div data-ce-columns=\"1\" data-ce-images=\"1\">\n<div>\n<div><\/div>\n<\/div>\n<\/div>\n<\/div>\n<\/div>\n<\/div>\n<\/div>\n<\/div>\n<div><\/div>\n<\/div>\n<\/div>\n<\/div><\/section>\n\n<style type=\"text\/css\" data-created_by=\"avia_inline_auto\" id=\"style-css-av-lv3it79q-eda2aa37f046c282fbda5eb7be786420\">\n.avia-image-container.av-lv3it79q-eda2aa37f046c282fbda5eb7be786420 img.avia_image{\nbox-shadow:none;\n}\n.avia-image-container.av-lv3it79q-eda2aa37f046c282fbda5eb7be786420 .av-image-caption-overlay-center{\ncolor:#ffffff;\n}\n<\/style>\n<div  class='avia-image-container av-lv3it79q-eda2aa37f046c282fbda5eb7be786420 av-styling- avia-align-center  avia-builder-el-5  el_after_av_textblock  el_before_av_textblock '   itemprop=\"image\" itemscope=\"itemscope\" itemtype=\"https:\/\/schema.org\/ImageObject\" ><div class=\"avia-image-container-inner\"><div class=\"avia-image-overlay-wrap\"><img decoding=\"async\" fetchpriority=\"high\" class='wp-image-42487 avia-img-lazy-loading-not-42487 avia_image ' src=\"https:\/\/schwarzmueller.com\/wp-content\/uploads\/2024\/04\/schwarzmueller-hanzing-luftaufnahme-2023-1.jpg\" alt='' title='schwarzmueller-hanzing-luftaufnahme-2023'  height=\"675\" width=\"1200\"  itemprop=\"thumbnailUrl\" srcset=\"https:\/\/schwarzmueller.com\/wp-content\/uploads\/2024\/04\/schwarzmueller-hanzing-luftaufnahme-2023-1.jpg 1200w, https:\/\/schwarzmueller.com\/wp-content\/uploads\/2024\/04\/schwarzmueller-hanzing-luftaufnahme-2023-1-300x169.jpg 300w, https:\/\/schwarzmueller.com\/wp-content\/uploads\/2024\/04\/schwarzmueller-hanzing-luftaufnahme-2023-1-1030x579.jpg 1030w, https:\/\/schwarzmueller.com\/wp-content\/uploads\/2024\/04\/schwarzmueller-hanzing-luftaufnahme-2023-1-768x432.jpg 768w, https:\/\/schwarzmueller.com\/wp-content\/uploads\/2024\/04\/schwarzmueller-hanzing-luftaufnahme-2023-1-705x397.jpg 705w, https:\/\/schwarzmueller.com\/wp-content\/uploads\/2024\/04\/schwarzmueller-hanzing-luftaufnahme-2023-1-1067x600.jpg 1067w\" sizes=\"(max-width: 1200px) 100vw, 1200px\" \/><\/div><\/div><\/div>\n\n<style type=\"text\/css\" data-created_by=\"avia_inline_auto\" id=\"style-css-av-lv3itn1n-afcccd510be5c602821c8b0a15260b3b\">\n#top .av_textblock_section.av-lv3itn1n-afcccd510be5c602821c8b0a15260b3b .avia_textblock{\ncolor:#0a0a0a;\ntext-align:left;\n}\n<\/style>\n<section  class='av_textblock_section av-lv3itn1n-afcccd510be5c602821c8b0a15260b3b '   itemscope=\"itemscope\" itemtype=\"https:\/\/schema.org\/CreativeWork\" ><div class='avia_textblock av_inherit_color'  itemprop=\"text\" ><div id=\"c1291\" class=\"frame frame-type-header frame-layout-0 frame-space-before-none frame-space-after-none frame-padding-top-none frame-padding-bottom-none frame-\">\n<div class=\"ce-content\">\n<div class=\"ce-header h1-mb ce-header-left\">\n<p>The Schwarzm\u00fcller Group, based in Freinberg near Sch\u00e4rding (Austria), is one of the leading suppliers of towed commercial vehicles in Europe. The company develops, produces and services premium vehicles for bespoke added-value transport solutions. As an innovation and technology leader with over 150 years of experience, Schwarzm\u00fcller sets the benchmarks for commercial vehicles.<\/p>\n<p>The Schwarzm\u00fcller Group has an international organisation in 20 countries in Central and Eastern Europe.<\/p>\n<p>Together with its subsidiary H\u00fcffermann Transportsysteme, the company manufactures around 8,000 trailers and truck bodies for the Schwarzm\u00fcller and H\u00fcffermann brands every year at its parent plant in Hanzing in Freinberg (Austria) and at its three other production sites in Dunaharaszti (Hungary), \u017debr\u00e1k (Czech Republic) and Neustadt\/Dosse (Germany). With 1,950 employees, the Group generates sales of 390 million euros (as of 2023).<\/p>\n<p>In addition to vehicle construction to industrial standards, Schwarzm\u00fcller also offers comprehensive services for every customer requirement. This includes maintenance, repair and spare parts supply as well as one of Europe&#8217;s largest rental fleets, which also includes specialised vehicles. Schwarzm\u00fcller also operates an international trade in used vehicles.<\/p>\n<\/div>\n<div class=\"ce-header h1-mb ce-header-left\"><\/div>\n<\/div>\n<\/div>\n<\/div><\/section>\n\n<\/div><\/div><\/div><!-- close content main div --><\/div><\/div>\n<style type=\"text\/css\" data-created_by=\"avia_inline_auto\" id=\"style-css-av-lv3iw9sm-33bcc0ce0d574d17ea790f95eb75c2c9\">\n.avia-section.av-lv3iw9sm-33bcc0ce0d574d17ea790f95eb75c2c9{\nbackground-repeat:no-repeat;\nbackground-image:url(https:\/\/schwarzmueller.com\/wp-content\/uploads\/2024\/04\/background_as-1.jpg);\nbackground-position:0% 0%;\nbackground-attachment:scroll;\n}\n.avia-section.av-lv3iw9sm-33bcc0ce0d574d17ea790f95eb75c2c9 .av-section-color-overlay{\nopacity:0.5;\nbackground-color:#000000;\n}\n<\/style>\n<div id='av_section_3'  class='avia-section av-lv3iw9sm-33bcc0ce0d574d17ea790f95eb75c2c9 main_color avia-section-no-padding avia-no-border-styling  avia-builder-el-7  el_after_av_section  avia-builder-el-last  image-dark-section-background avia-full-stretch avia-bg-style-scroll av-section-color-overlay-active av-minimum-height av-minimum-height-100 av-height-100  container_wrap sidebar_left'  data-section-bg-repeat='stretch' data-av_minimum_height_pc='100' data-av_min_height_opt='100'><div class=\"av-section-color-overlay-wrap\"><div class=\"av-section-color-overlay\"><\/div><div class='container av-section-cont-open' ><div class='template-page content  av-content-small units'><div class='post-entry post-entry-type-page post-entry-62033'><div class='entry-content-wrapper clearfix'>\n\n<style type=\"text\/css\" data-created_by=\"avia_inline_auto\" id=\"style-css-av-lv3iukeh-77e1761aa43e3c03ec02be5e60de0fac\">\n#top .av_textblock_section.av-lv3iukeh-77e1761aa43e3c03ec02be5e60de0fac .avia_textblock{\ncolor:#ffffff;\ntext-align:center;\n}\n<\/style>\n<section  class='av_textblock_section av-lv3iukeh-77e1761aa43e3c03ec02be5e60de0fac '   itemscope=\"itemscope\" itemtype=\"https:\/\/schema.org\/CreativeWork\" ><div class='avia_textblock image-dark-section-heading av_inherit_color'  itemprop=\"text\" ><h2 class=\"align-center\">Schwarzm\u00fcller locations<\/h2>\n<p class=\"align-center\">Information on our production facilities, services in the branches and contact information<\/p>\n<\/div><\/section>\n<div  class='avia-button-wrap av-lv3iv0to-2ceae5ffcbda1ae8d9c06a38de7d51c8-wrap avia-button-center  avia-builder-el-9  el_after_av_textblock  avia-builder-el-last  button-filled-red'>\n<style type=\"text\/css\" data-created_by=\"avia_inline_auto\" id=\"style-css-av-lv3iv0to-2ceae5ffcbda1ae8d9c06a38de7d51c8\">\n#top #wrap_all .avia-button.av-lv3iv0to-2ceae5ffcbda1ae8d9c06a38de7d51c8{\nborder-style:none;\nborder-radius:0 0 0 0;\ntransition:all 0.4s ease-in-out;\nmargin:2rem 0 2rem 0;\npadding:1rem 2rem 1rem 2rem;\n}\n#top #wrap_all .avia-button.av-lv3iv0to-2ceae5ffcbda1ae8d9c06a38de7d51c8:hover{\nbackground-color:white;\ncolor:black;\ntransition:all 0.4s ease-in-out;\n}\n#top #wrap_all.avia-button.av-lv3iv0to-2ceae5ffcbda1ae8d9c06a38de7d51c8:hover .avia_button_background{\nborder-radius:0 0 0 0;\n}\n#top #wrap_all .avia-button.av-lv3iv0to-2ceae5ffcbda1ae8d9c06a38de7d51c8:hover .avia-svg-icon svg:first-child{\nfill:black;\nstroke:black;\n}\n<\/style>\n<a href='https:\/\/schwarzmueller.com\/en\/company\/locations\/'  class='avia-button av-lv3iv0to-2ceae5ffcbda1ae8d9c06a38de7d51c8 av-link-btn avia-icon_select-no avia-size-medium avia-position-center avia-color-theme-color avia-font-color-white'   aria-label=\"Read more\"><span class='avia_iconbox_title' >Read more<\/span><\/a><\/div>\n<\/div><\/div><\/div><!-- close content main div --><\/div><\/div><\/div><div id='after_section_3'  class='main_color av_default_container_wrap container_wrap sidebar_left'  ><div class='container av-section-cont-open' ><div class='template-page content  av-content-small units'><div class='post-entry post-entry-type-page post-entry-62033'><div class='entry-content-wrapper clearfix'>\n","protected":false},"excerpt":{"rendered":"","protected":false},"author":6,"featured_media":0,"parent":54209,"menu_order":0,"comment_status":"closed","ping_status":"closed","template":"","meta":{"_acf_changed":false,"_relevanssi_hide_post":"","_relevanssi_hide_content":"","_relevanssi_pin_for_all":"","_relevanssi_pin_keywords":"","_relevanssi_unpin_keywords":"","_relevanssi_related_keywords":"","_relevanssi_related_include_ids":"","_relevanssi_related_exclude_ids":"","_relevanssi_related_no_append":"","_relevanssi_related_not_related":"","_relevanssi_related_posts":"51207,51278,51260,51261,51168,51174","_relevanssi_noindex_reason":"","footnotes":""},"class_list":["post-62033","page","type-page","status-publish","hentry"],"acf":[],"yoast_head":"<!-- This site is optimized with the Yoast SEO Premium plugin v26.4 (Yoast SEO v27.2) - https:\/\/yoast.com\/product\/yoast-seo-premium-wordpress\/ -->\n<title>Organisation - Schwarzm\u00fcller<\/title>\n<meta name=\"robots\" content=\"index, follow, max-snippet:-1, max-image-preview:large, max-video-preview:-1\" \/>\n<link rel=\"canonical\" href=\"https:\/\/schwarzmueller.com\/en\/company\/organisation\/\" \/>\n<meta property=\"og:locale\" content=\"en_US\" \/>\n<meta property=\"og:type\" content=\"article\" \/>\n<meta property=\"og:title\" content=\"Organisation\" \/>\n<meta property=\"og:url\" content=\"https:\/\/schwarzmueller.com\/en\/company\/organisation\/\" \/>\n<meta property=\"og:site_name\" content=\"Schwarzm\u00fcller\" \/>\n<meta property=\"article:modified_time\" content=\"2024-10-30T16:30:52+00:00\" \/>\n<meta property=\"og:image\" content=\"https:\/\/schwarzmueller.com\/wp-content\/uploads\/2024\/03\/csm_schwarzmueller-IAA-2022-tp-schubboden_60f424c13a.jpg\" \/>\n\t<meta property=\"og:image:width\" content=\"768\" \/>\n\t<meta property=\"og:image:height\" content=\"480\" \/>\n\t<meta property=\"og:image:type\" content=\"image\/jpeg\" \/>\n<meta name=\"twitter:card\" content=\"summary_large_image\" \/>\n<meta name=\"twitter:label1\" content=\"Est. reading time\" \/>\n\t<meta name=\"twitter:data1\" content=\"2 minutes\" \/>\n<script type=\"application\/ld+json\" class=\"yoast-schema-graph\">{\"@context\":\"https:\/\/schema.org\",\"@graph\":[{\"@type\":\"WebPage\",\"@id\":\"https:\/\/schwarzmueller.com\/en\/company\/organisation\/\",\"url\":\"https:\/\/schwarzmueller.com\/en\/company\/organisation\/\",\"name\":\"Organisation - Schwarzm\u00fcller\",\"isPartOf\":{\"@id\":\"https:\/\/schwarzmueller.com\/en\/#website\"},\"datePublished\":\"2024-04-04T09:19:35+00:00\",\"dateModified\":\"2024-10-30T16:30:52+00:00\",\"breadcrumb\":{\"@id\":\"https:\/\/schwarzmueller.com\/en\/company\/organisation\/#breadcrumb\"},\"inLanguage\":\"en-US\",\"potentialAction\":[{\"@type\":\"ReadAction\",\"target\":[\"https:\/\/schwarzmueller.com\/en\/company\/organisation\/\"]}]},{\"@type\":\"BreadcrumbList\",\"@id\":\"https:\/\/schwarzmueller.com\/en\/company\/organisation\/#breadcrumb\",\"itemListElement\":[{\"@type\":\"ListItem\",\"position\":1,\"name\":\"Home\",\"item\":\"https:\/\/schwarzmueller.com\/en\/home-2\/\"},{\"@type\":\"ListItem\",\"position\":2,\"name\":\"Company\",\"item\":\"https:\/\/schwarzmueller.com\/en\/company\/\"},{\"@type\":\"ListItem\",\"position\":3,\"name\":\"Organisation\"}]},{\"@type\":\"WebSite\",\"@id\":\"https:\/\/schwarzmueller.com\/en\/#website\",\"url\":\"https:\/\/schwarzmueller.com\/en\/\",\"name\":\"Schwarzm\u00fcller | Intelligente Fahrzeuge\",\"description\":\"Ganz auf exzellente Fahrzeugtechnik gebaut\",\"publisher\":{\"@id\":\"https:\/\/schwarzmueller.com\/en\/#organization\"},\"alternateName\":\"Schwarzm\u00fcller\",\"potentialAction\":[{\"@type\":\"SearchAction\",\"target\":{\"@type\":\"EntryPoint\",\"urlTemplate\":\"https:\/\/schwarzmueller.com\/en\/?s={search_term_string}\"},\"query-input\":{\"@type\":\"PropertyValueSpecification\",\"valueRequired\":true,\"valueName\":\"search_term_string\"}}],\"inLanguage\":\"en-US\"},{\"@type\":\"Organization\",\"@id\":\"https:\/\/schwarzmueller.com\/en\/#organization\",\"name\":\"Schwarzm\u00fcller\",\"url\":\"https:\/\/schwarzmueller.com\/en\/\",\"logo\":{\"@type\":\"ImageObject\",\"inLanguage\":\"en-US\",\"@id\":\"https:\/\/schwarzmueller.com\/en\/#\/schema\/logo\/image\/\",\"url\":\"https:\/\/schwarzmueller.com\/wp-content\/uploads\/2024\/05\/sm_icon_logo.svg\",\"contentUrl\":\"https:\/\/schwarzmueller.com\/wp-content\/uploads\/2024\/05\/sm_icon_logo.svg\",\"width\":1,\"height\":1,\"caption\":\"Schwarzm\u00fcller\"},\"image\":{\"@id\":\"https:\/\/schwarzmueller.com\/en\/#\/schema\/logo\/image\/\"}}]}<\/script>\n<!-- \/ Yoast SEO Premium plugin. -->","yoast_head_json":{"title":"Organisation - Schwarzm\u00fcller","robots":{"index":"index","follow":"follow","max-snippet":"max-snippet:-1","max-image-preview":"max-image-preview:large","max-video-preview":"max-video-preview:-1"},"canonical":"https:\/\/schwarzmueller.com\/en\/company\/organisation\/","og_locale":"en_US","og_type":"article","og_title":"Organisation","og_url":"https:\/\/schwarzmueller.com\/en\/company\/organisation\/","og_site_name":"Schwarzm\u00fcller","article_modified_time":"2024-10-30T16:30:52+00:00","og_image":[{"width":768,"height":480,"url":"https:\/\/schwarzmueller.com\/wp-content\/uploads\/2024\/03\/csm_schwarzmueller-IAA-2022-tp-schubboden_60f424c13a.jpg","type":"image\/jpeg"}],"twitter_card":"summary_large_image","twitter_misc":{"Est. reading time":"2 minutes"},"schema":{"@context":"https:\/\/schema.org","@graph":[{"@type":"WebPage","@id":"https:\/\/schwarzmueller.com\/en\/company\/organisation\/","url":"https:\/\/schwarzmueller.com\/en\/company\/organisation\/","name":"Organisation - Schwarzm\u00fcller","isPartOf":{"@id":"https:\/\/schwarzmueller.com\/en\/#website"},"datePublished":"2024-04-04T09:19:35+00:00","dateModified":"2024-10-30T16:30:52+00:00","breadcrumb":{"@id":"https:\/\/schwarzmueller.com\/en\/company\/organisation\/#breadcrumb"},"inLanguage":"en-US","potentialAction":[{"@type":"ReadAction","target":["https:\/\/schwarzmueller.com\/en\/company\/organisation\/"]}]},{"@type":"BreadcrumbList","@id":"https:\/\/schwarzmueller.com\/en\/company\/organisation\/#breadcrumb","itemListElement":[{"@type":"ListItem","position":1,"name":"Home","item":"https:\/\/schwarzmueller.com\/en\/home-2\/"},{"@type":"ListItem","position":2,"name":"Company","item":"https:\/\/schwarzmueller.com\/en\/company\/"},{"@type":"ListItem","position":3,"name":"Organisation"}]},{"@type":"WebSite","@id":"https:\/\/schwarzmueller.com\/en\/#website","url":"https:\/\/schwarzmueller.com\/en\/","name":"Schwarzm\u00fcller | Intelligente Fahrzeuge","description":"Ganz auf exzellente Fahrzeugtechnik gebaut","publisher":{"@id":"https:\/\/schwarzmueller.com\/en\/#organization"},"alternateName":"Schwarzm\u00fcller","potentialAction":[{"@type":"SearchAction","target":{"@type":"EntryPoint","urlTemplate":"https:\/\/schwarzmueller.com\/en\/?s={search_term_string}"},"query-input":{"@type":"PropertyValueSpecification","valueRequired":true,"valueName":"search_term_string"}}],"inLanguage":"en-US"},{"@type":"Organization","@id":"https:\/\/schwarzmueller.com\/en\/#organization","name":"Schwarzm\u00fcller","url":"https:\/\/schwarzmueller.com\/en\/","logo":{"@type":"ImageObject","inLanguage":"en-US","@id":"https:\/\/schwarzmueller.com\/en\/#\/schema\/logo\/image\/","url":"https:\/\/schwarzmueller.com\/wp-content\/uploads\/2024\/05\/sm_icon_logo.svg","contentUrl":"https:\/\/schwarzmueller.com\/wp-content\/uploads\/2024\/05\/sm_icon_logo.svg","width":1,"height":1,"caption":"Schwarzm\u00fcller"},"image":{"@id":"https:\/\/schwarzmueller.com\/en\/#\/schema\/logo\/image\/"}}]}},"_links":{"self":[{"href":"https:\/\/schwarzmueller.com\/en\/wp-json\/wp\/v2\/pages\/62033","targetHints":{"allow":["GET"]}}],"collection":[{"href":"https:\/\/schwarzmueller.com\/en\/wp-json\/wp\/v2\/pages"}],"about":[{"href":"https:\/\/schwarzmueller.com\/en\/wp-json\/wp\/v2\/types\/page"}],"author":[{"embeddable":true,"href":"https:\/\/schwarzmueller.com\/en\/wp-json\/wp\/v2\/users\/6"}],"replies":[{"embeddable":true,"href":"https:\/\/schwarzmueller.com\/en\/wp-json\/wp\/v2\/comments?post=62033"}],"version-history":[{"count":15,"href":"https:\/\/schwarzmueller.com\/en\/wp-json\/wp\/v2\/pages\/62033\/revisions"}],"predecessor-version":[{"id":81799,"href":"https:\/\/schwarzmueller.com\/en\/wp-json\/wp\/v2\/pages\/62033\/revisions\/81799"}],"up":[{"embeddable":true,"href":"https:\/\/schwarzmueller.com\/en\/wp-json\/wp\/v2\/pages\/54209"}],"wp:attachment":[{"href":"https:\/\/schwarzmueller.com\/en\/wp-json\/wp\/v2\/media?parent=62033"}],"curies":[{"name":"wp","href":"https:\/\/api.w.org\/{rel}","templated":true}]}}