{"id":81238,"date":"2024-10-10T11:18:31","date_gmt":"2024-10-10T09:18:31","guid":{"rendered":"https:\/\/schwarzmueller.com\/?page_id=81238"},"modified":"2025-12-01T13:00:22","modified_gmt":"2025-12-01T12:00:22","slug":"datenschutz-bewerber","status":"publish","type":"page","link":"https:\/\/schwarzmueller.com\/de\/karriere\/datenschutz-bewerber\/","title":{"rendered":"Datenschutz Bewerber"},"content":{"rendered":"<div id='av_section_1'  class='avia-section av-18y1c9i-045aeeb56633d7dc3e674e9552e36867 alternate_color avia-section-default avia-no-border-styling  avia-builder-el-0  el_before_av_textblock  avia-builder-el-first  avia-bg-style-scroll av-minimum-height av-minimum-height-75 av-height-75  container_wrap sidebar_left'   data-av_minimum_height_pc='75' data-av_min_height_opt='75'><div class='container av-section-cont-open' ><main  role=\"main\" itemprop=\"mainContentOfPage\"  class='template-page content  av-content-small units'><div class='post-entry post-entry-type-page post-entry-81238'><div class='entry-content-wrapper clearfix'>\n\n<style type=\"text\/css\" data-created_by=\"avia_inline_auto\" id=\"style-css-av-m23366ow-7d1af66303bacfcd35f75334106761ff\">\n#top .av_textblock_section.av-m23366ow-7d1af66303bacfcd35f75334106761ff .avia_textblock{\ntext-align:center;\n}\n<\/style>\n<section  class='av_textblock_section av-m23366ow-7d1af66303bacfcd35f75334106761ff '   itemscope=\"itemscope\" itemtype=\"https:\/\/schema.org\/CreativeWork\" ><div class='avia_textblock'  itemprop=\"text\" ><h1 class=\"align-center schwa-h2\" style=\"text-align: center;\">Information \u00fcber<br \/>\ndie Verarbeitung von Bewerberdaten<\/h1>\n<p class=\"align-center\" style=\"text-align: center;\">nach Art. 13 und 21 DSGVO<\/p>\n<\/div><\/section>\n<\/div><\/div><\/main><!-- close content main element --><\/div><\/div><div id='after_section_1'  class='main_color av_default_container_wrap container_wrap sidebar_left'  ><div class='container av-section-cont-open' ><div class='template-page content  av-content-small units'><div class='post-entry post-entry-type-page post-entry-81238'><div class='entry-content-wrapper clearfix'><section  class='av_textblock_section av-1kppec6-5412504afaa10b9687bfb2cb639865b2 '   itemscope=\"itemscope\" itemtype=\"https:\/\/schema.org\/CreativeWork\" ><div class='avia_textblock sch-breadcrumb'  itemprop=\"text\" ><div class=\"breadcrumb breadcrumbs avia-breadcrumbs\"><div class=\"breadcrumb-trail\" ><span class=\"trail-before\"><span class=\"breadcrumb-title\">Du bist hier:<\/span><\/span> <span  itemscope=\"itemscope\" itemtype=\"https:\/\/schema.org\/BreadcrumbList\" ><span  itemscope=\"itemscope\" itemtype=\"https:\/\/schema.org\/ListItem\" itemprop=\"itemListElement\" ><a itemprop=\"url\" href=\"https:\/\/schwarzmueller.com\/de\/\" title=\"Schwarzm\u00fcller\" rel=\"home\" class=\"trail-begin\"><span itemprop=\"name\">Startseite<\/span><\/a><span itemprop=\"position\" class=\"hidden\">1<\/span><\/span><\/span><\/div><\/div>\n<\/div><\/section><\/p>\n<\/div><\/div><\/div><!-- close content main div --><\/div><\/div><div id='av_section_2'  class='avia-section av-qx9ad2-f1665f47890c0a029348305d6e4eb315 main_color avia-section-huge avia-no-border-styling  avia-builder-el-3  el_after_av_textblock  avia-builder-el-last  avia-bg-style-scroll container_wrap sidebar_left'  ><div class='container av-section-cont-open' ><div class='template-page content  av-content-small units'><div class='post-entry post-entry-type-page post-entry-81238'><div class='entry-content-wrapper clearfix'>\n<section  class='av_textblock_section av-m2335ft9-b0cfd6c3fe8afe9230bab27895381743 '   itemscope=\"itemscope\" itemtype=\"https:\/\/schema.org\/CreativeWork\" ><div class='avia_textblock'  itemprop=\"text\" ><p><strong>1. VERANTWORTLICHER<\/strong><br \/>\nWilhelm Schwarzm\u00fcller GmbH<br \/>\nHanzing 11<br \/>\n4785 Freinberg<\/p>\n<p><strong>2. ZWECKE UND RECHTSGRUNDLAGEN DER VERARBEITUNG<\/strong><br \/>\nWir verarbeiten Ihre personenbezogenen Daten soweit dies f\u00fcr die Entscheidung \u00fcber die Begr\u00fcndung eines Besch\u00e4ftigungsverh\u00e4ltnisses mit uns erforderlich ist. Rechtsgrundlage ist dabei Art. 6 Abs. 1 lit. b DSGVO zur Anbahnung oder Durchf\u00fchrung von Vertragsverh\u00e4ltnissen. Weiterhin k\u00f6nnen wir personenbezogene Daten von Ihnen verarbeiten, sofern dies zur Abwehr von geltend gemachten Rechtsanspr\u00fcchen gegen uns erforderlich ist (Art. 6 Abs. 1 lit. f DSGVO). Wir bitten Sie ausdr\u00fccklich, uns keine sensiblen Daten (= aus denen rassische und ethnische Herkunft, religi\u00f6se oder weltanschauliche \u00dcberzeugung, Gewerkschaftszugeh\u00f6rigkeit hervorgehen sowie Gesundheitsdaten oder Informationen zum Sexualleben oder der sexuellen Orientierung) zu \u00fcbermitteln. Bei einer freiwilligen \u00dcbermittlung sensibler Daten werten wir dies als Einwilligung (Art. 6 Abs. 1 lit. a DSGVO). Eine solche Einwilligung kann jederzeit, mit Wirkung f\u00fcr die Zukunft, per Mail an\u00a0<a title=\"personal@schwarzmueller.com\" href=\"mailto:personal@schwarzmueller.com\">bewerbung@schwarzmueller.com<\/a>\u00a0widerrufen werden. Wird Ihre Bewerbung positiv abgeschlossen, werden Sie \u00fcber die weitere Datenverarbeitung gesondert informiert.<\/p>\n<p><strong>3. KATEGORIEN PERSONENBEZOGENER DATEN<\/strong><br \/>\nWir verarbeiten nur solche Daten, die im Zusammenhang mit Ihrer Bewerbung stehen. Dies k\u00f6nnen allgemeine Daten zu Ihrer Person, Angaben zu Ihrer beruflichen Qualifikation und Schulausbildung, zur beruflichen Weiterbildung sowie gegebenenfalls weitere (sensible) Daten sein, die Sie uns im Zusammenhang mit Ihrer Bewerbung \u00fcbermitteln. Sensible Daten aus denen die ethnische Herkunft, politische Meinung, religi\u00f6se \u00dcberzeugung oder Gewerkschaftszugeh\u00f6rigkeit hervorgehen sowie Daten zur Gesundheit, zur sexuellen Orientierung oder zu strafrechtlichen Verurteilungen werden von uns nur insofern verarbeitet, als Sie uns diese freiwillig \u00fcbermitteln.<\/p>\n<p><strong>4. AUTOMATISIERTE ENTSCHEIDUNGSFINDUNG<\/strong><br \/>\nZur Durchf\u00fchrung des Bewerbungsprozesses verwenden wir keine automatisierte Entscheidung nach Art. 22 DSGVO.<\/p>\n<p><strong>5. ERFORDERLICHKEIT<\/strong><br \/>\nDie Bereitstellung der personenbezogenen Daten (Kontaktdaten, Ausbildung, Qualifikationen) ist f\u00fcr die Begr\u00fcndung eines Besch\u00e4ftigungsverh\u00e4ltnisses erforderlich. Eine Nichtbereitstellung f\u00fchrt dazu, dass wir Ihre Bewerbung unter Umst\u00e4nden nicht ber\u00fccksichtigen k\u00f6nnen.<\/p>\n<p><strong>6. EMPF\u00c4NGER DER DATEN<\/strong><br \/>\nZugriff auf Ihre Daten erhalten die zust\u00e4ndigen Mitarbeiter der Schwarzm\u00fcller Group, die im entsprechenden Personalauswahlprozess beteiligt sind (Wilhelm Schwarzm\u00fcller GmbH, Schwarzm\u00fcller GmbH &amp; Co KG, H\u00fcffermann Transportsysteme GmbH, Schwarzm\u00fcller s.r.o., Schwarzm\u00fcller Kft.).<\/p>\n<p>Personenbezogene Daten k\u00f6nnen an Unternehmen weitergegeben werden, die den Betrieb von IT Systemen im Unternehmen anbieten. Au\u00dferdem erfolgt eine Weitergabe nur, soweit dies gesetzlich geboten ist. Eine \u00dcbermittlung in ein Drittland ist nicht beabsichtigt.<\/p>\n<p><strong>7. DAUER DER DATENSPEICHERUNG<\/strong><br \/>\nWir speichern Ihre personenbezogenen Daten solange dies f\u00fcr die Entscheidung \u00fcber Ihre Bewerbung erforderlich ist. Ihre personenbezogenen Daten bzw. Bewerbungsunterlagen werden sechs Monate nach Beendigung des Bewerbungsverfahrens gel\u00f6scht, sofern nicht eine l\u00e4ngere Speicherung rechtlich erforderlich oder zul\u00e4ssig ist. F\u00fcr den Fall, dass Sie einer l\u00e4ngeren Speicherung Ihrer personenbezogenen Daten zugestimmt haben, speichern wir diese nach Ma\u00dfgabe Ihrer Einwilligungserkl\u00e4rung. Sollte es zu einem Abschluss eines Besch\u00e4ftigungsverh\u00e4ltnisses kommen, so werden Sie \u00fcber die Verarbeitung Ihrer Daten im Rahmen des Dienstverh\u00e4ltnisses gesondert informiert.<\/p>\n<p><strong>8. IHRE RECHTE<\/strong><br \/>\nSie haben das Recht, eine Auskunft \u00fcber Ihre personenbezogenen Daten einzuholen sowie die Berichtigung, L\u00f6schung, Einschr\u00e4nkung der Verarbeitung sowie \u00dcbertragung Ihrer angegebenen Daten zu verlangen. Sie k\u00f6nnen weiters unter bestimmten Umst\u00e4nden der Verarbeitung Ihrer personenbezogenen Daten widersprechen. Dar\u00fcber hinaus besteht ein Beschwerderecht bei der \u00f6sterreichischen Datenschutzbeh\u00f6rde (<a title=\"dsb@dsb.gv.at\" href=\"mailto:dsb@dsb.gv.at\">dsb@dsb.gv.at<\/a>) oder bei einer datenschutzrechtlichen Aufsichtsbeh\u00f6rde in einem anderen EU-Staat, insbesondere an Ihrem Wohn- oder Arbeitsort, wenn Sie der Ansicht sind, dass die Verarbeitung Ihrer personenbezogenen Daten nicht rechtm\u00e4\u00dfig erfolgt. Sofern die Verarbeitung von Daten auf Grundlage Ihrer Einwilligung erfolgt, sind Sie berechtigt, diese jederzeit zu widerrufen. Bitte beachten Sie, dass der Widerruf erst f\u00fcr die Zukunft wirkt.<\/p>\n<\/div><\/section>\n<\/div><\/div><\/div><!-- close content main div --><\/div><\/div><div id='after_section_2'  class='main_color av_default_container_wrap container_wrap sidebar_left'  ><div class='container av-section-cont-open' ><div class='template-page content  av-content-small units'><div class='post-entry post-entry-type-page post-entry-81238'><div class='entry-content-wrapper clearfix'>\n","protected":false},"excerpt":{"rendered":"","protected":false},"author":7,"featured_media":0,"parent":38700,"menu_order":0,"comment_status":"closed","ping_status":"closed","template":"","meta":{"_acf_changed":false,"_relevanssi_hide_post":"","_relevanssi_hide_content":"","_relevanssi_pin_for_all":"","_relevanssi_pin_keywords":"","_relevanssi_unpin_keywords":"","_relevanssi_related_keywords":"","_relevanssi_related_include_ids":"","_relevanssi_related_exclude_ids":"","_relevanssi_related_no_append":"","_relevanssi_related_not_related":"","_relevanssi_related_posts":"51108,51033,51110,51109,51096,51090","_relevanssi_noindex_reason":"","footnotes":""},"class_list":["post-81238","page","type-page","status-publish","hentry"],"acf":[],"yoast_head":"<!-- This site is optimized with the Yoast SEO Premium plugin v26.4 (Yoast SEO v27.2) - https:\/\/yoast.com\/product\/yoast-seo-premium-wordpress\/ -->\n<title>Datenschutz Bewerber - Schwarzm\u00fcller<\/title>\n<meta name=\"robots\" content=\"index, follow, max-snippet:-1, max-image-preview:large, max-video-preview:-1\" \/>\n<link rel=\"canonical\" href=\"https:\/\/schwarzmueller.com\/de\/karriere\/datenschutz-bewerber\/\" \/>\n<meta property=\"og:locale\" content=\"de_DE\" \/>\n<meta property=\"og:type\" content=\"article\" \/>\n<meta property=\"og:title\" content=\"Datenschutz Bewerber\" \/>\n<meta property=\"og:url\" content=\"https:\/\/schwarzmueller.com\/de\/karriere\/datenschutz-bewerber\/\" \/>\n<meta property=\"og:site_name\" content=\"Schwarzm\u00fcller\" \/>\n<meta property=\"article:modified_time\" content=\"2025-12-01T12:00:22+00:00\" \/>\n<meta property=\"og:image\" content=\"https:\/\/schwarzmueller.com\/wp-content\/uploads\/2024\/03\/csm_schwarzmueller-IAA-2022-tp-schubboden_60f424c13a.jpg\" \/>\n\t<meta property=\"og:image:width\" content=\"768\" \/>\n\t<meta property=\"og:image:height\" content=\"480\" \/>\n\t<meta property=\"og:image:type\" content=\"image\/jpeg\" \/>\n<meta name=\"twitter:card\" content=\"summary_large_image\" \/>\n<meta name=\"twitter:label1\" content=\"Gesch\u00e4tzte Lesezeit\" \/>\n\t<meta name=\"twitter:data1\" content=\"4\u00a0Minuten\" \/>\n<script type=\"application\/ld+json\" class=\"yoast-schema-graph\">{\"@context\":\"https:\/\/schema.org\",\"@graph\":[{\"@type\":\"WebPage\",\"@id\":\"https:\/\/schwarzmueller.com\/de\/karriere\/datenschutz-bewerber\/\",\"url\":\"https:\/\/schwarzmueller.com\/de\/karriere\/datenschutz-bewerber\/\",\"name\":\"Datenschutz Bewerber - Schwarzm\u00fcller\",\"isPartOf\":{\"@id\":\"https:\/\/schwarzmueller.com\/en\/#website\"},\"datePublished\":\"2024-10-10T09:18:31+00:00\",\"dateModified\":\"2025-12-01T12:00:22+00:00\",\"breadcrumb\":{\"@id\":\"https:\/\/schwarzmueller.com\/de\/karriere\/datenschutz-bewerber\/#breadcrumb\"},\"inLanguage\":\"de\",\"potentialAction\":[{\"@type\":\"ReadAction\",\"target\":[\"https:\/\/schwarzmueller.com\/de\/karriere\/datenschutz-bewerber\/\"]}]},{\"@type\":\"BreadcrumbList\",\"@id\":\"https:\/\/schwarzmueller.com\/de\/karriere\/datenschutz-bewerber\/#breadcrumb\",\"itemListElement\":[{\"@type\":\"ListItem\",\"position\":1,\"name\":\"Home\",\"item\":\"https:\/\/schwarzmueller.com\/de\/home\/\"},{\"@type\":\"ListItem\",\"position\":2,\"name\":\"Karriere\",\"item\":\"https:\/\/schwarzmueller.com\/de\/karriere\/\"},{\"@type\":\"ListItem\",\"position\":3,\"name\":\"Datenschutz Bewerber\"}]},{\"@type\":\"WebSite\",\"@id\":\"https:\/\/schwarzmueller.com\/en\/#website\",\"url\":\"https:\/\/schwarzmueller.com\/en\/\",\"name\":\"Schwarzm\u00fcller | Intelligente Fahrzeuge\",\"description\":\"Ganz auf exzellente Fahrzeugtechnik gebaut\",\"publisher\":{\"@id\":\"https:\/\/schwarzmueller.com\/en\/#organization\"},\"alternateName\":\"Schwarzm\u00fcller\",\"potentialAction\":[{\"@type\":\"SearchAction\",\"target\":{\"@type\":\"EntryPoint\",\"urlTemplate\":\"https:\/\/schwarzmueller.com\/en\/?s={search_term_string}\"},\"query-input\":{\"@type\":\"PropertyValueSpecification\",\"valueRequired\":true,\"valueName\":\"search_term_string\"}}],\"inLanguage\":\"de\"},{\"@type\":\"Organization\",\"@id\":\"https:\/\/schwarzmueller.com\/en\/#organization\",\"name\":\"Schwarzm\u00fcller\",\"url\":\"https:\/\/schwarzmueller.com\/en\/\",\"logo\":{\"@type\":\"ImageObject\",\"inLanguage\":\"de\",\"@id\":\"https:\/\/schwarzmueller.com\/en\/#\/schema\/logo\/image\/\",\"url\":\"https:\/\/schwarzmueller.com\/wp-content\/uploads\/2024\/05\/sm_icon_logo.svg\",\"contentUrl\":\"https:\/\/schwarzmueller.com\/wp-content\/uploads\/2024\/05\/sm_icon_logo.svg\",\"width\":1,\"height\":1,\"caption\":\"Schwarzm\u00fcller\"},\"image\":{\"@id\":\"https:\/\/schwarzmueller.com\/en\/#\/schema\/logo\/image\/\"}}]}<\/script>\n<!-- \/ Yoast SEO Premium plugin. -->","yoast_head_json":{"title":"Datenschutz Bewerber - Schwarzm\u00fcller","robots":{"index":"index","follow":"follow","max-snippet":"max-snippet:-1","max-image-preview":"max-image-preview:large","max-video-preview":"max-video-preview:-1"},"canonical":"https:\/\/schwarzmueller.com\/de\/karriere\/datenschutz-bewerber\/","og_locale":"de_DE","og_type":"article","og_title":"Datenschutz Bewerber","og_url":"https:\/\/schwarzmueller.com\/de\/karriere\/datenschutz-bewerber\/","og_site_name":"Schwarzm\u00fcller","article_modified_time":"2025-12-01T12:00:22+00:00","og_image":[{"width":768,"height":480,"url":"https:\/\/schwarzmueller.com\/wp-content\/uploads\/2024\/03\/csm_schwarzmueller-IAA-2022-tp-schubboden_60f424c13a.jpg","type":"image\/jpeg"}],"twitter_card":"summary_large_image","twitter_misc":{"Gesch\u00e4tzte Lesezeit":"4\u00a0Minuten"},"schema":{"@context":"https:\/\/schema.org","@graph":[{"@type":"WebPage","@id":"https:\/\/schwarzmueller.com\/de\/karriere\/datenschutz-bewerber\/","url":"https:\/\/schwarzmueller.com\/de\/karriere\/datenschutz-bewerber\/","name":"Datenschutz Bewerber - Schwarzm\u00fcller","isPartOf":{"@id":"https:\/\/schwarzmueller.com\/en\/#website"},"datePublished":"2024-10-10T09:18:31+00:00","dateModified":"2025-12-01T12:00:22+00:00","breadcrumb":{"@id":"https:\/\/schwarzmueller.com\/de\/karriere\/datenschutz-bewerber\/#breadcrumb"},"inLanguage":"de","potentialAction":[{"@type":"ReadAction","target":["https:\/\/schwarzmueller.com\/de\/karriere\/datenschutz-bewerber\/"]}]},{"@type":"BreadcrumbList","@id":"https:\/\/schwarzmueller.com\/de\/karriere\/datenschutz-bewerber\/#breadcrumb","itemListElement":[{"@type":"ListItem","position":1,"name":"Home","item":"https:\/\/schwarzmueller.com\/de\/home\/"},{"@type":"ListItem","position":2,"name":"Karriere","item":"https:\/\/schwarzmueller.com\/de\/karriere\/"},{"@type":"ListItem","position":3,"name":"Datenschutz Bewerber"}]},{"@type":"WebSite","@id":"https:\/\/schwarzmueller.com\/en\/#website","url":"https:\/\/schwarzmueller.com\/en\/","name":"Schwarzm\u00fcller | Intelligente Fahrzeuge","description":"Ganz auf exzellente Fahrzeugtechnik gebaut","publisher":{"@id":"https:\/\/schwarzmueller.com\/en\/#organization"},"alternateName":"Schwarzm\u00fcller","potentialAction":[{"@type":"SearchAction","target":{"@type":"EntryPoint","urlTemplate":"https:\/\/schwarzmueller.com\/en\/?s={search_term_string}"},"query-input":{"@type":"PropertyValueSpecification","valueRequired":true,"valueName":"search_term_string"}}],"inLanguage":"de"},{"@type":"Organization","@id":"https:\/\/schwarzmueller.com\/en\/#organization","name":"Schwarzm\u00fcller","url":"https:\/\/schwarzmueller.com\/en\/","logo":{"@type":"ImageObject","inLanguage":"de","@id":"https:\/\/schwarzmueller.com\/en\/#\/schema\/logo\/image\/","url":"https:\/\/schwarzmueller.com\/wp-content\/uploads\/2024\/05\/sm_icon_logo.svg","contentUrl":"https:\/\/schwarzmueller.com\/wp-content\/uploads\/2024\/05\/sm_icon_logo.svg","width":1,"height":1,"caption":"Schwarzm\u00fcller"},"image":{"@id":"https:\/\/schwarzmueller.com\/en\/#\/schema\/logo\/image\/"}}]}},"_links":{"self":[{"href":"https:\/\/schwarzmueller.com\/de\/wp-json\/wp\/v2\/pages\/81238","targetHints":{"allow":["GET"]}}],"collection":[{"href":"https:\/\/schwarzmueller.com\/de\/wp-json\/wp\/v2\/pages"}],"about":[{"href":"https:\/\/schwarzmueller.com\/de\/wp-json\/wp\/v2\/types\/page"}],"author":[{"embeddable":true,"href":"https:\/\/schwarzmueller.com\/de\/wp-json\/wp\/v2\/users\/7"}],"replies":[{"embeddable":true,"href":"https:\/\/schwarzmueller.com\/de\/wp-json\/wp\/v2\/comments?post=81238"}],"version-history":[{"count":12,"href":"https:\/\/schwarzmueller.com\/de\/wp-json\/wp\/v2\/pages\/81238\/revisions"}],"predecessor-version":[{"id":89682,"href":"https:\/\/schwarzmueller.com\/de\/wp-json\/wp\/v2\/pages\/81238\/revisions\/89682"}],"up":[{"embeddable":true,"href":"https:\/\/schwarzmueller.com\/de\/wp-json\/wp\/v2\/pages\/38700"}],"wp:attachment":[{"href":"https:\/\/schwarzmueller.com\/de\/wp-json\/wp\/v2\/media?parent=81238"}],"curies":[{"name":"wp","href":"https:\/\/api.w.org\/{rel}","templated":true}]}}