{"id":78276,"date":"2024-09-23T08:04:24","date_gmt":"2024-09-23T06:04:24","guid":{"rendered":"https:\/\/schwarzmueller.com\/?page_id=78276"},"modified":"2025-04-02T14:48:03","modified_gmt":"2025-04-02T12:48:03","slug":"teilnahmebedingungen","status":"publish","type":"page","link":"https:\/\/schwarzmueller.com\/de\/social-media\/teilnahmebedingungen\/","title":{"rendered":"Teilnahmebedingungen"},"content":{"rendered":"<section  class='av_textblock_section av-vjna4z-ac3e59bf0cbbc09fee358efdb3b612ce '   itemscope=\"itemscope\" itemtype=\"https:\/\/schema.org\/CreativeWork\" ><div class='avia_textblock sch-breadcrumb'  itemprop=\"text\" ><div class=\"breadcrumb breadcrumbs avia-breadcrumbs\"><div class=\"breadcrumb-trail\" ><span class=\"trail-before\"><span class=\"breadcrumb-title\">Du bist hier:<\/span><\/span> <span  itemscope=\"itemscope\" itemtype=\"https:\/\/schema.org\/BreadcrumbList\" ><span  itemscope=\"itemscope\" itemtype=\"https:\/\/schema.org\/ListItem\" itemprop=\"itemListElement\" ><a itemprop=\"url\" href=\"https:\/\/schwarzmueller.com\/de\/\" title=\"Schwarzm\u00fcller\" rel=\"home\" class=\"trail-begin\"><span itemprop=\"name\">Startseite<\/span><\/a><span itemprop=\"position\" class=\"hidden\">1<\/span><\/span><\/span><\/div><\/div>\n<\/div><\/section>\n<\/div><\/div><\/div><!-- close content main div --><\/div><\/div><div id='av_section_1'  class='avia-section av-m0xf276f-b9db37ac7cdf2a3c2db1e04108cfda3f main_color avia-section-huge avia-no-border-styling  avia-builder-el-1  el_after_av_textblock  avia-builder-el-last  avia-bg-style-scroll container_wrap sidebar_left'  ><div class='container av-section-cont-open' ><div class='template-page content  av-content-small units'><div class='post-entry post-entry-type-page post-entry-78276'><div class='entry-content-wrapper clearfix'>\n<div  class='flex_column av-lwf4zdm-749ebffcc2e0ea7a6e20316683a91575 av_one_full  avia-builder-el-2  avia-builder-el-no-sibling  first flex_column_div  '     ><p>\n<style type=\"text\/css\" data-created_by=\"avia_inline_auto\" id=\"style-css-av-m0xf3eav-6e628c55e513b1b207b47b08fe4d8fe3\">\n#top .av-special-heading.av-m0xf3eav-6e628c55e513b1b207b47b08fe4d8fe3{\npadding-bottom:10px;\n}\nbody .av-special-heading.av-m0xf3eav-6e628c55e513b1b207b47b08fe4d8fe3 .av-special-heading-tag .heading-char{\nfont-size:25px;\n}\n.av-special-heading.av-m0xf3eav-6e628c55e513b1b207b47b08fe4d8fe3 .av-subheading{\nfont-size:15px;\n}\n<\/style>\n<div  class='av-special-heading av-m0xf3eav-6e628c55e513b1b207b47b08fe4d8fe3 av-special-heading-h1  avia-builder-el-3  el_before_av_hr  avia-builder-el-first '><h1 class='av-special-heading-tag '  itemprop=\"headline\"  >Teilnahmebedingungen<\/h1><div class=\"special-heading-border\"><div class=\"special-heading-inner-border\"><\/div><\/div><\/div><br \/>\n\n<style type=\"text\/css\" data-created_by=\"avia_inline_auto\" id=\"style-css-av-m1elq9aw-0da5219fec20e581fcd6f3795333ad9f\">\n#top .hr.hr-invisible.av-m1elq9aw-0da5219fec20e581fcd6f3795333ad9f{\nheight:50px;\n}\n<\/style>\n<div  class='hr av-m1elq9aw-0da5219fec20e581fcd6f3795333ad9f hr-invisible  avia-builder-el-4  el_after_av_heading  el_before_av_textblock '><span class='hr-inner '><span class=\"hr-inner-style\"><\/span><\/span><\/div><br \/>\n<section  class='av_textblock_section av-m0xf45x1-618974874c13a4a2e91f2aeb0c7a8fcc '   itemscope=\"itemscope\" itemtype=\"https:\/\/schema.org\/CreativeWork\" ><div class='avia_textblock'  itemprop=\"text\" ><p>Das Gewinnspiel endet am 16.04.2025, 23:59 Uhr. Teilnahmeberechtigt sind alle Personen ab dem vollendeten 18. Lebensjahr, die eine g\u00fcltige Zustellanschrift in \u00d6sterreich oder Deutschland haben und \u00fcber ein echtes Personenprofil auf Instagram verf\u00fcgen. Jeder Teilnehmer darf am Gewinnspiel nur einmal teilnehmen. Mehrfachteilnahmen werden nicht ber\u00fccksichtigt. Mitarbeiter sind von der Teilnahme ausgeschlossen.<\/p>\n<p>Die Teilnahme am Gewinnspiel erfolgt, indem der Teilnehmer einen Kommentar unter dem Gewinnspielposting vom 02.04.2025 innerhalb des Teilnahmezeitraumes hochl\u00e4dt. Teilnahmen, die auf anderem Weg (zB per Post, E-Mail oder \u00fcber andere soziale Medien) erfolgen, k\u00f6nnen nicht ber\u00fccksichtigt werden.<\/p>\n<p>Sollte ein Bild und\/oder Kommentar rechtswidrige, politische, nicht jugendfreie oder ethisch nicht vertretbare Elemente enthalten, wird die Teilnahme der verfassenden Person ung\u00fcltig. Werden mehrere Kommentare durch eine Person hochgeladen, bleibt nur der chronologisch \u00e4lteste Beitrag g\u00fcltig.<\/p>\n<p>SCHWARZM\u00dcLLER beh\u00e4lt sich das Recht vor, jeden Teilnehmer zu disqualifizieren, der das Gewinnspiel manipuliert oder gegen diese Teilnahmebedingungen verst\u00f6\u00dft. Eine Disqualifikation erfolgt bereits bei Vorliegen eines begr\u00fcndeten Verdachts. SCHWARZM\u00dcLLER beh\u00e4lt sich die Einleitung rechtlicher Schritte vor. Die Teilnahme am Gewinnspiel ist freiwillig und kostenlos. Der Teilnehmer muss lediglich die Geb\u00fchren f\u00fcr die Internetverbindung zu den Webseiten mit dem Gewinnspiel selbst tragen. Die Teilnahme sowie die Gewinnchancen sind unabh\u00e4ngig vom Erwerb von Waren oder Dienstleistungen. Unter allen Teilnehmern werden drei Schwarzm\u00fcller Conrad-Modellsets verlost.<\/p>\n<p>Die technische Durchf\u00fchrung der Verlosung, welche auf einer Zufallsziehung basiert, obliegt SCHWARZM\u00dcLLER.<\/p>\n<p>Der Gewinner wird nach Ablauf des Teilnahmezeitraums durch eine Instagram Direktnachricht und Kommentar durch SCHWARZM\u00dcLLER informiert. In der Nachricht wird der Gewinner gebeten, den vollst\u00e4ndigen Namen, Adresse und Kontaktdaten zu Telefonnummer und E-Mail Adresse binnen einer Woche zu senden, andernfalls verf\u00e4llt der Gewinn und es kann per Zufallsziehung ein neuer Gewinner ermittelt werden. F\u00fcr die Richtigkeit seiner eigenen Angaben ist der Gewinner selbst verantwortlich. SCHWARZM\u00dcLLER ist nicht verpflichtet, richtige Namen und Adressen auszuforschen. Der Gewinnanspruch ist nicht abtretbar, Barauszahlungen des Gegenwertes sind nicht m\u00f6glich.<\/p>\n<p>SCHWARZM\u00dcLLER beh\u00e4lt sich das Recht vor, das Gewinnspiel zu jedem Zeitpunkt ohne Vorank\u00fcndigung und ohne Angabe von Gr\u00fcnden abzubrechen oder zu beenden. Von dieser M\u00f6glichkeit macht SCHWARZM\u00dcLLER insbesondere dann Gebrauch, wenn aus technischen oder rechtlichen Gr\u00fcnden eine ordnungsgem\u00e4\u00dfe Durchf\u00fchrung des Gewinnspieles nicht gew\u00e4hrleistet werden kann. Sofern eine derartige Beendigung durch das Verhalten eines Teilnehmers verursacht wird, kann SCHWARZM\u00dcLLER von dieser Person den entstandenen Schaden ersetzt verlangen.<\/p>\n<p>Im Gewinnfall hat der Teilnehmer seinen Vor- und Nachnamen, Adresse, Telefonnummer und E-Mail-Adresse bekannt zu geben. Diese vom Teilnehmer bekannt gegebenen personenbezogenen Daten werden von SCHWARZM\u00dcLLER vertraulich behandelt und ausschlie\u00dflich zum Zwecke der Durchf\u00fchrung des Gewinnspiels erhoben, verarbeitet und genutzt, insbesondere zum Zweck der Kontaktaufnahme im Rahmen des Gewinnspieles. Die personenbezogenen Daten werden nicht an Dritte weitergegeben. Dar\u00fcber hinaus werden die notwendigen personenbezogenen Daten in Entsprechung der anwendbaren gesetzlichen Bestimmungen bzw. Aufbewahrungspflichten (DSGVO, DSG 2018, UGB, ABGB) aufbewahrt.<\/p>\n<p>Mit der Teilnahme am Gewinnspiel erteilt der Teilnehmer seine Zustimmung zu dieser Datenschutzerkl\u00e4rung. Die Rechtsgrundlage f\u00fcr die Verarbeitungsschritte bei der Durchf\u00fchrung und Abwicklung von Gewinnspielen stellt gem\u00e4\u00df Art 6 Abs 1 lit a DSGVO Ihre freiwillig abgegebene Einwilligungserkl\u00e4rung dar. Die personenbezogenen Daten des Gewinners werden von SCHWARZM\u00dcLLER bis zur endg\u00fcltigen Abwicklung des Gewinnspieles (Abkl\u00e4rung der Teilnahmeberechtigung, Kontaktaufnahme im Rahmen des Gewinnspiels) auf einem sicheren Server von SCHWARZM\u00dcLLER gespeichert und danach vollst\u00e4ndig und sicher gel\u00f6scht.<\/p>\n<p>SCHWARZM\u00dcLLER leistet keine Gew\u00e4hr f\u00fcr die Verf\u00fcgbarkeit der Instagram-App sowie der offiziellen Instagram-Seite von SCHWARZM\u00dcLLER. F\u00fcr Sch\u00e4den durch Fehler, Verz\u00f6gerungen oder Unterbrechungen in der Daten\u00fcbertragung, bei St\u00f6rungen der technischen Anlagen und des Services, unrichtige Inhalte, Verlust oder L\u00f6schung von Daten und Viren haftet SCHWARZM\u00dcLLER nicht.<\/p>\n<p>SCHWARZM\u00dcLLER beh\u00e4lt sich vor, diese Teilnahmebedingungen jederzeit und ohne Angabe von Gr\u00fcnden zu \u00e4ndern, insbesondere soweit dies aufgrund h\u00f6herer Gewalt oder \u00e4u\u00dferer, nicht von SCHWARZM\u00dcLLER zu beeinflussender Umst\u00e4nde erforderlich sein sollte oder wenn nur so eine ordnungsgem\u00e4\u00dfe Durchf\u00fchrung der Gewinnspiele gew\u00e4hrleistet werden kann.<\/p>\n<p>Dieses Gewinnspiel steht in keiner Verbindung zu Facebook bzw. Instagram und wird in keiner Weise von Facebook bzw. Instagram gesponsert, unterst\u00fctzt oder organisiert. Der Empf\u00e4nger der vom Teilnehmer bereitgestellten Informationen ist nicht Facebook bzw. Instagram, sondern SCHWARZM\u00dcLLER. Die bereitgestellten Informationen werden einzig f\u00fcr das Gewinnspiel verwendet. Die Teilnehmer stellen Facebook bzw. Instagram von jeglicher Haftung, welche aus Anspr\u00fcchen im Zusammenhang mit der Durchf\u00fchrung des Gewinnspiels (insbesondere dessen Publikation und Organisation) resultieren, frei. S\u00e4mtliche Fragen, Kommentare oder Beschwerden zum Gewinnspiel sind direkt an SCHWARZM\u00dcLLER und nicht an Facebook bzw. Instagram zu richten. Auf die Nutzungsbedingungen und Datenschutzregeln (<a href=\"https:\/\/eur01.safelinks.protection.outlook.com\/?url=http%3A%2F%2Fwww.facebook.com%2Fhelp%2Finstagram%2F%3Frdrhc&amp;data=04%7C01%7Ctim.reimann%40schwarzmueller.com%7C821b16c3b9e24ce8250d08d97c19401c%7C3484c9da087043b9bcd8cf56e318c537%7C0%7C0%7C637677270152442279%7CUnknown%7CTWFpbGZsb3d8eyJWIjoiMC4wLjAwMDAiLCJQIjoiV2luMzIiLCJBTiI6Ik1haWwiLCJXVCI6Mn0%3D%7C1000&amp;sdata=BWcb7iEfFw98%2F%2BR5reKdvWaM0pii7Oed5zyJ7qPiKIU%3D&amp;reserved=0\">www.facebook.com\/help\/instagram\/?rdrhc<\/a>) von Instagram wird hingewiesen.<\/p>\n<p>Der Rechtsweg ist ausgeschlossen. Es gilt ausschlie\u00dflich \u00f6sterreichisches Recht.<\/p>\n<\/div><\/section><\/p><\/div><\/div><\/div><\/div><!-- close content main div --><\/div><\/div><div id='after_section_1'  class='main_color av_default_container_wrap container_wrap sidebar_left'  ><div class='container av-section-cont-open' ><div class='template-page content  av-content-small units'><div class='post-entry post-entry-type-page post-entry-78276'><div class='entry-content-wrapper clearfix'>\n","protected":false},"excerpt":{"rendered":"","protected":false},"author":8,"featured_media":0,"parent":78273,"menu_order":0,"comment_status":"closed","ping_status":"open","template":"","meta":{"_acf_changed":false,"_relevanssi_hide_post":"","_relevanssi_hide_content":"","_relevanssi_pin_for_all":"","_relevanssi_pin_keywords":"","_relevanssi_unpin_keywords":"","_relevanssi_related_keywords":"","_relevanssi_related_include_ids":"","_relevanssi_related_exclude_ids":"","_relevanssi_related_no_append":"","_relevanssi_related_not_related":"","_relevanssi_related_posts":"37413,37349,37816,37331,37430,37299","_relevanssi_noindex_reason":"","footnotes":""},"class_list":["post-78276","page","type-page","status-publish","hentry"],"acf":[],"yoast_head":"<!-- This site is optimized with the Yoast SEO Premium plugin v26.4 (Yoast SEO v27.2) - https:\/\/yoast.com\/product\/yoast-seo-premium-wordpress\/ -->\n<title>Teilnahmebedingungen - Schwarzm\u00fcller<\/title>\n<meta name=\"description\" content=\"Entdecken Sie exklusive Fahrzeugangebote, speziell auf Ihre Bed\u00fcrfnisse zugeschnitten und das zu unschlagbaren Konditionen.\" \/>\n<meta name=\"robots\" content=\"index, follow, max-snippet:-1, max-image-preview:large, max-video-preview:-1\" \/>\n<link rel=\"canonical\" href=\"https:\/\/schwarzmueller.com\/de\/social-media\/teilnahmebedingungen\/\" \/>\n<meta property=\"og:locale\" content=\"de_DE\" \/>\n<meta property=\"og:type\" content=\"article\" \/>\n<meta property=\"og:title\" content=\"Teilnahmebedingungen\" \/>\n<meta property=\"og:description\" content=\"Entdecken Sie exklusive Fahrzeugangebote, speziell auf Ihre Bed\u00fcrfnisse zugeschnitten und das zu unschlagbaren Konditionen.\" \/>\n<meta property=\"og:url\" content=\"https:\/\/schwarzmueller.com\/de\/social-media\/teilnahmebedingungen\/\" \/>\n<meta property=\"og:site_name\" content=\"Schwarzm\u00fcller\" \/>\n<meta property=\"article:modified_time\" content=\"2025-04-02T12:48:03+00:00\" \/>\n<meta property=\"og:image\" content=\"https:\/\/schwarzmueller.com\/wp-content\/uploads\/2024\/03\/csm_schwarzmueller-IAA-2022-tp-schubboden_60f424c13a.jpg\" \/>\n\t<meta property=\"og:image:width\" content=\"768\" \/>\n\t<meta property=\"og:image:height\" content=\"480\" \/>\n\t<meta property=\"og:image:type\" content=\"image\/jpeg\" \/>\n<meta name=\"twitter:card\" content=\"summary_large_image\" \/>\n<meta name=\"twitter:label1\" content=\"Gesch\u00e4tzte Lesezeit\" \/>\n\t<meta name=\"twitter:data1\" content=\"5\u00a0Minuten\" \/>\n<script type=\"application\/ld+json\" class=\"yoast-schema-graph\">{\"@context\":\"https:\/\/schema.org\",\"@graph\":[{\"@type\":\"WebPage\",\"@id\":\"https:\/\/schwarzmueller.com\/de\/social-media\/teilnahmebedingungen\/\",\"url\":\"https:\/\/schwarzmueller.com\/de\/social-media\/teilnahmebedingungen\/\",\"name\":\"Teilnahmebedingungen - Schwarzm\u00fcller\",\"isPartOf\":{\"@id\":\"https:\/\/schwarzmueller.com\/en\/#website\"},\"datePublished\":\"2024-09-23T06:04:24+00:00\",\"dateModified\":\"2025-04-02T12:48:03+00:00\",\"description\":\"Entdecken Sie exklusive Fahrzeugangebote, speziell auf Ihre Bed\u00fcrfnisse zugeschnitten und das zu unschlagbaren Konditionen.\",\"breadcrumb\":{\"@id\":\"https:\/\/schwarzmueller.com\/de\/social-media\/teilnahmebedingungen\/#breadcrumb\"},\"inLanguage\":\"de\",\"potentialAction\":[{\"@type\":\"ReadAction\",\"target\":[\"https:\/\/schwarzmueller.com\/de\/social-media\/teilnahmebedingungen\/\"]}]},{\"@type\":\"BreadcrumbList\",\"@id\":\"https:\/\/schwarzmueller.com\/de\/social-media\/teilnahmebedingungen\/#breadcrumb\",\"itemListElement\":[{\"@type\":\"ListItem\",\"position\":1,\"name\":\"Home\",\"item\":\"https:\/\/schwarzmueller.com\/de\/home\/\"},{\"@type\":\"ListItem\",\"position\":2,\"name\":\"Social Media\",\"item\":\"https:\/\/schwarzmueller.com\/de\/social-media\/\"},{\"@type\":\"ListItem\",\"position\":3,\"name\":\"Teilnahmebedingungen\"}]},{\"@type\":\"WebSite\",\"@id\":\"https:\/\/schwarzmueller.com\/en\/#website\",\"url\":\"https:\/\/schwarzmueller.com\/en\/\",\"name\":\"Schwarzm\u00fcller | Intelligente Fahrzeuge\",\"description\":\"Ganz auf exzellente Fahrzeugtechnik gebaut\",\"publisher\":{\"@id\":\"https:\/\/schwarzmueller.com\/en\/#organization\"},\"alternateName\":\"Schwarzm\u00fcller\",\"potentialAction\":[{\"@type\":\"SearchAction\",\"target\":{\"@type\":\"EntryPoint\",\"urlTemplate\":\"https:\/\/schwarzmueller.com\/en\/?s={search_term_string}\"},\"query-input\":{\"@type\":\"PropertyValueSpecification\",\"valueRequired\":true,\"valueName\":\"search_term_string\"}}],\"inLanguage\":\"de\"},{\"@type\":\"Organization\",\"@id\":\"https:\/\/schwarzmueller.com\/en\/#organization\",\"name\":\"Schwarzm\u00fcller\",\"url\":\"https:\/\/schwarzmueller.com\/en\/\",\"logo\":{\"@type\":\"ImageObject\",\"inLanguage\":\"de\",\"@id\":\"https:\/\/schwarzmueller.com\/en\/#\/schema\/logo\/image\/\",\"url\":\"https:\/\/schwarzmueller.com\/wp-content\/uploads\/2024\/05\/sm_icon_logo.svg\",\"contentUrl\":\"https:\/\/schwarzmueller.com\/wp-content\/uploads\/2024\/05\/sm_icon_logo.svg\",\"width\":1,\"height\":1,\"caption\":\"Schwarzm\u00fcller\"},\"image\":{\"@id\":\"https:\/\/schwarzmueller.com\/en\/#\/schema\/logo\/image\/\"}}]}<\/script>\n<!-- \/ Yoast SEO Premium plugin. -->","yoast_head_json":{"title":"Teilnahmebedingungen - Schwarzm\u00fcller","description":"Entdecken Sie exklusive Fahrzeugangebote, speziell auf Ihre Bed\u00fcrfnisse zugeschnitten und das zu unschlagbaren Konditionen.","robots":{"index":"index","follow":"follow","max-snippet":"max-snippet:-1","max-image-preview":"max-image-preview:large","max-video-preview":"max-video-preview:-1"},"canonical":"https:\/\/schwarzmueller.com\/de\/social-media\/teilnahmebedingungen\/","og_locale":"de_DE","og_type":"article","og_title":"Teilnahmebedingungen","og_description":"Entdecken Sie exklusive Fahrzeugangebote, speziell auf Ihre Bed\u00fcrfnisse zugeschnitten und das zu unschlagbaren Konditionen.","og_url":"https:\/\/schwarzmueller.com\/de\/social-media\/teilnahmebedingungen\/","og_site_name":"Schwarzm\u00fcller","article_modified_time":"2025-04-02T12:48:03+00:00","og_image":[{"width":768,"height":480,"url":"https:\/\/schwarzmueller.com\/wp-content\/uploads\/2024\/03\/csm_schwarzmueller-IAA-2022-tp-schubboden_60f424c13a.jpg","type":"image\/jpeg"}],"twitter_card":"summary_large_image","twitter_misc":{"Gesch\u00e4tzte Lesezeit":"5\u00a0Minuten"},"schema":{"@context":"https:\/\/schema.org","@graph":[{"@type":"WebPage","@id":"https:\/\/schwarzmueller.com\/de\/social-media\/teilnahmebedingungen\/","url":"https:\/\/schwarzmueller.com\/de\/social-media\/teilnahmebedingungen\/","name":"Teilnahmebedingungen - Schwarzm\u00fcller","isPartOf":{"@id":"https:\/\/schwarzmueller.com\/en\/#website"},"datePublished":"2024-09-23T06:04:24+00:00","dateModified":"2025-04-02T12:48:03+00:00","description":"Entdecken Sie exklusive Fahrzeugangebote, speziell auf Ihre Bed\u00fcrfnisse zugeschnitten und das zu unschlagbaren Konditionen.","breadcrumb":{"@id":"https:\/\/schwarzmueller.com\/de\/social-media\/teilnahmebedingungen\/#breadcrumb"},"inLanguage":"de","potentialAction":[{"@type":"ReadAction","target":["https:\/\/schwarzmueller.com\/de\/social-media\/teilnahmebedingungen\/"]}]},{"@type":"BreadcrumbList","@id":"https:\/\/schwarzmueller.com\/de\/social-media\/teilnahmebedingungen\/#breadcrumb","itemListElement":[{"@type":"ListItem","position":1,"name":"Home","item":"https:\/\/schwarzmueller.com\/de\/home\/"},{"@type":"ListItem","position":2,"name":"Social Media","item":"https:\/\/schwarzmueller.com\/de\/social-media\/"},{"@type":"ListItem","position":3,"name":"Teilnahmebedingungen"}]},{"@type":"WebSite","@id":"https:\/\/schwarzmueller.com\/en\/#website","url":"https:\/\/schwarzmueller.com\/en\/","name":"Schwarzm\u00fcller | Intelligente Fahrzeuge","description":"Ganz auf exzellente Fahrzeugtechnik gebaut","publisher":{"@id":"https:\/\/schwarzmueller.com\/en\/#organization"},"alternateName":"Schwarzm\u00fcller","potentialAction":[{"@type":"SearchAction","target":{"@type":"EntryPoint","urlTemplate":"https:\/\/schwarzmueller.com\/en\/?s={search_term_string}"},"query-input":{"@type":"PropertyValueSpecification","valueRequired":true,"valueName":"search_term_string"}}],"inLanguage":"de"},{"@type":"Organization","@id":"https:\/\/schwarzmueller.com\/en\/#organization","name":"Schwarzm\u00fcller","url":"https:\/\/schwarzmueller.com\/en\/","logo":{"@type":"ImageObject","inLanguage":"de","@id":"https:\/\/schwarzmueller.com\/en\/#\/schema\/logo\/image\/","url":"https:\/\/schwarzmueller.com\/wp-content\/uploads\/2024\/05\/sm_icon_logo.svg","contentUrl":"https:\/\/schwarzmueller.com\/wp-content\/uploads\/2024\/05\/sm_icon_logo.svg","width":1,"height":1,"caption":"Schwarzm\u00fcller"},"image":{"@id":"https:\/\/schwarzmueller.com\/en\/#\/schema\/logo\/image\/"}}]}},"_links":{"self":[{"href":"https:\/\/schwarzmueller.com\/de\/wp-json\/wp\/v2\/pages\/78276","targetHints":{"allow":["GET"]}}],"collection":[{"href":"https:\/\/schwarzmueller.com\/de\/wp-json\/wp\/v2\/pages"}],"about":[{"href":"https:\/\/schwarzmueller.com\/de\/wp-json\/wp\/v2\/types\/page"}],"author":[{"embeddable":true,"href":"https:\/\/schwarzmueller.com\/de\/wp-json\/wp\/v2\/users\/8"}],"replies":[{"embeddable":true,"href":"https:\/\/schwarzmueller.com\/de\/wp-json\/wp\/v2\/comments?post=78276"}],"version-history":[{"count":8,"href":"https:\/\/schwarzmueller.com\/de\/wp-json\/wp\/v2\/pages\/78276\/revisions"}],"predecessor-version":[{"id":84374,"href":"https:\/\/schwarzmueller.com\/de\/wp-json\/wp\/v2\/pages\/78276\/revisions\/84374"}],"up":[{"embeddable":true,"href":"https:\/\/schwarzmueller.com\/de\/wp-json\/wp\/v2\/pages\/78273"}],"wp:attachment":[{"href":"https:\/\/schwarzmueller.com\/de\/wp-json\/wp\/v2\/media?parent=78276"}],"curies":[{"name":"wp","href":"https:\/\/api.w.org\/{rel}","templated":true}]}}