{"id":50387,"date":"2024-05-31T12:54:29","date_gmt":"2024-05-31T10:54:29","guid":{"rendered":"https:\/\/schwarzmueller.com\/?page_id=50387"},"modified":"2024-09-18T15:17:33","modified_gmt":"2024-09-18T13:17:33","slug":"impressum","status":"publish","type":"page","link":"https:\/\/schwarzmueller.com\/de\/info-und-kontakt\/impressum\/","title":{"rendered":"Impressum"},"content":{"rendered":"<\/p>\n<section  class='av_textblock_section av-vjna4z-ac3e59bf0cbbc09fee358efdb3b612ce '   itemscope=\"itemscope\" itemtype=\"https:\/\/schema.org\/CreativeWork\" ><div class='avia_textblock sch-breadcrumb'  itemprop=\"text\" ><div class=\"breadcrumb breadcrumbs avia-breadcrumbs\"><div class=\"breadcrumb-trail\" ><span class=\"trail-before\"><span class=\"breadcrumb-title\">Du bist hier:<\/span><\/span> <span  itemscope=\"itemscope\" itemtype=\"https:\/\/schema.org\/BreadcrumbList\" ><span  itemscope=\"itemscope\" itemtype=\"https:\/\/schema.org\/ListItem\" itemprop=\"itemListElement\" ><a itemprop=\"url\" href=\"https:\/\/schwarzmueller.com\/de\/\" title=\"Schwarzm\u00fcller\" rel=\"home\" class=\"trail-begin\"><span itemprop=\"name\">Startseite<\/span><\/a><span itemprop=\"position\" class=\"hidden\">1<\/span><\/span><\/span><\/div><\/div>\n<\/div><\/section>\n<\/div><\/div><\/div><!-- close content main div --><\/div><\/div><div id='av_section_1'  class='avia-section av-r99kz7-1ea735a43648ada920aba34715bd7dcb main_color avia-section-default avia-no-border-styling  avia-builder-el-1  el_after_av_textblock  avia-builder-el-last  avia-bg-style-scroll container_wrap sidebar_left'  ><div class='container av-section-cont-open' ><div class='template-page content  av-content-small units'><div class='post-entry post-entry-type-page post-entry-50387'><div class='entry-content-wrapper clearfix'>\n<section  class='av_textblock_section av-lwukekfh-ca293aa8d515a8ae38e856109bce3a1b '   itemscope=\"itemscope\" itemtype=\"https:\/\/schema.org\/CreativeWork\" ><div class='avia_textblock'  itemprop=\"text\" ><h1>Impressum<\/h1>\n<p><br class=\"avia-permanent-lb\" \/><br \/>\n<strong>Firmenname:<\/strong>\u00a0Wilhelm Schwarzm\u00fcller GmbH<br \/>\n<strong>Anschrift:<\/strong>\u00a0Hanzing 11, 4785 Freinberg, Austria<br \/>\n<strong>Unternehmensgegenstand:<\/strong>\u00a0LKW-Anh\u00e4nger und -Aufbauten<br \/>\n<strong>Firmenbuchnummer:<\/strong>\u00a0364874f<br \/>\n<strong>Firmenbuchgericht:<\/strong>\u00a0Handelsgericht Ried im Innkreis<br \/>\n<strong>Beh\u00f6rde gm. ECG:<\/strong>\u00a0BH Sch\u00e4rding\/Inn<br \/>\n<strong>UID:<\/strong>\u00a0ATU66565433<br \/>\nMitglied der Wirtschaftskammer Ober\u00f6sterreich<br \/>\nCopyright by Wilhelm Schwarzm\u00fcller GmbH, Hanzing 11, 4785 Freinberg, Austria<\/p>\n<p><strong>Kontakt:<\/strong><br \/>\nTel.: +43 7713 800-0<br \/>\nFax: +43 7713 800-297<br \/>\n<a href=\"mailto:office@schwarzmueller.com\">office@schwarzmueller.com<\/a><br \/>\n<a href=\"http:\/\/www.schwarzmueller.com\/\" target=\"_blank\" rel=\"noopener\">www.schwarzmueller.com<\/a><\/p>\n<p>Die Wilhelm Schwarzm\u00fcller GmbH \u00fcbernimmt keinerlei Gew\u00e4hr f\u00fcr die Vollst\u00e4ndigkeit, Qualit\u00e4t oder Aktualit\u00e4t der zur Verf\u00fcgung gestellten Informationen. Anspr\u00fcche jedweder Art gegen die Wilhelm Schwarzm\u00fcller GmbH, welche durch die Nutzung oder Nichtnutzung der angebotenen Informationen verursacht worden sind, sind ausgeschlossen. Gleiches gilt auch f\u00fcr alle anderen Internetseiten, auf die mit Hyperlinks verwiesen wird. Die Wilhelm Schwarzm\u00fcller GmbH ist f\u00fcr den Inhalt der Internetseiten, die per Hyperlinks erreicht werden, nicht verantwortlich.<\/p>\n<p>Alle Angebote sind freibleibend und unverbindlich. Die Wilhelm Schwarzm\u00fcller GmbH beh\u00e4lt es sich ausdr\u00fccklich vor, Teile oder das gesamte Angebot ohne gesonderte Ank\u00fcndigung zu ver\u00e4ndern oder zu l\u00f6schen oder auch die Ver\u00f6ffentlichung zeitweise oder endg\u00fcltig einzustellen.<\/p>\n<p>Inhalt und Aufbau dieser Website sind urheberrechtlich gesch\u00fctzt. Vervielf\u00e4ltigungen von Informationen oder Daten ist nur f\u00fcr den pers\u00f6nlichen und informativen Gebrauch gestattet. Die Erstellung und Verwendung von Kopien der Internet-Pr\u00e4sentation in elektronischer oder ausgedruckter Form sind erlaubt, wenn der Inhalt \u2013 einschlie\u00dflich der Angaben zu Autoren und Copyright \u2013 unver\u00e4ndert bleibt.<\/p>\n<p>Die Wilhelm Schwarzm\u00fcller GmbH wurde nach \u00f6sterreichischem Recht errichtet und unterliegt diesem. Dies gilt auch f\u00fcr den gegenst\u00e4ndlichen Beitrag und Internetauftritt. Anspr\u00fcche \u2013 gleich welcher Art \u2013, welche sich auf die Nichteinhaltung von gesetzlichen Bestimmungen in Drittstaaten st\u00fctzen, sind daher ausgeschlossen.<\/p>\n<\/div><\/section>\n<\/div><\/div><\/div><!-- close content main div --><\/div><\/div><div id='after_section_1'  class='main_color av_default_container_wrap container_wrap sidebar_left'  ><div class='container av-section-cont-open' ><div class='template-page content  av-content-small units'><div class='post-entry post-entry-type-page post-entry-50387'><div class='entry-content-wrapper clearfix'>\n","protected":false},"excerpt":{"rendered":"","protected":false},"author":11,"featured_media":0,"parent":76931,"menu_order":0,"comment_status":"closed","ping_status":"open","template":"","meta":{"_acf_changed":false,"_relevanssi_hide_post":"","_relevanssi_hide_content":"","_relevanssi_pin_for_all":"","_relevanssi_pin_keywords":"","_relevanssi_unpin_keywords":"","_relevanssi_related_keywords":"","_relevanssi_related_include_ids":"","_relevanssi_related_exclude_ids":"","_relevanssi_related_no_append":"","_relevanssi_related_not_related":"","_relevanssi_related_posts":"37413,37349,37816,37331,37430,37299","_relevanssi_noindex_reason":"","footnotes":""},"class_list":["post-50387","page","type-page","status-publish","hentry"],"acf":[],"yoast_head":"<!-- This site is optimized with the Yoast SEO Premium plugin v26.4 (Yoast SEO v27.2) - https:\/\/yoast.com\/product\/yoast-seo-premium-wordpress\/ -->\n<title>Impressum - Schwarzm\u00fcller<\/title>\n<meta name=\"robots\" content=\"index, follow, max-snippet:-1, max-image-preview:large, max-video-preview:-1\" \/>\n<link rel=\"canonical\" href=\"https:\/\/schwarzmueller.com\/de\/info-und-kontakt\/impressum\/\" \/>\n<meta property=\"og:locale\" content=\"de_DE\" \/>\n<meta property=\"og:type\" content=\"article\" \/>\n<meta property=\"og:title\" content=\"Impressum\" \/>\n<meta property=\"og:url\" content=\"https:\/\/schwarzmueller.com\/de\/info-und-kontakt\/impressum\/\" \/>\n<meta property=\"og:site_name\" content=\"Schwarzm\u00fcller\" \/>\n<meta property=\"article:modified_time\" content=\"2024-09-18T13:17:33+00:00\" \/>\n<meta property=\"og:image\" content=\"https:\/\/schwarzmueller.com\/wp-content\/uploads\/2024\/03\/csm_schwarzmueller-IAA-2022-tp-schubboden_60f424c13a.jpg\" \/>\n\t<meta property=\"og:image:width\" content=\"768\" \/>\n\t<meta property=\"og:image:height\" content=\"480\" \/>\n\t<meta property=\"og:image:type\" content=\"image\/jpeg\" \/>\n<meta name=\"twitter:card\" content=\"summary_large_image\" \/>\n<meta name=\"twitter:label1\" content=\"Gesch\u00e4tzte Lesezeit\" \/>\n\t<meta name=\"twitter:data1\" content=\"2\u00a0Minuten\" \/>\n<script type=\"application\/ld+json\" class=\"yoast-schema-graph\">{\"@context\":\"https:\/\/schema.org\",\"@graph\":[{\"@type\":\"WebPage\",\"@id\":\"https:\/\/schwarzmueller.com\/de\/info-und-kontakt\/impressum\/\",\"url\":\"https:\/\/schwarzmueller.com\/de\/info-und-kontakt\/impressum\/\",\"name\":\"Impressum - Schwarzm\u00fcller\",\"isPartOf\":{\"@id\":\"https:\/\/schwarzmueller.com\/en\/#website\"},\"datePublished\":\"2024-05-31T10:54:29+00:00\",\"dateModified\":\"2024-09-18T13:17:33+00:00\",\"breadcrumb\":{\"@id\":\"https:\/\/schwarzmueller.com\/de\/info-und-kontakt\/impressum\/#breadcrumb\"},\"inLanguage\":\"de\",\"potentialAction\":[{\"@type\":\"ReadAction\",\"target\":[\"https:\/\/schwarzmueller.com\/de\/info-und-kontakt\/impressum\/\"]}]},{\"@type\":\"BreadcrumbList\",\"@id\":\"https:\/\/schwarzmueller.com\/de\/info-und-kontakt\/impressum\/#breadcrumb\",\"itemListElement\":[{\"@type\":\"ListItem\",\"position\":1,\"name\":\"Home\",\"item\":\"https:\/\/schwarzmueller.com\/de\/home\/\"},{\"@type\":\"ListItem\",\"position\":2,\"name\":\"Info und Kontakt\",\"item\":\"https:\/\/schwarzmueller.com\/de\/info-und-kontakt\/\"},{\"@type\":\"ListItem\",\"position\":3,\"name\":\"Impressum\"}]},{\"@type\":\"WebSite\",\"@id\":\"https:\/\/schwarzmueller.com\/en\/#website\",\"url\":\"https:\/\/schwarzmueller.com\/en\/\",\"name\":\"Schwarzm\u00fcller | Intelligente Fahrzeuge\",\"description\":\"Ganz auf exzellente Fahrzeugtechnik gebaut\",\"publisher\":{\"@id\":\"https:\/\/schwarzmueller.com\/en\/#organization\"},\"alternateName\":\"Schwarzm\u00fcller\",\"potentialAction\":[{\"@type\":\"SearchAction\",\"target\":{\"@type\":\"EntryPoint\",\"urlTemplate\":\"https:\/\/schwarzmueller.com\/en\/?s={search_term_string}\"},\"query-input\":{\"@type\":\"PropertyValueSpecification\",\"valueRequired\":true,\"valueName\":\"search_term_string\"}}],\"inLanguage\":\"de\"},{\"@type\":\"Organization\",\"@id\":\"https:\/\/schwarzmueller.com\/en\/#organization\",\"name\":\"Schwarzm\u00fcller\",\"url\":\"https:\/\/schwarzmueller.com\/en\/\",\"logo\":{\"@type\":\"ImageObject\",\"inLanguage\":\"de\",\"@id\":\"https:\/\/schwarzmueller.com\/en\/#\/schema\/logo\/image\/\",\"url\":\"https:\/\/schwarzmueller.com\/wp-content\/uploads\/2024\/05\/sm_icon_logo.svg\",\"contentUrl\":\"https:\/\/schwarzmueller.com\/wp-content\/uploads\/2024\/05\/sm_icon_logo.svg\",\"width\":1,\"height\":1,\"caption\":\"Schwarzm\u00fcller\"},\"image\":{\"@id\":\"https:\/\/schwarzmueller.com\/en\/#\/schema\/logo\/image\/\"}}]}<\/script>\n<!-- \/ Yoast SEO Premium plugin. -->","yoast_head_json":{"title":"Impressum - Schwarzm\u00fcller","robots":{"index":"index","follow":"follow","max-snippet":"max-snippet:-1","max-image-preview":"max-image-preview:large","max-video-preview":"max-video-preview:-1"},"canonical":"https:\/\/schwarzmueller.com\/de\/info-und-kontakt\/impressum\/","og_locale":"de_DE","og_type":"article","og_title":"Impressum","og_url":"https:\/\/schwarzmueller.com\/de\/info-und-kontakt\/impressum\/","og_site_name":"Schwarzm\u00fcller","article_modified_time":"2024-09-18T13:17:33+00:00","og_image":[{"width":768,"height":480,"url":"https:\/\/schwarzmueller.com\/wp-content\/uploads\/2024\/03\/csm_schwarzmueller-IAA-2022-tp-schubboden_60f424c13a.jpg","type":"image\/jpeg"}],"twitter_card":"summary_large_image","twitter_misc":{"Gesch\u00e4tzte Lesezeit":"2\u00a0Minuten"},"schema":{"@context":"https:\/\/schema.org","@graph":[{"@type":"WebPage","@id":"https:\/\/schwarzmueller.com\/de\/info-und-kontakt\/impressum\/","url":"https:\/\/schwarzmueller.com\/de\/info-und-kontakt\/impressum\/","name":"Impressum - Schwarzm\u00fcller","isPartOf":{"@id":"https:\/\/schwarzmueller.com\/en\/#website"},"datePublished":"2024-05-31T10:54:29+00:00","dateModified":"2024-09-18T13:17:33+00:00","breadcrumb":{"@id":"https:\/\/schwarzmueller.com\/de\/info-und-kontakt\/impressum\/#breadcrumb"},"inLanguage":"de","potentialAction":[{"@type":"ReadAction","target":["https:\/\/schwarzmueller.com\/de\/info-und-kontakt\/impressum\/"]}]},{"@type":"BreadcrumbList","@id":"https:\/\/schwarzmueller.com\/de\/info-und-kontakt\/impressum\/#breadcrumb","itemListElement":[{"@type":"ListItem","position":1,"name":"Home","item":"https:\/\/schwarzmueller.com\/de\/home\/"},{"@type":"ListItem","position":2,"name":"Info und Kontakt","item":"https:\/\/schwarzmueller.com\/de\/info-und-kontakt\/"},{"@type":"ListItem","position":3,"name":"Impressum"}]},{"@type":"WebSite","@id":"https:\/\/schwarzmueller.com\/en\/#website","url":"https:\/\/schwarzmueller.com\/en\/","name":"Schwarzm\u00fcller | Intelligente Fahrzeuge","description":"Ganz auf exzellente Fahrzeugtechnik gebaut","publisher":{"@id":"https:\/\/schwarzmueller.com\/en\/#organization"},"alternateName":"Schwarzm\u00fcller","potentialAction":[{"@type":"SearchAction","target":{"@type":"EntryPoint","urlTemplate":"https:\/\/schwarzmueller.com\/en\/?s={search_term_string}"},"query-input":{"@type":"PropertyValueSpecification","valueRequired":true,"valueName":"search_term_string"}}],"inLanguage":"de"},{"@type":"Organization","@id":"https:\/\/schwarzmueller.com\/en\/#organization","name":"Schwarzm\u00fcller","url":"https:\/\/schwarzmueller.com\/en\/","logo":{"@type":"ImageObject","inLanguage":"de","@id":"https:\/\/schwarzmueller.com\/en\/#\/schema\/logo\/image\/","url":"https:\/\/schwarzmueller.com\/wp-content\/uploads\/2024\/05\/sm_icon_logo.svg","contentUrl":"https:\/\/schwarzmueller.com\/wp-content\/uploads\/2024\/05\/sm_icon_logo.svg","width":1,"height":1,"caption":"Schwarzm\u00fcller"},"image":{"@id":"https:\/\/schwarzmueller.com\/en\/#\/schema\/logo\/image\/"}}]}},"_links":{"self":[{"href":"https:\/\/schwarzmueller.com\/de\/wp-json\/wp\/v2\/pages\/50387","targetHints":{"allow":["GET"]}}],"collection":[{"href":"https:\/\/schwarzmueller.com\/de\/wp-json\/wp\/v2\/pages"}],"about":[{"href":"https:\/\/schwarzmueller.com\/de\/wp-json\/wp\/v2\/types\/page"}],"author":[{"embeddable":true,"href":"https:\/\/schwarzmueller.com\/de\/wp-json\/wp\/v2\/users\/11"}],"replies":[{"embeddable":true,"href":"https:\/\/schwarzmueller.com\/de\/wp-json\/wp\/v2\/comments?post=50387"}],"version-history":[{"count":16,"href":"https:\/\/schwarzmueller.com\/de\/wp-json\/wp\/v2\/pages\/50387\/revisions"}],"predecessor-version":[{"id":76972,"href":"https:\/\/schwarzmueller.com\/de\/wp-json\/wp\/v2\/pages\/50387\/revisions\/76972"}],"up":[{"embeddable":true,"href":"https:\/\/schwarzmueller.com\/de\/wp-json\/wp\/v2\/pages\/76931"}],"wp:attachment":[{"href":"https:\/\/schwarzmueller.com\/de\/wp-json\/wp\/v2\/media?parent=50387"}],"curies":[{"name":"wp","href":"https:\/\/api.w.org\/{rel}","templated":true}]}}