{"id":39013,"date":"2024-04-04T14:32:08","date_gmt":"2024-04-04T12:32:08","guid":{"rendered":"https:\/\/schwarzmueller.com\/?page_id=39013"},"modified":"2026-03-31T09:25:21","modified_gmt":"2026-03-31T07:25:21","slug":"service-tankfahrzeuge","status":"publish","type":"page","link":"https:\/\/schwarzmueller.com\/de\/service\/service-tankfahrzeuge\/","title":{"rendered":"Service Tankfahrzeuge"},"content":{"rendered":"\n<style type=\"text\/css\" data-created_by=\"avia_inline_auto\" id=\"style-css-av-lv2f0str-149d3e4ea13f0437da526dd1bd1a0c76\">\n.avia-section.av-lv2f0str-149d3e4ea13f0437da526dd1bd1a0c76{\nbackground-repeat:no-repeat;\nbackground-image:url(https:\/\/schwarzmueller.com\/wp-content\/uploads\/2024\/04\/csm_bild_tank_eichstelle_171a127184.jpg);\nbackground-position:50% 50%;\nbackground-attachment:scroll;\n}\n.avia-section.av-lv2f0str-149d3e4ea13f0437da526dd1bd1a0c76 .av-section-color-overlay{\nopacity:0.5;\nbackground-color:#0a0a0a;\n}\n<\/style>\n<div id='av_section_1'  class='avia-section av-lv2f0str-149d3e4ea13f0437da526dd1bd1a0c76 main_color avia-section-huge avia-no-border-styling  avia-builder-el-0  el_before_av_textblock  avia-builder-el-first  avia-full-stretch avia-bg-style-scroll av-section-color-overlay-active av-minimum-height av-minimum-height-custom av-height-custom  container_wrap sidebar_left'  data-section-bg-repeat='stretch' data-av_minimum_height_px='512'><div class=\"av-section-color-overlay-wrap\"><div class=\"av-section-color-overlay\"><\/div><div class='container av-section-cont-open' style='height:512px'><main  role=\"main\" itemprop=\"mainContentOfPage\"  class='template-page content  av-content-small units'><div class='post-entry post-entry-type-page post-entry-39013'><div class='entry-content-wrapper clearfix'>\n\n<style type=\"text\/css\" data-created_by=\"avia_inline_auto\" id=\"style-css-av-lv2f01me-3719737ce6600cd0a37c83603dcaf0dd\">\n#top .av_textblock_section.av-lv2f01me-3719737ce6600cd0a37c83603dcaf0dd .avia_textblock{\ncolor:#ffffff;\n}\n<\/style>\n<section  class='av_textblock_section av-lv2f01me-3719737ce6600cd0a37c83603dcaf0dd '   itemscope=\"itemscope\" itemtype=\"https:\/\/schema.org\/CreativeWork\" ><div class='avia_textblock hero-title av_inherit_color'  itemprop=\"text\" ><h1>Tankfahrzeuge<\/h1>\n<h2 class=\"schwa-h3\">Service\u00a0\u00b7 Wartung\u00a0\u00b7 Reparatur<\/h2>\n<\/div><\/section>\n<\/div><\/div><\/main><!-- close content main element --><\/div><\/div><\/div><div id='after_section_1'  class='main_color av_default_container_wrap container_wrap sidebar_left'  ><div class='container av-section-cont-open' ><div class='template-page content  av-content-small units'><div class='post-entry post-entry-type-page post-entry-39013'><div class='entry-content-wrapper clearfix'>\n<section  class='av_textblock_section av-1bney91-c6111e12c662d1452e565a1d44a80304 '   itemscope=\"itemscope\" itemtype=\"https:\/\/schema.org\/CreativeWork\" ><div class='avia_textblock sch-breadcrumb'  itemprop=\"text\" ><div class=\"breadcrumb breadcrumbs avia-breadcrumbs\"><div class=\"breadcrumb-trail\" ><span class=\"trail-before\"><span class=\"breadcrumb-title\">Du bist hier:<\/span><\/span> <span  itemscope=\"itemscope\" itemtype=\"https:\/\/schema.org\/BreadcrumbList\" ><span  itemscope=\"itemscope\" itemtype=\"https:\/\/schema.org\/ListItem\" itemprop=\"itemListElement\" ><a itemprop=\"url\" href=\"https:\/\/schwarzmueller.com\/de\/\" title=\"Schwarzm\u00fcller\" rel=\"home\" class=\"trail-begin\"><span itemprop=\"name\">Startseite<\/span><\/a><span itemprop=\"position\" class=\"hidden\">1<\/span><\/span><\/span><\/div><\/div>\n<\/div><\/section>\n<\/div><\/div><\/div><!-- close content main div --><\/div><\/div><div id='av_section_2'  class='avia-section av-aj3iyt-ea49bccfbd2917df477203397cf7cc58 main_color avia-section-huge avia-no-border-styling  avia-builder-el-3  el_after_av_textblock  el_before_av_section  avia-bg-style-scroll container_wrap sidebar_left'  ><div class='container av-section-cont-open' ><div class='template-page content  av-content-small units'><div class='post-entry post-entry-type-page post-entry-39013'><div class='entry-content-wrapper clearfix'>\n<div class='flex_column_table av-2cp1xb9-4b18f236f157eb871947c7a1e4fc61f5 sc-av_one_half av-equal-height-column-flextable'><div  class='flex_column av-2cp1xb9-4b18f236f157eb871947c7a1e4fc61f5 av_one_half  avia-builder-el-4  el_before_av_one_half  avia-builder-el-first  first flex_column_table_cell av-equal-height-column av-align-top  '     ><section  class='av_textblock_section av-lv2f25iv-3989c35141d72a5fadf211a639a9fc94 '   itemscope=\"itemscope\" itemtype=\"https:\/\/schema.org\/CreativeWork\" ><div class='avia_textblock'  itemprop=\"text\" ><h2 class=\"schwa-h4\">Ein zweites Leben f\u00fcr Ihr Tankfahrzeug<\/h2>\n<p>W\u00e4hrend das Fahrgestell durch die t\u00e4glichen Belastungen dem generellen Verschlei\u00df unterliegt, sind die Tanks selbst erheblich langlebiger und einsatzf\u00e4higer. Deshalb ben\u00f6tigen Tankfahrzeuge spezielle Pflege und sorgf\u00e4ltige Wartung. Die Schwarzm\u00fcller Gruppe bietet daf\u00fcr vier Servicepakete, aus denen Sie ganz nach Bedarf ausw\u00e4hlen k\u00f6nnen.<\/p>\n<p>Um die Organisation f\u00fcr den Top-Service noch komfortabler zu machen, bietet Schwarzm\u00fcller einen \u00dcberstellungsservice der Tankfahrzeuge vom Kunden zum Werk. Das hei\u00dft f\u00fcr Sie: kein extra Fahrdienst sondern eine absolut unkomplizierte Abwicklung.<\/p>\n<p>Bei Schwarzm\u00fcller werden nur Originalteile bzw. zertifizierte und homologierte Teile f\u00fcr den Fahrzeugservice verwendet. Das gilt f\u00fcr Ersatzteile, Komponenten und Werkstoff. Das verl\u00e4ngert die Einsatzdauer zus\u00e4tzlich. Und Premium bleibt auch nach Jahren Premium.<\/p>\n<\/div><\/section><\/div><div class='av-flex-placeholder'><\/div><div  class='flex_column av-23akzwl-30250571aadc7b47e67785ff79282138 av_one_half  avia-builder-el-6  el_after_av_one_half  el_before_av_one_full  flex_column_table_cell av-equal-height-column av-align-top  '     ><style type=\"text\/css\" data-created_by=\"avia_inline_auto\" id=\"style-css-av-lv2f2hgo-57e3ef100d4aa9860897bce89d053569\">\n.avia-image-container.av-lv2f2hgo-57e3ef100d4aa9860897bce89d053569 img.avia_image{\nbox-shadow:none;\n}\n.avia-image-container.av-lv2f2hgo-57e3ef100d4aa9860897bce89d053569 .av-image-caption-overlay-center{\ncolor:#ffffff;\n}\n<\/style>\n<div  class='avia-image-container av-lv2f2hgo-57e3ef100d4aa9860897bce89d053569 av-styling- avia-align-center  avia-builder-el-7  avia-builder-el-no-sibling '   itemprop=\"image\" itemscope=\"itemscope\" itemtype=\"https:\/\/schema.org\/ImageObject\" ><div class=\"avia-image-container-inner\"><div class=\"avia-image-overlay-wrap\"><img decoding=\"async\" fetchpriority=\"high\" class='wp-image-41071 avia-img-lazy-loading-not-41071 avia_image ' src=\"https:\/\/schwarzmueller.com\/wp-content\/uploads\/2024\/04\/csm_broschuere_startseite_pic-red_830_zuschn_de387b721f.jpg\" alt='' title='csm_broschuere_startseite_pic-red_830_zuschn_de387b721f'  height=\"675\" width=\"700\"  itemprop=\"thumbnailUrl\" srcset=\"https:\/\/schwarzmueller.com\/wp-content\/uploads\/2024\/04\/csm_broschuere_startseite_pic-red_830_zuschn_de387b721f.jpg 700w, https:\/\/schwarzmueller.com\/wp-content\/uploads\/2024\/04\/csm_broschuere_startseite_pic-red_830_zuschn_de387b721f-300x289.jpg 300w, https:\/\/schwarzmueller.com\/wp-content\/uploads\/2024\/04\/csm_broschuere_startseite_pic-red_830_zuschn_de387b721f-36x36.jpg 36w\" sizes=\"(max-width: 700px) 100vw, 700px\" \/><\/div><\/div><\/div><\/div><\/div><!--close column table wrapper. Autoclose: 1 --><div  class='flex_column av-v7m2xx-07de8660ad49e01720e19eae21086676 av_one_full  avia-builder-el-8  el_after_av_one_half  el_before_av_one_half  first flex_column_div  column-top-margin'     ><section  class='av_textblock_section av-lv2f3v3d-bc14180f376a372c93e098c24cd40b29 '   itemscope=\"itemscope\" itemtype=\"https:\/\/schema.org\/CreativeWork\" ><div class='avia_textblock'  itemprop=\"text\" ><div id=\"c16144\" class=\"frame frame-type-text frame-layout-0 frame-space-before-none frame-space-after-medium frame-padding-top-extra-large frame-padding-bottom-medium frame-\">\n<div class=\"ce-content\">\n<h3 class=\"schwa-h6\"><strong>Gerne informieren wir Sie \u00fcber unsere Angebote<\/strong><\/h3>\n<\/div>\n<\/div>\n<\/div><\/section><\/div><div class='flex_column_table av-1997dut-70ddf0721c6eb529df5d627b2eae83fe sc-av_one_half av-equal-height-column-flextable'><div  class='flex_column av-1997dut-70ddf0721c6eb529df5d627b2eae83fe av_one_half  avia-builder-el-10  el_after_av_one_full  el_before_av_one_half  first flex_column_table_cell av-equal-height-column av-align-top  column-top-margin'     ><style type=\"text\/css\" data-created_by=\"avia_inline_auto\" id=\"style-css-av-lv2f3gjh-b9a16a52cdb7953de4adb3364a4e21cd\">\n#top .av_textblock_section.av-lv2f3gjh-b9a16a52cdb7953de4adb3364a4e21cd .avia_textblock{\ntext-align:left;\n}\n<\/style>\n<section  class='av_textblock_section av-lv2f3gjh-b9a16a52cdb7953de4adb3364a4e21cd '   itemscope=\"itemscope\" itemtype=\"https:\/\/schema.org\/CreativeWork\" ><div class='avia_textblock image-dark-section-title'  itemprop=\"text\" ><p class=\"headline\"><strong>Koeberl Helmut<\/strong><\/p>\n<p class=\"info\"><a title=\"pavel.kratochvil@schwarzmueller.com\" href=\"mailto:helmut.koeberl@schwarzmueller.com\">helmut.koeberl@schwarzmueller.com<\/a><\/p>\n<\/div><\/section><\/div><div class='av-flex-placeholder'><\/div><div  class='flex_column av-mdqr2d-3bf3cc736c826df6f35b459b784f561b av_one_half  avia-builder-el-12  el_after_av_one_half  avia-builder-el-last  flex_column_table_cell av-equal-height-column av-align-top  column-top-margin'     ><\/div><\/div><!--close column table wrapper. Autoclose: 1 --><\/div><\/div><\/div><!-- close content main div --><\/div><\/div>\n<style type=\"text\/css\" data-created_by=\"avia_inline_auto\" id=\"style-css-av-lv3qowlx-813e40838fcad4be8470642bf4a0c710\">\n.avia-section.av-lv3qowlx-813e40838fcad4be8470642bf4a0c710{\nbackground-repeat:no-repeat;\nbackground-image:url(https:\/\/schwarzmueller.com\/wp-content\/uploads\/2024\/04\/background_as-2.jpg);\nbackground-position:50% 50%;\nbackground-attachment:scroll;\nmargin-top:0px;\nmargin-bottom:0px;\n}\n<\/style>\n<div id='av_section_3'  class='avia-section av-lv3qowlx-813e40838fcad4be8470642bf4a0c710 main_color avia-section-default avia-no-border-styling  avia-builder-el-13  el_after_av_section  avia-builder-el-last  avia-full-stretch avia-bg-style-scroll av-minimum-height av-minimum-height-100 av-height-100  container_wrap sidebar_left'  data-section-bg-repeat='stretch' data-av_minimum_height_pc='100' data-av_min_height_opt='100'><div class='container av-section-cont-open' ><div class='template-page content  av-content-small units'><div class='post-entry post-entry-type-page post-entry-39013'><div class='entry-content-wrapper clearfix'>\n\n<style type=\"text\/css\" data-created_by=\"avia_inline_auto\" id=\"style-css-av-lv3qpa3w-a075b873882be3ce68aa1484cb7b8db4\">\n#top .av_textblock_section.av-lv3qpa3w-a075b873882be3ce68aa1484cb7b8db4 .avia_textblock{\ncolor:#ffffff;\ntext-align:center;\n}\n<\/style>\n<section  class='av_textblock_section av-lv3qpa3w-a075b873882be3ce68aa1484cb7b8db4 '   itemscope=\"itemscope\" itemtype=\"https:\/\/schema.org\/CreativeWork\" ><div class='avia_textblock image-dark-section-heading av_inherit_color'  itemprop=\"text\" ><div id=\"c16138\" class=\"frame frame-type-text frame-layout-0 frame-space-before-none frame-space-after-medium frame-padding-top-none frame-padding-bottom-none frame-\">\n<div class=\"ce-content\">\n<h2 class=\"align-center\">Ihr kostenfreier europaweiter<br \/>\n24\/7 Pannennotruf<\/h2>\n<\/div>\n<\/div>\n<div id=\"c16139\" class=\"frame frame-type-text frame-layout-0 frame-space-before-extra-large frame-space-after-medium frame-padding-top-none frame-padding-bottom-none frame-\">\n<p><a style=\"font-size: 34px; font-weight: 600;\" title=\"+43 36 22 723 00 66\" href=\"tel:+4336227230066\">+43 36 22 723 00 66<\/a><\/p>\n<div class=\"ce-content\"><\/div>\n<\/div>\n<\/div><\/section>\n<\/div><\/div><\/div><!-- close content main div --><\/div><\/div><div id='after_section_3'  class='main_color av_default_container_wrap container_wrap sidebar_left'  ><div class='container av-section-cont-open' ><div class='template-page content  av-content-small units'><div class='post-entry post-entry-type-page post-entry-39013'><div class='entry-content-wrapper clearfix'><\/p>\n","protected":false},"excerpt":{"rendered":"","protected":false},"author":6,"featured_media":0,"parent":38694,"menu_order":0,"comment_status":"closed","ping_status":"closed","template":"","meta":{"_acf_changed":false,"_relevanssi_hide_post":"","_relevanssi_hide_content":"","_relevanssi_pin_for_all":"","_relevanssi_pin_keywords":"","_relevanssi_unpin_keywords":"","_relevanssi_related_keywords":"","_relevanssi_related_include_ids":"","_relevanssi_related_exclude_ids":"","_relevanssi_related_no_append":"","_relevanssi_related_not_related":"","_relevanssi_related_posts":"37345,37304,37788,37305,37774,37298","_relevanssi_noindex_reason":"","footnotes":""},"class_list":["post-39013","page","type-page","status-publish","hentry"],"acf":[],"yoast_head":"<!-- This site is optimized with the Yoast SEO Premium plugin v26.4 (Yoast SEO v27.2) - https:\/\/yoast.com\/product\/yoast-seo-premium-wordpress\/ -->\n<title>Service Tankfahrzeuge - Schwarzm\u00fcller<\/title>\n<meta name=\"robots\" content=\"index, follow, max-snippet:-1, max-image-preview:large, max-video-preview:-1\" \/>\n<link rel=\"canonical\" href=\"https:\/\/schwarzmueller.com\/de\/service\/service-tankfahrzeuge\/\" \/>\n<meta property=\"og:locale\" content=\"de_DE\" \/>\n<meta property=\"og:type\" content=\"article\" \/>\n<meta property=\"og:title\" content=\"Service Tankfahrzeuge\" \/>\n<meta property=\"og:url\" content=\"https:\/\/schwarzmueller.com\/de\/service\/service-tankfahrzeuge\/\" \/>\n<meta property=\"og:site_name\" content=\"Schwarzm\u00fcller\" \/>\n<meta property=\"article:modified_time\" content=\"2026-03-31T07:25:21+00:00\" \/>\n<meta property=\"og:image\" content=\"https:\/\/schwarzmueller.com\/wp-content\/uploads\/2024\/03\/csm_schwarzmueller-IAA-2022-tp-schubboden_60f424c13a.jpg\" \/>\n\t<meta property=\"og:image:width\" content=\"768\" \/>\n\t<meta property=\"og:image:height\" content=\"480\" \/>\n\t<meta property=\"og:image:type\" content=\"image\/jpeg\" \/>\n<meta name=\"twitter:card\" content=\"summary_large_image\" \/>\n<meta name=\"twitter:label1\" content=\"Gesch\u00e4tzte Lesezeit\" \/>\n\t<meta name=\"twitter:data1\" content=\"2\u00a0Minuten\" \/>\n<script type=\"application\/ld+json\" class=\"yoast-schema-graph\">{\"@context\":\"https:\/\/schema.org\",\"@graph\":[{\"@type\":\"WebPage\",\"@id\":\"https:\/\/schwarzmueller.com\/de\/service\/service-tankfahrzeuge\/\",\"url\":\"https:\/\/schwarzmueller.com\/de\/service\/service-tankfahrzeuge\/\",\"name\":\"Service Tankfahrzeuge - Schwarzm\u00fcller\",\"isPartOf\":{\"@id\":\"https:\/\/schwarzmueller.com\/en\/#website\"},\"datePublished\":\"2024-04-04T12:32:08+00:00\",\"dateModified\":\"2026-03-31T07:25:21+00:00\",\"breadcrumb\":{\"@id\":\"https:\/\/schwarzmueller.com\/de\/service\/service-tankfahrzeuge\/#breadcrumb\"},\"inLanguage\":\"de\",\"potentialAction\":[{\"@type\":\"ReadAction\",\"target\":[\"https:\/\/schwarzmueller.com\/de\/service\/service-tankfahrzeuge\/\"]}]},{\"@type\":\"BreadcrumbList\",\"@id\":\"https:\/\/schwarzmueller.com\/de\/service\/service-tankfahrzeuge\/#breadcrumb\",\"itemListElement\":[{\"@type\":\"ListItem\",\"position\":1,\"name\":\"Home\",\"item\":\"https:\/\/schwarzmueller.com\/de\/home\/\"},{\"@type\":\"ListItem\",\"position\":2,\"name\":\"Service\",\"item\":\"https:\/\/schwarzmueller.com\/de\/service\/\"},{\"@type\":\"ListItem\",\"position\":3,\"name\":\"Service Tankfahrzeuge\"}]},{\"@type\":\"WebSite\",\"@id\":\"https:\/\/schwarzmueller.com\/en\/#website\",\"url\":\"https:\/\/schwarzmueller.com\/en\/\",\"name\":\"Schwarzm\u00fcller | Intelligente Fahrzeuge\",\"description\":\"Ganz auf exzellente Fahrzeugtechnik gebaut\",\"publisher\":{\"@id\":\"https:\/\/schwarzmueller.com\/en\/#organization\"},\"alternateName\":\"Schwarzm\u00fcller\",\"potentialAction\":[{\"@type\":\"SearchAction\",\"target\":{\"@type\":\"EntryPoint\",\"urlTemplate\":\"https:\/\/schwarzmueller.com\/en\/?s={search_term_string}\"},\"query-input\":{\"@type\":\"PropertyValueSpecification\",\"valueRequired\":true,\"valueName\":\"search_term_string\"}}],\"inLanguage\":\"de\"},{\"@type\":\"Organization\",\"@id\":\"https:\/\/schwarzmueller.com\/en\/#organization\",\"name\":\"Schwarzm\u00fcller\",\"url\":\"https:\/\/schwarzmueller.com\/en\/\",\"logo\":{\"@type\":\"ImageObject\",\"inLanguage\":\"de\",\"@id\":\"https:\/\/schwarzmueller.com\/en\/#\/schema\/logo\/image\/\",\"url\":\"https:\/\/schwarzmueller.com\/wp-content\/uploads\/2024\/05\/sm_icon_logo.svg\",\"contentUrl\":\"https:\/\/schwarzmueller.com\/wp-content\/uploads\/2024\/05\/sm_icon_logo.svg\",\"width\":1,\"height\":1,\"caption\":\"Schwarzm\u00fcller\"},\"image\":{\"@id\":\"https:\/\/schwarzmueller.com\/en\/#\/schema\/logo\/image\/\"}}]}<\/script>\n<!-- \/ Yoast SEO Premium plugin. -->","yoast_head_json":{"title":"Service Tankfahrzeuge - Schwarzm\u00fcller","robots":{"index":"index","follow":"follow","max-snippet":"max-snippet:-1","max-image-preview":"max-image-preview:large","max-video-preview":"max-video-preview:-1"},"canonical":"https:\/\/schwarzmueller.com\/de\/service\/service-tankfahrzeuge\/","og_locale":"de_DE","og_type":"article","og_title":"Service Tankfahrzeuge","og_url":"https:\/\/schwarzmueller.com\/de\/service\/service-tankfahrzeuge\/","og_site_name":"Schwarzm\u00fcller","article_modified_time":"2026-03-31T07:25:21+00:00","og_image":[{"width":768,"height":480,"url":"https:\/\/schwarzmueller.com\/wp-content\/uploads\/2024\/03\/csm_schwarzmueller-IAA-2022-tp-schubboden_60f424c13a.jpg","type":"image\/jpeg"}],"twitter_card":"summary_large_image","twitter_misc":{"Gesch\u00e4tzte Lesezeit":"2\u00a0Minuten"},"schema":{"@context":"https:\/\/schema.org","@graph":[{"@type":"WebPage","@id":"https:\/\/schwarzmueller.com\/de\/service\/service-tankfahrzeuge\/","url":"https:\/\/schwarzmueller.com\/de\/service\/service-tankfahrzeuge\/","name":"Service Tankfahrzeuge - Schwarzm\u00fcller","isPartOf":{"@id":"https:\/\/schwarzmueller.com\/en\/#website"},"datePublished":"2024-04-04T12:32:08+00:00","dateModified":"2026-03-31T07:25:21+00:00","breadcrumb":{"@id":"https:\/\/schwarzmueller.com\/de\/service\/service-tankfahrzeuge\/#breadcrumb"},"inLanguage":"de","potentialAction":[{"@type":"ReadAction","target":["https:\/\/schwarzmueller.com\/de\/service\/service-tankfahrzeuge\/"]}]},{"@type":"BreadcrumbList","@id":"https:\/\/schwarzmueller.com\/de\/service\/service-tankfahrzeuge\/#breadcrumb","itemListElement":[{"@type":"ListItem","position":1,"name":"Home","item":"https:\/\/schwarzmueller.com\/de\/home\/"},{"@type":"ListItem","position":2,"name":"Service","item":"https:\/\/schwarzmueller.com\/de\/service\/"},{"@type":"ListItem","position":3,"name":"Service Tankfahrzeuge"}]},{"@type":"WebSite","@id":"https:\/\/schwarzmueller.com\/en\/#website","url":"https:\/\/schwarzmueller.com\/en\/","name":"Schwarzm\u00fcller | Intelligente Fahrzeuge","description":"Ganz auf exzellente Fahrzeugtechnik gebaut","publisher":{"@id":"https:\/\/schwarzmueller.com\/en\/#organization"},"alternateName":"Schwarzm\u00fcller","potentialAction":[{"@type":"SearchAction","target":{"@type":"EntryPoint","urlTemplate":"https:\/\/schwarzmueller.com\/en\/?s={search_term_string}"},"query-input":{"@type":"PropertyValueSpecification","valueRequired":true,"valueName":"search_term_string"}}],"inLanguage":"de"},{"@type":"Organization","@id":"https:\/\/schwarzmueller.com\/en\/#organization","name":"Schwarzm\u00fcller","url":"https:\/\/schwarzmueller.com\/en\/","logo":{"@type":"ImageObject","inLanguage":"de","@id":"https:\/\/schwarzmueller.com\/en\/#\/schema\/logo\/image\/","url":"https:\/\/schwarzmueller.com\/wp-content\/uploads\/2024\/05\/sm_icon_logo.svg","contentUrl":"https:\/\/schwarzmueller.com\/wp-content\/uploads\/2024\/05\/sm_icon_logo.svg","width":1,"height":1,"caption":"Schwarzm\u00fcller"},"image":{"@id":"https:\/\/schwarzmueller.com\/en\/#\/schema\/logo\/image\/"}}]}},"_links":{"self":[{"href":"https:\/\/schwarzmueller.com\/de\/wp-json\/wp\/v2\/pages\/39013","targetHints":{"allow":["GET"]}}],"collection":[{"href":"https:\/\/schwarzmueller.com\/de\/wp-json\/wp\/v2\/pages"}],"about":[{"href":"https:\/\/schwarzmueller.com\/de\/wp-json\/wp\/v2\/types\/page"}],"author":[{"embeddable":true,"href":"https:\/\/schwarzmueller.com\/de\/wp-json\/wp\/v2\/users\/6"}],"replies":[{"embeddable":true,"href":"https:\/\/schwarzmueller.com\/de\/wp-json\/wp\/v2\/comments?post=39013"}],"version-history":[{"count":25,"href":"https:\/\/schwarzmueller.com\/de\/wp-json\/wp\/v2\/pages\/39013\/revisions"}],"predecessor-version":[{"id":93744,"href":"https:\/\/schwarzmueller.com\/de\/wp-json\/wp\/v2\/pages\/39013\/revisions\/93744"}],"up":[{"embeddable":true,"href":"https:\/\/schwarzmueller.com\/de\/wp-json\/wp\/v2\/pages\/38694"}],"wp:attachment":[{"href":"https:\/\/schwarzmueller.com\/de\/wp-json\/wp\/v2\/media?parent=39013"}],"curies":[{"name":"wp","href":"https:\/\/api.w.org\/{rel}","templated":true}]}}