{"id":38984,"date":"2024-04-04T11:21:02","date_gmt":"2024-04-04T09:21:02","guid":{"rendered":"https:\/\/schwarzmueller.com\/?page_id=38984"},"modified":"2024-09-19T17:58:02","modified_gmt":"2024-09-19T15:58:02","slug":"vision-mission","status":"publish","type":"page","link":"https:\/\/schwarzmueller.com\/de\/unternehmen\/vision-mission\/","title":{"rendered":"Vision &#038; Mission"},"content":{"rendered":"<\/p>\n\n<style type=\"text\/css\" data-created_by=\"avia_inline_auto\" id=\"style-css-av-lv3mmhpy-2110790beabb8f312c5025980dd0c788\">\n.avia-section.av-lv3mmhpy-2110790beabb8f312c5025980dd0c788{\nbackground-repeat:no-repeat;\nbackground-image:url(https:\/\/schwarzmueller.com\/wp-content\/uploads\/2024\/04\/csm_channel_schweissen_ab16501407.jpg);\nbackground-position:50% 50%;\nbackground-attachment:scroll;\n}\n.avia-section.av-lv3mmhpy-2110790beabb8f312c5025980dd0c788 .av-section-color-overlay{\nopacity:0.5;\nbackground-color:#0a0a0a;\n}\n<\/style>\n<div id='av_section_1'  class='avia-section av-lv3mmhpy-2110790beabb8f312c5025980dd0c788 main_color avia-section-huge avia-no-border-styling  avia-builder-el-0  el_before_av_textblock  avia-builder-el-first  avia-full-stretch avia-bg-style-scroll av-section-color-overlay-active av-minimum-height av-minimum-height-custom av-height-custom  container_wrap sidebar_left'  data-section-bg-repeat='stretch' data-av_minimum_height_px='512'><div class=\"av-section-color-overlay-wrap\"><div class=\"av-section-color-overlay\"><\/div><div class='container av-section-cont-open' style='height:512px'><main  role=\"main\" itemprop=\"mainContentOfPage\"  class='template-page content  av-content-small units'><div class='post-entry post-entry-type-page post-entry-38984'><div class='entry-content-wrapper clearfix'>\n\n<style type=\"text\/css\" data-created_by=\"avia_inline_auto\" id=\"style-css-av-lv3mi5cf-0e546ac0edfbd2e33c81d646404c3d23\">\n#top .av_textblock_section.av-lv3mi5cf-0e546ac0edfbd2e33c81d646404c3d23 .avia_textblock{\ncolor:#ffffff;\n}\n<\/style>\n<section  class='av_textblock_section av-lv3mi5cf-0e546ac0edfbd2e33c81d646404c3d23 '   itemscope=\"itemscope\" itemtype=\"https:\/\/schema.org\/CreativeWork\" ><div class='avia_textblock hero-title av_inherit_color'  itemprop=\"text\" ><h1 class=\"display-1\">Vision und Mission<\/h1>\n<h2 class=\"schwa-h4\">Die Nutzfahrzeuge der Zukunft &#8211; Intelligente L\u00f6sungen mit Mehrwert<\/h2>\n<\/div><\/section>\n<\/div><\/div><\/main><!-- close content main element --><\/div><\/div><\/div><div id='after_section_1'  class='main_color av_default_container_wrap container_wrap sidebar_left'  ><div class='container av-section-cont-open' ><div class='template-page content  av-content-small units'><div class='post-entry post-entry-type-page post-entry-38984'><div class='entry-content-wrapper clearfix'><section  class='av_textblock_section av-n218iw-7e0475eaafc9845661d0d5017b14b444 '   itemscope=\"itemscope\" itemtype=\"https:\/\/schema.org\/CreativeWork\" ><div class='avia_textblock sch-breadcrumb'  itemprop=\"text\" ><div class=\"breadcrumb breadcrumbs avia-breadcrumbs\"><div class=\"breadcrumb-trail\" ><span class=\"trail-before\"><span class=\"breadcrumb-title\">Du bist hier:<\/span><\/span> <span  itemscope=\"itemscope\" itemtype=\"https:\/\/schema.org\/BreadcrumbList\" ><span  itemscope=\"itemscope\" itemtype=\"https:\/\/schema.org\/ListItem\" itemprop=\"itemListElement\" ><a itemprop=\"url\" href=\"https:\/\/schwarzmueller.com\/de\/\" title=\"Schwarzm\u00fcller\" rel=\"home\" class=\"trail-begin\"><span itemprop=\"name\">Startseite<\/span><\/a><span itemprop=\"position\" class=\"hidden\">1<\/span><\/span><\/span><\/div><\/div>\n<\/div><\/section><\/p>\n<\/div><\/div><\/div><!-- close content main div --><\/div><\/div><div id='av_section_2'  class='avia-section av-lv3mih6k-5913a9b27d843fd3bf50a0f8e01d48b9 main_color avia-section-huge avia-no-border-styling  avia-builder-el-3  el_after_av_textblock  el_before_av_section  avia-bg-style-scroll container_wrap sidebar_left'  ><div class='container av-section-cont-open' ><div class='template-page content  av-content-small units'><div class='post-entry post-entry-type-page post-entry-38984'><div class='entry-content-wrapper clearfix'>\n<div class='flex_column_table av-1xmugo8-9acbec0232d9f321381c65471aa4d236 sc-av_one_half av-equal-height-column-flextable'><div  class='flex_column av-1xmugo8-9acbec0232d9f321381c65471aa4d236 av_one_half  avia-builder-el-4  el_before_av_one_half  avia-builder-el-first  first flex_column_table_cell av-equal-height-column av-align-top  '     ><style type=\"text\/css\" data-created_by=\"avia_inline_auto\" id=\"style-css-av-lv3mj2hc-00db33db57a6b2ae422227708eaecf3c\">\n#top .av_textblock_section.av-lv3mj2hc-00db33db57a6b2ae422227708eaecf3c .avia_textblock{\ntext-align:left;\n}\n<\/style>\n<section  class='av_textblock_section av-lv3mj2hc-00db33db57a6b2ae422227708eaecf3c '   itemscope=\"itemscope\" itemtype=\"https:\/\/schema.org\/CreativeWork\" ><div class='avia_textblock image-dark-section-title'  itemprop=\"text\" ><div class=\"ce-header h2-mb ce-header-left\">\n<div class=\"ce-headline\">\n<h2 class=\"schwa-h4\">Die Schwarzm\u00fcller Vision<\/h2>\n<\/div>\n<\/div>\n<h3 class=\"schwa-h4 schwa-h6\"><strong>Neue Horizonte durch individuelle L\u00f6sungen<\/strong><\/h3>\n<p>Die Schwarzm\u00fcller Gruppe er\u00f6ffnet neue Horizonte beim Einsatz von Nutzfahrzeugen. Wir steigern durch ma\u00dfgeschneiderte L\u00f6sungen die Performance unserer Fahrzeuge und geben unseren Kunden ein Instrument mit Mehrwertgarantie an die Hand. Durch unsere eingehende Auseinandersetzung mit den Anforderungen unserer Kunden \u00fcbertreffen wir deren Erwartungen.<\/p>\n<\/div><\/section><\/div><div class='av-flex-placeholder'><\/div><div  class='flex_column av-1l165pk-7747a86e274e427be70fc6c1bd8e416a av_one_half  avia-builder-el-6  el_after_av_one_half  avia-builder-el-last  flex_column_table_cell av-equal-height-column av-align-top  '     ><style type=\"text\/css\" data-created_by=\"avia_inline_auto\" id=\"style-css-av-lv3mjbe2-7080ba3c724514435a63bc455638e6b5\">\n.avia-image-container.av-lv3mjbe2-7080ba3c724514435a63bc455638e6b5 img.avia_image{\nbox-shadow:none;\n}\n.avia-image-container.av-lv3mjbe2-7080ba3c724514435a63bc455638e6b5 .av-image-caption-overlay-center{\ncolor:#ffffff;\n}\n<\/style>\n<div  class='avia-image-container av-lv3mjbe2-7080ba3c724514435a63bc455638e6b5 av-styling- avia-align-center  avia-builder-el-7  avia-builder-el-no-sibling '   itemprop=\"image\" itemscope=\"itemscope\" itemtype=\"https:\/\/schema.org\/ImageObject\" ><div class=\"avia-image-container-inner\"><div class=\"avia-image-overlay-wrap\"><img decoding=\"async\" fetchpriority=\"high\" class='wp-image-42746 avia-img-lazy-loading-not-42746 avia_image ' src=\"https:\/\/schwarzmueller.com\/wp-content\/uploads\/2024\/04\/csm_pc-design_6f37a17787.jpg\" alt='' title='csm_pc-design_6f37a17787'  height=\"466\" width=\"700\"  itemprop=\"thumbnailUrl\" srcset=\"https:\/\/schwarzmueller.com\/wp-content\/uploads\/2024\/04\/csm_pc-design_6f37a17787.jpg 700w, https:\/\/schwarzmueller.com\/wp-content\/uploads\/2024\/04\/csm_pc-design_6f37a17787-300x200.jpg 300w\" sizes=\"(max-width: 700px) 100vw, 700px\" \/><\/div><\/div><\/div><\/div><\/div><!--close column table wrapper. Autoclose: 1 --><\/div><\/div><\/div><!-- close content main div --><\/div><\/div>\n<style type=\"text\/css\" data-created_by=\"avia_inline_auto\" id=\"style-css-av-lv3mjrq1-751d3d8bd8304a8f55bc7c6c9427c0a4\">\n.avia-section.av-lv3mjrq1-751d3d8bd8304a8f55bc7c6c9427c0a4{\nbackground-repeat:repeat;\nbackground-image:url(https:\/\/schwarzmueller.com\/wp-content\/uploads\/2024\/03\/pattern2.png);\nbackground-position:0% 0%;\nbackground-attachment:scroll;\n}\n<\/style>\n<div id='av_section_3'  class='avia-section av-lv3mjrq1-751d3d8bd8304a8f55bc7c6c9427c0a4 main_color avia-section-huge avia-no-border-styling  avia-builder-el-8  el_after_av_section  avia-builder-el-last  pattern-section-background avia-bg-style-scroll container_wrap sidebar_left'  data-section-bg-repeat='repeat'><div class='container av-section-cont-open' ><div class='template-page content  av-content-small units'><div class='post-entry post-entry-type-page post-entry-38984'><div class='entry-content-wrapper clearfix'>\n<div class='flex_column_table av-10sm0qw-a66fe749e3c378a8a87779ba3032d5a5 sc-av_one_half av-equal-height-column-flextable'><div  class='flex_column av-10sm0qw-a66fe749e3c378a8a87779ba3032d5a5 av_one_half  avia-builder-el-9  el_before_av_one_half  avia-builder-el-first  first flex_column_table_cell av-equal-height-column av-align-top  '     ><style type=\"text\/css\" data-created_by=\"avia_inline_auto\" id=\"style-css-av-lv3mkqvi-d9ab89d5c68df06539663309c25879ac\">\n#top .av_textblock_section.av-lv3mkqvi-d9ab89d5c68df06539663309c25879ac .avia_textblock{\ntext-align:left;\n}\n<\/style>\n<section  class='av_textblock_section av-lv3mkqvi-d9ab89d5c68df06539663309c25879ac '   itemscope=\"itemscope\" itemtype=\"https:\/\/schema.org\/CreativeWork\" ><div class='avia_textblock image-dark-section-title'  itemprop=\"text\" ><div class=\"ce-header h2-mb ce-header-left\">\n<div class=\"ce-headline\">\n<div class=\"ce-header h2-mb ce-header-left\">\n<div class=\"ce-headline\">\n<h2 class=\"schwa-h4\">Die Schwarzm\u00fcller Mission<\/h2>\n<\/div>\n<\/div>\n<h3 class=\"schwa-h4 schwa-h6\"><strong>Mit Leidenschaft L\u00f6sungen entwickeln<\/strong><\/h3>\n<p>Die Mitarbeiter machen den Unterschied! Die Schwarzm\u00fcller Gruppe entwickelt, baut und serviciert Nutzfahrzeuge f\u00fcr den optimalen Einsatz in hart umk\u00e4mpften, anspruchsvollen Branchen. Unsere Produkte geben die Benchmarks bei Nutzlast, Handling, Einsatzzeiten und bei den Kosten im gesamten Lebenszyklus vor. Wir verstehen mehr als der Mitbewerb von der Welt unserer Kunden und wir leisten mehr f\u00fcr deren wirtschaftliche Performance.<\/p>\n<\/div>\n<\/div>\n<\/div><\/section><\/div><div class='av-flex-placeholder'><\/div><div  class='flex_column av-l4ht2g-f39a062cc9153cc535cf02f5c4da5867 av_one_half  avia-builder-el-11  el_after_av_one_half  avia-builder-el-last  flex_column_table_cell av-equal-height-column av-align-top  '     ><style type=\"text\/css\" data-created_by=\"avia_inline_auto\" id=\"style-css-av-lv3ml6go-1be66355e5765dc3a22b9c894803b400\">\n.avia-image-container.av-lv3ml6go-1be66355e5765dc3a22b9c894803b400 img.avia_image{\nbox-shadow:none;\n}\n.avia-image-container.av-lv3ml6go-1be66355e5765dc3a22b9c894803b400 .av-image-caption-overlay-center{\ncolor:#ffffff;\n}\n<\/style>\n<div  class='avia-image-container av-lv3ml6go-1be66355e5765dc3a22b9c894803b400 av-styling- avia-align-center  avia-builder-el-12  avia-builder-el-no-sibling '   itemprop=\"image\" itemscope=\"itemscope\" itemtype=\"https:\/\/schema.org\/ImageObject\" ><div class=\"avia-image-container-inner\"><div class=\"avia-image-overlay-wrap\"><img decoding=\"async\" fetchpriority=\"high\" class='wp-image-42751 avia-img-lazy-loading-not-42751 avia_image ' src=\"https:\/\/schwarzmueller.com\/wp-content\/uploads\/2024\/04\/csm_mission_93beefce63.jpg\" alt='' title='csm_mission_93beefce63'  height=\"466\" width=\"700\"  itemprop=\"thumbnailUrl\" srcset=\"https:\/\/schwarzmueller.com\/wp-content\/uploads\/2024\/04\/csm_mission_93beefce63.jpg 700w, https:\/\/schwarzmueller.com\/wp-content\/uploads\/2024\/04\/csm_mission_93beefce63-300x200.jpg 300w\" sizes=\"(max-width: 700px) 100vw, 700px\" \/><\/div><\/div><\/div><\/div><\/div><!--close column table wrapper. Autoclose: 1 --><\/div><\/div><\/div><!-- close content main div --><\/div><\/div><div id='after_section_3'  class='main_color av_default_container_wrap container_wrap sidebar_left'  ><div class='container av-section-cont-open' ><div class='template-page content  av-content-small units'><div class='post-entry post-entry-type-page post-entry-38984'><div class='entry-content-wrapper clearfix'><\/p>\n","protected":false},"excerpt":{"rendered":"","protected":false},"author":6,"featured_media":0,"parent":38697,"menu_order":0,"comment_status":"closed","ping_status":"closed","template":"","meta":{"_acf_changed":false,"_relevanssi_hide_post":"","_relevanssi_hide_content":"","_relevanssi_pin_for_all":"","_relevanssi_pin_keywords":"","_relevanssi_unpin_keywords":"","_relevanssi_related_keywords":"","_relevanssi_related_include_ids":"","_relevanssi_related_exclude_ids":"","_relevanssi_related_no_append":"","_relevanssi_related_not_related":"","_relevanssi_related_posts":"37329,37427,37787,37771,37398,37379","_relevanssi_noindex_reason":"","footnotes":""},"class_list":["post-38984","page","type-page","status-publish","hentry"],"acf":[],"yoast_head":"<!-- This site is optimized with the Yoast SEO Premium plugin v26.4 (Yoast SEO v27.2) - https:\/\/yoast.com\/product\/yoast-seo-premium-wordpress\/ -->\n<title>Vision &amp; Mission - Schwarzm\u00fcller<\/title>\n<meta name=\"robots\" content=\"index, follow, max-snippet:-1, max-image-preview:large, max-video-preview:-1\" \/>\n<link rel=\"canonical\" href=\"https:\/\/schwarzmueller.com\/de\/unternehmen\/vision-mission\/\" \/>\n<meta property=\"og:locale\" content=\"de_DE\" \/>\n<meta property=\"og:type\" content=\"article\" \/>\n<meta property=\"og:title\" content=\"Vision &amp; Mission\" \/>\n<meta property=\"og:url\" content=\"https:\/\/schwarzmueller.com\/de\/unternehmen\/vision-mission\/\" \/>\n<meta property=\"og:site_name\" content=\"Schwarzm\u00fcller\" \/>\n<meta property=\"article:modified_time\" content=\"2024-09-19T15:58:02+00:00\" \/>\n<meta property=\"og:image\" content=\"https:\/\/schwarzmueller.com\/wp-content\/uploads\/2024\/03\/csm_schwarzmueller-IAA-2022-tp-schubboden_60f424c13a.jpg\" \/>\n\t<meta property=\"og:image:width\" content=\"768\" \/>\n\t<meta property=\"og:image:height\" content=\"480\" \/>\n\t<meta property=\"og:image:type\" content=\"image\/jpeg\" \/>\n<meta name=\"twitter:card\" content=\"summary_large_image\" \/>\n<meta name=\"twitter:label1\" content=\"Gesch\u00e4tzte Lesezeit\" \/>\n\t<meta name=\"twitter:data1\" content=\"2\u00a0Minuten\" \/>\n<script type=\"application\/ld+json\" class=\"yoast-schema-graph\">{\"@context\":\"https:\/\/schema.org\",\"@graph\":[{\"@type\":\"WebPage\",\"@id\":\"https:\/\/schwarzmueller.com\/de\/unternehmen\/vision-mission\/\",\"url\":\"https:\/\/schwarzmueller.com\/de\/unternehmen\/vision-mission\/\",\"name\":\"Vision & Mission - Schwarzm\u00fcller\",\"isPartOf\":{\"@id\":\"https:\/\/schwarzmueller.com\/en\/#website\"},\"datePublished\":\"2024-04-04T09:21:02+00:00\",\"dateModified\":\"2024-09-19T15:58:02+00:00\",\"breadcrumb\":{\"@id\":\"https:\/\/schwarzmueller.com\/de\/unternehmen\/vision-mission\/#breadcrumb\"},\"inLanguage\":\"de\",\"potentialAction\":[{\"@type\":\"ReadAction\",\"target\":[\"https:\/\/schwarzmueller.com\/de\/unternehmen\/vision-mission\/\"]}]},{\"@type\":\"BreadcrumbList\",\"@id\":\"https:\/\/schwarzmueller.com\/de\/unternehmen\/vision-mission\/#breadcrumb\",\"itemListElement\":[{\"@type\":\"ListItem\",\"position\":1,\"name\":\"Home\",\"item\":\"https:\/\/schwarzmueller.com\/de\/home\/\"},{\"@type\":\"ListItem\",\"position\":2,\"name\":\"Unternehmen\",\"item\":\"https:\/\/schwarzmueller.com\/de\/unternehmen\/\"},{\"@type\":\"ListItem\",\"position\":3,\"name\":\"Vision &#038; Mission\"}]},{\"@type\":\"WebSite\",\"@id\":\"https:\/\/schwarzmueller.com\/en\/#website\",\"url\":\"https:\/\/schwarzmueller.com\/en\/\",\"name\":\"Schwarzm\u00fcller | Intelligente Fahrzeuge\",\"description\":\"Ganz auf exzellente Fahrzeugtechnik gebaut\",\"publisher\":{\"@id\":\"https:\/\/schwarzmueller.com\/en\/#organization\"},\"alternateName\":\"Schwarzm\u00fcller\",\"potentialAction\":[{\"@type\":\"SearchAction\",\"target\":{\"@type\":\"EntryPoint\",\"urlTemplate\":\"https:\/\/schwarzmueller.com\/en\/?s={search_term_string}\"},\"query-input\":{\"@type\":\"PropertyValueSpecification\",\"valueRequired\":true,\"valueName\":\"search_term_string\"}}],\"inLanguage\":\"de\"},{\"@type\":\"Organization\",\"@id\":\"https:\/\/schwarzmueller.com\/en\/#organization\",\"name\":\"Schwarzm\u00fcller\",\"url\":\"https:\/\/schwarzmueller.com\/en\/\",\"logo\":{\"@type\":\"ImageObject\",\"inLanguage\":\"de\",\"@id\":\"https:\/\/schwarzmueller.com\/en\/#\/schema\/logo\/image\/\",\"url\":\"https:\/\/schwarzmueller.com\/wp-content\/uploads\/2024\/05\/sm_icon_logo.svg\",\"contentUrl\":\"https:\/\/schwarzmueller.com\/wp-content\/uploads\/2024\/05\/sm_icon_logo.svg\",\"width\":1,\"height\":1,\"caption\":\"Schwarzm\u00fcller\"},\"image\":{\"@id\":\"https:\/\/schwarzmueller.com\/en\/#\/schema\/logo\/image\/\"}}]}<\/script>\n<!-- \/ Yoast SEO Premium plugin. -->","yoast_head_json":{"title":"Vision & Mission - Schwarzm\u00fcller","robots":{"index":"index","follow":"follow","max-snippet":"max-snippet:-1","max-image-preview":"max-image-preview:large","max-video-preview":"max-video-preview:-1"},"canonical":"https:\/\/schwarzmueller.com\/de\/unternehmen\/vision-mission\/","og_locale":"de_DE","og_type":"article","og_title":"Vision & Mission","og_url":"https:\/\/schwarzmueller.com\/de\/unternehmen\/vision-mission\/","og_site_name":"Schwarzm\u00fcller","article_modified_time":"2024-09-19T15:58:02+00:00","og_image":[{"width":768,"height":480,"url":"https:\/\/schwarzmueller.com\/wp-content\/uploads\/2024\/03\/csm_schwarzmueller-IAA-2022-tp-schubboden_60f424c13a.jpg","type":"image\/jpeg"}],"twitter_card":"summary_large_image","twitter_misc":{"Gesch\u00e4tzte Lesezeit":"2\u00a0Minuten"},"schema":{"@context":"https:\/\/schema.org","@graph":[{"@type":"WebPage","@id":"https:\/\/schwarzmueller.com\/de\/unternehmen\/vision-mission\/","url":"https:\/\/schwarzmueller.com\/de\/unternehmen\/vision-mission\/","name":"Vision & Mission - Schwarzm\u00fcller","isPartOf":{"@id":"https:\/\/schwarzmueller.com\/en\/#website"},"datePublished":"2024-04-04T09:21:02+00:00","dateModified":"2024-09-19T15:58:02+00:00","breadcrumb":{"@id":"https:\/\/schwarzmueller.com\/de\/unternehmen\/vision-mission\/#breadcrumb"},"inLanguage":"de","potentialAction":[{"@type":"ReadAction","target":["https:\/\/schwarzmueller.com\/de\/unternehmen\/vision-mission\/"]}]},{"@type":"BreadcrumbList","@id":"https:\/\/schwarzmueller.com\/de\/unternehmen\/vision-mission\/#breadcrumb","itemListElement":[{"@type":"ListItem","position":1,"name":"Home","item":"https:\/\/schwarzmueller.com\/de\/home\/"},{"@type":"ListItem","position":2,"name":"Unternehmen","item":"https:\/\/schwarzmueller.com\/de\/unternehmen\/"},{"@type":"ListItem","position":3,"name":"Vision &#038; Mission"}]},{"@type":"WebSite","@id":"https:\/\/schwarzmueller.com\/en\/#website","url":"https:\/\/schwarzmueller.com\/en\/","name":"Schwarzm\u00fcller | Intelligente Fahrzeuge","description":"Ganz auf exzellente Fahrzeugtechnik gebaut","publisher":{"@id":"https:\/\/schwarzmueller.com\/en\/#organization"},"alternateName":"Schwarzm\u00fcller","potentialAction":[{"@type":"SearchAction","target":{"@type":"EntryPoint","urlTemplate":"https:\/\/schwarzmueller.com\/en\/?s={search_term_string}"},"query-input":{"@type":"PropertyValueSpecification","valueRequired":true,"valueName":"search_term_string"}}],"inLanguage":"de"},{"@type":"Organization","@id":"https:\/\/schwarzmueller.com\/en\/#organization","name":"Schwarzm\u00fcller","url":"https:\/\/schwarzmueller.com\/en\/","logo":{"@type":"ImageObject","inLanguage":"de","@id":"https:\/\/schwarzmueller.com\/en\/#\/schema\/logo\/image\/","url":"https:\/\/schwarzmueller.com\/wp-content\/uploads\/2024\/05\/sm_icon_logo.svg","contentUrl":"https:\/\/schwarzmueller.com\/wp-content\/uploads\/2024\/05\/sm_icon_logo.svg","width":1,"height":1,"caption":"Schwarzm\u00fcller"},"image":{"@id":"https:\/\/schwarzmueller.com\/en\/#\/schema\/logo\/image\/"}}]}},"_links":{"self":[{"href":"https:\/\/schwarzmueller.com\/de\/wp-json\/wp\/v2\/pages\/38984","targetHints":{"allow":["GET"]}}],"collection":[{"href":"https:\/\/schwarzmueller.com\/de\/wp-json\/wp\/v2\/pages"}],"about":[{"href":"https:\/\/schwarzmueller.com\/de\/wp-json\/wp\/v2\/types\/page"}],"author":[{"embeddable":true,"href":"https:\/\/schwarzmueller.com\/de\/wp-json\/wp\/v2\/users\/6"}],"replies":[{"embeddable":true,"href":"https:\/\/schwarzmueller.com\/de\/wp-json\/wp\/v2\/comments?post=38984"}],"version-history":[{"count":13,"href":"https:\/\/schwarzmueller.com\/de\/wp-json\/wp\/v2\/pages\/38984\/revisions"}],"predecessor-version":[{"id":77131,"href":"https:\/\/schwarzmueller.com\/de\/wp-json\/wp\/v2\/pages\/38984\/revisions\/77131"}],"up":[{"embeddable":true,"href":"https:\/\/schwarzmueller.com\/de\/wp-json\/wp\/v2\/pages\/38697"}],"wp:attachment":[{"href":"https:\/\/schwarzmueller.com\/de\/wp-json\/wp\/v2\/media?parent=38984"}],"curies":[{"name":"wp","href":"https:\/\/api.w.org\/{rel}","templated":true}]}}