{"id":81260,"date":"2024-10-10T11:18:31","date_gmt":"2024-10-10T09:18:31","guid":{"rendered":"https:\/\/schwarzmueller.com\/?page_id=81260"},"modified":"2024-10-10T11:26:37","modified_gmt":"2024-10-10T09:26:37","slug":"zpracovani-udaju-uchazece","status":"publish","type":"page","link":"https:\/\/schwarzmueller.com\/cs\/kariera\/zpracovani-udaju-uchazece\/","title":{"rendered":"Zpracov\u00e1n\u00ed \u00fadaj\u016f uchaze\u010de"},"content":{"rendered":"<section  class='av_textblock_section av-av_textblock-5b52c7b722393d2c124ee5f204420e61 '   itemscope=\"itemscope\" itemtype=\"https:\/\/schema.org\/CreativeWork\" ><div class='avia_textblock sch-breadcrumb'  itemprop=\"text\" ><div class=\"breadcrumb breadcrumbs avia-breadcrumbs\"><div class=\"breadcrumb-trail\" ><span class=\"trail-before\"><span class=\"breadcrumb-title\">Jste zde:<\/span><\/span> <span  itemscope=\"itemscope\" itemtype=\"https:\/\/schema.org\/BreadcrumbList\" ><span  itemscope=\"itemscope\" itemtype=\"https:\/\/schema.org\/ListItem\" itemprop=\"itemListElement\" ><a itemprop=\"url\" href=\"https:\/\/schwarzmueller.com\/cs\/\" title=\"Schwarzm\u00fcller\" rel=\"home\" class=\"trail-begin\"><span itemprop=\"name\">Dom\u016f<\/span><\/a><span itemprop=\"position\" class=\"hidden\">1<\/span><\/span><\/span><\/div><\/div>\n<\/div><\/section>\n<\/div><\/div><\/div><!-- close content main div --><\/div><\/div><div id='av_section_1'  class='avia-section av-av_section-faaf37a124be0c993c21c61c7574190b main_color avia-section-default avia-no-border-styling  avia-builder-el-1  el_after_av_textblock  el_before_av_section  avia-bg-style-scroll container_wrap sidebar_left'  ><div class='container av-section-cont-open' ><div class='template-page content  av-content-small units'><div class='post-entry post-entry-type-page post-entry-81260'><div class='entry-content-wrapper clearfix'>\n\n<style type=\"text\/css\" data-created_by=\"avia_inline_auto\" id=\"style-css-av-m233f8ya-18fdcfc3ee0035cfd0053d679c9dc20c\">\n#top .av_textblock_section.av-m233f8ya-18fdcfc3ee0035cfd0053d679c9dc20c .avia_textblock{\ntext-align:center;\n}\n<\/style>\n<section  class='av_textblock_section av-m233f8ya-18fdcfc3ee0035cfd0053d679c9dc20c '   itemscope=\"itemscope\" itemtype=\"https:\/\/schema.org\/CreativeWork\" ><div class='avia_textblock'  itemprop=\"text\" ><h1 class=\"align-center schwa-h2\">Informace o na\u0161em zpracov\u00e1n\u00ed osobn\u00edch \u00fadaj\u016f uchaze\u010de o zam\u011bstn\u00e1n\u00ed<\/h1>\n<p>Podle \u010dl. 13 Na\u0159\u00edzen\u00ed Evropsk\u00e9ho parlamentu a Rady (EU) 2016\/679 o ochran\u011b<br \/>\nfyzick\u00fdch osob v souvislosti se zpracov\u00e1n\u00edm osobn\u00edch \u00fadaj\u016f a o voln\u00e9m pohybu t\u011bchto<br \/>\n\u00fadaj\u016f a o zru\u0161en\u00ed sm\u011brnice 95\/46\/ES (obecn\u00e9 na\u0159\u00edzen\u00ed o ochran\u011b osobn\u00edch \u00fadaj\u016f), d\u00e1le jen \u201eGDPR\u201c<\/p>\n<\/div><\/section>\n<\/div><\/div><\/div><!-- close content main div --><\/div><\/div><div id='av_section_2'  class='avia-section av-av_section-faaf37a124be0c993c21c61c7574190b main_color avia-section-default avia-no-border-styling  avia-builder-el-3  el_after_av_section  avia-builder-el-last  avia-bg-style-scroll container_wrap sidebar_left'  ><div class='container av-section-cont-open' ><div class='template-page content  av-content-small units'><div class='post-entry post-entry-type-page post-entry-81260'><div class='entry-content-wrapper clearfix'>\n<section  class='av_textblock_section av-m233fvcl-aa64b03ea049a3f6d1842d9e2a5b4186 '   itemscope=\"itemscope\" itemtype=\"https:\/\/schema.org\/CreativeWork\" ><div class='avia_textblock'  itemprop=\"text\" ><p><strong>1. SPR\u00c1VCE<\/strong><br \/>\nSchwarzm\u00fcller s.r.o. se s\u00eddlem Za D\u00e1lnic\u00ed 508, 267 53 \u017debr\u00e1k, I\u010c 468 85 820, zaps\u00e1n v obchodn\u00edm rejst\u0159\u00edku M\u011bstsk\u00e9ho soudu v Praze, odd\u00edl C, vlo\u017eka 73824.<\/p>\n<p>Kontaktn\u00ed \u00fadaje spr\u00e1vce: tel. +420 311 908170, e-mail\u00a0<a title=\"petr.ulbrich@schwarzmueller.com\" href=\"mailto:petr.ulbrich@schwarzmueller.com\">petr.ulbrich@schwarzmueller.com<\/a><\/p>\n<p><strong>2. \u00da\u010cEL A PR\u00c1VN\u00cd Z\u00c1KLADY ZPRACOV\u00c1N\u00cd<\/strong><br \/>\nVa\u0161e osobn\u00ed \u00fadaje zpracov\u00e1v\u00e1me tehdy, pokud je to nutn\u00e9 pro rozhodnut\u00ed o zalo\u017een\u00ed zam\u011bstnaneck\u00e9ho pom\u011bru u na\u0161\u00ed spole\u010dnosti (zejm\u00e9na jsou Va\u0161e osobn\u00ed \u00fadaje zpracov\u00e1v\u00e1ny p\u0159i v\u00fdb\u011bru a hodnocen\u00ed uchaze\u010d\u016f o zam\u011bstn\u00e1n\u00ed \u010di kontaktov\u00e1n\u00ed uchaze\u010d\u016f o zam\u011bstn\u00e1n\u00ed). Pr\u00e1vn\u00edm z\u00e1kladem pro zpracov\u00e1n\u00ed Va\u0161ich osobn\u00edch \u00fadaj\u016f je p\u0159itom opr\u00e1vn\u011bn\u00fd z\u00e1jem na\u0161\u00ed spole\u010dnosti jako zam\u011bstnavatele na v\u00fdb\u011bru nejvhodn\u011bj\u0161\u00edho uchaze\u010de dle \u010dl. 6 odst. 1 p\u00edsm. f) GDPR, d\u00e1le je zpracov\u00e1n\u00ed Va\u0161ich osobn\u00edch \u00fadaj\u016f nezbytn\u00e9 pro proveden\u00ed opat\u0159en\u00ed p\u0159ijat\u00fdch p\u0159ed uzav\u0159en\u00edm pracovn\u00ed smlouvy dle \u010dl. 6 odst. 1 p\u00edsm. b) GDPR. Rovn\u011b\u017e m\u016f\u017eeme Va\u0161e osobn\u00ed \u00fadaje zpracov\u00e1vat tehdy, pokud je to nutn\u00e9 pro obhajobu pr\u00e1vn\u00edch n\u00e1rok\u016f uplatn\u011bn\u00fdch v\u016f\u010di na\u0161\u00ed spole\u010dnosti (\u010dl. 6 odst. 1 p\u00edsm. f) GDPR). D\u016frazn\u011b V\u00e1s \u017e\u00e1d\u00e1me, abyste n\u00e1m nesd\u011blovali \u017e\u00e1dn\u00e9 osobn\u00ed \u00fadaje spadaj\u00edc\u00ed do tzv. zvl\u00e1\u0161tn\u00edch kategori\u00ed osobn\u00edch \u00fadaj\u016f (= tj. zejm\u00e9na osobn\u00ed \u00fadaje, ze kter\u00fdch vypl\u00fdv\u00e1 rasov\u00fd a etnick\u00fd p\u016fvod, politick\u00e9 n\u00e1zory, n\u00e1bo\u017eensk\u00e9 vyzn\u00e1n\u00ed nebo filozofick\u00e9 p\u0159esv\u011bd\u010den\u00ed, \u010dlenstv\u00ed v odborech a zdravotn\u00ed \u00fadaje nebo informace o sexu\u00e1ln\u00edm \u017eivot\u011b nebo sexu\u00e1ln\u00ed orientaci). Dobrovoln\u00e9 sd\u011blen\u00ed t\u011bchto \u00fadaj\u016f vyhodnot\u00edme jako V\u00e1\u0161 souhlas s jejich zpracov\u00e1n\u00edm (\u010dl. 6 odst. 1 p\u00edsm. a) GDPR), s t\u00edm, \u017ee takto poskytnut\u00e9 osobn\u00ed \u00fadaje mohou b\u00fdt zpracov\u00e1ny na\u0161\u00ed spole\u010dnost\u00ed jako spr\u00e1vcem (toto\u017enost a kontaktn\u00ed \u00fadaje jsou uvedeny v bod\u011b 1. t\u00e9to informace). Vzhledem ke skute\u010dnosti, \u017ee tyto osobn\u00ed \u00fadaje nejsou na\u0161\u00ed spole\u010dnost\u00ed vy\u017eadov\u00e1ny pro v\u00fd\u0161e specifikovan\u00e9 \u00fa\u010dely a byly na\u0161\u00ed spole\u010dnosti poskytnuty i p\u0159es na\u0161i v\u00fd\u0161e uvedenou v\u00fdhradu dobrovoln\u011b, nen\u00ed k nim ze strany na\u0161\u00ed spole\u010dnosti p\u0159ihl\u00ed\u017eeno, av\u0161ak p\u0159i jejich uchov\u00e1n\u00ed a p\u0159\u00edpadn\u00e9m nakl\u00e1d\u00e1n\u00ed je jim poskytov\u00e1na stejn\u00e1 ochrana a je postupov\u00e1no stejn\u00fdm zp\u016fsobem jako p\u0159i uchov\u00e1n\u00ed ostatn\u00edch osobn\u00edch \u00fadaj\u016f uveden\u00fdch v t\u00e9to informaci a nakl\u00e1d\u00e1n\u00ed s nimi.\u00a0<strong>Tento souhlas V\u00e1mi m\u016f\u017ee b\u00fdt kdykoliv odvol\u00e1n (s t\u00edm, \u017ee odvol\u00e1n\u00edm souhlasu nen\u00ed dot\u010dena z\u00e1konnost zpracov\u00e1n\u00ed vych\u00e1zej\u00edc\u00ed ze souhlasu, kter\u00fd byl d\u00e1n p\u0159ed jeho odvol\u00e1n\u00edm) e-mailem na e-mailovou adresu<\/strong>\u00a0\u00a0<a title=\"kariera@schwarzmueller.com\" href=\"mailto:kariera@schwarzmueller.com\">kariera@schwarzmueller.com<\/a>. Bude-li Va\u0161e \u017e\u00e1dost o m\u00edsto zakon\u010dena s pozitivn\u00edm v\u00fdsledkem, a tedy dojde k uzav\u0159en\u00ed pracovn\u00edho pom\u011bru, budete n\u00e1sledn\u011b zvl\u00e1\u0161\u0165 informov\u00e1ni o dal\u0161\u00edm zpracov\u00e1n\u00ed Va\u0161ich osobn\u00edch \u00fadaj\u016f.<\/p>\n<p><strong>3. KATEGORIE OSOBN\u00cdCH \u00daDAJ\u016e<\/strong><br \/>\nZpracov\u00e1v\u00e1me pouze takov\u00e9 osobn\u00ed \u00fadaje, kter\u00e9 souvis\u00ed s Va\u0161\u00ed \u017e\u00e1dost\u00ed o pracovn\u00ed m\u00edsto. Zejm\u00e9na jde tedy o osobn\u00ed \u00fadaje o Va\u0161\u00ed osob\u011b (jm\u00e9no, p\u0159\u00edjmen\u00ed, akademick\u00e9 tituly, datum narozen\u00ed, adresa, telefonn\u00ed \u010d\u00edslo, emailov\u00e1 adresa, apod.), \u00fadaje o Va\u0161\u00ed kvalifikaci a vzd\u011bl\u00e1n\u00ed, o profesn\u00edm \u010di dal\u0161\u00edm vzd\u011bl\u00e1v\u00e1n\u00ed, Va\u0161ich znalostech \u010di zku\u0161enostech, jazykov\u00fdch schopnostech, \u00fadaje o vlastnictv\u00ed \u0159idi\u010dsk\u00e9ho pr\u016fkazu, Va\u0161em p\u0159edchoz\u00edm zam\u011bstn\u00e1n\u00ed, a p\u0159\u00edpadn\u011b dal\u0161\u00ed osobn\u00ed \u00fadaje spadaj\u00edc\u00ed do tzv. zvl\u00e1\u0161tn\u00edch kategori\u00ed osobn\u00edch \u00fadaj\u016f, kter\u00e9 n\u00e1m p\u0159es na\u0161i v\u00fdhradu v\u00fd\u0161e dobrovoln\u011b sd\u011bl\u00edte v souvislosti s Va\u0161\u00ed \u017e\u00e1dost\u00ed o pracovn\u00ed m\u00edsto. Osobn\u00ed \u00fadaje spadaj\u00edc\u00ed do tzv. zvl\u00e1\u0161tn\u00edch kategori\u00ed osobn\u00edch \u00fadaj\u016f (tj. zejm\u00e9na osobn\u00ed \u00fadaje, ze kter\u00fdch vypl\u00fdv\u00e1 etnick\u00fd p\u016fvod, politick\u00e9 n\u00e1zory, n\u00e1bo\u017eensk\u00e9 vyzn\u00e1n\u00ed \u010di filozofick\u00e9 p\u0159esv\u011bd\u010den\u00ed nebo \u010dlenstv\u00ed v odborech, a \u00fadaje o zdravotn\u00edm stavu, sexu\u00e1ln\u00ed orientaci) budeme zpracov\u00e1vat pouze tak, jako byste n\u00e1m je sd\u011blili dobrovoln\u011b, a k jejich zpracov\u00e1n\u00ed jste ud\u011blili souhlas.<\/p>\n<p><strong>4. AUTOMATIZOVAN\u00dd ROZHODOVAC\u00cd PROCES<\/strong><br \/>\nK realizaci procesu v\u00fdb\u011bru uchaze\u010d\u016f nepou\u017e\u00edv\u00e1me automatizovan\u00e9 rozhodov\u00e1n\u00ed podle \u010dl. 22 GDPR.<\/p>\n<p><strong>5. NUTNOST POSKYTNUT\u00cd OSOBN\u00cdCH \u00daDAJ\u016e<\/strong><br \/>\nPoskytnut\u00ed v\u00fd\u0161e uveden\u00fdch osobn\u00edch \u00fadaj\u016f (kontaktn\u00ed \u00fadaje, vzd\u011bl\u00e1n\u00ed, kvalifikace) je nutn\u00e9 pro zalo\u017een\u00ed zam\u011bstnaneck\u00e9ho pom\u011bru. Uveden\u00e9 se neuplatn\u00ed pro dobrovoln\u011b poskytnut\u00e9 osobn\u00ed \u00fadaje spadaj\u00edc\u00ed do tzv. zvl\u00e1\u0161tn\u00edch kategori\u00ed osobn\u00edch \u00fadaj\u016f.<\/p>\n<p><strong>6. P\u0158\u00cdJEMCE OSOBN\u00cdCH \u00daDAJ\u016e<\/strong><br \/>\nP\u0159\u00edstup k Va\u0161im \u00fadaj\u016fm obdr\u017e\u00ed kompetentn\u00ed zam\u011bstnanci na\u0161\u00ed spole\u010dnosti, pop\u0159. zam\u011bstnanci spole\u010dnosti Wilhelm Schwarzm\u00fcller GmbH, kte\u0159\u00ed se pod\u00edlej\u00ed na p\u0159\u00edslu\u0161n\u00e9m procesu v\u00fdb\u011bru zam\u011bstnanc\u016f, m\u016f\u017ee tedy doch\u00e1zet k p\u0159ed\u00e1v\u00e1n\u00ed osobn\u00edch \u00fadaj\u016f v r\u00e1mci skupiny podnik\u016f, tj. v r\u00e1mci koncernov\u00e9ho uskupen\u00ed, jeho\u017e je na\u0161e spole\u010dnost sou\u010d\u00e1st\u00ed, a to pro vnit\u0159n\u00ed administrativn\u00ed \u00fa\u010dely. Tito zam\u011bstnanci se zav\u00e1zali k ml\u010denlivosti o osobn\u00edch \u00fadaj\u00edch, s nimi\u017e v r\u00e1mci sv\u00e9 \u010dinnosti p\u0159i\u0161li do styku a s nimi\u017e jsou opr\u00e1vn\u011bni disponovat. Va\u0161e osobn\u00ed \u00fadaje mohou b\u00fdt vyjma v\u00fd\u0161e uveden\u00e9ho p\u0159\u00edpadu p\u0159ed\u00e1v\u00e1ny zejm\u00e9na p\u0159\u00edslu\u0161n\u00fdm st\u00e1tn\u00edm org\u00e1n\u016fm (p\u0159\u00edslu\u0161n\u00fdm oblastn\u00edm inspektor\u00e1t\u016fm pr\u00e1ce, p\u0159\u00edslu\u0161n\u00e9 pobo\u010dce \u00da\u0159adu pr\u00e1ce \u010cR, apod.). Osobn\u00ed \u00fadaje mohou b\u00fdt rovn\u011b\u017e p\u0159ed\u00e1v\u00e1ny spole\u010dnostem zaji\u0161\u0165uj\u00edc\u00edm provoz IT syst\u00e9m\u016f ve spole\u010dnosti, apod. K p\u0159ed\u00e1v\u00e1n\u00ed osobn\u00edch \u00fadaj\u016f do t\u0159et\u00edch zem\u00ed ani mezin\u00e1rodn\u00ed organizaci nebude doch\u00e1zet.<\/p>\n<p><strong>7. DOBA ULO\u017dEN\u00cd OSOBN\u00cdCH \u00daDAJ\u016e<\/strong><br \/>\nVa\u0161e osobn\u00ed \u00fadaje ukl\u00e1d\u00e1me po dobu, kter\u00e1 je nutn\u00e1 pro rozhodnut\u00ed o Va\u0161\u00ed \u017e\u00e1dosti o pracovn\u00ed m\u00edsto, tj. jsou uchov\u00e1v\u00e1ny po dobu trv\u00e1n\u00ed v\u00fdb\u011brov\u00e9ho \u0159\u00edzen\u00ed, a n\u00e1sledn\u011b po n\u00ed\u017ee uvedenou dobu. Va\u0161e osobn\u00ed \u00fadaje, resp. podklady k \u017e\u00e1dosti o m\u00edsto budou po uplynut\u00ed \u0161esti m\u011bs\u00edc\u016f od ukon\u010den\u00ed procesu v\u00fdb\u011bru smaz\u00e1ny, pokud nen\u00ed z pr\u00e1vn\u00edho hlediska nutn\u00e9 nebo p\u0159\u00edpustn\u00e9 del\u0161\u00ed ulo\u017een\u00ed t\u011bchto \u00fadaj\u016f. Pro p\u0159\u00edpad, \u017ee jste souhlasili s del\u0161\u00edm ulo\u017een\u00edm Va\u0161ich osobn\u00edch \u00fadaj\u016f, budeme tyto \u00fadaje ukl\u00e1dat podle ustanoven\u00ed ve Va\u0161em prohl\u00e1\u0161en\u00ed o souhlasu. Pokud dojde k uzav\u0159en\u00ed zam\u011bstnaneck\u00e9ho pom\u011bru, budete zvl\u00e1\u0161\u0165 informov\u00e1ni o zpracov\u00e1n\u00ed Va\u0161ich osobn\u00edch \u00fadaj\u016f v r\u00e1mci zam\u011bstnaneck\u00e9ho pom\u011bru.<\/p>\n<p><strong>8. VA\u0160E PR\u00c1VA<\/strong><br \/>\nM\u00e1te pr\u00e1vo vy\u017e\u00e1dat si informace o Va\u0161ich osobn\u00edch \u00fadaj\u00edch a rovn\u011b\u017e po\u017eadovat p\u0159\u00edstup k Va\u0161im osobn\u00edm \u00fadaj\u016fm (tj. m\u00e1te pr\u00e1vo z\u00edskat informace o tom, zda jsou o Va\u0161\u00ed osob\u011b osobn\u00ed \u00fadaje zpracov\u00e1v\u00e1ny, a pokud ano, pak o jak\u00e9 osobn\u00ed \u00fadaje se jedn\u00e1 a jak\u00fdm zp\u016fsobem jsou tyto osobn\u00ed \u00fadaje zpracov\u00e1v\u00e1ny), p\u0159i poskytnut\u00ed kopi\u00ed zpracov\u00e1van\u00fdch osobn\u00edch \u00fadaj\u016f si vyhrazujeme pr\u00e1vo p\u0159i opakovan\u00fdch \u017e\u00e1dostech o jejich poskytnut\u00ed \u00fa\u010dtovat p\u0159im\u011b\u0159en\u00fd poplatek, a to na z\u00e1klad\u011b n\u00e1m vznikl\u00fdch administrativn\u00edch n\u00e1klad\u016f. Po\u017e\u00e1d\u00e1te-li o poskytnut\u00ed informac\u00ed v elektronick\u00e9 form\u011b, budou V\u00e1m poskytnuty v b\u011b\u017en\u011b pou\u017e\u00edvan\u00e9 elektronick\u00e9 form\u011b, pokud p\u0159edem nepo\u017e\u00e1d\u00e1te o jejich poskytnut\u00ed ve form\u011b jin\u00e9. D\u00e1le m\u00e1te pr\u00e1vo na opravu \u010di dopln\u011bn\u00ed Va\u0161ich osobn\u00edch \u00fadaj\u016f, jsou-li Va\u0161e zpracov\u00e1van\u00e9 osobn\u00ed \u00fadaje nep\u0159esn\u00e9, jejich v\u00fdmaz, omezen\u00ed zpracov\u00e1n\u00ed a p\u0159enositelnost Va\u0161ich uveden\u00fdch \u00fadaj\u016f. D\u00e1le m\u016f\u017eete proti zpracov\u00e1n\u00ed Va\u0161ich osobn\u00edch \u00fadaj\u016f za ur\u010dit\u00fdch okolnost\u00ed vzn\u00e9st n\u00e1mitku .\u00a0<strong>Krom\u011b toho m\u00e1te pr\u00e1vo podat st\u00ed\u017enost u dozorov\u00e9ho \u00fa\u0159adu, tj. \u00da\u0159adu pro ochranu osobn\u00edch \u00fadaj\u016f, se s\u00eddlem Pplk. Sochora 727\/27, PS\u010c 170 00 Praha 7, (www.uoou.cz)<\/strong>\u00a0nebo u \u00fa\u0159adu pro dohled nad pr\u00e1vn\u00ed ochranou \u00fadaj\u016f v jin\u00e9m \u010dlensk\u00e9m st\u00e1t\u011b EU, zejm\u00e9na v m\u00edst\u011b Va\u0161eho bydli\u0161t\u011b a pracovi\u0161t\u011b, pokud se domn\u00edv\u00e1te, \u017ee zpracov\u00e1n\u00ed Va\u0161ich osobn\u00edch \u00fadaj\u016f neprob\u00edh\u00e1 podle z\u00e1kona. Pokud jsou \u00fadaje zpracov\u00e1v\u00e1ny na z\u00e1klad\u011b Va\u0161eho souhlasu, m\u00e1te pr\u00e1vo tento souhlas kdykoliv odvolat. M\u011bjte na pam\u011bti, \u017ee odvol\u00e1n\u00edm nen\u00ed dot\u010dena z\u00e1konnost zpracov\u00e1n\u00ed osobn\u00edch \u00fadaj\u016f zalo\u017een\u00e1 na souhlasu ud\u011blen\u00e9m p\u0159ed jeho odvol\u00e1n\u00edm. Podrobnosti o mo\u017enosti odvol\u00e1n\u00ed souhlasu naleznete p\u0159\u00edmo v jeho textu.<\/p>\n<\/div><\/section>\n<\/div><\/div><\/div><!-- close content main div --><\/div><\/div><div id='after_section_2'  class='main_color av_default_container_wrap container_wrap sidebar_left'  ><div class='container av-section-cont-open' ><div class='template-page content  av-content-small units'><div class='post-entry post-entry-type-page post-entry-81260'><div class='entry-content-wrapper clearfix'><\/p>\n","protected":false},"excerpt":{"rendered":"","protected":false},"author":7,"featured_media":0,"parent":81171,"menu_order":0,"comment_status":"closed","ping_status":"closed","template":"","meta":{"_acf_changed":false,"_relevanssi_hide_post":"","_relevanssi_hide_content":"","_relevanssi_pin_for_all":"","_relevanssi_pin_keywords":"","_relevanssi_unpin_keywords":"","_relevanssi_related_keywords":"","_relevanssi_related_include_ids":"","_relevanssi_related_exclude_ids":"","_relevanssi_related_no_append":"","_relevanssi_related_not_related":"","_relevanssi_related_posts":"51333,51379,67097,51352,51316,51373","_relevanssi_noindex_reason":"","footnotes":""},"class_list":["post-81260","page","type-page","status-publish","hentry"],"acf":[],"yoast_head":"<!-- This site is optimized with the Yoast SEO Premium plugin v26.4 (Yoast SEO v27.2) - https:\/\/yoast.com\/product\/yoast-seo-premium-wordpress\/ -->\n<title>Zpracov\u00e1n\u00ed \u00fadaj\u016f uchaze\u010de - Schwarzm\u00fcller<\/title>\n<meta name=\"robots\" content=\"index, follow, max-snippet:-1, max-image-preview:large, max-video-preview:-1\" \/>\n<link rel=\"canonical\" href=\"https:\/\/schwarzmueller.com\/cs\/zpracovani-udaju-uchazece\/\" \/>\n<meta property=\"og:locale\" content=\"cs_CZ\" \/>\n<meta property=\"og:type\" content=\"article\" \/>\n<meta property=\"og:title\" content=\"Zpracov\u00e1n\u00ed \u00fadaj\u016f uchaze\u010de\" \/>\n<meta property=\"og:url\" content=\"https:\/\/schwarzmueller.com\/cs\/zpracovani-udaju-uchazece\/\" \/>\n<meta property=\"og:site_name\" content=\"Schwarzm\u00fcller\" \/>\n<meta property=\"article:modified_time\" content=\"2024-10-10T09:26:37+00:00\" \/>\n<meta property=\"og:image\" content=\"https:\/\/schwarzmueller.com\/wp-content\/uploads\/2024\/03\/csm_schwarzmueller-IAA-2022-tp-schubboden_60f424c13a.jpg\" \/>\n\t<meta property=\"og:image:width\" content=\"768\" \/>\n\t<meta property=\"og:image:height\" content=\"480\" \/>\n\t<meta property=\"og:image:type\" content=\"image\/jpeg\" \/>\n<meta name=\"twitter:card\" content=\"summary_large_image\" \/>\n<meta name=\"twitter:label1\" content=\"Odhadovan\u00e1 doba \u010dten\u00ed\" \/>\n\t<meta name=\"twitter:data1\" content=\"7 minut\" \/>\n<script type=\"application\/ld+json\" class=\"yoast-schema-graph\">{\"@context\":\"https:\/\/schema.org\",\"@graph\":[{\"@type\":\"WebPage\",\"@id\":\"https:\/\/schwarzmueller.com\/cs\/zpracovani-udaju-uchazece\/\",\"url\":\"https:\/\/schwarzmueller.com\/cs\/zpracovani-udaju-uchazece\/\",\"name\":\"Zpracov\u00e1n\u00ed \u00fadaj\u016f uchaze\u010de - Schwarzm\u00fcller\",\"isPartOf\":{\"@id\":\"https:\/\/schwarzmueller.com\/en\/#website\"},\"datePublished\":\"2024-10-10T09:18:31+00:00\",\"dateModified\":\"2024-10-10T09:26:37+00:00\",\"breadcrumb\":{\"@id\":\"https:\/\/schwarzmueller.com\/cs\/zpracovani-udaju-uchazece\/#breadcrumb\"},\"inLanguage\":\"cs\",\"potentialAction\":[{\"@type\":\"ReadAction\",\"target\":[\"https:\/\/schwarzmueller.com\/cs\/zpracovani-udaju-uchazece\/\"]}]},{\"@type\":\"BreadcrumbList\",\"@id\":\"https:\/\/schwarzmueller.com\/cs\/zpracovani-udaju-uchazece\/#breadcrumb\",\"itemListElement\":[{\"@type\":\"ListItem\",\"position\":1,\"name\":\"Home\",\"item\":\"https:\/\/schwarzmueller.com\/cs\/home-2\/\"},{\"@type\":\"ListItem\",\"position\":2,\"name\":\"Zpracov\u00e1n\u00ed \u00fadaj\u016f uchaze\u010de\"}]},{\"@type\":\"WebSite\",\"@id\":\"https:\/\/schwarzmueller.com\/en\/#website\",\"url\":\"https:\/\/schwarzmueller.com\/en\/\",\"name\":\"Schwarzm\u00fcller | Intelligente Fahrzeuge\",\"description\":\"Ganz auf exzellente Fahrzeugtechnik gebaut\",\"publisher\":{\"@id\":\"https:\/\/schwarzmueller.com\/en\/#organization\"},\"alternateName\":\"Schwarzm\u00fcller\",\"potentialAction\":[{\"@type\":\"SearchAction\",\"target\":{\"@type\":\"EntryPoint\",\"urlTemplate\":\"https:\/\/schwarzmueller.com\/en\/?s={search_term_string}\"},\"query-input\":{\"@type\":\"PropertyValueSpecification\",\"valueRequired\":true,\"valueName\":\"search_term_string\"}}],\"inLanguage\":\"cs\"},{\"@type\":\"Organization\",\"@id\":\"https:\/\/schwarzmueller.com\/en\/#organization\",\"name\":\"Schwarzm\u00fcller\",\"url\":\"https:\/\/schwarzmueller.com\/en\/\",\"logo\":{\"@type\":\"ImageObject\",\"inLanguage\":\"cs\",\"@id\":\"https:\/\/schwarzmueller.com\/en\/#\/schema\/logo\/image\/\",\"url\":\"https:\/\/schwarzmueller.com\/wp-content\/uploads\/2024\/05\/sm_icon_logo.svg\",\"contentUrl\":\"https:\/\/schwarzmueller.com\/wp-content\/uploads\/2024\/05\/sm_icon_logo.svg\",\"width\":1,\"height\":1,\"caption\":\"Schwarzm\u00fcller\"},\"image\":{\"@id\":\"https:\/\/schwarzmueller.com\/en\/#\/schema\/logo\/image\/\"}}]}<\/script>\n<!-- \/ Yoast SEO Premium plugin. -->","yoast_head_json":{"title":"Zpracov\u00e1n\u00ed \u00fadaj\u016f uchaze\u010de - Schwarzm\u00fcller","robots":{"index":"index","follow":"follow","max-snippet":"max-snippet:-1","max-image-preview":"max-image-preview:large","max-video-preview":"max-video-preview:-1"},"canonical":"https:\/\/schwarzmueller.com\/cs\/zpracovani-udaju-uchazece\/","og_locale":"cs_CZ","og_type":"article","og_title":"Zpracov\u00e1n\u00ed \u00fadaj\u016f uchaze\u010de","og_url":"https:\/\/schwarzmueller.com\/cs\/zpracovani-udaju-uchazece\/","og_site_name":"Schwarzm\u00fcller","article_modified_time":"2024-10-10T09:26:37+00:00","og_image":[{"width":768,"height":480,"url":"https:\/\/schwarzmueller.com\/wp-content\/uploads\/2024\/03\/csm_schwarzmueller-IAA-2022-tp-schubboden_60f424c13a.jpg","type":"image\/jpeg"}],"twitter_card":"summary_large_image","twitter_misc":{"Odhadovan\u00e1 doba \u010dten\u00ed":"7 minut"},"schema":{"@context":"https:\/\/schema.org","@graph":[{"@type":"WebPage","@id":"https:\/\/schwarzmueller.com\/cs\/zpracovani-udaju-uchazece\/","url":"https:\/\/schwarzmueller.com\/cs\/zpracovani-udaju-uchazece\/","name":"Zpracov\u00e1n\u00ed \u00fadaj\u016f uchaze\u010de - Schwarzm\u00fcller","isPartOf":{"@id":"https:\/\/schwarzmueller.com\/en\/#website"},"datePublished":"2024-10-10T09:18:31+00:00","dateModified":"2024-10-10T09:26:37+00:00","breadcrumb":{"@id":"https:\/\/schwarzmueller.com\/cs\/zpracovani-udaju-uchazece\/#breadcrumb"},"inLanguage":"cs","potentialAction":[{"@type":"ReadAction","target":["https:\/\/schwarzmueller.com\/cs\/zpracovani-udaju-uchazece\/"]}]},{"@type":"BreadcrumbList","@id":"https:\/\/schwarzmueller.com\/cs\/zpracovani-udaju-uchazece\/#breadcrumb","itemListElement":[{"@type":"ListItem","position":1,"name":"Home","item":"https:\/\/schwarzmueller.com\/cs\/home-2\/"},{"@type":"ListItem","position":2,"name":"Zpracov\u00e1n\u00ed \u00fadaj\u016f uchaze\u010de"}]},{"@type":"WebSite","@id":"https:\/\/schwarzmueller.com\/en\/#website","url":"https:\/\/schwarzmueller.com\/en\/","name":"Schwarzm\u00fcller | Intelligente Fahrzeuge","description":"Ganz auf exzellente Fahrzeugtechnik gebaut","publisher":{"@id":"https:\/\/schwarzmueller.com\/en\/#organization"},"alternateName":"Schwarzm\u00fcller","potentialAction":[{"@type":"SearchAction","target":{"@type":"EntryPoint","urlTemplate":"https:\/\/schwarzmueller.com\/en\/?s={search_term_string}"},"query-input":{"@type":"PropertyValueSpecification","valueRequired":true,"valueName":"search_term_string"}}],"inLanguage":"cs"},{"@type":"Organization","@id":"https:\/\/schwarzmueller.com\/en\/#organization","name":"Schwarzm\u00fcller","url":"https:\/\/schwarzmueller.com\/en\/","logo":{"@type":"ImageObject","inLanguage":"cs","@id":"https:\/\/schwarzmueller.com\/en\/#\/schema\/logo\/image\/","url":"https:\/\/schwarzmueller.com\/wp-content\/uploads\/2024\/05\/sm_icon_logo.svg","contentUrl":"https:\/\/schwarzmueller.com\/wp-content\/uploads\/2024\/05\/sm_icon_logo.svg","width":1,"height":1,"caption":"Schwarzm\u00fcller"},"image":{"@id":"https:\/\/schwarzmueller.com\/en\/#\/schema\/logo\/image\/"}}]}},"_links":{"self":[{"href":"https:\/\/schwarzmueller.com\/cs\/wp-json\/wp\/v2\/pages\/81260","targetHints":{"allow":["GET"]}}],"collection":[{"href":"https:\/\/schwarzmueller.com\/cs\/wp-json\/wp\/v2\/pages"}],"about":[{"href":"https:\/\/schwarzmueller.com\/cs\/wp-json\/wp\/v2\/types\/page"}],"author":[{"embeddable":true,"href":"https:\/\/schwarzmueller.com\/cs\/wp-json\/wp\/v2\/users\/7"}],"replies":[{"embeddable":true,"href":"https:\/\/schwarzmueller.com\/cs\/wp-json\/wp\/v2\/comments?post=81260"}],"version-history":[{"count":8,"href":"https:\/\/schwarzmueller.com\/cs\/wp-json\/wp\/v2\/pages\/81260\/revisions"}],"predecessor-version":[{"id":83077,"href":"https:\/\/schwarzmueller.com\/cs\/wp-json\/wp\/v2\/pages\/81260\/revisions\/83077"}],"up":[{"embeddable":true,"href":"https:\/\/schwarzmueller.com\/cs\/wp-json\/wp\/v2\/pages\/81171"}],"wp:attachment":[{"href":"https:\/\/schwarzmueller.com\/cs\/wp-json\/wp\/v2\/media?parent=81260"}],"curies":[{"name":"wp","href":"https:\/\/api.w.org\/{rel}","templated":true}]}}