{"id":71918,"date":"2024-03-07T17:39:29","date_gmt":"2024-03-07T16:39:29","guid":{"rendered":"https:\/\/schwarzmueller.com\/ansprechpartner\/"},"modified":"2024-11-05T12:34:14","modified_gmt":"2024-11-05T11:34:14","slug":"kontaktni-osoba","status":"publish","type":"page","link":"https:\/\/schwarzmueller.com\/cs\/informace-a-kontakt\/kontaktni-osoba\/","title":{"rendered":"Kontaktn\u00ed osoba"},"content":{"rendered":"\n<style type=\"text\/css\" data-created_by=\"avia_inline_auto\" id=\"style-css-av-24ypo7d-132fa57cc7d3564d50bb0e76f6cbe3bd\">\n.avia-section.av-24ypo7d-132fa57cc7d3564d50bb0e76f6cbe3bd{\nbackground-repeat:no-repeat;\nbackground-image:url(https:\/\/schwarzmueller.com\/wp-content\/uploads\/2024\/04\/SM-Weltkugel-L1020680.jpg);\nbackground-position:50% 50%;\nbackground-attachment:scroll;\n}\n.avia-section.av-24ypo7d-132fa57cc7d3564d50bb0e76f6cbe3bd .av-section-color-overlay{\nopacity:0.5;\nbackground-color:#0a0a0a;\n}\n<\/style>\n<div id='av_section_1'  class='avia-section av-24ypo7d-132fa57cc7d3564d50bb0e76f6cbe3bd main_color avia-section-huge avia-no-border-styling  avia-builder-el-0  el_before_av_textblock  avia-builder-el-first  avia-full-stretch avia-bg-style-scroll av-section-color-overlay-active av-minimum-height av-minimum-height-custom av-height-custom  container_wrap sidebar_left'  data-section-bg-repeat='stretch' data-av_minimum_height_px='512'><div class=\"av-section-color-overlay-wrap\"><div class=\"av-section-color-overlay\"><\/div><div class='container av-section-cont-open' style='height:512px'><main  role=\"main\" itemprop=\"mainContentOfPage\"  class='template-page content  av-content-small units'><div class='post-entry post-entry-type-page post-entry-71918'><div class='entry-content-wrapper clearfix'>\n\n<style type=\"text\/css\" data-created_by=\"avia_inline_auto\" id=\"style-css-av-lv2bgwhd-346727aca68ae77b475eea2666d0a188\">\n#top .av_textblock_section.av-lv2bgwhd-346727aca68ae77b475eea2666d0a188 .avia_textblock{\ncolor:#ffffff;\n}\n<\/style>\n<section  class='av_textblock_section av-lv2bgwhd-346727aca68ae77b475eea2666d0a188 '   itemscope=\"itemscope\" itemtype=\"https:\/\/schema.org\/CreativeWork\" ><div class='avia_textblock hero-title av_inherit_color'  itemprop=\"text\" ><h1>Kontaktn\u00ed osoba<\/h1>\n<\/div><\/section>\n<\/div><\/div><\/main><!-- close content main element --><\/div><\/div><\/div><div id='after_section_1'  class='main_color av_default_container_wrap container_wrap sidebar_left'  ><div class='container av-section-cont-open' ><div class='template-page content  av-content-small units'><div class='post-entry post-entry-type-page post-entry-71918'><div class='entry-content-wrapper clearfix'>\n<section  class='av_textblock_section av-phdf6x-c314ead43ffbfa5f9e1ab4496fbb6f93 '   itemscope=\"itemscope\" itemtype=\"https:\/\/schema.org\/CreativeWork\" ><div class='avia_textblock sch-breadcrumb'  itemprop=\"text\" ><div class=\"breadcrumb breadcrumbs avia-breadcrumbs\"><div class=\"breadcrumb-trail\" ><span class=\"trail-before\"><span class=\"breadcrumb-title\">Jste zde:<\/span><\/span> <span  itemscope=\"itemscope\" itemtype=\"https:\/\/schema.org\/BreadcrumbList\" ><span  itemscope=\"itemscope\" itemtype=\"https:\/\/schema.org\/ListItem\" itemprop=\"itemListElement\" ><a itemprop=\"url\" href=\"https:\/\/schwarzmueller.com\/cs\/\" title=\"Schwarzm\u00fcller\" rel=\"home\" class=\"trail-begin\"><span itemprop=\"name\">Dom\u016f<\/span><\/a><span itemprop=\"position\" class=\"hidden\">1<\/span><\/span><\/span><\/div><\/div>\n<\/div><\/section>\n<\/div><\/div><\/div><!-- close content main div --><\/div><\/div>\n<style type=\"text\/css\" data-created_by=\"avia_inline_auto\" id=\"style-css-av-1hvzju1-295601a23f03ab5c7ac924a3d44135d3\">\n.avia-section.av-1hvzju1-295601a23f03ab5c7ac924a3d44135d3{\nbackground-repeat:repeat;\nbackground-image:url(https:\/\/schwarzmueller.com\/wp-content\/uploads\/2024\/03\/pattern2.png);\nbackground-position:0% 0%;\nbackground-attachment:scroll;\n}\n<\/style>\n<div id='av_section_2'  class='avia-section av-1hvzju1-295601a23f03ab5c7ac924a3d44135d3 main_color avia-section-no-padding avia-no-border-styling  avia-builder-el-3  el_after_av_textblock  el_before_av_section  pattern-section-background avia-bg-style-scroll av-minimum-height av-minimum-height-custom av-height-custom  container_wrap sidebar_left'  data-section-bg-repeat='repeat' data-av_minimum_height_px='220'><div class='container av-section-cont-open' style='height:220px'><div class='template-page content  av-content-small units'><div class='post-entry post-entry-type-page post-entry-71918'><div class='entry-content-wrapper clearfix'>\n\n<style type=\"text\/css\" data-created_by=\"avia_inline_auto\" id=\"style-css-av-lv2biekz-364a5a51c1592b87f2fae37bc38f1a4a\">\n#top .av_textblock_section.av-lv2biekz-364a5a51c1592b87f2fae37bc38f1a4a .avia_textblock{\ntext-align:center;\n}\n<\/style>\n<section  class='av_textblock_section av-lv2biekz-364a5a51c1592b87f2fae37bc38f1a4a '   itemscope=\"itemscope\" itemtype=\"https:\/\/schema.org\/CreativeWork\" ><div class='avia_textblock image-dark-section-heading'  itemprop=\"text\" ><h2 class=\"align-center schwa-h4\"><strong>Va\u0161e kontaktn\u00ed osoba u spole\u010dnosti Schwarzm\u00fcller<\/strong><\/h2>\n<p class=\"align-center\">V\u017edy pobl\u00ed\u017e. Jsme r\u00e1di, \u017ee m\u016f\u017eeme pomoci.<\/p>\n<div id=\"c1603\" class=\"frame frame-type-text frame-layout-0 frame-space-before-large frame-space-after-medium frame-padding-top-none frame-padding-bottom-none frame-\">\n<div class=\"ce-content\"><\/div>\n<\/div>\n<\/div><\/section>\n<\/div><\/div><\/div><!-- close content main div --><\/div><\/div>\n<style type=\"text\/css\" data-created_by=\"avia_inline_auto\" id=\"style-css-av-m34dh11u-f1640254a16d34781a8ab0cb2d14eb03\">\n.avia-section.av-m34dh11u-f1640254a16d34781a8ab0cb2d14eb03{\nbackground-repeat:repeat;\nbackground-image:url(https:\/\/schwarzmueller.com\/wp-content\/uploads\/2024\/03\/pattern2.png);\nbackground-position:0% 0%;\nbackground-attachment:scroll;\n}\n<\/style>\n<div id='av_section_3'  class='avia-section av-m34dh11u-f1640254a16d34781a8ab0cb2d14eb03 main_color avia-section-no-padding avia-no-border-styling  avia-builder-el-5  el_after_av_section  el_before_av_section  pattern-section-background avia-bg-style-scroll av-minimum-height av-minimum-height-custom av-height-custom  container_wrap sidebar_left'  data-section-bg-repeat='repeat'><div class='container av-section-cont-open' ><div class='template-page content  av-content-small units'><div class='post-entry post-entry-type-page post-entry-71918'><div class='entry-content-wrapper clearfix'>\n<section  class='av_textblock_section av-av_textblock-3075de6d7c3e4cfd3ab9952a254a45ef '   itemscope=\"itemscope\" itemtype=\"https:\/\/schema.org\/CreativeWork\" ><div class='avia_textblock'  itemprop=\"text\" >\n<div class=\"contact-category-item\">\n<div class=\"contact-category-info\">\n<h3 class=\"schwa-h5\">Hled\u00e1n\u00ed kontaktn\u00ed osoby<\/h3><p>Pro ot\u00e1zky a rady ohledn\u011b na\u0161ich nov\u00fdch vozidel a ojet\u00fdch vozidel, jako\u017e i n\u00e1hradn\u00edch d\u00edl\u016f, n\u00e1jemn\u00edch a servisn\u00edch slu\u017eeb<\/p>\n\t\t<form id=\"schwarzmueller-core-search-contact-persons\">\n\t\t\t<input type=\"hidden\" id=\"_wpnonce\" name=\"_wpnonce\" value=\"a1b90120f8\" \/><input type=\"hidden\" name=\"_wp_http_referer\" value=\"\/cs\/wp-json\/wp\/v2\/pages\/71918\" \/>\t\t\t<input id=\"site\" type=\"hidden\" value=\"schwarzmueller\" \/>\n\t\t\t<select required id=\"country\" name=\"countries\">\n\t\t\t<option value=\"\" disabled selected>Vybrat zemi<\/option>\t\t\t\t\t\t\t<option value=\"AF\">\n\t\t\t\t\tAfgh\u00e1nist\u00e1n\t\t\t\t<\/option>\n\t\t\t\t\t\t\t\t<option value=\"BE\">\n\t\t\t\t\tBelgie\t\t\t\t<\/option>\n\t\t\t\t\t\t\t\t<option value=\"BA\">\n\t\t\t\t\tBosna a Hercegovina\t\t\t\t<\/option>\n\t\t\t\t\t\t\t\t<option value=\"BG\">\n\t\t\t\t\tBulharsko\t\t\t\t<\/option>\n\t\t\t\t\t\t\t\t<option value=\"ME\">\n\t\t\t\t\t\u010cern\u00e1 Hora\t\t\t\t<\/option>\n\t\t\t\t\t\t\t\t<option value=\"CZ\">\n\t\t\t\t\t\u010cesko\t\t\t\t<\/option>\n\t\t\t\t\t\t\t\t<option value=\"DK\">\n\t\t\t\t\tD\u00e1nsko\t\t\t\t<\/option>\n\t\t\t\t\t\t\t\t<option value=\"EE\">\n\t\t\t\t\tEstonsko\t\t\t\t<\/option>\n\t\t\t\t\t\t\t\t<option value=\"FI\">\n\t\t\t\t\tFinsko\t\t\t\t<\/option>\n\t\t\t\t\t\t\t\t<option value=\"FR\">\n\t\t\t\t\tFrancie\t\t\t\t<\/option>\n\t\t\t\t\t\t\t\t<option value=\"HR\">\n\t\t\t\t\tChorvatsko\t\t\t\t<\/option>\n\t\t\t\t\t\t\t\t<option value=\"IE\">\n\t\t\t\t\tIrsko\t\t\t\t<\/option>\n\t\t\t\t\t\t\t\t<option value=\"IT\">\n\t\t\t\t\tIt\u00e1lie\t\t\t\t<\/option>\n\t\t\t\t\t\t\t\t<option value=\"JP\">\n\t\t\t\t\tJaponsko\t\t\t\t<\/option>\n\t\t\t\t\t\t\t\t<option value=\"LT\">\n\t\t\t\t\tLitva\t\t\t\t<\/option>\n\t\t\t\t\t\t\t\t<option value=\"LU\">\n\t\t\t\t\tLucembursko\t\t\t\t<\/option>\n\t\t\t\t\t\t\t\t<option value=\"HU\">\n\t\t\t\t\tMa\u010farsko\t\t\t\t<\/option>\n\t\t\t\t\t\t\t\t<option value=\"DE\">\n\t\t\t\t\tN\u011bmecko\t\t\t\t<\/option>\n\t\t\t\t\t\t\t\t<option value=\"NL\">\n\t\t\t\t\tNizozemsko\t\t\t\t<\/option>\n\t\t\t\t\t\t\t\t<option value=\"NO\">\n\t\t\t\t\tNorsko\t\t\t\t<\/option>\n\t\t\t\t\t\t\t\t<option value=\"PL\">\n\t\t\t\t\tPolsko\t\t\t\t<\/option>\n\t\t\t\t\t\t\t\t<option value=\"AT\">\n\t\t\t\t\tRakousko\t\t\t\t<\/option>\n\t\t\t\t\t\t\t\t<option value=\"RO\">\n\t\t\t\t\tRumunsko\t\t\t\t<\/option>\n\t\t\t\t\t\t\t\t<option value=\"SK\">\n\t\t\t\t\tSlovensko\t\t\t\t<\/option>\n\t\t\t\t\t\t\t\t<option value=\"SI\">\n\t\t\t\t\tSlovinsko\t\t\t\t<\/option>\n\t\t\t\t\t\t\t\t<option value=\"GB\">\n\t\t\t\t\tSpojen\u00e9 kr\u00e1lovstv\u00ed\t\t\t\t<\/option>\n\t\t\t\t\t\t\t\t<option value=\"RS\">\n\t\t\t\t\tSrbsko\t\t\t\t<\/option>\n\t\t\t\t\t\t\t\t<option value=\"ES\">\n\t\t\t\t\t\u0160pan\u011blsko\t\t\t\t<\/option>\n\t\t\t\t\t\t\t\t<option value=\"CH\">\n\t\t\t\t\t\u0160v\u00fdcarsko\t\t\t\t<\/option>\n\t\t\t\t\t\t\t\t<option value=\"UA\">\n\t\t\t\t\tUkrajina\t\t\t\t<\/option>\n\t\t\t\t\t\t\t<\/select>\n\t\t\t<input id=\"zip\" type=\"text\" placeholder=\"Zadat PS\u010c\">\n\t\t\t<select id=\"category\" name=\"category\">\n\t\t\t\t<option value=\"\">v\u0161echny oblasti<\/option>\n\t\t\t\t\t\t\t\t<option value=\"7321\">\n\t\t\t\t\tN\u00e1hradn\u00ed d\u00edly\t\t\t\t<\/option>\n\t\t\t\t\t\t\t\t<option value=\"7322\">\n\t\t\t\t\tN\u00e1jemn\u00ed vozidla\t\t\t\t<\/option>\n\t\t\t\t\t\t\t\t<option value=\"7320\">\n\t\t\t\t\tNov\u00e1 vozidla\t\t\t\t<\/option>\n\t\t\t\t\t\t\t\t<option value=\"7323\">\n\t\t\t\t\tPou\u017eit\u00e1 vozidla\t\t\t\t<\/option>\n\t\t\t\t\t\t\t\t<option value=\"7324\">\n\t\t\t\t\tSpr\u00e1va servisn\u00edch partner\u016f\t\t\t\t<\/option>\n\t\t\t\t\t\t\t\t<option value=\"58834\">\n\t\t\t\t\t\u0160rot a recyklace kl\u00ed\u010dov\u00fdch z\u00e1kazn\u00edk\u016f\t\t\t\t<\/option>\n\t\t\t\t\t\t\t\t<option value=\"58923\">\n\t\t\t\t\tVehicule noi\t\t\t\t<\/option>\n\t\t\t\t\t\t\t<\/select>\n\t\t\t<div class=\"contact-search-button \">\n\t\t\t\t<button type=\"submit\" class=\"btn-schwa btn-red-schwa\">\n\t\t\t\t\tVyhled\u00e1v\u00e1n\u00ed\t\t\t\t<\/button>\n\t\t\t<\/div>\n\t\t<\/form>\n\t<\/div>\n\t<div class=\"contact-cards\">\n\t\t<div id=\"contact-result\">\n\t\t<h3 class=\"schwa-h5 contact-persons-placeholder-title\"> Pros\u00edm prove\u010fte v\u00fdb\u011br<\/h3>\t\t<\/div>\n\t<\/div>\n<\/div>\n<\/div>\n<script>\n\tconst form = jQuery('#schwarzmueller-core-search-contact-persons');\n\n\tform.on('submit', function(e) {\n\t\te.preventDefault();\n\n\t\tconst _wpnonce = e.target.elements._wpnonce.value;\n\t\tconst site = e.target.elements.site.value;\n\t\tconst country = e.target.elements.country.value;\n\t\tconst zip = e.target.elements.zip.value;\n\t\tconst category = e.target.elements.category.value;\n\n\n\t\tjQuery.ajax({\n\t\t\turl: 'https:\/\/schwarzmueller.com\/wp-admin\/admin-ajax.php',\n\t\t\tmethod: 'POST',\n\t\t\tdata: {\n\t\t\t\taction: 'schwarzmueller_search_contact_person',\n\t\t\t\t_wpnonce,\n\t\t\t\tsite,\n\t\t\t\tcountry,\n\t\t\t\tzip,\n\t\t\t\tcategory,\n\t\t\t},\n\t\t\tsuccess: function(data) {\n\n\t\t\t\tjQuery('#contact-result').html(data.data.persons);\n\t\t\t},\n\t\t\terror: function(data) {\n\t\t\t\tconsole.log('error');\n\t\t\t\tconsole.log(data);\n\t\t\t}\n\t\t});\n\n\n\t});\n\tjQuery('#country').on('change', triggerFormSubmit);\n\tjQuery('#zip').on('change', triggerFormSubmit);\n\tjQuery('#category').on('change', triggerFormSubmit);\n\n\tfunction triggerFormSubmit() {\n\t\tjQuery('#schwarzmueller-core-search-contact-persons').submit();\n\t}\n<\/script>\n\n<\/div><\/section>\n<\/div><\/div><\/div><!-- close content main div --><\/div><\/div>\n<style type=\"text\/css\" data-created_by=\"avia_inline_auto\" id=\"style-css-av-m1ut9hnl-c126bb263fdbe0279432b792c69f4d0d\">\n.avia-section.av-m1ut9hnl-c126bb263fdbe0279432b792c69f4d0d{\nbackground-color:#ffffff;\nbackground-image:unset;\n}\n<\/style>\n<div id='av_section_4'  class='avia-section av-m1ut9hnl-c126bb263fdbe0279432b792c69f4d0d main_color avia-section-default avia-no-border-styling  avia-builder-el-7  el_after_av_section  el_before_av_section  avia-bg-style-scroll container_wrap sidebar_left'  ><div class='container av-section-cont-open' ><div class='template-page content  av-content-small units'><div class='post-entry post-entry-type-page post-entry-71918'><div class='entry-content-wrapper clearfix'>\n<section  class='av_textblock_section av-m1ut8924-375358f131d6f9d3e992a03b35438bf5 '   itemscope=\"itemscope\" itemtype=\"https:\/\/schema.org\/CreativeWork\" ><div class='avia_textblock'  itemprop=\"text\" ><h5>\u017d\u00e1dn\u00e1 kontaktn\u00ed osoba v bl\u00edzkosti?<\/h5>\n<\/div><\/section>\n<div  class='avia-button-wrap av-m1ut9at5-6447a1ae7279f61a256f90e4045d3dbe-wrap avia-button-left  avia-builder-el-9  el_after_av_textblock  avia-builder-el-last  button-filled-red'>\n<style type=\"text\/css\" data-created_by=\"avia_inline_auto\" id=\"style-css-av-m1ut9at5-6447a1ae7279f61a256f90e4045d3dbe\">\n#top #wrap_all .avia-button.av-m1ut9at5-6447a1ae7279f61a256f90e4045d3dbe{\nborder-style:none;\nborder-radius:0 0 0 0;\ntransition:all 0.4s ease-in-out;\nmargin:24px 0 0 0;\npadding:1rem 2rem 1rem 2rem;\n}\n#top #wrap_all .avia-button.av-m1ut9at5-6447a1ae7279f61a256f90e4045d3dbe:hover{\nbackground-color:white;\ncolor:black;\ntransition:all 0.4s ease-in-out;\n}\n#top #wrap_all.avia-button.av-m1ut9at5-6447a1ae7279f61a256f90e4045d3dbe:hover .avia_button_background{\nborder-radius:0 0 0 0;\n}\n#top #wrap_all .avia-button.av-m1ut9at5-6447a1ae7279f61a256f90e4045d3dbe:hover .avia-svg-icon svg:first-child{\nfill:black;\nstroke:black;\n}\n<\/style>\n<a href='https:\/\/schwarzmueller.com\/cs\/informace-a-kontakt\/kontakt\/'  class='avia-button av-m1ut9at5-6447a1ae7279f61a256f90e4045d3dbe av-link-btn avia-icon_select-no avia-size-medium avia-position-left avia-color-theme-color avia-font-color-white'   aria-label=\"Napi\u0161te n\u00e1m\"><span class='avia_iconbox_title' >Napi\u0161te n\u00e1m<\/span><\/a><\/div>\n<\/p>\n<\/div><\/div><\/div><!-- close content main div --><\/div><\/div>\n<style type=\"text\/css\" data-created_by=\"avia_inline_auto\" id=\"style-css-av-1ag2hm1-f9deb1af8289c5b8b34684eb957c6cf8\">\n.avia-section.av-1ag2hm1-f9deb1af8289c5b8b34684eb957c6cf8{\nbackground-repeat:no-repeat;\nbackground-image:url(https:\/\/schwarzmueller.com\/wp-content\/uploads\/2024\/04\/map.jpg);\nbackground-position:50% 50%;\nbackground-attachment:scroll;\nmargin-top:0px;\nmargin-bottom:0px;\n}\n<\/style>\n<div id='av_section_5'  class='avia-section av-1ag2hm1-f9deb1af8289c5b8b34684eb957c6cf8 main_color avia-section-default avia-no-border-styling  avia-builder-el-10  el_after_av_section  avia-builder-el-last  avia-full-stretch avia-bg-style-scroll av-minimum-height av-minimum-height-100 av-height-100  container_wrap sidebar_left'  data-section-bg-repeat='stretch' data-av_minimum_height_pc='100' data-av_min_height_opt='100'><div class='container av-section-cont-open' ><div class='template-page content  av-content-small units'><div class='post-entry post-entry-type-page post-entry-71918'><div class='entry-content-wrapper clearfix'>\n\n<style type=\"text\/css\" data-created_by=\"avia_inline_auto\" id=\"style-css-av-onlqy1-8bc07496a088422f72fe1c01e0186130\">\n#top .av_textblock_section.av-onlqy1-8bc07496a088422f72fe1c01e0186130 .avia_textblock{\ncolor:#ffffff;\ntext-align:center;\n}\n<\/style>\n<section  class='av_textblock_section av-onlqy1-8bc07496a088422f72fe1c01e0186130 '   itemscope=\"itemscope\" itemtype=\"https:\/\/schema.org\/CreativeWork\" ><div class='avia_textblock image-dark-section-heading av_inherit_color'  itemprop=\"text\" ><h2 class=\"align-center\">Kompetence v Evrop\u011b<br \/>v 21 zem\u00edch<\/h2>\n<p class=\"align-center\">Spole\u010dnost Schwarzm\u00fcller nab\u00edz\u00ed celoevropskou s\u00ed\u0165 servisn\u00edch st\u0159edisek.<\/p>\n<\/div><\/section>\n<div  class='avia-button-wrap av-lv2bpigw-a47bbdd0c75f0f05b176f590929db50d-wrap avia-button-center  avia-builder-el-12  el_after_av_textblock  avia-builder-el-last  button-filled-red'>\n<style type=\"text\/css\" data-created_by=\"avia_inline_auto\" id=\"style-css-av-lv2bpigw-a47bbdd0c75f0f05b176f590929db50d\">\n#top #wrap_all .avia-button.av-lv2bpigw-a47bbdd0c75f0f05b176f590929db50d{\nborder-style:none;\nborder-radius:0 0 0 0;\ntransition:all 0.4s ease-in-out;\nmargin:2rem 0 2rem 0;\npadding:1rem 2rem 1rem 2rem;\n}\n#top #wrap_all .avia-button.av-lv2bpigw-a47bbdd0c75f0f05b176f590929db50d:hover{\nbackground-color:white;\ncolor:black;\ntransition:all 0.4s ease-in-out;\n}\n#top #wrap_all.avia-button.av-lv2bpigw-a47bbdd0c75f0f05b176f590929db50d:hover .avia_button_background{\nborder-radius:0 0 0 0;\n}\n#top #wrap_all .avia-button.av-lv2bpigw-a47bbdd0c75f0f05b176f590929db50d:hover .avia-svg-icon svg:first-child{\nfill:black;\nstroke:black;\n}\n<\/style>\n<a href='https:\/\/schwarzmueller.com\/cs\/sluzby\/hledani-servisni-dilny\/'  class='avia-button av-lv2bpigw-a47bbdd0c75f0f05b176f590929db50d av-link-btn avia-icon_select-no avia-size-medium avia-position-center avia-color-theme-color avia-font-color-white'   aria-label=\"Hledani servis\"><span class='avia_iconbox_title' >Hledani servis<\/span><\/a><\/div>\n<\/div><\/div><\/div><!-- close content main div --><\/div><\/div><div id='after_section_5'  class='main_color av_default_container_wrap container_wrap sidebar_left'  ><div class='container av-section-cont-open' ><div class='template-page content  av-content-small units'><div class='post-entry post-entry-type-page post-entry-71918'><div class='entry-content-wrapper clearfix'>\n","protected":false},"excerpt":{"rendered":"","protected":false},"author":5,"featured_media":0,"parent":76937,"menu_order":0,"comment_status":"closed","ping_status":"closed","template":"","meta":{"_acf_changed":false,"_relevanssi_hide_post":"","_relevanssi_hide_content":"","_relevanssi_pin_for_all":"","_relevanssi_pin_keywords":"","_relevanssi_unpin_keywords":"","_relevanssi_related_keywords":"","_relevanssi_related_include_ids":"","_relevanssi_related_exclude_ids":"","_relevanssi_related_no_append":"","_relevanssi_related_not_related":"","_relevanssi_related_posts":"37377,37387,37390,37373,37792,37395","_relevanssi_noindex_reason":"","footnotes":""},"class_list":["post-71918","page","type-page","status-publish","hentry"],"acf":[],"yoast_head":"<!-- This site is optimized with the Yoast SEO Premium plugin v26.4 (Yoast SEO v27.2) - https:\/\/yoast.com\/product\/yoast-seo-premium-wordpress\/ -->\n<title>Kontaktn\u00ed osoba - Schwarzm\u00fcller<\/title>\n<meta name=\"robots\" content=\"index, follow, max-snippet:-1, max-image-preview:large, max-video-preview:-1\" \/>\n<link rel=\"canonical\" href=\"https:\/\/schwarzmueller.com\/cs\/informace-a-kontakt\/kontaktni-osoba\/\" \/>\n<meta property=\"og:locale\" content=\"cs_CZ\" \/>\n<meta property=\"og:type\" content=\"article\" \/>\n<meta property=\"og:title\" content=\"Kontaktn\u00ed osoba\" \/>\n<meta property=\"og:url\" content=\"https:\/\/schwarzmueller.com\/cs\/informace-a-kontakt\/kontaktni-osoba\/\" \/>\n<meta property=\"og:site_name\" content=\"Schwarzm\u00fcller\" \/>\n<meta property=\"article:modified_time\" content=\"2024-11-05T11:34:14+00:00\" \/>\n<meta property=\"og:image\" content=\"https:\/\/schwarzmueller.com\/wp-content\/uploads\/2024\/03\/csm_schwarzmueller-IAA-2022-tp-schubboden_60f424c13a.jpg\" \/>\n\t<meta property=\"og:image:width\" content=\"768\" \/>\n\t<meta property=\"og:image:height\" content=\"480\" \/>\n\t<meta property=\"og:image:type\" content=\"image\/jpeg\" \/>\n<meta name=\"twitter:card\" content=\"summary_large_image\" \/>\n<meta name=\"twitter:label1\" content=\"Odhadovan\u00e1 doba \u010dten\u00ed\" \/>\n\t<meta name=\"twitter:data1\" content=\"1 minuta\" \/>\n<script type=\"application\/ld+json\" class=\"yoast-schema-graph\">{\"@context\":\"https:\/\/schema.org\",\"@graph\":[{\"@type\":\"WebPage\",\"@id\":\"https:\/\/schwarzmueller.com\/cs\/informace-a-kontakt\/kontaktni-osoba\/\",\"url\":\"https:\/\/schwarzmueller.com\/cs\/informace-a-kontakt\/kontaktni-osoba\/\",\"name\":\"Kontaktn\u00ed osoba - Schwarzm\u00fcller\",\"isPartOf\":{\"@id\":\"https:\/\/schwarzmueller.com\/en\/#website\"},\"datePublished\":\"2024-03-07T16:39:29+00:00\",\"dateModified\":\"2024-11-05T11:34:14+00:00\",\"breadcrumb\":{\"@id\":\"https:\/\/schwarzmueller.com\/cs\/informace-a-kontakt\/kontaktni-osoba\/#breadcrumb\"},\"inLanguage\":\"cs\",\"potentialAction\":[{\"@type\":\"ReadAction\",\"target\":[\"https:\/\/schwarzmueller.com\/cs\/informace-a-kontakt\/kontaktni-osoba\/\"]}]},{\"@type\":\"BreadcrumbList\",\"@id\":\"https:\/\/schwarzmueller.com\/cs\/informace-a-kontakt\/kontaktni-osoba\/#breadcrumb\",\"itemListElement\":[{\"@type\":\"ListItem\",\"position\":1,\"name\":\"Home\",\"item\":\"https:\/\/schwarzmueller.com\/cs\/home-2\/\"},{\"@type\":\"ListItem\",\"position\":2,\"name\":\"Informace a kontakt\",\"item\":\"https:\/\/schwarzmueller.com\/cs\/informace-a-kontakt\/\"},{\"@type\":\"ListItem\",\"position\":3,\"name\":\"Kontaktn\u00ed osoba\"}]},{\"@type\":\"WebSite\",\"@id\":\"https:\/\/schwarzmueller.com\/en\/#website\",\"url\":\"https:\/\/schwarzmueller.com\/en\/\",\"name\":\"Schwarzm\u00fcller | Intelligente Fahrzeuge\",\"description\":\"Ganz auf exzellente Fahrzeugtechnik gebaut\",\"publisher\":{\"@id\":\"https:\/\/schwarzmueller.com\/en\/#organization\"},\"alternateName\":\"Schwarzm\u00fcller\",\"potentialAction\":[{\"@type\":\"SearchAction\",\"target\":{\"@type\":\"EntryPoint\",\"urlTemplate\":\"https:\/\/schwarzmueller.com\/en\/?s={search_term_string}\"},\"query-input\":{\"@type\":\"PropertyValueSpecification\",\"valueRequired\":true,\"valueName\":\"search_term_string\"}}],\"inLanguage\":\"cs\"},{\"@type\":\"Organization\",\"@id\":\"https:\/\/schwarzmueller.com\/en\/#organization\",\"name\":\"Schwarzm\u00fcller\",\"url\":\"https:\/\/schwarzmueller.com\/en\/\",\"logo\":{\"@type\":\"ImageObject\",\"inLanguage\":\"cs\",\"@id\":\"https:\/\/schwarzmueller.com\/en\/#\/schema\/logo\/image\/\",\"url\":\"https:\/\/schwarzmueller.com\/wp-content\/uploads\/2024\/05\/sm_icon_logo.svg\",\"contentUrl\":\"https:\/\/schwarzmueller.com\/wp-content\/uploads\/2024\/05\/sm_icon_logo.svg\",\"width\":1,\"height\":1,\"caption\":\"Schwarzm\u00fcller\"},\"image\":{\"@id\":\"https:\/\/schwarzmueller.com\/en\/#\/schema\/logo\/image\/\"}}]}<\/script>\n<!-- \/ Yoast SEO Premium plugin. -->","yoast_head_json":{"title":"Kontaktn\u00ed osoba - Schwarzm\u00fcller","robots":{"index":"index","follow":"follow","max-snippet":"max-snippet:-1","max-image-preview":"max-image-preview:large","max-video-preview":"max-video-preview:-1"},"canonical":"https:\/\/schwarzmueller.com\/cs\/informace-a-kontakt\/kontaktni-osoba\/","og_locale":"cs_CZ","og_type":"article","og_title":"Kontaktn\u00ed osoba","og_url":"https:\/\/schwarzmueller.com\/cs\/informace-a-kontakt\/kontaktni-osoba\/","og_site_name":"Schwarzm\u00fcller","article_modified_time":"2024-11-05T11:34:14+00:00","og_image":[{"width":768,"height":480,"url":"https:\/\/schwarzmueller.com\/wp-content\/uploads\/2024\/03\/csm_schwarzmueller-IAA-2022-tp-schubboden_60f424c13a.jpg","type":"image\/jpeg"}],"twitter_card":"summary_large_image","twitter_misc":{"Odhadovan\u00e1 doba \u010dten\u00ed":"1 minuta"},"schema":{"@context":"https:\/\/schema.org","@graph":[{"@type":"WebPage","@id":"https:\/\/schwarzmueller.com\/cs\/informace-a-kontakt\/kontaktni-osoba\/","url":"https:\/\/schwarzmueller.com\/cs\/informace-a-kontakt\/kontaktni-osoba\/","name":"Kontaktn\u00ed osoba - Schwarzm\u00fcller","isPartOf":{"@id":"https:\/\/schwarzmueller.com\/en\/#website"},"datePublished":"2024-03-07T16:39:29+00:00","dateModified":"2024-11-05T11:34:14+00:00","breadcrumb":{"@id":"https:\/\/schwarzmueller.com\/cs\/informace-a-kontakt\/kontaktni-osoba\/#breadcrumb"},"inLanguage":"cs","potentialAction":[{"@type":"ReadAction","target":["https:\/\/schwarzmueller.com\/cs\/informace-a-kontakt\/kontaktni-osoba\/"]}]},{"@type":"BreadcrumbList","@id":"https:\/\/schwarzmueller.com\/cs\/informace-a-kontakt\/kontaktni-osoba\/#breadcrumb","itemListElement":[{"@type":"ListItem","position":1,"name":"Home","item":"https:\/\/schwarzmueller.com\/cs\/home-2\/"},{"@type":"ListItem","position":2,"name":"Informace a kontakt","item":"https:\/\/schwarzmueller.com\/cs\/informace-a-kontakt\/"},{"@type":"ListItem","position":3,"name":"Kontaktn\u00ed osoba"}]},{"@type":"WebSite","@id":"https:\/\/schwarzmueller.com\/en\/#website","url":"https:\/\/schwarzmueller.com\/en\/","name":"Schwarzm\u00fcller | Intelligente Fahrzeuge","description":"Ganz auf exzellente Fahrzeugtechnik gebaut","publisher":{"@id":"https:\/\/schwarzmueller.com\/en\/#organization"},"alternateName":"Schwarzm\u00fcller","potentialAction":[{"@type":"SearchAction","target":{"@type":"EntryPoint","urlTemplate":"https:\/\/schwarzmueller.com\/en\/?s={search_term_string}"},"query-input":{"@type":"PropertyValueSpecification","valueRequired":true,"valueName":"search_term_string"}}],"inLanguage":"cs"},{"@type":"Organization","@id":"https:\/\/schwarzmueller.com\/en\/#organization","name":"Schwarzm\u00fcller","url":"https:\/\/schwarzmueller.com\/en\/","logo":{"@type":"ImageObject","inLanguage":"cs","@id":"https:\/\/schwarzmueller.com\/en\/#\/schema\/logo\/image\/","url":"https:\/\/schwarzmueller.com\/wp-content\/uploads\/2024\/05\/sm_icon_logo.svg","contentUrl":"https:\/\/schwarzmueller.com\/wp-content\/uploads\/2024\/05\/sm_icon_logo.svg","width":1,"height":1,"caption":"Schwarzm\u00fcller"},"image":{"@id":"https:\/\/schwarzmueller.com\/en\/#\/schema\/logo\/image\/"}}]}},"_links":{"self":[{"href":"https:\/\/schwarzmueller.com\/cs\/wp-json\/wp\/v2\/pages\/71918","targetHints":{"allow":["GET"]}}],"collection":[{"href":"https:\/\/schwarzmueller.com\/cs\/wp-json\/wp\/v2\/pages"}],"about":[{"href":"https:\/\/schwarzmueller.com\/cs\/wp-json\/wp\/v2\/types\/page"}],"author":[{"embeddable":true,"href":"https:\/\/schwarzmueller.com\/cs\/wp-json\/wp\/v2\/users\/5"}],"replies":[{"embeddable":true,"href":"https:\/\/schwarzmueller.com\/cs\/wp-json\/wp\/v2\/comments?post=71918"}],"version-history":[{"count":16,"href":"https:\/\/schwarzmueller.com\/cs\/wp-json\/wp\/v2\/pages\/71918\/revisions"}],"predecessor-version":[{"id":82036,"href":"https:\/\/schwarzmueller.com\/cs\/wp-json\/wp\/v2\/pages\/71918\/revisions\/82036"}],"up":[{"embeddable":true,"href":"https:\/\/schwarzmueller.com\/cs\/wp-json\/wp\/v2\/pages\/76937"}],"wp:attachment":[{"href":"https:\/\/schwarzmueller.com\/cs\/wp-json\/wp\/v2\/media?parent=71918"}],"curies":[{"name":"wp","href":"https:\/\/api.w.org\/{rel}","templated":true}]}}