{"id":62500,"date":"2024-05-31T12:54:29","date_gmt":"2024-05-31T10:54:29","guid":{"rendered":"https:\/\/schwarzmueller.com\/impressum\/"},"modified":"2024-09-18T15:21:02","modified_gmt":"2024-09-18T13:21:02","slug":"impressum","status":"publish","type":"page","link":"https:\/\/schwarzmueller.com\/cs\/informace-a-kontakt\/impressum\/","title":{"rendered":"Impressum"},"content":{"rendered":"<\/p>\n<section  class='av_textblock_section av-vjna4z-ac3e59bf0cbbc09fee358efdb3b612ce '   itemscope=\"itemscope\" itemtype=\"https:\/\/schema.org\/CreativeWork\" ><div class='avia_textblock sch-breadcrumb'  itemprop=\"text\" ><div class=\"breadcrumb breadcrumbs avia-breadcrumbs\"><div class=\"breadcrumb-trail\" ><span class=\"trail-before\"><span class=\"breadcrumb-title\">Jste zde:<\/span><\/span> <span  itemscope=\"itemscope\" itemtype=\"https:\/\/schema.org\/BreadcrumbList\" ><span  itemscope=\"itemscope\" itemtype=\"https:\/\/schema.org\/ListItem\" itemprop=\"itemListElement\" ><a itemprop=\"url\" href=\"https:\/\/schwarzmueller.com\/cs\/\" title=\"Schwarzm\u00fcller\" rel=\"home\" class=\"trail-begin\"><span itemprop=\"name\">Dom\u016f<\/span><\/a><span itemprop=\"position\" class=\"hidden\">1<\/span><\/span><\/span><\/div><\/div>\n<\/div><\/section>\n<\/div><\/div><\/div><!-- close content main div --><\/div><\/div><div id='av_section_1'  class='avia-section av-r99kz7-1ea735a43648ada920aba34715bd7dcb main_color avia-section-default avia-no-border-styling  avia-builder-el-1  el_after_av_textblock  avia-builder-el-last  avia-bg-style-scroll container_wrap sidebar_left'  ><div class='container av-section-cont-open' ><div class='template-page content  av-content-small units'><div class='post-entry post-entry-type-page post-entry-62500'><div class='entry-content-wrapper clearfix'>\n<section  class='av_textblock_section av-lwukekfh-ca293aa8d515a8ae38e856109bce3a1b '   itemscope=\"itemscope\" itemtype=\"https:\/\/schema.org\/CreativeWork\" ><div class='avia_textblock'  itemprop=\"text\" ><h1>Impressum<\/h1>\n<p><strong>N\u00e1zev firmy:<\/strong>\u00a0Wilhelm Schwarzm\u00fcller GmbH<br \/>\n<strong>Adresa:<\/strong>\u00a0Hanzing 11, 4785 Freinberg, Austria<br \/>\n<strong>P\u0159edm\u011bt podnik\u00e1n\u00ed:<\/strong>\u00a0P\u0159\u00edv\u011bsy a n\u00e1stavby n\u00e1kladn\u00edch vozidel<br \/>\n<strong>\u010c\u00edslo z\u00e1znamu v obchodn\u00edm rejst\u0159\u00edku:<\/strong>\u00a0364874f<br \/>\n<strong>Rejst\u0159\u00edkov\u00fd soud:<\/strong>\u00a0Obchodn\u00ed soud Ried im Innkreis<br \/>\n<strong>\u00da\u0159ad podle ECG:<\/strong>\u00a0BH Sch\u00e4rding\/Inn<br \/>\n<strong>DI\u010c:<\/strong>\u00a0ATU66565433<br \/>\n\u010clen obchodn\u00ed komory Horn\u00edho Rakouska<br \/>\nCopyright by Wilhelm Schwarzm\u00fcller GmbH, Hanzing 11, 4785 Freinberg, Rakousko<\/p>\n<p><strong>Kontakt:<\/strong><br \/>\nTel.: +43 7713 800-0<br \/>\nFax: +43 7713 800-297<br \/>\n<a href=\"mailto:office@schwarzmueller.com\">office@schwarzmueller.com<\/a><br \/>\n<a href=\"http:\/\/www.schwarzmueller.com\/\" target=\"_blank\" rel=\"noopener\">www.schwarzmueller.com<\/a><\/p>\n<p>Spole\u010dnost Wilhelm Schwarzm\u00fcller GmbH nep\u0159eb\u00edr\u00e1 z\u00e1ruku za \u00faplnost, kvalitu a aktu\u00e1lnost poskytovan\u00fdch informac\u00ed. Jak\u00e9koliv n\u00e1roky v\u016f\u010di spole\u010dnosti Wilhelm Schwarzm\u00fcller GmbH, kter\u00e9 vznikly pou\u017eit\u00edm nebo nepou\u017eit\u00edm nab\u00edzen\u00fdch informac\u00ed, jsou vylou\u010deny. Tot\u00e9\u017e plat\u00ed i pro v\u0161echny ostatn\u00ed internetov\u00e9 str\u00e1nky, na kter\u00e9 je odkazov\u00e1no hypertextov\u00fdmi odkazy. Spole\u010dnost Wilhelm Schwarzm\u00fcller GmbH nen\u00ed zodpov\u011bdn\u00e1 za obsah internetov\u00fdch str\u00e1nek p\u0159\u00edstupn\u00fdch prost\u0159ednictv\u00edm hypertextov\u00fdch odkaz\u016f.<\/p>\n<p>V\u0161echny nab\u00eddky jsou otev\u0159en\u00e9 a nez\u00e1vazn\u00e9. Spole\u010dnost Wilhelm Schwarzm\u00fcller GmbH si v\u00fdslovn\u011b vyhrazuje pr\u00e1vo na zm\u011bnu cel\u00e9 nab\u00eddky nebo jej\u00ed \u010d\u00e1sti bez zvl\u00e1\u0161tn\u00edho upozorn\u011bn\u00ed \u010di na jej\u00ed vymaz\u00e1n\u00ed nebo tak\u00e9 do\u010dasn\u00e9 \u010di trval\u00e9 ukon\u010den\u00ed zve\u0159ejn\u011bn\u00ed.<\/p>\n<p>Obsah a struktura t\u00e9to webov\u00e9 str\u00e1nky jsou chr\u00e1n\u011bny autorsk\u00fdmi pr\u00e1vy. Kop\u00edrov\u00e1n\u00ed informac\u00ed nebo dat je povoleno jen pro osobn\u00ed a informa\u010dn\u00ed pou\u017eit\u00ed. Vytv\u00e1\u0159en\u00ed a pou\u017e\u00edv\u00e1n\u00ed kopi\u00ed internetov\u00e9 prezentace v elektronick\u00e9 nebo ti\u0161t\u011bn\u00e9 podob\u011b je povoleno, pokud obsah \u2013 v\u010detn\u011b \u00fadaj\u016f o autorech a autorsk\u00fdch pr\u00e1vech \u2013 z\u016fstane beze zm\u011bny.<\/p>\n<p>Spole\u010dnost Wilhelm Schwarzm\u00fcller GmbH byla zalo\u017eena podle rakousk\u00e9ho pr\u00e1va, kter\u00e9mu podl\u00e9h\u00e1. Toto plat\u00ed i pro p\u0159edm\u011btn\u00fd p\u0159\u00edsp\u011bvek a internetov\u00e9 str\u00e1nky. N\u00e1roky \u2013 a\u0165 ji\u017e jak\u00e9hokoliv druhu \u2013 kter\u00e9 jsou zalo\u017eeny na nedodr\u017een\u00ed z\u00e1konn\u00fdch po\u017eadavk\u016f v t\u0159et\u00edch zem\u00edch, jsou tedy vylou\u010deny.<\/p>\n<\/div><\/section>\n<\/div><\/div><\/div><!-- close content main div --><\/div><\/div><div id='after_section_1'  class='main_color av_default_container_wrap container_wrap sidebar_left'  ><div class='container av-section-cont-open' ><div class='template-page content  av-content-small units'><div class='post-entry post-entry-type-page post-entry-62500'><div class='entry-content-wrapper clearfix'>\n","protected":false},"excerpt":{"rendered":"","protected":false},"author":11,"featured_media":0,"parent":76937,"menu_order":0,"comment_status":"closed","ping_status":"open","template":"","meta":{"_acf_changed":false,"_relevanssi_hide_post":"","_relevanssi_hide_content":"","_relevanssi_pin_for_all":"","_relevanssi_pin_keywords":"","_relevanssi_unpin_keywords":"","_relevanssi_related_keywords":"","_relevanssi_related_include_ids":"","_relevanssi_related_exclude_ids":"","_relevanssi_related_no_append":"","_relevanssi_related_not_related":"","_relevanssi_related_posts":"37413,37349,37816,37331,37430,37299","_relevanssi_noindex_reason":"","footnotes":""},"class_list":["post-62500","page","type-page","status-publish","hentry"],"acf":[],"yoast_head":"<!-- This site is optimized with the Yoast SEO Premium plugin v26.4 (Yoast SEO v27.2) - https:\/\/yoast.com\/product\/yoast-seo-premium-wordpress\/ -->\n<title>Impressum - Schwarzm\u00fcller<\/title>\n<meta name=\"robots\" content=\"index, follow, max-snippet:-1, max-image-preview:large, max-video-preview:-1\" \/>\n<link rel=\"canonical\" href=\"https:\/\/schwarzmueller.com\/cs\/informace-a-kontakt\/impressum\/\" \/>\n<meta property=\"og:locale\" content=\"cs_CZ\" \/>\n<meta property=\"og:type\" content=\"article\" \/>\n<meta property=\"og:title\" content=\"Impressum\" \/>\n<meta property=\"og:url\" content=\"https:\/\/schwarzmueller.com\/cs\/informace-a-kontakt\/impressum\/\" \/>\n<meta property=\"og:site_name\" content=\"Schwarzm\u00fcller\" \/>\n<meta property=\"article:modified_time\" content=\"2024-09-18T13:21:02+00:00\" \/>\n<meta property=\"og:image\" content=\"https:\/\/schwarzmueller.com\/wp-content\/uploads\/2024\/03\/csm_schwarzmueller-IAA-2022-tp-schubboden_60f424c13a.jpg\" \/>\n\t<meta property=\"og:image:width\" content=\"768\" \/>\n\t<meta property=\"og:image:height\" content=\"480\" \/>\n\t<meta property=\"og:image:type\" content=\"image\/jpeg\" \/>\n<meta name=\"twitter:card\" content=\"summary_large_image\" \/>\n<meta name=\"twitter:label1\" content=\"Odhadovan\u00e1 doba \u010dten\u00ed\" \/>\n\t<meta name=\"twitter:data1\" content=\"2 minuty\" \/>\n<script type=\"application\/ld+json\" class=\"yoast-schema-graph\">{\"@context\":\"https:\/\/schema.org\",\"@graph\":[{\"@type\":\"WebPage\",\"@id\":\"https:\/\/schwarzmueller.com\/cs\/informace-a-kontakt\/impressum\/\",\"url\":\"https:\/\/schwarzmueller.com\/cs\/informace-a-kontakt\/impressum\/\",\"name\":\"Impressum - Schwarzm\u00fcller\",\"isPartOf\":{\"@id\":\"https:\/\/schwarzmueller.com\/en\/#website\"},\"datePublished\":\"2024-05-31T10:54:29+00:00\",\"dateModified\":\"2024-09-18T13:21:02+00:00\",\"breadcrumb\":{\"@id\":\"https:\/\/schwarzmueller.com\/cs\/informace-a-kontakt\/impressum\/#breadcrumb\"},\"inLanguage\":\"cs\",\"potentialAction\":[{\"@type\":\"ReadAction\",\"target\":[\"https:\/\/schwarzmueller.com\/cs\/informace-a-kontakt\/impressum\/\"]}]},{\"@type\":\"BreadcrumbList\",\"@id\":\"https:\/\/schwarzmueller.com\/cs\/informace-a-kontakt\/impressum\/#breadcrumb\",\"itemListElement\":[{\"@type\":\"ListItem\",\"position\":1,\"name\":\"Home\",\"item\":\"https:\/\/schwarzmueller.com\/cs\/home-2\/\"},{\"@type\":\"ListItem\",\"position\":2,\"name\":\"Informace a kontakt\",\"item\":\"https:\/\/schwarzmueller.com\/cs\/informace-a-kontakt\/\"},{\"@type\":\"ListItem\",\"position\":3,\"name\":\"Impressum\"}]},{\"@type\":\"WebSite\",\"@id\":\"https:\/\/schwarzmueller.com\/en\/#website\",\"url\":\"https:\/\/schwarzmueller.com\/en\/\",\"name\":\"Schwarzm\u00fcller | Intelligente Fahrzeuge\",\"description\":\"Ganz auf exzellente Fahrzeugtechnik gebaut\",\"publisher\":{\"@id\":\"https:\/\/schwarzmueller.com\/en\/#organization\"},\"alternateName\":\"Schwarzm\u00fcller\",\"potentialAction\":[{\"@type\":\"SearchAction\",\"target\":{\"@type\":\"EntryPoint\",\"urlTemplate\":\"https:\/\/schwarzmueller.com\/en\/?s={search_term_string}\"},\"query-input\":{\"@type\":\"PropertyValueSpecification\",\"valueRequired\":true,\"valueName\":\"search_term_string\"}}],\"inLanguage\":\"cs\"},{\"@type\":\"Organization\",\"@id\":\"https:\/\/schwarzmueller.com\/en\/#organization\",\"name\":\"Schwarzm\u00fcller\",\"url\":\"https:\/\/schwarzmueller.com\/en\/\",\"logo\":{\"@type\":\"ImageObject\",\"inLanguage\":\"cs\",\"@id\":\"https:\/\/schwarzmueller.com\/en\/#\/schema\/logo\/image\/\",\"url\":\"https:\/\/schwarzmueller.com\/wp-content\/uploads\/2024\/05\/sm_icon_logo.svg\",\"contentUrl\":\"https:\/\/schwarzmueller.com\/wp-content\/uploads\/2024\/05\/sm_icon_logo.svg\",\"width\":1,\"height\":1,\"caption\":\"Schwarzm\u00fcller\"},\"image\":{\"@id\":\"https:\/\/schwarzmueller.com\/en\/#\/schema\/logo\/image\/\"}}]}<\/script>\n<!-- \/ Yoast SEO Premium plugin. -->","yoast_head_json":{"title":"Impressum - Schwarzm\u00fcller","robots":{"index":"index","follow":"follow","max-snippet":"max-snippet:-1","max-image-preview":"max-image-preview:large","max-video-preview":"max-video-preview:-1"},"canonical":"https:\/\/schwarzmueller.com\/cs\/informace-a-kontakt\/impressum\/","og_locale":"cs_CZ","og_type":"article","og_title":"Impressum","og_url":"https:\/\/schwarzmueller.com\/cs\/informace-a-kontakt\/impressum\/","og_site_name":"Schwarzm\u00fcller","article_modified_time":"2024-09-18T13:21:02+00:00","og_image":[{"width":768,"height":480,"url":"https:\/\/schwarzmueller.com\/wp-content\/uploads\/2024\/03\/csm_schwarzmueller-IAA-2022-tp-schubboden_60f424c13a.jpg","type":"image\/jpeg"}],"twitter_card":"summary_large_image","twitter_misc":{"Odhadovan\u00e1 doba \u010dten\u00ed":"2 minuty"},"schema":{"@context":"https:\/\/schema.org","@graph":[{"@type":"WebPage","@id":"https:\/\/schwarzmueller.com\/cs\/informace-a-kontakt\/impressum\/","url":"https:\/\/schwarzmueller.com\/cs\/informace-a-kontakt\/impressum\/","name":"Impressum - Schwarzm\u00fcller","isPartOf":{"@id":"https:\/\/schwarzmueller.com\/en\/#website"},"datePublished":"2024-05-31T10:54:29+00:00","dateModified":"2024-09-18T13:21:02+00:00","breadcrumb":{"@id":"https:\/\/schwarzmueller.com\/cs\/informace-a-kontakt\/impressum\/#breadcrumb"},"inLanguage":"cs","potentialAction":[{"@type":"ReadAction","target":["https:\/\/schwarzmueller.com\/cs\/informace-a-kontakt\/impressum\/"]}]},{"@type":"BreadcrumbList","@id":"https:\/\/schwarzmueller.com\/cs\/informace-a-kontakt\/impressum\/#breadcrumb","itemListElement":[{"@type":"ListItem","position":1,"name":"Home","item":"https:\/\/schwarzmueller.com\/cs\/home-2\/"},{"@type":"ListItem","position":2,"name":"Informace a kontakt","item":"https:\/\/schwarzmueller.com\/cs\/informace-a-kontakt\/"},{"@type":"ListItem","position":3,"name":"Impressum"}]},{"@type":"WebSite","@id":"https:\/\/schwarzmueller.com\/en\/#website","url":"https:\/\/schwarzmueller.com\/en\/","name":"Schwarzm\u00fcller | Intelligente Fahrzeuge","description":"Ganz auf exzellente Fahrzeugtechnik gebaut","publisher":{"@id":"https:\/\/schwarzmueller.com\/en\/#organization"},"alternateName":"Schwarzm\u00fcller","potentialAction":[{"@type":"SearchAction","target":{"@type":"EntryPoint","urlTemplate":"https:\/\/schwarzmueller.com\/en\/?s={search_term_string}"},"query-input":{"@type":"PropertyValueSpecification","valueRequired":true,"valueName":"search_term_string"}}],"inLanguage":"cs"},{"@type":"Organization","@id":"https:\/\/schwarzmueller.com\/en\/#organization","name":"Schwarzm\u00fcller","url":"https:\/\/schwarzmueller.com\/en\/","logo":{"@type":"ImageObject","inLanguage":"cs","@id":"https:\/\/schwarzmueller.com\/en\/#\/schema\/logo\/image\/","url":"https:\/\/schwarzmueller.com\/wp-content\/uploads\/2024\/05\/sm_icon_logo.svg","contentUrl":"https:\/\/schwarzmueller.com\/wp-content\/uploads\/2024\/05\/sm_icon_logo.svg","width":1,"height":1,"caption":"Schwarzm\u00fcller"},"image":{"@id":"https:\/\/schwarzmueller.com\/en\/#\/schema\/logo\/image\/"}}]}},"_links":{"self":[{"href":"https:\/\/schwarzmueller.com\/cs\/wp-json\/wp\/v2\/pages\/62500","targetHints":{"allow":["GET"]}}],"collection":[{"href":"https:\/\/schwarzmueller.com\/cs\/wp-json\/wp\/v2\/pages"}],"about":[{"href":"https:\/\/schwarzmueller.com\/cs\/wp-json\/wp\/v2\/types\/page"}],"author":[{"embeddable":true,"href":"https:\/\/schwarzmueller.com\/cs\/wp-json\/wp\/v2\/users\/11"}],"replies":[{"embeddable":true,"href":"https:\/\/schwarzmueller.com\/cs\/wp-json\/wp\/v2\/comments?post=62500"}],"version-history":[{"count":4,"href":"https:\/\/schwarzmueller.com\/cs\/wp-json\/wp\/v2\/pages\/62500\/revisions"}],"predecessor-version":[{"id":76976,"href":"https:\/\/schwarzmueller.com\/cs\/wp-json\/wp\/v2\/pages\/62500\/revisions\/76976"}],"up":[{"embeddable":true,"href":"https:\/\/schwarzmueller.com\/cs\/wp-json\/wp\/v2\/pages\/76937"}],"wp:attachment":[{"href":"https:\/\/schwarzmueller.com\/cs\/wp-json\/wp\/v2\/media?parent=62500"}],"curies":[{"name":"wp","href":"https:\/\/api.w.org\/{rel}","templated":true}]}}