{"id":62127,"date":"2024-04-04T11:20:25","date_gmt":"2024-04-04T09:20:25","guid":{"rendered":"https:\/\/schwarzmueller.com\/historie\/"},"modified":"2024-07-13T17:57:30","modified_gmt":"2024-07-13T15:57:30","slug":"historie","status":"publish","type":"page","link":"https:\/\/schwarzmueller.com\/cs\/firma\/historie\/","title":{"rendered":"Historie"},"content":{"rendered":"\n<style type=\"text\/css\" data-created_by=\"avia_inline_auto\" id=\"style-css-av-lv3mcwmj-ccf8271dcdd6ff9ccc23034f5a67516c\">\n.avia-section.av-lv3mcwmj-ccf8271dcdd6ff9ccc23034f5a67516c{\nbackground-repeat:no-repeat;\nbackground-image:url(https:\/\/schwarzmueller.com\/wp-content\/uploads\/2024\/04\/csm_geschichte_1_ea8944c25c.jpg);\nbackground-position:50% 50%;\nbackground-attachment:scroll;\n}\n.avia-section.av-lv3mcwmj-ccf8271dcdd6ff9ccc23034f5a67516c .av-section-color-overlay{\nopacity:0.5;\nbackground-color:#0a0a0a;\n}\n<\/style>\n<div id='av_section_1'  class='avia-section av-lv3mcwmj-ccf8271dcdd6ff9ccc23034f5a67516c main_color avia-section-huge avia-no-border-styling  avia-builder-el-0  el_before_av_textblock  avia-builder-el-first  avia-full-stretch avia-bg-style-scroll av-section-color-overlay-active av-minimum-height av-minimum-height-custom av-height-custom  container_wrap sidebar_left'  data-section-bg-repeat='stretch' data-av_minimum_height_px='512'><div class=\"av-section-color-overlay-wrap\"><div class=\"av-section-color-overlay\"><\/div><div class='container av-section-cont-open' style='height:512px'><main  role=\"main\" itemprop=\"mainContentOfPage\"  class='template-page content  av-content-small units'><div class='post-entry post-entry-type-page post-entry-62127'><div class='entry-content-wrapper clearfix'>\n\n<style type=\"text\/css\" data-created_by=\"avia_inline_auto\" id=\"style-css-av-lv3mc31a-6392ced448409e391e4f152c42512def\">\n#top .av_textblock_section.av-lv3mc31a-6392ced448409e391e4f152c42512def .avia_textblock{\ncolor:#ffffff;\n}\n<\/style>\n<section  class='av_textblock_section av-lv3mc31a-6392ced448409e391e4f152c42512def '   itemscope=\"itemscope\" itemtype=\"https:\/\/schema.org\/CreativeWork\" ><div class='avia_textblock hero-title av_inherit_color'  itemprop=\"text\" ><h1>Schwarzm\u00fcller historie<\/h1>\n<\/div><\/section>\n<\/div><\/div><\/main><!-- close content main element --><\/div><\/div><\/div><div id='after_section_1'  class='main_color av_default_container_wrap container_wrap sidebar_left'  ><div class='container av-section-cont-open' ><div class='template-page content  av-content-small units'><div class='post-entry post-entry-type-page post-entry-62127'><div class='entry-content-wrapper clearfix'>\n<section  class='av_textblock_section av-o6xps6-203d3aab2aeb5b2ec56c469f10c7a1b5 '   itemscope=\"itemscope\" itemtype=\"https:\/\/schema.org\/CreativeWork\" ><div class='avia_textblock sch-breadcrumb'  itemprop=\"text\" ><div class=\"breadcrumb breadcrumbs avia-breadcrumbs\"><div class=\"breadcrumb-trail\" ><span class=\"trail-before\"><span class=\"breadcrumb-title\">Jste zde:<\/span><\/span> <span  itemscope=\"itemscope\" itemtype=\"https:\/\/schema.org\/BreadcrumbList\" ><span  itemscope=\"itemscope\" itemtype=\"https:\/\/schema.org\/ListItem\" itemprop=\"itemListElement\" ><a itemprop=\"url\" href=\"https:\/\/schwarzmueller.com\/cs\/\" title=\"Schwarzm\u00fcller\" rel=\"home\" class=\"trail-begin\"><span itemprop=\"name\">Dom\u016f<\/span><\/a><span itemprop=\"position\" class=\"hidden\">1<\/span><\/span><\/span><\/div><\/div>\n<\/div><\/section>\n<p><\/div><\/div><\/div><!-- close content main div --><\/div><\/div><div id='av_section_2'  class='avia-section av-lv3mderq-e779454dce2a99e28553c13954d20b2f main_color avia-section-huge avia-no-border-styling  avia-builder-el-3  el_after_av_textblock  el_before_av_section  avia-bg-style-scroll container_wrap sidebar_left'  ><div class='container av-section-cont-open' ><div class='template-page content  av-content-small units'><div class='post-entry post-entry-type-page post-entry-62127'><div class='entry-content-wrapper clearfix'>\n\n<style type=\"text\/css\" data-created_by=\"avia_inline_auto\" id=\"style-css-av-lv3mdrqe-b9ad123afe35eb8902363ed1cdb54b87\">\n#top .av_textblock_section.av-lv3mdrqe-b9ad123afe35eb8902363ed1cdb54b87 .avia_textblock{\ntext-align:left;\n}\n<\/style>\n<section  class='av_textblock_section av-lv3mdrqe-b9ad123afe35eb8902363ed1cdb54b87 '   itemscope=\"itemscope\" itemtype=\"https:\/\/schema.org\/CreativeWork\" ><div class='avia_textblock image-dark-section-title'  itemprop=\"text\" ><h2 class=\"schwa-h4\"><strong>Pr\u016fkopn\u00edci ji\u017e 150 let<\/strong><\/h2>\n<p>Spole\u010dnost byla zalo\u017eena v pozdn\u00edm 19. stolet\u00ed jako kov\u00e1\u0159sk\u00e1 d\u00edlna. Od t\u00e9to doby rostla a stala se mezin\u00e1rodn\u00edm dodavatelem u\u017eitkov\u00fdch vozidel, je\u017e je st\u00e1le vlastn\u011bna rodinou, kter\u00e1 ji zalo\u017eila. Technick\u00fd inovativn\u00ed duch zam\u011bstnanc\u016f se t\u00e1hne jako \u010derven\u00e1 nit skrze 150-letou historii koncernu Schwarzm\u00fcller.<\/p>\n<\/div><\/section>\n<div  class='flex_column av-1n6zih2-4bb72bab0dd68b5ec737bb9ca4bafe6e av_one_half  avia-builder-el-5  el_after_av_textblock  el_before_av_one_half  first flex_column_div  column-top-margin'     ><style type=\"text\/css\" data-created_by=\"avia_inline_auto\" id=\"style-css-av-lv3meenu-05ef4aeddd3bed67d9856e235fc2859a\">\n.avia-image-container.av-lv3meenu-05ef4aeddd3bed67d9856e235fc2859a img.avia_image{\nbox-shadow:none;\n}\n.avia-image-container.av-lv3meenu-05ef4aeddd3bed67d9856e235fc2859a .av-image-caption-overlay-center{\ncolor:#ffffff;\n}\n<\/style>\n<div  class='avia-image-container av-lv3meenu-05ef4aeddd3bed67d9856e235fc2859a av-styling- avia-align-center  avia-builder-el-6  avia-builder-el-no-sibling '   itemprop=\"image\" itemscope=\"itemscope\" itemtype=\"https:\/\/schema.org\/ImageObject\" ><div class=\"avia-image-container-inner\"><div class=\"avia-image-overlay-wrap\"><img decoding=\"async\" fetchpriority=\"high\" class='wp-image-42732 avia-img-lazy-loading-not-42732 avia_image ' src=\"https:\/\/schwarzmueller.com\/wp-content\/uploads\/2024\/04\/csm_historie_anno_1925_e861c1e4f0.jpg\" alt='' title='csm_historie_anno_1925_e861c1e4f0'  height=\"600\" width=\"771\"  itemprop=\"thumbnailUrl\" srcset=\"https:\/\/schwarzmueller.com\/wp-content\/uploads\/2024\/04\/csm_historie_anno_1925_e861c1e4f0.jpg 771w, https:\/\/schwarzmueller.com\/wp-content\/uploads\/2024\/04\/csm_historie_anno_1925_e861c1e4f0-300x233.jpg 300w, https:\/\/schwarzmueller.com\/wp-content\/uploads\/2024\/04\/csm_historie_anno_1925_e861c1e4f0-768x598.jpg 768w, https:\/\/schwarzmueller.com\/wp-content\/uploads\/2024\/04\/csm_historie_anno_1925_e861c1e4f0-705x549.jpg 705w\" sizes=\"(max-width: 771px) 100vw, 771px\" \/><\/div><\/div><\/div><\/div><div  class='flex_column av-13md012-2d5807c6d013e0088935882e9c1e62a3 av_one_half  avia-builder-el-7  el_after_av_one_half  avia-builder-el-last  flex_column_div  column-top-margin'     ><style type=\"text\/css\" data-created_by=\"avia_inline_auto\" id=\"style-css-av-lv3memo6-78ca0d1870e0ed8571f12b5731420545\">\n.avia-image-container.av-lv3memo6-78ca0d1870e0ed8571f12b5731420545 img.avia_image{\nbox-shadow:none;\n}\n.avia-image-container.av-lv3memo6-78ca0d1870e0ed8571f12b5731420545 .av-image-caption-overlay-center{\ncolor:#ffffff;\n}\n<\/style>\n<div  class='avia-image-container av-lv3memo6-78ca0d1870e0ed8571f12b5731420545 av-styling- avia-align-center  avia-builder-el-8  avia-builder-el-no-sibling '   itemprop=\"image\" itemscope=\"itemscope\" itemtype=\"https:\/\/schema.org\/ImageObject\" ><div class=\"avia-image-container-inner\"><div class=\"avia-image-overlay-wrap\"><img decoding=\"async\" fetchpriority=\"high\" class='wp-image-42737 avia-img-lazy-loading-not-42737 avia_image ' src=\"https:\/\/schwarzmueller.com\/wp-content\/uploads\/2024\/04\/csm_historie_anno_1955_db3a0861c2.jpg\" alt='' title='csm_historie_anno_1955_db3a0861c2'  height=\"600\" width=\"771\"  itemprop=\"thumbnailUrl\" srcset=\"https:\/\/schwarzmueller.com\/wp-content\/uploads\/2024\/04\/csm_historie_anno_1955_db3a0861c2.jpg 771w, https:\/\/schwarzmueller.com\/wp-content\/uploads\/2024\/04\/csm_historie_anno_1955_db3a0861c2-300x233.jpg 300w, https:\/\/schwarzmueller.com\/wp-content\/uploads\/2024\/04\/csm_historie_anno_1955_db3a0861c2-768x598.jpg 768w, https:\/\/schwarzmueller.com\/wp-content\/uploads\/2024\/04\/csm_historie_anno_1955_db3a0861c2-705x549.jpg 705w\" sizes=\"(max-width: 771px) 100vw, 771px\" \/><\/div><\/div><\/div><\/div>\n<\/div><\/div><\/div><!-- close content main div --><\/div><\/div><div id='av_section_3'  class='avia-section av-ncklxi-02e12ef10124b426f4af234f094cc022 main_color avia-section-huge avia-no-border-styling  avia-builder-el-9  el_after_av_section  avia-builder-el-last  avia-bg-style-scroll container_wrap sidebar_left'  ><div class='container av-section-cont-open' ><div class='template-page content  av-content-small units'><div class='post-entry post-entry-type-page post-entry-62127'><div class='entry-content-wrapper clearfix'>\n\n<style type=\"text\/css\" data-created_by=\"avia_inline_auto\" id=\"style-css-av-lv3mf5rl-b88b54524a283c493aafb905aeb52292\">\n#top .av_textblock_section.av-lv3mf5rl-b88b54524a283c493aafb905aeb52292 .avia_textblock{\ntext-align:left;\n}\n<\/style>\n<section  class='av_textblock_section av-lv3mf5rl-b88b54524a283c493aafb905aeb52292 '   itemscope=\"itemscope\" itemtype=\"https:\/\/schema.org\/CreativeWork\" ><div class='avia_textblock image-dark-section-title'  itemprop=\"text\" ><div id=\"c3072\" class=\"frame frame-type-text frame-layout-0 frame-space-before-extra-large frame-space-after-medium frame-padding-top-none frame-padding-bottom-none frame-\">\n<div class=\"ce-content\">\n<h3 class=\"schwa-h4\"><strong>Od d\u00edlny a\u017e k pr\u00e9miov\u00e9mu dodavateli<\/strong><\/h3>\n<\/div>\n<\/div>\n<div id=\"c2400\" class=\"frame frame-type-text frame-layout-0 frame-space-before-extra-large frame-space-after-extra-large frame-padding-top-none frame-padding-bottom-none frame-\">\n<div class=\"ce-content\">\n<ul>\n<li><strong>1871:<\/strong> Joseph Schwarzm\u00fcller otev\u0159el kov\u00e1rnu v Pasov\u011b (N\u011bmecko)<\/li>\n<li><strong>1939:<\/strong> Zalo\u017een z\u00e1vod v Hanzingu \/ Freinbergu<\/li>\n<li><strong>do 1958:<\/strong> Stavba struktury odv\u011btv\u00ed v Rakousku<\/li>\n<li><strong>1990: <\/strong> Zalo\u017een\u00ed z\u00e1vodu v Budape\u0161ti Dunaharaszti (Ma\u010farsko)<\/li>\n<li><strong>1993:<\/strong> Vybudov\u00e1n t\u0159et\u00ed v\u00fdrobn\u00ed z\u00e1vod v \u017debr\u00e1ce (\u010cesk\u00e1 republika)<\/li>\n<li><strong>2009:<\/strong> Otev\u0159en\u00ed pobo\u010dky v Bukure\u0161ti (Rumunsko)<\/li>\n<li><strong>2014: <\/strong> Strategie 2020<\/li>\n<li><strong>2018:<\/strong> Otev\u0159en\u00ed pobo\u010dky v Eltmannu (N\u011bmecko)<\/li>\n<li><strong>2019:<\/strong> Polo\u017een\u00ed z\u00e1kladn\u00edho kamene u\u010d\u0148ovsk\u00e9 d\u00edlny<\/li>\n<li><strong>2020:<\/strong> P\u0159evzet\u00ed spole\u010dnosti H\u00fcffermann Transportsysteme GmbH v Neustadt \/ Dosse (N\u011bmecko)<\/li>\n<\/ul>\n<\/div>\n<\/div>\n<\/div><\/section>\n<\/div><\/div><\/div><!-- close content main div --><\/div><\/div><div id='after_section_3'  class='main_color av_default_container_wrap container_wrap sidebar_left'  ><div class='container av-section-cont-open' ><div class='template-page content  av-content-small units'><div class='post-entry post-entry-type-page post-entry-62127'><div class='entry-content-wrapper clearfix'><\/p>\n","protected":false},"excerpt":{"rendered":"","protected":false},"author":6,"featured_media":0,"parent":64974,"menu_order":0,"comment_status":"closed","ping_status":"closed","template":"","meta":{"_acf_changed":false,"_relevanssi_hide_post":"","_relevanssi_hide_content":"","_relevanssi_pin_for_all":"","_relevanssi_pin_keywords":"","_relevanssi_unpin_keywords":"","_relevanssi_related_keywords":"","_relevanssi_related_include_ids":"","_relevanssi_related_exclude_ids":"","_relevanssi_related_no_append":"","_relevanssi_related_not_related":"","_relevanssi_related_posts":"51373,51375,51406,51407,51415,51418","_relevanssi_noindex_reason":"","footnotes":""},"class_list":["post-62127","page","type-page","status-publish","hentry"],"acf":[],"yoast_head":"<!-- This site is optimized with the Yoast SEO Premium plugin v26.4 (Yoast SEO v27.2) - https:\/\/yoast.com\/product\/yoast-seo-premium-wordpress\/ -->\n<title>Historie - Schwarzm\u00fcller<\/title>\n<meta name=\"robots\" content=\"index, follow, max-snippet:-1, max-image-preview:large, max-video-preview:-1\" \/>\n<link rel=\"canonical\" href=\"https:\/\/schwarzmueller.com\/cs\/firma\/historie\/\" \/>\n<meta property=\"og:locale\" content=\"cs_CZ\" \/>\n<meta property=\"og:type\" content=\"article\" \/>\n<meta property=\"og:title\" content=\"Historie\" \/>\n<meta property=\"og:url\" content=\"https:\/\/schwarzmueller.com\/cs\/firma\/historie\/\" \/>\n<meta property=\"og:site_name\" content=\"Schwarzm\u00fcller\" \/>\n<meta property=\"article:modified_time\" content=\"2024-07-13T15:57:30+00:00\" \/>\n<meta property=\"og:image\" content=\"https:\/\/schwarzmueller.com\/wp-content\/uploads\/2024\/03\/csm_schwarzmueller-IAA-2022-tp-schubboden_60f424c13a.jpg\" \/>\n\t<meta property=\"og:image:width\" content=\"768\" \/>\n\t<meta property=\"og:image:height\" content=\"480\" \/>\n\t<meta property=\"og:image:type\" content=\"image\/jpeg\" \/>\n<meta name=\"twitter:card\" content=\"summary_large_image\" \/>\n<meta name=\"twitter:label1\" content=\"Odhadovan\u00e1 doba \u010dten\u00ed\" \/>\n\t<meta name=\"twitter:data1\" content=\"17 minut\" \/>\n<script type=\"application\/ld+json\" class=\"yoast-schema-graph\">{\"@context\":\"https:\/\/schema.org\",\"@graph\":[{\"@type\":\"WebPage\",\"@id\":\"https:\/\/schwarzmueller.com\/cs\/firma\/historie\/\",\"url\":\"https:\/\/schwarzmueller.com\/cs\/firma\/historie\/\",\"name\":\"Historie - Schwarzm\u00fcller\",\"isPartOf\":{\"@id\":\"https:\/\/schwarzmueller.com\/en\/#website\"},\"datePublished\":\"2024-04-04T09:20:25+00:00\",\"dateModified\":\"2024-07-13T15:57:30+00:00\",\"breadcrumb\":{\"@id\":\"https:\/\/schwarzmueller.com\/cs\/firma\/historie\/#breadcrumb\"},\"inLanguage\":\"cs\",\"potentialAction\":[{\"@type\":\"ReadAction\",\"target\":[\"https:\/\/schwarzmueller.com\/cs\/firma\/historie\/\"]}]},{\"@type\":\"BreadcrumbList\",\"@id\":\"https:\/\/schwarzmueller.com\/cs\/firma\/historie\/#breadcrumb\",\"itemListElement\":[{\"@type\":\"ListItem\",\"position\":1,\"name\":\"Home\",\"item\":\"https:\/\/schwarzmueller.com\/cs\/home-2\/\"},{\"@type\":\"ListItem\",\"position\":2,\"name\":\"Firma\",\"item\":\"https:\/\/schwarzmueller.com\/cs\/firma\/\"},{\"@type\":\"ListItem\",\"position\":3,\"name\":\"Historie\"}]},{\"@type\":\"WebSite\",\"@id\":\"https:\/\/schwarzmueller.com\/en\/#website\",\"url\":\"https:\/\/schwarzmueller.com\/en\/\",\"name\":\"Schwarzm\u00fcller | Intelligente Fahrzeuge\",\"description\":\"Ganz auf exzellente Fahrzeugtechnik gebaut\",\"publisher\":{\"@id\":\"https:\/\/schwarzmueller.com\/en\/#organization\"},\"alternateName\":\"Schwarzm\u00fcller\",\"potentialAction\":[{\"@type\":\"SearchAction\",\"target\":{\"@type\":\"EntryPoint\",\"urlTemplate\":\"https:\/\/schwarzmueller.com\/en\/?s={search_term_string}\"},\"query-input\":{\"@type\":\"PropertyValueSpecification\",\"valueRequired\":true,\"valueName\":\"search_term_string\"}}],\"inLanguage\":\"cs\"},{\"@type\":\"Organization\",\"@id\":\"https:\/\/schwarzmueller.com\/en\/#organization\",\"name\":\"Schwarzm\u00fcller\",\"url\":\"https:\/\/schwarzmueller.com\/en\/\",\"logo\":{\"@type\":\"ImageObject\",\"inLanguage\":\"cs\",\"@id\":\"https:\/\/schwarzmueller.com\/en\/#\/schema\/logo\/image\/\",\"url\":\"https:\/\/schwarzmueller.com\/wp-content\/uploads\/2024\/05\/sm_icon_logo.svg\",\"contentUrl\":\"https:\/\/schwarzmueller.com\/wp-content\/uploads\/2024\/05\/sm_icon_logo.svg\",\"width\":1,\"height\":1,\"caption\":\"Schwarzm\u00fcller\"},\"image\":{\"@id\":\"https:\/\/schwarzmueller.com\/en\/#\/schema\/logo\/image\/\"}}]}<\/script>\n<!-- \/ Yoast SEO Premium plugin. -->","yoast_head_json":{"title":"Historie - Schwarzm\u00fcller","robots":{"index":"index","follow":"follow","max-snippet":"max-snippet:-1","max-image-preview":"max-image-preview:large","max-video-preview":"max-video-preview:-1"},"canonical":"https:\/\/schwarzmueller.com\/cs\/firma\/historie\/","og_locale":"cs_CZ","og_type":"article","og_title":"Historie","og_url":"https:\/\/schwarzmueller.com\/cs\/firma\/historie\/","og_site_name":"Schwarzm\u00fcller","article_modified_time":"2024-07-13T15:57:30+00:00","og_image":[{"width":768,"height":480,"url":"https:\/\/schwarzmueller.com\/wp-content\/uploads\/2024\/03\/csm_schwarzmueller-IAA-2022-tp-schubboden_60f424c13a.jpg","type":"image\/jpeg"}],"twitter_card":"summary_large_image","twitter_misc":{"Odhadovan\u00e1 doba \u010dten\u00ed":"17 minut"},"schema":{"@context":"https:\/\/schema.org","@graph":[{"@type":"WebPage","@id":"https:\/\/schwarzmueller.com\/cs\/firma\/historie\/","url":"https:\/\/schwarzmueller.com\/cs\/firma\/historie\/","name":"Historie - Schwarzm\u00fcller","isPartOf":{"@id":"https:\/\/schwarzmueller.com\/en\/#website"},"datePublished":"2024-04-04T09:20:25+00:00","dateModified":"2024-07-13T15:57:30+00:00","breadcrumb":{"@id":"https:\/\/schwarzmueller.com\/cs\/firma\/historie\/#breadcrumb"},"inLanguage":"cs","potentialAction":[{"@type":"ReadAction","target":["https:\/\/schwarzmueller.com\/cs\/firma\/historie\/"]}]},{"@type":"BreadcrumbList","@id":"https:\/\/schwarzmueller.com\/cs\/firma\/historie\/#breadcrumb","itemListElement":[{"@type":"ListItem","position":1,"name":"Home","item":"https:\/\/schwarzmueller.com\/cs\/home-2\/"},{"@type":"ListItem","position":2,"name":"Firma","item":"https:\/\/schwarzmueller.com\/cs\/firma\/"},{"@type":"ListItem","position":3,"name":"Historie"}]},{"@type":"WebSite","@id":"https:\/\/schwarzmueller.com\/en\/#website","url":"https:\/\/schwarzmueller.com\/en\/","name":"Schwarzm\u00fcller | Intelligente Fahrzeuge","description":"Ganz auf exzellente Fahrzeugtechnik gebaut","publisher":{"@id":"https:\/\/schwarzmueller.com\/en\/#organization"},"alternateName":"Schwarzm\u00fcller","potentialAction":[{"@type":"SearchAction","target":{"@type":"EntryPoint","urlTemplate":"https:\/\/schwarzmueller.com\/en\/?s={search_term_string}"},"query-input":{"@type":"PropertyValueSpecification","valueRequired":true,"valueName":"search_term_string"}}],"inLanguage":"cs"},{"@type":"Organization","@id":"https:\/\/schwarzmueller.com\/en\/#organization","name":"Schwarzm\u00fcller","url":"https:\/\/schwarzmueller.com\/en\/","logo":{"@type":"ImageObject","inLanguage":"cs","@id":"https:\/\/schwarzmueller.com\/en\/#\/schema\/logo\/image\/","url":"https:\/\/schwarzmueller.com\/wp-content\/uploads\/2024\/05\/sm_icon_logo.svg","contentUrl":"https:\/\/schwarzmueller.com\/wp-content\/uploads\/2024\/05\/sm_icon_logo.svg","width":1,"height":1,"caption":"Schwarzm\u00fcller"},"image":{"@id":"https:\/\/schwarzmueller.com\/en\/#\/schema\/logo\/image\/"}}]}},"_links":{"self":[{"href":"https:\/\/schwarzmueller.com\/cs\/wp-json\/wp\/v2\/pages\/62127","targetHints":{"allow":["GET"]}}],"collection":[{"href":"https:\/\/schwarzmueller.com\/cs\/wp-json\/wp\/v2\/pages"}],"about":[{"href":"https:\/\/schwarzmueller.com\/cs\/wp-json\/wp\/v2\/types\/page"}],"author":[{"embeddable":true,"href":"https:\/\/schwarzmueller.com\/cs\/wp-json\/wp\/v2\/users\/6"}],"replies":[{"embeddable":true,"href":"https:\/\/schwarzmueller.com\/cs\/wp-json\/wp\/v2\/comments?post=62127"}],"version-history":[{"count":5,"href":"https:\/\/schwarzmueller.com\/cs\/wp-json\/wp\/v2\/pages\/62127\/revisions"}],"predecessor-version":[{"id":62139,"href":"https:\/\/schwarzmueller.com\/cs\/wp-json\/wp\/v2\/pages\/62127\/revisions\/62139"}],"up":[{"embeddable":true,"href":"https:\/\/schwarzmueller.com\/cs\/wp-json\/wp\/v2\/pages\/64974"}],"wp:attachment":[{"href":"https:\/\/schwarzmueller.com\/cs\/wp-json\/wp\/v2\/media?parent=62127"}],"curies":[{"name":"wp","href":"https:\/\/api.w.org\/{rel}","templated":true}]}}