{"id":62025,"date":"2024-04-04T11:19:35","date_gmt":"2024-04-04T09:19:35","guid":{"rendered":"https:\/\/schwarzmueller.com\/organizace\/"},"modified":"2024-10-29T11:48:46","modified_gmt":"2024-10-29T10:48:46","slug":"organizace","status":"publish","type":"page","link":"https:\/\/schwarzmueller.com\/cs\/firma\/organizace\/","title":{"rendered":"Organizace"},"content":{"rendered":"\n<style type=\"text\/css\" data-created_by=\"avia_inline_auto\" id=\"style-css-av-1jo6oeh-22ed44840c0a647d83b93aa062c7b28f\">\n.avia-section.av-1jo6oeh-22ed44840c0a647d83b93aa062c7b28f{\nbackground-repeat:no-repeat;\nbackground-image:url(https:\/\/schwarzmueller.com\/wp-content\/uploads\/2024\/04\/SM-Weltkugel-L1020680.jpg);\nbackground-position:50% 50%;\nbackground-attachment:scroll;\n}\n.avia-section.av-1jo6oeh-22ed44840c0a647d83b93aa062c7b28f .av-section-color-overlay{\nopacity:0.5;\nbackground-color:#0a0a0a;\n}\n<\/style>\n<div id='av_section_1'  class='avia-section av-1jo6oeh-22ed44840c0a647d83b93aa062c7b28f main_color avia-section-huge avia-no-border-styling  avia-builder-el-0  el_before_av_textblock  avia-builder-el-first  avia-full-stretch avia-bg-style-scroll av-section-color-overlay-active av-minimum-height av-minimum-height-custom av-height-custom  container_wrap sidebar_left'  data-section-bg-repeat='stretch' data-av_minimum_height_px='512'><div class=\"av-section-color-overlay-wrap\"><div class=\"av-section-color-overlay\"><\/div><div class='container av-section-cont-open' style='height:512px'><main  role=\"main\" itemprop=\"mainContentOfPage\"  class='template-page content  av-content-small units'><div class='post-entry post-entry-type-page post-entry-62025'><div class='entry-content-wrapper clearfix'>\n\n<style type=\"text\/css\" data-created_by=\"avia_inline_auto\" id=\"style-css-av-155zdpl-5d3a1511c5db98e3036b6583f3e0d58b\">\n#top .av_textblock_section.av-155zdpl-5d3a1511c5db98e3036b6583f3e0d58b .avia_textblock{\ncolor:#ffffff;\n}\n<\/style>\n<section  class='av_textblock_section av-155zdpl-5d3a1511c5db98e3036b6583f3e0d58b '   itemscope=\"itemscope\" itemtype=\"https:\/\/schema.org\/CreativeWork\" ><div class='avia_textblock hero-title av_inherit_color'  itemprop=\"text\" ><h1>Organizace<\/h1>\n<\/div><\/section>\n<\/div><\/div><\/main><!-- close content main element --><\/div><\/div><\/div><div id='after_section_1'  class='main_color av_default_container_wrap container_wrap sidebar_left'  ><div class='container av-section-cont-open' ><div class='template-page content  av-content-small units'><div class='post-entry post-entry-type-page post-entry-62025'><div class='entry-content-wrapper clearfix'>\n<section  class='av_textblock_section av-av_textblock-5b52c7b722393d2c124ee5f204420e61 '   itemscope=\"itemscope\" itemtype=\"https:\/\/schema.org\/CreativeWork\" ><div class='avia_textblock sch-breadcrumb'  itemprop=\"text\" ><div class=\"breadcrumb breadcrumbs avia-breadcrumbs\"><div class=\"breadcrumb-trail\" ><span class=\"trail-before\"><span class=\"breadcrumb-title\">Jste zde:<\/span><\/span> <span  itemscope=\"itemscope\" itemtype=\"https:\/\/schema.org\/BreadcrumbList\" ><span  itemscope=\"itemscope\" itemtype=\"https:\/\/schema.org\/ListItem\" itemprop=\"itemListElement\" ><a itemprop=\"url\" href=\"https:\/\/schwarzmueller.com\/cs\/\" title=\"Schwarzm\u00fcller\" rel=\"home\" class=\"trail-begin\"><span itemprop=\"name\">Dom\u016f<\/span><\/a><span itemprop=\"position\" class=\"hidden\">1<\/span><\/span><\/span><\/div><\/div>\n<\/div><\/section>\n<\/div><\/div><\/div><!-- close content main div --><\/div><\/div><div id='av_section_2'  class='avia-section av-2tyqmh-169c7046bf4068489915047c8cdb61e7 main_color avia-section-huge avia-no-border-styling  avia-builder-el-3  el_after_av_textblock  el_before_av_section  avia-bg-style-scroll container_wrap sidebar_left'  ><div class='container av-section-cont-open' ><div class='template-page content  av-content-small units'><div class='post-entry post-entry-type-page post-entry-62025'><div class='entry-content-wrapper clearfix'>\n\n<style type=\"text\/css\" data-created_by=\"avia_inline_auto\" id=\"style-css-av-lv3irhfd-3d513979269b49a43718829fc60929f0\">\n#top .av_textblock_section.av-lv3irhfd-3d513979269b49a43718829fc60929f0 .avia_textblock{\ncolor:#0a0a0a;\ntext-align:left;\n}\n<\/style>\n<section  class='av_textblock_section av-lv3irhfd-3d513979269b49a43718829fc60929f0 '   itemscope=\"itemscope\" itemtype=\"https:\/\/schema.org\/CreativeWork\" ><div class='avia_textblock av_inherit_color'  itemprop=\"text\" ><div id=\"c1291\" class=\"frame frame-type-header frame-layout-0 frame-space-before-none frame-space-after-none frame-padding-top-none frame-padding-bottom-none frame-\">\n<div class=\"ce-content\">\n<div class=\"ce-header h1-mb ce-header-left\">\n<h3><strong>P\u016fsobnost po cel\u00e9 Evrop\u011b<\/strong><\/h3>\n<p><strong>Orientace na \u0159e\u0161en\u00ed a inovace jako faktory \u00fasp\u011bchu<\/strong><\/p>\n<\/div>\n<div class=\"ce-header h1-mb ce-header-left\"><\/div>\n<\/div>\n<\/div>\n<\/div><\/section>\n\n<style type=\"text\/css\" data-created_by=\"avia_inline_auto\" id=\"style-css-av-lv3it79q-eda2aa37f046c282fbda5eb7be786420\">\n.avia-image-container.av-lv3it79q-eda2aa37f046c282fbda5eb7be786420 img.avia_image{\nbox-shadow:none;\n}\n.avia-image-container.av-lv3it79q-eda2aa37f046c282fbda5eb7be786420 .av-image-caption-overlay-center{\ncolor:#ffffff;\n}\n<\/style>\n<div  class='avia-image-container av-lv3it79q-eda2aa37f046c282fbda5eb7be786420 av-styling- avia-align-center  avia-builder-el-5  el_after_av_textblock  el_before_av_textblock '   itemprop=\"image\" itemscope=\"itemscope\" itemtype=\"https:\/\/schema.org\/ImageObject\" ><div class=\"avia-image-container-inner\"><div class=\"avia-image-overlay-wrap\"><img decoding=\"async\" fetchpriority=\"high\" class='wp-image-42486 avia-img-lazy-loading-not-42486 avia_image ' src=\"https:\/\/schwarzmueller.com\/wp-content\/uploads\/2024\/04\/schwarzmueller-hanzing-luftaufnahme-2023-1.jpg\" alt='' title='schwarzmueller-hanzing-luftaufnahme-2023'  height=\"675\" width=\"1200\"  itemprop=\"thumbnailUrl\" srcset=\"https:\/\/schwarzmueller.com\/wp-content\/uploads\/2024\/04\/schwarzmueller-hanzing-luftaufnahme-2023-1.jpg 1200w, https:\/\/schwarzmueller.com\/wp-content\/uploads\/2024\/04\/schwarzmueller-hanzing-luftaufnahme-2023-1-300x169.jpg 300w, https:\/\/schwarzmueller.com\/wp-content\/uploads\/2024\/04\/schwarzmueller-hanzing-luftaufnahme-2023-1-1030x579.jpg 1030w, https:\/\/schwarzmueller.com\/wp-content\/uploads\/2024\/04\/schwarzmueller-hanzing-luftaufnahme-2023-1-768x432.jpg 768w, https:\/\/schwarzmueller.com\/wp-content\/uploads\/2024\/04\/schwarzmueller-hanzing-luftaufnahme-2023-1-705x397.jpg 705w, https:\/\/schwarzmueller.com\/wp-content\/uploads\/2024\/04\/schwarzmueller-hanzing-luftaufnahme-2023-1-1067x600.jpg 1067w\" sizes=\"(max-width: 1200px) 100vw, 1200px\" \/><\/div><\/div><\/div>\n\n<style type=\"text\/css\" data-created_by=\"avia_inline_auto\" id=\"style-css-av-lv3itn1n-afcccd510be5c602821c8b0a15260b3b\">\n#top .av_textblock_section.av-lv3itn1n-afcccd510be5c602821c8b0a15260b3b .avia_textblock{\ncolor:#0a0a0a;\ntext-align:left;\n}\n<\/style>\n<section  class='av_textblock_section av-lv3itn1n-afcccd510be5c602821c8b0a15260b3b '   itemscope=\"itemscope\" itemtype=\"https:\/\/schema.org\/CreativeWork\" ><div class='avia_textblock av_inherit_color'  itemprop=\"text\" ><div id=\"c1291\" class=\"frame frame-type-header frame-layout-0 frame-space-before-none frame-space-after-none frame-padding-top-none frame-padding-bottom-none frame-\">\n<div class=\"ce-content\">\n<div class=\"ce-header h1-mb ce-header-left\">\n<p>Skupina Schwarzm\u00fcller se s\u00eddlem ve Freinbergu u Sch\u00e4rdingu (Rakousko) je jedn\u00edm z p\u0159edn\u00edch poskytovatel\u016f ta\u017een\u00fdch u\u017eitkov\u00fdch vozidel v Evrop\u011b. Spole\u010dnost vyv\u00edj\u00ed, vyr\u00e1b\u00ed a servisuje pr\u00e9miov\u00e1 vozidla pro dopravn\u00ed \u0159e\u0161en\u00ed na m\u00edru s garantovanou p\u0159idanou hodnotou. Jako inova\u010dn\u00ed a technologick\u00fd l\u00eddr s v\u00edce ne\u017e 150 lety zku\u0161enost\u00ed ur\u010duje Schwarzm\u00fcller m\u011b\u0159\u00edtka pro u\u017eitkov\u00e1 vozidla.<\/p>\n<p>Skupina Schwarzm\u00fcller m\u00e1 mezin\u00e1rodn\u00ed organizaci ve 20 zem\u00edch st\u0159edn\u00ed a v\u00fdchodn\u00ed Evropy.<\/p>\n<p>V mate\u0159sk\u00e9m z\u00e1vod\u011b Hanzing ve Freinbergu (Rakousko) a ve t\u0159ech dal\u0161\u00edch v\u00fdrobn\u00edch z\u00e1vodech v Dunaharaszti (Ma\u010farsko), \u017debr\u00e1ku (\u010cesk\u00e1 republika) a Neustadt\/Dosse (N\u011bmecko) vyr\u00e1b\u00ed spole\u010dnost spole\u010dn\u011b se svou dce\u0159inou spole\u010dnost\u00ed H\u00fcffermann Transportsysteme kolem 8 000 p\u0159\u00edv\u011bs\u016f. A n\u00e1stavby ka\u017ed\u00fd rok zna\u010dky Schwarzm\u00fcller a H\u00fcffermann. S 1 950 zam\u011bstnanci skupina generuje tr\u017eby ve v\u00fd\u0161i 390 milion\u016f eur (stav k roku 2023).<\/p>\n<p>Krom\u011b konstrukce vozidel podle pr\u016fmyslov\u00fdch standard\u016f s\u00e1z\u00ed Schwarzm\u00fcller na komplexn\u00ed slu\u017eby pro ka\u017ed\u00fd po\u017eadavek z\u00e1kazn\u00edka. To zahrnuje \u00fadr\u017ebu, opravy a dod\u00e1vky n\u00e1hradn\u00edch d\u00edl\u016f a tak\u00e9 jednu z nejv\u011bt\u0161\u00edch p\u016fj\u010doven v Evrop\u011b, ve kter\u00e9 jsou k dispozici i speci\u00e1ln\u00ed vozy. Schwarzm\u00fcller tak\u00e9 provozuje mezin\u00e1rodn\u00ed obchod s ojet\u00fdmi vozidly.<\/p>\n<\/div>\n<div class=\"ce-header h1-mb ce-header-left\"><\/div>\n<\/div>\n<\/div>\n<\/div><\/section>\n\n<\/div><\/div><\/div><!-- close content main div --><\/div><\/div>\n<style type=\"text\/css\" data-created_by=\"avia_inline_auto\" id=\"style-css-av-lv3iw9sm-33bcc0ce0d574d17ea790f95eb75c2c9\">\n.avia-section.av-lv3iw9sm-33bcc0ce0d574d17ea790f95eb75c2c9{\nbackground-repeat:no-repeat;\nbackground-image:url(https:\/\/schwarzmueller.com\/wp-content\/uploads\/2024\/04\/background_as-1.jpg);\nbackground-position:0% 0%;\nbackground-attachment:scroll;\n}\n.avia-section.av-lv3iw9sm-33bcc0ce0d574d17ea790f95eb75c2c9 .av-section-color-overlay{\nopacity:0.5;\nbackground-color:#000000;\n}\n<\/style>\n<div id='av_section_3'  class='avia-section av-lv3iw9sm-33bcc0ce0d574d17ea790f95eb75c2c9 main_color avia-section-no-padding avia-no-border-styling  avia-builder-el-7  el_after_av_section  avia-builder-el-last  image-dark-section-background avia-full-stretch avia-bg-style-scroll av-section-color-overlay-active av-minimum-height av-minimum-height-100 av-height-100  container_wrap sidebar_left'  data-section-bg-repeat='stretch' data-av_minimum_height_pc='100' data-av_min_height_opt='100'><div class=\"av-section-color-overlay-wrap\"><div class=\"av-section-color-overlay\"><\/div><div class='container av-section-cont-open' ><div class='template-page content  av-content-small units'><div class='post-entry post-entry-type-page post-entry-62025'><div class='entry-content-wrapper clearfix'>\n\n<style type=\"text\/css\" data-created_by=\"avia_inline_auto\" id=\"style-css-av-lv3iukeh-77e1761aa43e3c03ec02be5e60de0fac\">\n#top .av_textblock_section.av-lv3iukeh-77e1761aa43e3c03ec02be5e60de0fac .avia_textblock{\ncolor:#ffffff;\ntext-align:center;\n}\n<\/style>\n<section  class='av_textblock_section av-lv3iukeh-77e1761aa43e3c03ec02be5e60de0fac '   itemscope=\"itemscope\" itemtype=\"https:\/\/schema.org\/CreativeWork\" ><div class='avia_textblock image-dark-section-heading av_inherit_color'  itemprop=\"text\" ><h2 class=\"align-center\">Schwarzm\u00fcller lokality<\/h2>\n<p class=\"align-center\">Informace o na\u0161ich v\u00fdrobn\u00edch z\u00e1vodech, slu\u017eb\u00e1ch v na\u0161ich provozovn\u00e1ch a kontakty<\/p>\n<\/div><\/section>\n<div  class='avia-button-wrap av-lv3iv0to-32fb9e149a98bc125c5fe948f5aa196f-wrap avia-button-center  avia-builder-el-9  el_after_av_textblock  avia-builder-el-last  button-filled-red'>\n<style type=\"text\/css\" data-created_by=\"avia_inline_auto\" id=\"style-css-av-lv3iv0to-32fb9e149a98bc125c5fe948f5aa196f\">\n#top #wrap_all .avia-button.av-lv3iv0to-32fb9e149a98bc125c5fe948f5aa196f{\nborder-style:none;\nborder-radius:0 0 0 0;\ntransition:all 0.4s ease-in-out;\nmargin:2rem 0 2rem 0;\npadding:1rem 2rem 1rem 2rem;\n}\n#top #wrap_all .avia-button.av-lv3iv0to-32fb9e149a98bc125c5fe948f5aa196f:hover{\nbackground-color:white;\ncolor:black;\ntransition:all 0.4s ease-in-out;\n}\n#top #wrap_all.avia-button.av-lv3iv0to-32fb9e149a98bc125c5fe948f5aa196f:hover .avia_button_background{\nborder-radius:0 0 0 0;\n}\n#top #wrap_all .avia-button.av-lv3iv0to-32fb9e149a98bc125c5fe948f5aa196f:hover .avia-svg-icon svg:first-child{\nfill:black;\nstroke:black;\n}\n<\/style>\n<a href='https:\/\/schwarzmueller.com\/de\/unternehmen\/standorte\/'  class='avia-button av-lv3iv0to-32fb9e149a98bc125c5fe948f5aa196f av-link-btn avia-icon_select-no avia-size-medium avia-position-center avia-color-theme-color avia-font-color-white'   aria-label=\"Dozv\u011bd\u011bt se v\u00edce\"><span class='avia_iconbox_title' >Dozv\u011bd\u011bt se v\u00edce<\/span><\/a><\/div>\n<\/div><\/div><\/div><!-- close content main div --><\/div><\/div><\/div><div id='after_section_3'  class='main_color av_default_container_wrap container_wrap sidebar_left'  ><div class='container av-section-cont-open' ><div class='template-page content  av-content-small units'><div class='post-entry post-entry-type-page post-entry-62025'><div class='entry-content-wrapper clearfix'>\n","protected":false},"excerpt":{"rendered":"","protected":false},"author":6,"featured_media":0,"parent":64974,"menu_order":0,"comment_status":"closed","ping_status":"closed","template":"","meta":{"_acf_changed":false,"_relevanssi_hide_post":"","_relevanssi_hide_content":"","_relevanssi_pin_for_all":"","_relevanssi_pin_keywords":"","_relevanssi_unpin_keywords":"","_relevanssi_related_keywords":"","_relevanssi_related_include_ids":"","_relevanssi_related_exclude_ids":"","_relevanssi_related_no_append":"","_relevanssi_related_not_related":"","_relevanssi_related_posts":"51316,51375,51404,51419,63544,62799","_relevanssi_noindex_reason":"","footnotes":""},"class_list":["post-62025","page","type-page","status-publish","hentry"],"acf":[],"yoast_head":"<!-- This site is optimized with the Yoast SEO Premium plugin v26.4 (Yoast SEO v27.2) - https:\/\/yoast.com\/product\/yoast-seo-premium-wordpress\/ -->\n<title>Organizace - Schwarzm\u00fcller<\/title>\n<meta name=\"robots\" content=\"index, follow, max-snippet:-1, max-image-preview:large, max-video-preview:-1\" \/>\n<link rel=\"canonical\" href=\"https:\/\/schwarzmueller.com\/cs\/firma\/organizace\/\" \/>\n<meta property=\"og:locale\" content=\"cs_CZ\" \/>\n<meta property=\"og:type\" content=\"article\" \/>\n<meta property=\"og:title\" content=\"Organizace\" \/>\n<meta property=\"og:url\" content=\"https:\/\/schwarzmueller.com\/cs\/firma\/organizace\/\" \/>\n<meta property=\"og:site_name\" content=\"Schwarzm\u00fcller\" \/>\n<meta property=\"article:modified_time\" content=\"2024-10-29T10:48:46+00:00\" \/>\n<meta property=\"og:image\" content=\"https:\/\/schwarzmueller.com\/wp-content\/uploads\/2024\/03\/csm_schwarzmueller-IAA-2022-tp-schubboden_60f424c13a.jpg\" \/>\n\t<meta property=\"og:image:width\" content=\"768\" \/>\n\t<meta property=\"og:image:height\" content=\"480\" \/>\n\t<meta property=\"og:image:type\" content=\"image\/jpeg\" \/>\n<meta name=\"twitter:card\" content=\"summary_large_image\" \/>\n<script type=\"application\/ld+json\" class=\"yoast-schema-graph\">{\"@context\":\"https:\/\/schema.org\",\"@graph\":[{\"@type\":\"WebPage\",\"@id\":\"https:\/\/schwarzmueller.com\/cs\/firma\/organizace\/\",\"url\":\"https:\/\/schwarzmueller.com\/cs\/firma\/organizace\/\",\"name\":\"Organizace - Schwarzm\u00fcller\",\"isPartOf\":{\"@id\":\"https:\/\/schwarzmueller.com\/en\/#website\"},\"datePublished\":\"2024-04-04T09:19:35+00:00\",\"dateModified\":\"2024-10-29T10:48:46+00:00\",\"breadcrumb\":{\"@id\":\"https:\/\/schwarzmueller.com\/cs\/firma\/organizace\/#breadcrumb\"},\"inLanguage\":\"cs\",\"potentialAction\":[{\"@type\":\"ReadAction\",\"target\":[\"https:\/\/schwarzmueller.com\/cs\/firma\/organizace\/\"]}]},{\"@type\":\"BreadcrumbList\",\"@id\":\"https:\/\/schwarzmueller.com\/cs\/firma\/organizace\/#breadcrumb\",\"itemListElement\":[{\"@type\":\"ListItem\",\"position\":1,\"name\":\"Home\",\"item\":\"https:\/\/schwarzmueller.com\/cs\/home-2\/\"},{\"@type\":\"ListItem\",\"position\":2,\"name\":\"Firma\",\"item\":\"https:\/\/schwarzmueller.com\/cs\/firma\/\"},{\"@type\":\"ListItem\",\"position\":3,\"name\":\"Organizace\"}]},{\"@type\":\"WebSite\",\"@id\":\"https:\/\/schwarzmueller.com\/en\/#website\",\"url\":\"https:\/\/schwarzmueller.com\/en\/\",\"name\":\"Schwarzm\u00fcller | Intelligente Fahrzeuge\",\"description\":\"Ganz auf exzellente Fahrzeugtechnik gebaut\",\"publisher\":{\"@id\":\"https:\/\/schwarzmueller.com\/en\/#organization\"},\"alternateName\":\"Schwarzm\u00fcller\",\"potentialAction\":[{\"@type\":\"SearchAction\",\"target\":{\"@type\":\"EntryPoint\",\"urlTemplate\":\"https:\/\/schwarzmueller.com\/en\/?s={search_term_string}\"},\"query-input\":{\"@type\":\"PropertyValueSpecification\",\"valueRequired\":true,\"valueName\":\"search_term_string\"}}],\"inLanguage\":\"cs\"},{\"@type\":\"Organization\",\"@id\":\"https:\/\/schwarzmueller.com\/en\/#organization\",\"name\":\"Schwarzm\u00fcller\",\"url\":\"https:\/\/schwarzmueller.com\/en\/\",\"logo\":{\"@type\":\"ImageObject\",\"inLanguage\":\"cs\",\"@id\":\"https:\/\/schwarzmueller.com\/en\/#\/schema\/logo\/image\/\",\"url\":\"https:\/\/schwarzmueller.com\/wp-content\/uploads\/2024\/05\/sm_icon_logo.svg\",\"contentUrl\":\"https:\/\/schwarzmueller.com\/wp-content\/uploads\/2024\/05\/sm_icon_logo.svg\",\"width\":1,\"height\":1,\"caption\":\"Schwarzm\u00fcller\"},\"image\":{\"@id\":\"https:\/\/schwarzmueller.com\/en\/#\/schema\/logo\/image\/\"}}]}<\/script>\n<!-- \/ Yoast SEO Premium plugin. -->","yoast_head_json":{"title":"Organizace - Schwarzm\u00fcller","robots":{"index":"index","follow":"follow","max-snippet":"max-snippet:-1","max-image-preview":"max-image-preview:large","max-video-preview":"max-video-preview:-1"},"canonical":"https:\/\/schwarzmueller.com\/cs\/firma\/organizace\/","og_locale":"cs_CZ","og_type":"article","og_title":"Organizace","og_url":"https:\/\/schwarzmueller.com\/cs\/firma\/organizace\/","og_site_name":"Schwarzm\u00fcller","article_modified_time":"2024-10-29T10:48:46+00:00","og_image":[{"width":768,"height":480,"url":"https:\/\/schwarzmueller.com\/wp-content\/uploads\/2024\/03\/csm_schwarzmueller-IAA-2022-tp-schubboden_60f424c13a.jpg","type":"image\/jpeg"}],"twitter_card":"summary_large_image","schema":{"@context":"https:\/\/schema.org","@graph":[{"@type":"WebPage","@id":"https:\/\/schwarzmueller.com\/cs\/firma\/organizace\/","url":"https:\/\/schwarzmueller.com\/cs\/firma\/organizace\/","name":"Organizace - Schwarzm\u00fcller","isPartOf":{"@id":"https:\/\/schwarzmueller.com\/en\/#website"},"datePublished":"2024-04-04T09:19:35+00:00","dateModified":"2024-10-29T10:48:46+00:00","breadcrumb":{"@id":"https:\/\/schwarzmueller.com\/cs\/firma\/organizace\/#breadcrumb"},"inLanguage":"cs","potentialAction":[{"@type":"ReadAction","target":["https:\/\/schwarzmueller.com\/cs\/firma\/organizace\/"]}]},{"@type":"BreadcrumbList","@id":"https:\/\/schwarzmueller.com\/cs\/firma\/organizace\/#breadcrumb","itemListElement":[{"@type":"ListItem","position":1,"name":"Home","item":"https:\/\/schwarzmueller.com\/cs\/home-2\/"},{"@type":"ListItem","position":2,"name":"Firma","item":"https:\/\/schwarzmueller.com\/cs\/firma\/"},{"@type":"ListItem","position":3,"name":"Organizace"}]},{"@type":"WebSite","@id":"https:\/\/schwarzmueller.com\/en\/#website","url":"https:\/\/schwarzmueller.com\/en\/","name":"Schwarzm\u00fcller | Intelligente Fahrzeuge","description":"Ganz auf exzellente Fahrzeugtechnik gebaut","publisher":{"@id":"https:\/\/schwarzmueller.com\/en\/#organization"},"alternateName":"Schwarzm\u00fcller","potentialAction":[{"@type":"SearchAction","target":{"@type":"EntryPoint","urlTemplate":"https:\/\/schwarzmueller.com\/en\/?s={search_term_string}"},"query-input":{"@type":"PropertyValueSpecification","valueRequired":true,"valueName":"search_term_string"}}],"inLanguage":"cs"},{"@type":"Organization","@id":"https:\/\/schwarzmueller.com\/en\/#organization","name":"Schwarzm\u00fcller","url":"https:\/\/schwarzmueller.com\/en\/","logo":{"@type":"ImageObject","inLanguage":"cs","@id":"https:\/\/schwarzmueller.com\/en\/#\/schema\/logo\/image\/","url":"https:\/\/schwarzmueller.com\/wp-content\/uploads\/2024\/05\/sm_icon_logo.svg","contentUrl":"https:\/\/schwarzmueller.com\/wp-content\/uploads\/2024\/05\/sm_icon_logo.svg","width":1,"height":1,"caption":"Schwarzm\u00fcller"},"image":{"@id":"https:\/\/schwarzmueller.com\/en\/#\/schema\/logo\/image\/"}}]}},"_links":{"self":[{"href":"https:\/\/schwarzmueller.com\/cs\/wp-json\/wp\/v2\/pages\/62025","targetHints":{"allow":["GET"]}}],"collection":[{"href":"https:\/\/schwarzmueller.com\/cs\/wp-json\/wp\/v2\/pages"}],"about":[{"href":"https:\/\/schwarzmueller.com\/cs\/wp-json\/wp\/v2\/types\/page"}],"author":[{"embeddable":true,"href":"https:\/\/schwarzmueller.com\/cs\/wp-json\/wp\/v2\/users\/6"}],"replies":[{"embeddable":true,"href":"https:\/\/schwarzmueller.com\/cs\/wp-json\/wp\/v2\/comments?post=62025"}],"version-history":[{"count":3,"href":"https:\/\/schwarzmueller.com\/cs\/wp-json\/wp\/v2\/pages\/62025\/revisions"}],"predecessor-version":[{"id":81687,"href":"https:\/\/schwarzmueller.com\/cs\/wp-json\/wp\/v2\/pages\/62025\/revisions\/81687"}],"up":[{"embeddable":true,"href":"https:\/\/schwarzmueller.com\/cs\/wp-json\/wp\/v2\/pages\/64974"}],"wp:attachment":[{"href":"https:\/\/schwarzmueller.com\/cs\/wp-json\/wp\/v2\/media?parent=62025"}],"curies":[{"name":"wp","href":"https:\/\/api.w.org\/{rel}","templated":true}]}}