{"id":61898,"date":"2024-04-04T14:32:52","date_gmt":"2024-04-04T12:32:52","guid":{"rendered":"https:\/\/schwarzmueller.com\/sluzby\/stahovani-servis\/"},"modified":"2024-09-11T16:20:36","modified_gmt":"2024-09-11T14:20:36","slug":"stahovani-servis","status":"publish","type":"page","link":"https:\/\/schwarzmueller.com\/cs\/sluzby\/stahovani-servis\/","title":{"rendered":"Stahov\u00e1n\u00ed &#8211; servis"},"content":{"rendered":"\n<style type=\"text\/css\" data-created_by=\"avia_inline_auto\" id=\"style-css-av-lwgdrgcu-a6a275c7aecee2e12f98ef50bc0b3971\">\n.avia-section.av-lwgdrgcu-a6a275c7aecee2e12f98ef50bc0b3971{\nbackground-repeat:no-repeat;\nbackground-image:url(https:\/\/schwarzmueller.com\/wp-content\/uploads\/2024\/05\/service-downloads-header5.jpg);\nbackground-position:50% 50%;\nbackground-attachment:scroll;\n}\n.avia-section.av-lwgdrgcu-a6a275c7aecee2e12f98ef50bc0b3971 .av-section-color-overlay{\nopacity:0.5;\nbackground-color:#0a0a0a;\n}\n<\/style>\n<div id='av_section_1'  class='avia-section av-lwgdrgcu-a6a275c7aecee2e12f98ef50bc0b3971 main_color avia-section-huge avia-no-border-styling  avia-builder-el-0  el_before_av_textblock  avia-builder-el-first  avia-full-stretch avia-bg-style-scroll av-section-color-overlay-active av-minimum-height av-minimum-height-custom av-height-custom  container_wrap sidebar_left'  data-section-bg-repeat='stretch' data-av_minimum_height_px='512'><div class=\"av-section-color-overlay-wrap\"><div class=\"av-section-color-overlay\"><\/div><div class='container av-section-cont-open' style='height:512px'><main  role=\"main\" itemprop=\"mainContentOfPage\"  class='template-page content  av-content-small units'><div class='post-entry post-entry-type-page post-entry-61898'><div class='entry-content-wrapper clearfix'>\n\n<style type=\"text\/css\" data-created_by=\"avia_inline_auto\" id=\"style-css-av-lwgds376-4f58ec6130fc3580ce9781269901051c\">\n#top .av_textblock_section.av-lwgds376-4f58ec6130fc3580ce9781269901051c .avia_textblock{\ncolor:#ffffff;\n}\n<\/style>\n<section  class='av_textblock_section av-lwgds376-4f58ec6130fc3580ce9781269901051c '   itemscope=\"itemscope\" itemtype=\"https:\/\/schema.org\/CreativeWork\" ><div class='avia_textblock hero-title av_inherit_color'  itemprop=\"text\" ><h1>Stahov\u00e1n\u00ed &#8211; servis<\/h1>\n<h2 class=\"schwa-h4\">Servisn\u00ed nab\u00eddky a certifik\u00e1ty \u2013 Code XL<\/h2>\n<\/div><\/section>\n<\/div><\/div><\/main><!-- close content main element --><\/div><\/div><\/div><div id='after_section_1'  class='main_color av_default_container_wrap container_wrap sidebar_left'  ><div class='container av-section-cont-open' ><div class='template-page content  av-content-small units'><div class='post-entry post-entry-type-page post-entry-61898'><div class='entry-content-wrapper clearfix'>\n<section  class='av_textblock_section av-j833op-d1d1363a1f2383efe7f370f2c4b7d77c '   itemscope=\"itemscope\" itemtype=\"https:\/\/schema.org\/CreativeWork\" ><div class='avia_textblock sch-breadcrumb'  itemprop=\"text\" ><div class=\"breadcrumb breadcrumbs avia-breadcrumbs\"><div class=\"breadcrumb-trail\" ><span class=\"trail-before\"><span class=\"breadcrumb-title\">Jste zde:<\/span><\/span> <span  itemscope=\"itemscope\" itemtype=\"https:\/\/schema.org\/BreadcrumbList\" ><span  itemscope=\"itemscope\" itemtype=\"https:\/\/schema.org\/ListItem\" itemprop=\"itemListElement\" ><a itemprop=\"url\" href=\"https:\/\/schwarzmueller.com\/cs\/\" title=\"Schwarzm\u00fcller\" rel=\"home\" class=\"trail-begin\"><span itemprop=\"name\">Dom\u016f<\/span><\/a><span itemprop=\"position\" class=\"hidden\">1<\/span><\/span><\/span><\/div><\/div>\n<\/div><\/section>\n<\/div><\/div><\/div><!-- close content main div --><\/div><\/div>\n<style type=\"text\/css\" data-created_by=\"avia_inline_auto\" id=\"style-css-av-lwgdvq2a-882220ab84b526bb5012935e1bb812d6\">\n.avia-section.av-lwgdvq2a-882220ab84b526bb5012935e1bb812d6{\nbackground-repeat:repeat;\nbackground-image:url(https:\/\/schwarzmueller.com\/wp-content\/uploads\/2024\/03\/pattern2.png);\nbackground-position:0% 0%;\nbackground-attachment:scroll;\n}\n<\/style>\n<div id='av_section_2'  class='avia-section av-lwgdvq2a-882220ab84b526bb5012935e1bb812d6 main_color avia-section-large avia-no-border-styling  avia-builder-el-3  el_after_av_textblock  avia-builder-el-last  pattern-section-background avia-bg-style-scroll container_wrap sidebar_left'  data-section-bg-repeat='repeat'><div class='container av-section-cont-open' ><div class='template-page content  av-content-small units'><div class='post-entry post-entry-type-page post-entry-61898'><div class='entry-content-wrapper clearfix'>\n<section  class='av_textblock_section av-lwgdszhq-809281b3bdc15badd598829134e288af '   itemscope=\"itemscope\" itemtype=\"https:\/\/schema.org\/CreativeWork\" ><div class='avia_textblock image-dark-section-heading'  itemprop=\"text\" ><div id=\"c14071\" class=\"frame frame-type-text frame-layout-0 frame-space-before-none frame-space-after-medium frame-padding-top-extra-large frame-padding-bottom-none frame-\">\n<h2 class=\"schwa-h4\"><strong>Informace pro z\u00e1kazn\u00edky<\/strong><\/h2>\n<\/div>\n<div id=\"c1603\" class=\"frame frame-type-text frame-layout-0 frame-space-before-large frame-space-after-medium frame-padding-top-none frame-padding-bottom-none frame-\">\n<div class=\"ce-content\"><\/div>\n<\/div>\n<\/div><\/section>\n<div><div class=\"download-categories\"><div class=\"download-category-item\"><div class=\"download-category-info\"><h2 class=\"schwa-h5\">Servisn\u00ed nab\u00eddky<\/h2><\/div><div class=\"download-cards schwa-accordeon\"><div class=\"single-download\"><div class=\"single-download-image-container\"><img decoding=\"async\" src=\"https:\/\/schwarzmueller.com\/wp-content\/uploads\/2024\/05\/csm_kundeninfo_eichstelle_2020_v1_21456af516.png\" alt=\" Kategorie obr\u00e1zk\u016f\" ><\/div><div class=\"single-download-content-container\"><div class=\"single-download-content-text\"><h3 class=\"schwa-h6\">Unser Eichstellen-Angebot (Na\u0161e nab\u00eddka ov\u011b\u0159en\u00ed)<\/h3><p><i class=\"fa fa-file file-icon\"><\/i><span>PDF<\/span> (109.3 K)<\/p><\/div><div class=\"single-download-content-button\"><a class=\"btn-schwa btn-red-schwa\" href=\"https:\/\/schwarzmueller.com\/wp-content\/uploads\/2024\/05\/kundeninfo_eichstelle_2020_v1.pdf\" target=\"_blank\"><span class=\"download-icon-text\">St\u00e1hnout<i class=\"fa fa-download download-icon\"><\/i><\/span><\/a><\/div><\/div><\/div><\/div><\/div><\/div><\/div><\/div><\/div>\n<section  class='av_textblock_section av-lwgdwqus-38330c80cd4d148b2fded59ea3bd7429 '   itemscope=\"itemscope\" itemtype=\"https:\/\/schema.org\/CreativeWork\" ><div class='avia_textblock image-dark-section-heading'  itemprop=\"text\" ><div id=\"c14071\" class=\"frame frame-type-text frame-layout-0 frame-space-before-none frame-space-after-medium frame-padding-top-extra-large frame-padding-bottom-none frame-\">\n<h2 class=\"schwa-h4\"><strong>Certifik\u00e1ty<\/strong><\/h2>\n<\/div>\n<div id=\"c1603\" class=\"frame frame-type-text frame-layout-0 frame-space-before-large frame-space-after-medium frame-padding-top-none frame-padding-bottom-none frame-\">\n<div class=\"ce-content\"><\/div>\n<\/div>\n<\/div><\/section>\n<div><div class=\"download-categories\"><div class=\"download-category-item\"><div class=\"download-category-info\"><h2 class=\"schwa-h5\">Pro certifik\u00e1t o zaji\u0161t\u011bn\u00ed n\u00e1kladu dle DIN EN 12642 \u2013 Code XL<\/h2><\/div><div class=\"download-cards schwa-accordeon\"><div class=\"single-download\"><div class=\"single-download-image-container\"><img decoding=\"async\" src=\"https:\/\/schwarzmueller.com\/wp-content\/uploads\/2024\/05\/csm_283162_Pruefheft_SB_202305_CZ_cff86c7eb3.png\" alt=\" Kategorie obr\u00e1zk\u016f\" ><\/div><div class=\"single-download-content-container\"><div class=\"single-download-content-text\"><h3 class=\"schwa-h6\">Vozidlo s posuvnou podlahou (do 34500 kg)<\/h3><p><i class=\"fa fa-file file-icon\"><\/i><span>PDF<\/span> (1.15 M)<\/p><\/div><div class=\"single-download-content-button\"><a class=\"btn-schwa btn-red-schwa\" href=\"https:\/\/schwarzmueller.com\/wp-content\/uploads\/2024\/05\/283162_Pruefheft_SB_202305_CZ.pdf\" target=\"_blank\"><span class=\"download-icon-text\">St\u00e1hnout<i class=\"fa fa-download download-icon\"><\/i><\/span><\/a><\/div><\/div><\/div><div class=\"single-download\"><div class=\"single-download-image-container\"><img decoding=\"async\" src=\"https:\/\/schwarzmueller.com\/wp-content\/uploads\/2024\/05\/csm_283161_Pruefheft_BWKAAL_202305_CZ_ef5ad50b90.png\" alt=\" Kategorie obr\u00e1zk\u016f\" ><\/div><div class=\"single-download-content-container\"><div class=\"single-download-content-text\"><h3 class=\"schwa-h6\">2-n\u00e1pravov\u00e9 a 3-n\u00e1pravov\u00e9 skl\u00e1p\u011bc\u00ed p\u0159\u00edv\u011bsy a n\u00e1stavby \u2013 hlin\u00edkov\u00e9 korby<\/h3><p><i class=\"fa fa-file file-icon\"><\/i><span>PDF<\/span> (1.64 M)<\/p><\/div><div class=\"single-download-content-button\"><a class=\"btn-schwa btn-red-schwa\" href=\"https:\/\/schwarzmueller.com\/wp-content\/uploads\/2024\/05\/283161_Pruefheft_BWKAAL_202305_CZ.pdf\" target=\"_blank\"><span class=\"download-icon-text\">St\u00e1hnout<i class=\"fa fa-download download-icon\"><\/i><\/span><\/a><\/div><\/div><\/div><div class=\"single-download\"><div class=\"single-download-image-container\"><img decoding=\"async\" src=\"https:\/\/schwarzmueller.com\/wp-content\/uploads\/2024\/05\/csm_283160_Pruefheft_BWKAST_202305_CZ_96b9834f87.png\" alt=\" Kategorie obr\u00e1zk\u016f\" ><\/div><div class=\"single-download-content-container\"><div class=\"single-download-content-text\"><h3 class=\"schwa-h6\">2-n\u00e1pravov\u00e9 a 3-n\u00e1pravov\u00e9 skl\u00e1p\u011bc\u00ed p\u0159\u00edv\u011bsy a n\u00e1stavby \u2013 ocelov\u00e9 korby<\/h3><p><i class=\"fa fa-file file-icon\"><\/i><span>PDF<\/span> (1.58 M)<\/p><\/div><div class=\"single-download-content-button\"><a class=\"btn-schwa btn-red-schwa\" href=\"https:\/\/schwarzmueller.com\/wp-content\/uploads\/2024\/05\/283160_Pruefheft_BWKAST_202305_CZ.pdf\" target=\"_blank\"><span class=\"download-icon-text\">St\u00e1hnout<i class=\"fa fa-download download-icon\"><\/i><\/span><\/a><\/div><\/div><\/div><div class=\"single-download\"><div class=\"single-download-image-container\"><img decoding=\"async\" src=\"https:\/\/schwarzmueller.com\/wp-content\/uploads\/2024\/05\/csm_283159_Pruefheft_BSM_202305_CZ_88dda2ce66.png\" alt=\" Kategorie obr\u00e1zk\u016f\" ><\/div><div class=\"single-download-content-container\"><div class=\"single-download-content-text\"><h3 class=\"schwa-h6\">Valn\u00edkov\u00fd n\u00e1v\u011bs s klanicemi (do 27000 kg)<\/h3><p><i class=\"fa fa-file file-icon\"><\/i><span>PDF<\/span> (895.95 K)<\/p><\/div><div class=\"single-download-content-button\"><a class=\"btn-schwa btn-red-schwa\" href=\"https:\/\/schwarzmueller.com\/wp-content\/uploads\/2024\/05\/283159_Pruefheft_BSM_202305_CZ.pdf\" target=\"_blank\"><span class=\"download-icon-text\">St\u00e1hnout<i class=\"fa fa-download download-icon\"><\/i><\/span><\/a><\/div><\/div><\/div><div class=\"single-download\"><div class=\"single-download-image-container\"><img decoding=\"async\" src=\"https:\/\/schwarzmueller.com\/wp-content\/uploads\/2024\/05\/csm_283158_Pruefheft_BW-Sattel_202305_CZ_3e387b848b.png\" alt=\" Kategorie obr\u00e1zk\u016f\" ><\/div><div class=\"single-download-content-container\"><div class=\"single-download-content-text\"><h3 class=\"schwa-h6\">Valn\u00edkov\u00fd n\u00e1v\u011bs - stavebn\u00ed proveden\u00ed (do 27000 kg)<\/h3><p><i class=\"fa fa-file file-icon\"><\/i><span>PDF<\/span> (1.27 M)<\/p><\/div><div class=\"single-download-content-button\"><a class=\"btn-schwa btn-red-schwa\" href=\"https:\/\/schwarzmueller.com\/wp-content\/uploads\/2024\/05\/283158_Pruefheft_BW-Sattel_202305_CZ.pdf\" target=\"_blank\"><span class=\"download-icon-text\">St\u00e1hnout<i class=\"fa fa-download download-icon\"><\/i><\/span><\/a><\/div><\/div><\/div><div class=\"single-download\"><div class=\"single-download-image-container\"><img decoding=\"async\" src=\"https:\/\/schwarzmueller.com\/wp-content\/uploads\/2024\/05\/csm_283157_Pruefheft_SPBW_DS_QS_Sattel_202305_CZ_ccddb049e7.png\" alt=\" Kategorie obr\u00e1zk\u016f\" ><\/div><div class=\"single-download-content-container\"><div class=\"single-download-content-text\"><h3 class=\"schwa-h6\">Valn\u00edkov\u00fd n\u00e1v\u011bs Posuvn\u00e1 plachta - jednoduch\u00e1 a dvojit\u00e1\/v\u00edcen\u00e1sobn\u00e1 podlaha a Quick Slider<\/h3><p><i class=\"fa fa-file file-icon\"><\/i><span>PDF<\/span> (3.54 M)<\/p><\/div><div class=\"single-download-content-button\"><a class=\"btn-schwa btn-red-schwa\" href=\"https:\/\/schwarzmueller.com\/wp-content\/uploads\/2024\/05\/283157_Pruefheft_SPBW_DS_QS_Sattel_202305_CZ.pdf\" target=\"_blank\"><span class=\"download-icon-text\">St\u00e1hnout<i class=\"fa fa-download download-icon\"><\/i><\/span><\/a><\/div><\/div><\/div><div class=\"single-download\"><div class=\"single-download-image-container\"><img decoding=\"async\" src=\"https:\/\/schwarzmueller.com\/wp-content\/uploads\/2024\/05\/csm_283156_Pruefheft_BW-Anhaenger_202305_CZ_a7445e760b.png\" alt=\" Kategorie obr\u00e1zk\u016f\" ><\/div><div class=\"single-download-content-container\"><div class=\"single-download-content-text\"><h3 class=\"schwa-h6\">2-n\u00e1pravov\u00e9 a 3-n\u00e1pravov\u00e9 p\u0159\u00edv\u011bsy a n\u00e1stavby ve stavebn\u00edm proveden\u00ed<\/h3><p><i class=\"fa fa-file file-icon\"><\/i><span>PDF<\/span> (1.68 M)<\/p><\/div><div class=\"single-download-content-button\"><a class=\"btn-schwa btn-red-schwa\" href=\"https:\/\/schwarzmueller.com\/wp-content\/uploads\/2024\/05\/283156_Pruefheft_BW-Anhaenger_202305_CZ.pdf\" target=\"_blank\"><span class=\"download-icon-text\">St\u00e1hnout<i class=\"fa fa-download download-icon\"><\/i><\/span><\/a><\/div><\/div><\/div><div class=\"single-download\"><div class=\"single-download-image-container\"><img decoding=\"async\" src=\"https:\/\/schwarzmueller.com\/wp-content\/uploads\/2024\/05\/csm_283154_Pruefheft_SPBW_DS_QS_Anhaenger-Aufbauten_2021-09-27_7cda0fd020.png\" alt=\" Kategorie obr\u00e1zk\u016f\" ><\/div><div class=\"single-download-content-container\"><div class=\"single-download-content-text\"><h3 class=\"schwa-h6\">2-n\u00e1pravov\u00e9 a 3-n\u00e1pravov\u00e9 p\u0159\u00edv\u011bsy a n\u00e1stavby Posuvn\u00e1 plachta - jednoduch\u00e1 a dvojit\u00e1 podlaha a Quick Slider<\/h3><p><i class=\"fa fa-file file-icon\"><\/i><span>PDF<\/span> (2.11 M)<\/p><\/div><div class=\"single-download-content-button\"><a class=\"btn-schwa btn-red-schwa\" href=\"https:\/\/schwarzmueller.com\/wp-content\/uploads\/2024\/05\/283154_Pruefheft_SPBW_DS_QS_Anhaenger-Aufbauten_202305_CZ.pdf\" target=\"_blank\"><span class=\"download-icon-text\">St\u00e1hnout<i class=\"fa fa-download download-icon\"><\/i><\/span><\/a><\/div><\/div><\/div><\/div><\/div><\/div><\/div><\/div><\/div>\n<\/div><\/div><\/div><!-- close content main div --><\/div><\/div><div id='after_section_2'  class='main_color av_default_container_wrap container_wrap sidebar_left'  ><div class='container av-section-cont-open' ><div class='template-page content  av-content-small units'><div class='post-entry post-entry-type-page post-entry-61898'><div class='entry-content-wrapper clearfix'>\n","protected":false},"excerpt":{"rendered":"","protected":false},"author":6,"featured_media":0,"parent":59745,"menu_order":0,"comment_status":"closed","ping_status":"closed","template":"","meta":{"_acf_changed":false,"_relevanssi_hide_post":"","_relevanssi_hide_content":"","_relevanssi_pin_for_all":"","_relevanssi_pin_keywords":"","_relevanssi_unpin_keywords":"","_relevanssi_related_keywords":"","_relevanssi_related_include_ids":"","_relevanssi_related_exclude_ids":"","_relevanssi_related_no_append":"","_relevanssi_related_not_related":"","_relevanssi_related_posts":"51333,51397,62799,51316,51317,51301","_relevanssi_noindex_reason":"","footnotes":""},"class_list":["post-61898","page","type-page","status-publish","hentry"],"acf":[],"yoast_head":"<!-- This site is optimized with the Yoast SEO Premium plugin v26.4 (Yoast SEO v27.2) - https:\/\/yoast.com\/product\/yoast-seo-premium-wordpress\/ -->\n<title>Stahov\u00e1n\u00ed - servis - Schwarzm\u00fcller<\/title>\n<meta name=\"robots\" content=\"index, follow, max-snippet:-1, max-image-preview:large, max-video-preview:-1\" \/>\n<link rel=\"canonical\" href=\"https:\/\/schwarzmueller.com\/cs\/sluzby\/stahovani-servis\/\" \/>\n<meta property=\"og:locale\" content=\"cs_CZ\" \/>\n<meta property=\"og:type\" content=\"article\" \/>\n<meta property=\"og:title\" content=\"Stahov\u00e1n\u00ed - servis\" \/>\n<meta property=\"og:url\" content=\"https:\/\/schwarzmueller.com\/cs\/sluzby\/stahovani-servis\/\" \/>\n<meta property=\"og:site_name\" content=\"Schwarzm\u00fcller\" \/>\n<meta property=\"article:modified_time\" content=\"2024-09-11T14:20:36+00:00\" \/>\n<meta property=\"og:image\" content=\"https:\/\/schwarzmueller.com\/wp-content\/uploads\/2024\/03\/csm_schwarzmueller-IAA-2022-tp-schubboden_60f424c13a.jpg\" \/>\n\t<meta property=\"og:image:width\" content=\"768\" \/>\n\t<meta property=\"og:image:height\" content=\"480\" \/>\n\t<meta property=\"og:image:type\" content=\"image\/jpeg\" \/>\n<meta name=\"twitter:card\" content=\"summary_large_image\" \/>\n<meta name=\"twitter:label1\" content=\"Odhadovan\u00e1 doba \u010dten\u00ed\" \/>\n\t<meta name=\"twitter:data1\" content=\"3 minuty\" \/>\n<script type=\"application\/ld+json\" class=\"yoast-schema-graph\">{\"@context\":\"https:\/\/schema.org\",\"@graph\":[{\"@type\":\"WebPage\",\"@id\":\"https:\/\/schwarzmueller.com\/cs\/sluzby\/stahovani-servis\/\",\"url\":\"https:\/\/schwarzmueller.com\/cs\/sluzby\/stahovani-servis\/\",\"name\":\"Stahov\u00e1n\u00ed - servis - Schwarzm\u00fcller\",\"isPartOf\":{\"@id\":\"https:\/\/schwarzmueller.com\/en\/#website\"},\"datePublished\":\"2024-04-04T12:32:52+00:00\",\"dateModified\":\"2024-09-11T14:20:36+00:00\",\"breadcrumb\":{\"@id\":\"https:\/\/schwarzmueller.com\/cs\/sluzby\/stahovani-servis\/#breadcrumb\"},\"inLanguage\":\"cs\",\"potentialAction\":[{\"@type\":\"ReadAction\",\"target\":[\"https:\/\/schwarzmueller.com\/cs\/sluzby\/stahovani-servis\/\"]}]},{\"@type\":\"BreadcrumbList\",\"@id\":\"https:\/\/schwarzmueller.com\/cs\/sluzby\/stahovani-servis\/#breadcrumb\",\"itemListElement\":[{\"@type\":\"ListItem\",\"position\":1,\"name\":\"Home\",\"item\":\"https:\/\/schwarzmueller.com\/cs\/home-2\/\"},{\"@type\":\"ListItem\",\"position\":2,\"name\":\"Slu\u017eby\",\"item\":\"https:\/\/schwarzmueller.com\/cs\/sluzby\/\"},{\"@type\":\"ListItem\",\"position\":3,\"name\":\"Stahov\u00e1n\u00ed &#8211; servis\"}]},{\"@type\":\"WebSite\",\"@id\":\"https:\/\/schwarzmueller.com\/en\/#website\",\"url\":\"https:\/\/schwarzmueller.com\/en\/\",\"name\":\"Schwarzm\u00fcller | Intelligente Fahrzeuge\",\"description\":\"Ganz auf exzellente Fahrzeugtechnik gebaut\",\"publisher\":{\"@id\":\"https:\/\/schwarzmueller.com\/en\/#organization\"},\"alternateName\":\"Schwarzm\u00fcller\",\"potentialAction\":[{\"@type\":\"SearchAction\",\"target\":{\"@type\":\"EntryPoint\",\"urlTemplate\":\"https:\/\/schwarzmueller.com\/en\/?s={search_term_string}\"},\"query-input\":{\"@type\":\"PropertyValueSpecification\",\"valueRequired\":true,\"valueName\":\"search_term_string\"}}],\"inLanguage\":\"cs\"},{\"@type\":\"Organization\",\"@id\":\"https:\/\/schwarzmueller.com\/en\/#organization\",\"name\":\"Schwarzm\u00fcller\",\"url\":\"https:\/\/schwarzmueller.com\/en\/\",\"logo\":{\"@type\":\"ImageObject\",\"inLanguage\":\"cs\",\"@id\":\"https:\/\/schwarzmueller.com\/en\/#\/schema\/logo\/image\/\",\"url\":\"https:\/\/schwarzmueller.com\/wp-content\/uploads\/2024\/05\/sm_icon_logo.svg\",\"contentUrl\":\"https:\/\/schwarzmueller.com\/wp-content\/uploads\/2024\/05\/sm_icon_logo.svg\",\"width\":1,\"height\":1,\"caption\":\"Schwarzm\u00fcller\"},\"image\":{\"@id\":\"https:\/\/schwarzmueller.com\/en\/#\/schema\/logo\/image\/\"}}]}<\/script>\n<!-- \/ Yoast SEO Premium plugin. -->","yoast_head_json":{"title":"Stahov\u00e1n\u00ed - servis - Schwarzm\u00fcller","robots":{"index":"index","follow":"follow","max-snippet":"max-snippet:-1","max-image-preview":"max-image-preview:large","max-video-preview":"max-video-preview:-1"},"canonical":"https:\/\/schwarzmueller.com\/cs\/sluzby\/stahovani-servis\/","og_locale":"cs_CZ","og_type":"article","og_title":"Stahov\u00e1n\u00ed - servis","og_url":"https:\/\/schwarzmueller.com\/cs\/sluzby\/stahovani-servis\/","og_site_name":"Schwarzm\u00fcller","article_modified_time":"2024-09-11T14:20:36+00:00","og_image":[{"width":768,"height":480,"url":"https:\/\/schwarzmueller.com\/wp-content\/uploads\/2024\/03\/csm_schwarzmueller-IAA-2022-tp-schubboden_60f424c13a.jpg","type":"image\/jpeg"}],"twitter_card":"summary_large_image","twitter_misc":{"Odhadovan\u00e1 doba \u010dten\u00ed":"3 minuty"},"schema":{"@context":"https:\/\/schema.org","@graph":[{"@type":"WebPage","@id":"https:\/\/schwarzmueller.com\/cs\/sluzby\/stahovani-servis\/","url":"https:\/\/schwarzmueller.com\/cs\/sluzby\/stahovani-servis\/","name":"Stahov\u00e1n\u00ed - servis - Schwarzm\u00fcller","isPartOf":{"@id":"https:\/\/schwarzmueller.com\/en\/#website"},"datePublished":"2024-04-04T12:32:52+00:00","dateModified":"2024-09-11T14:20:36+00:00","breadcrumb":{"@id":"https:\/\/schwarzmueller.com\/cs\/sluzby\/stahovani-servis\/#breadcrumb"},"inLanguage":"cs","potentialAction":[{"@type":"ReadAction","target":["https:\/\/schwarzmueller.com\/cs\/sluzby\/stahovani-servis\/"]}]},{"@type":"BreadcrumbList","@id":"https:\/\/schwarzmueller.com\/cs\/sluzby\/stahovani-servis\/#breadcrumb","itemListElement":[{"@type":"ListItem","position":1,"name":"Home","item":"https:\/\/schwarzmueller.com\/cs\/home-2\/"},{"@type":"ListItem","position":2,"name":"Slu\u017eby","item":"https:\/\/schwarzmueller.com\/cs\/sluzby\/"},{"@type":"ListItem","position":3,"name":"Stahov\u00e1n\u00ed &#8211; servis"}]},{"@type":"WebSite","@id":"https:\/\/schwarzmueller.com\/en\/#website","url":"https:\/\/schwarzmueller.com\/en\/","name":"Schwarzm\u00fcller | Intelligente Fahrzeuge","description":"Ganz auf exzellente Fahrzeugtechnik gebaut","publisher":{"@id":"https:\/\/schwarzmueller.com\/en\/#organization"},"alternateName":"Schwarzm\u00fcller","potentialAction":[{"@type":"SearchAction","target":{"@type":"EntryPoint","urlTemplate":"https:\/\/schwarzmueller.com\/en\/?s={search_term_string}"},"query-input":{"@type":"PropertyValueSpecification","valueRequired":true,"valueName":"search_term_string"}}],"inLanguage":"cs"},{"@type":"Organization","@id":"https:\/\/schwarzmueller.com\/en\/#organization","name":"Schwarzm\u00fcller","url":"https:\/\/schwarzmueller.com\/en\/","logo":{"@type":"ImageObject","inLanguage":"cs","@id":"https:\/\/schwarzmueller.com\/en\/#\/schema\/logo\/image\/","url":"https:\/\/schwarzmueller.com\/wp-content\/uploads\/2024\/05\/sm_icon_logo.svg","contentUrl":"https:\/\/schwarzmueller.com\/wp-content\/uploads\/2024\/05\/sm_icon_logo.svg","width":1,"height":1,"caption":"Schwarzm\u00fcller"},"image":{"@id":"https:\/\/schwarzmueller.com\/en\/#\/schema\/logo\/image\/"}}]}},"_links":{"self":[{"href":"https:\/\/schwarzmueller.com\/cs\/wp-json\/wp\/v2\/pages\/61898","targetHints":{"allow":["GET"]}}],"collection":[{"href":"https:\/\/schwarzmueller.com\/cs\/wp-json\/wp\/v2\/pages"}],"about":[{"href":"https:\/\/schwarzmueller.com\/cs\/wp-json\/wp\/v2\/types\/page"}],"author":[{"embeddable":true,"href":"https:\/\/schwarzmueller.com\/cs\/wp-json\/wp\/v2\/users\/6"}],"replies":[{"embeddable":true,"href":"https:\/\/schwarzmueller.com\/cs\/wp-json\/wp\/v2\/comments?post=61898"}],"version-history":[{"count":4,"href":"https:\/\/schwarzmueller.com\/cs\/wp-json\/wp\/v2\/pages\/61898\/revisions"}],"predecessor-version":[{"id":74627,"href":"https:\/\/schwarzmueller.com\/cs\/wp-json\/wp\/v2\/pages\/61898\/revisions\/74627"}],"up":[{"embeddable":true,"href":"https:\/\/schwarzmueller.com\/cs\/wp-json\/wp\/v2\/pages\/59745"}],"wp:attachment":[{"href":"https:\/\/schwarzmueller.com\/cs\/wp-json\/wp\/v2\/media?parent=61898"}],"curies":[{"name":"wp","href":"https:\/\/api.w.org\/{rel}","templated":true}]}}