{"id":61838,"date":"2024-04-04T14:32:32","date_gmt":"2024-04-04T12:32:32","guid":{"rendered":"https:\/\/schwarzmueller.com\/sluzby\/financovani\/"},"modified":"2024-07-12T19:07:31","modified_gmt":"2024-07-12T17:07:31","slug":"financovani","status":"publish","type":"page","link":"https:\/\/schwarzmueller.com\/cs\/sluzby\/financovani\/","title":{"rendered":"Financov\u00e1n\u00ed"},"content":{"rendered":"\n<style type=\"text\/css\" data-created_by=\"avia_inline_auto\" id=\"style-css-av-22y0r1j-20ea0d062b4622a61e44208647862fb2\">\n.avia-section.av-22y0r1j-20ea0d062b4622a61e44208647862fb2{\nbackground-repeat:no-repeat;\nbackground-image:url(https:\/\/schwarzmueller.com\/wp-content\/uploads\/2024\/04\/SM-Weltkugel-L1020680.jpg);\nbackground-position:50% 50%;\nbackground-attachment:scroll;\n}\n.avia-section.av-22y0r1j-20ea0d062b4622a61e44208647862fb2 .av-section-color-overlay{\nopacity:0.5;\nbackground-color:#0a0a0a;\n}\n<\/style>\n<div id='av_section_1'  class='avia-section av-22y0r1j-20ea0d062b4622a61e44208647862fb2 main_color avia-section-huge avia-no-border-styling  avia-builder-el-0  el_before_av_textblock  avia-builder-el-first  avia-full-stretch avia-bg-style-scroll av-section-color-overlay-active av-minimum-height av-minimum-height-custom av-height-custom  container_wrap sidebar_left'  data-section-bg-repeat='stretch' data-av_minimum_height_px='512'><div class=\"av-section-color-overlay-wrap\"><div class=\"av-section-color-overlay\"><\/div><div class='container av-section-cont-open' style='height:512px'><main  role=\"main\" itemprop=\"mainContentOfPage\"  class='template-page content  av-content-small units'><div class='post-entry post-entry-type-page post-entry-61838'><div class='entry-content-wrapper clearfix'>\n\n<style type=\"text\/css\" data-created_by=\"avia_inline_auto\" id=\"style-css-av-lv2faaqz-6bc62407e42b1f5284f0e33425248ac0\">\n#top .av_textblock_section.av-lv2faaqz-6bc62407e42b1f5284f0e33425248ac0 .avia_textblock{\ncolor:#ffffff;\n}\n<\/style>\n<section  class='av_textblock_section av-lv2faaqz-6bc62407e42b1f5284f0e33425248ac0 '   itemscope=\"itemscope\" itemtype=\"https:\/\/schema.org\/CreativeWork\" ><div class='avia_textblock hero-title av_inherit_color'  itemprop=\"text\" ><h1>Financov\u00e1n\u00ed<\/h1>\n<\/div><\/section>\n<\/div><\/div><\/main><!-- close content main element --><\/div><\/div><\/div><div id='after_section_1'  class='main_color av_default_container_wrap container_wrap sidebar_left'  ><div class='container av-section-cont-open' ><div class='template-page content  av-content-small units'><div class='post-entry post-entry-type-page post-entry-61838'><div class='entry-content-wrapper clearfix'>\n<section  class='av_textblock_section av-kc5kp3-a610e67c35a581c0f98891e66b9de9cf '   itemscope=\"itemscope\" itemtype=\"https:\/\/schema.org\/CreativeWork\" ><div class='avia_textblock sch-breadcrumb'  itemprop=\"text\" ><div class=\"breadcrumb breadcrumbs avia-breadcrumbs\"><div class=\"breadcrumb-trail\" ><span class=\"trail-before\"><span class=\"breadcrumb-title\">Jste zde:<\/span><\/span> <span  itemscope=\"itemscope\" itemtype=\"https:\/\/schema.org\/BreadcrumbList\" ><span  itemscope=\"itemscope\" itemtype=\"https:\/\/schema.org\/ListItem\" itemprop=\"itemListElement\" ><a itemprop=\"url\" href=\"https:\/\/schwarzmueller.com\/cs\/\" title=\"Schwarzm\u00fcller\" rel=\"home\" class=\"trail-begin\"><span itemprop=\"name\">Dom\u016f<\/span><\/a><span itemprop=\"position\" class=\"hidden\">1<\/span><\/span><\/span><\/div><\/div>\n<\/div><\/section>\n<\/div><\/div><\/div><!-- close content main div --><\/div><\/div><div id='av_section_2'  class='avia-section av-1t4s9tz-8fd5210341606b1f8e03ef304ba6200b main_color avia-section-huge avia-no-border-styling  avia-builder-el-3  el_after_av_textblock  avia-builder-el-last  avia-bg-style-scroll container_wrap sidebar_left'  ><div class='container av-section-cont-open' ><div class='template-page content  av-content-small units'><div class='post-entry post-entry-type-page post-entry-61838'><div class='entry-content-wrapper clearfix'>\n<div class='flex_column_table av-16tzdqf-b0bccb2166f78852f31798bb240de421 sc-av_one_half av-equal-height-column-flextable'><div  class='flex_column av-16tzdqf-b0bccb2166f78852f31798bb240de421 av_one_half  avia-builder-el-4  el_before_av_one_half  avia-builder-el-first  first flex_column_table_cell av-equal-height-column av-align-top  '     ><style type=\"text\/css\" data-created_by=\"avia_inline_auto\" id=\"style-css-av-lv2fak7p-db6ef86c570bf8b4f188da810685dced\">\n#top .av_textblock_section.av-lv2fak7p-db6ef86c570bf8b4f188da810685dced .avia_textblock{\ntext-align:left;\n}\n<\/style>\n<section  class='av_textblock_section av-lv2fak7p-db6ef86c570bf8b4f188da810685dced '   itemscope=\"itemscope\" itemtype=\"https:\/\/schema.org\/CreativeWork\" ><div class='avia_textblock image-dark-section-title'  itemprop=\"text\" ><h2 class=\"schwa-h4\"><strong>Jednoduch\u00fd leasing<\/strong><\/h2>\n<\/div><\/section><br \/>\n\n<style type=\"text\/css\" data-created_by=\"avia_inline_auto\" id=\"style-css-av-lv2fb2jc-390abb1a45f8cef8ee85f3e8fa27f561\">\n#top .av_textblock_section.av-lv2fb2jc-390abb1a45f8cef8ee85f3e8fa27f561 .avia_textblock{\ntext-align:left;\n}\n<\/style>\n<section  class='av_textblock_section av-lv2fb2jc-390abb1a45f8cef8ee85f3e8fa27f561 '   itemscope=\"itemscope\" itemtype=\"https:\/\/schema.org\/CreativeWork\" ><div class='avia_textblock image-dark-section-title'  itemprop=\"text\" ><p><strong>Inteligentn\u011b p\u0159izp\u016fsoben\u00e1 \u0159e\u0161en\u00ed leasingu<\/strong><\/p>\n<p>Leasingov\u00e9 slu\u017eby spole\u010dnosti Schwarzm\u00fcller V\u00e1m nab\u00edzej\u00ed vysokou finan\u010dn\u00ed flexibilitu. Z\u00e1le\u017e\u00ed na Va\u0161ich po\u017eadavc\u00edch. Poskytujeme leasing prost\u0159ednictv\u00edm na\u0161eho programu Schwarzm\u00fcller finan\u010dn\u00ed slu\u017eby nebo skrze na\u0161e extern\u00ed partnery. V\u00fdhoda je jasn\u00e1 \u2013 obdr\u017e\u00edte pr\u00e9miov\u00fd produkt Schwarzm\u00fcller s jasn\u011b kalkulovan\u00fdmi n\u00e1klady. V p\u0159\u00edpad\u011b vyu\u017eit\u00ed program\u016f \u201eTOP\u201c m\u016f\u017eete nav\u00edc t\u011b\u017eit z v\u00fdhod slu\u017eeb \u00fadr\u017eby Va\u0161eho vozidla.<\/p>\n<p>Va\u0161e napl\u00e1nov\u00e1no a ujednan\u00e9 spl\u00e1tky V\u00e1m umo\u017en\u00ed pl\u00e1novat spolehliv\u011b Va\u0161e n\u00e1klady. Schwarzm\u00fcller V\u00e1m nab\u00edz\u00ed individu\u00e1ln\u00ed dohody o financov\u00e1n\u00ed s variabiln\u00edmi podm\u00ednkami za p\u0159\u00edzniv\u00e9 \u00farokov\u00e9 sazby. Na konci smluvn\u00edho obdob\u00ed m\u016f\u017eete tato vozidla nab\u00fdt nebo je vym\u011bnit za nov\u00e1.<\/p>\n<p>M\u011bli byste z\u00e1jem o konzultaci nebo speci\u00e1ln\u00ed nab\u00eddku? T\u00fdm Schwarzm\u00fcller bude pot\u011b\u0161en V\u00e1m v jakoukoliv dobu asistovat.<\/p>\n<\/div><\/section><br \/>\n<div  class='avia-button-wrap av-lv2fblf5-552fe5a699f9fc55124bad144a38648a-wrap avia-button-left  avia-builder-el-7  el_after_av_textblock  avia-builder-el-last  button-filled-red'>\n<style type=\"text\/css\" data-created_by=\"avia_inline_auto\" id=\"style-css-av-lv2fblf5-552fe5a699f9fc55124bad144a38648a\">\n#top #wrap_all .avia-button.av-lv2fblf5-552fe5a699f9fc55124bad144a38648a{\nborder-style:none;\nborder-radius:0 0 0 0;\ntransition:all 0.4s ease-in-out;\nmargin:3rem 0 0 0;\npadding:1rem 2rem 1rem 2rem;\n}\n#top #wrap_all .avia-button.av-lv2fblf5-552fe5a699f9fc55124bad144a38648a:hover{\nbackground-color:white;\ncolor:black;\ntransition:all 0.4s ease-in-out;\n}\n#top #wrap_all.avia-button.av-lv2fblf5-552fe5a699f9fc55124bad144a38648a:hover .avia_button_background{\nborder-radius:0 0 0 0;\n}\n#top #wrap_all .avia-button.av-lv2fblf5-552fe5a699f9fc55124bad144a38648a:hover .avia-svg-icon svg:first-child{\nfill:black;\nstroke:black;\n}\n<\/style>\n<a href='https:\/\/schwarzmueller.com\/de\/info-und-kontakt\/kontakt\/'  class='avia-button av-lv2fblf5-552fe5a699f9fc55124bad144a38648a av-link-btn avia-icon_select-no avia-size-medium avia-position-left avia-color-theme-color avia-font-color-white'   aria-label=\"Kontakt\"><span class='avia_iconbox_title' >Kontakt<\/span><\/a><\/div><\/p><\/div><div class='av-flex-placeholder'><\/div><div  class='flex_column av-mppkbr-a6f8e649e63b48fc876905f0970ed76e av_one_half  avia-builder-el-8  el_after_av_one_half  avia-builder-el-last  flex_column_table_cell av-equal-height-column av-align-top  '     ><style type=\"text\/css\" data-created_by=\"avia_inline_auto\" id=\"style-css-av-lv2fc3mp-0c78ea8f8e23510e83b977fb89195b9f\">\n.avia-image-container.av-lv2fc3mp-0c78ea8f8e23510e83b977fb89195b9f img.avia_image{\nbox-shadow:none;\n}\n.avia-image-container.av-lv2fc3mp-0c78ea8f8e23510e83b977fb89195b9f .av-image-caption-overlay-center{\ncolor:#ffffff;\n}\n<\/style>\n<div  class='avia-image-container av-lv2fc3mp-0c78ea8f8e23510e83b977fb89195b9f av-styling- avia-align-center  avia-builder-el-9  avia-builder-el-no-sibling '   itemprop=\"image\" itemscope=\"itemscope\" itemtype=\"https:\/\/schema.org\/ImageObject\" ><div class=\"avia-image-container-inner\"><div class=\"avia-image-overlay-wrap\"><img decoding=\"async\" fetchpriority=\"high\" class='wp-image-41081 avia-img-lazy-loading-not-41081 avia_image ' src=\"https:\/\/schwarzmueller.com\/wp-content\/uploads\/2024\/04\/8_produktgruppen_oktober2020.jpg\" alt='' title='8_produktgruppen_oktober2020'  height=\"832\" width=\"679\"  itemprop=\"thumbnailUrl\" srcset=\"https:\/\/schwarzmueller.com\/wp-content\/uploads\/2024\/04\/8_produktgruppen_oktober2020.jpg 679w, https:\/\/schwarzmueller.com\/wp-content\/uploads\/2024\/04\/8_produktgruppen_oktober2020-245x300.jpg 245w, https:\/\/schwarzmueller.com\/wp-content\/uploads\/2024\/04\/8_produktgruppen_oktober2020-575x705.jpg 575w\" sizes=\"(max-width: 679px) 100vw, 679px\" \/><\/div><\/div><\/div><\/div><\/div><!--close column table wrapper. Autoclose: 1 -->\n<\/div><\/div><\/div><!-- close content main div --><\/div><\/div><div id='after_section_2'  class='main_color av_default_container_wrap container_wrap sidebar_left'  ><div class='container av-section-cont-open' ><div class='template-page content  av-content-small units'><div class='post-entry post-entry-type-page post-entry-61838'><div class='entry-content-wrapper clearfix'>\n","protected":false},"excerpt":{"rendered":"","protected":false},"author":6,"featured_media":0,"parent":59745,"menu_order":0,"comment_status":"closed","ping_status":"closed","template":"","meta":{"_acf_changed":false,"_relevanssi_hide_post":"","_relevanssi_hide_content":"","_relevanssi_pin_for_all":"","_relevanssi_pin_keywords":"","_relevanssi_unpin_keywords":"","_relevanssi_related_keywords":"","_relevanssi_related_include_ids":"","_relevanssi_related_exclude_ids":"","_relevanssi_related_no_append":"","_relevanssi_related_not_related":"","_relevanssi_related_posts":"","_relevanssi_noindex_reason":"","footnotes":""},"class_list":["post-61838","page","type-page","status-publish","hentry"],"acf":[],"yoast_head":"<!-- This site is optimized with the Yoast SEO Premium plugin v26.4 (Yoast SEO v27.2) - https:\/\/yoast.com\/product\/yoast-seo-premium-wordpress\/ -->\n<title>Financov\u00e1n\u00ed - Schwarzm\u00fcller<\/title>\n<meta name=\"robots\" content=\"index, follow, max-snippet:-1, max-image-preview:large, max-video-preview:-1\" \/>\n<link rel=\"canonical\" href=\"https:\/\/schwarzmueller.com\/de\/service\/leasing\/\" \/>\n<meta property=\"og:locale\" content=\"cs_CZ\" \/>\n<meta property=\"og:type\" content=\"article\" \/>\n<meta property=\"og:title\" content=\"Financov\u00e1n\u00ed\" \/>\n<meta property=\"og:url\" content=\"https:\/\/schwarzmueller.com\/de\/service\/leasing\/\" \/>\n<meta property=\"og:site_name\" content=\"Schwarzm\u00fcller\" \/>\n<meta property=\"article:modified_time\" content=\"2024-07-12T17:07:31+00:00\" \/>\n<meta property=\"og:image\" content=\"https:\/\/schwarzmueller.com\/wp-content\/uploads\/2024\/03\/csm_schwarzmueller-IAA-2022-tp-schubboden_60f424c13a.jpg\" \/>\n\t<meta property=\"og:image:width\" content=\"768\" \/>\n\t<meta property=\"og:image:height\" content=\"480\" \/>\n\t<meta property=\"og:image:type\" content=\"image\/jpeg\" \/>\n<meta name=\"twitter:card\" content=\"summary_large_image\" \/>\n<meta name=\"twitter:label1\" content=\"Odhadovan\u00e1 doba \u010dten\u00ed\" \/>\n\t<meta name=\"twitter:data1\" content=\"15 minut\" \/>\n<script type=\"application\/ld+json\" class=\"yoast-schema-graph\">{\"@context\":\"https:\/\/schema.org\",\"@graph\":[{\"@type\":\"WebPage\",\"@id\":\"https:\/\/schwarzmueller.com\/de\/service\/leasing\/\",\"url\":\"https:\/\/schwarzmueller.com\/de\/service\/leasing\/\",\"name\":\"Financov\u00e1n\u00ed - Schwarzm\u00fcller\",\"isPartOf\":{\"@id\":\"https:\/\/schwarzmueller.com\/en\/#website\"},\"datePublished\":\"2024-04-04T12:32:32+00:00\",\"dateModified\":\"2024-07-12T17:07:31+00:00\",\"breadcrumb\":{\"@id\":\"https:\/\/schwarzmueller.com\/de\/service\/leasing\/#breadcrumb\"},\"inLanguage\":\"cs\",\"potentialAction\":[{\"@type\":\"ReadAction\",\"target\":[\"https:\/\/schwarzmueller.com\/de\/service\/leasing\/\"]}]},{\"@type\":\"BreadcrumbList\",\"@id\":\"https:\/\/schwarzmueller.com\/de\/service\/leasing\/#breadcrumb\",\"itemListElement\":[{\"@type\":\"ListItem\",\"position\":1,\"name\":\"Home\",\"item\":\"https:\/\/schwarzmueller.com\/cs\/home-2\/\"},{\"@type\":\"ListItem\",\"position\":2,\"name\":\"Slu\u017eby\",\"item\":\"https:\/\/schwarzmueller.com\/cs\/sluzby\/\"},{\"@type\":\"ListItem\",\"position\":3,\"name\":\"Financov\u00e1n\u00ed\"}]},{\"@type\":\"WebSite\",\"@id\":\"https:\/\/schwarzmueller.com\/en\/#website\",\"url\":\"https:\/\/schwarzmueller.com\/en\/\",\"name\":\"Schwarzm\u00fcller | Intelligente Fahrzeuge\",\"description\":\"Ganz auf exzellente Fahrzeugtechnik gebaut\",\"publisher\":{\"@id\":\"https:\/\/schwarzmueller.com\/en\/#organization\"},\"alternateName\":\"Schwarzm\u00fcller\",\"potentialAction\":[{\"@type\":\"SearchAction\",\"target\":{\"@type\":\"EntryPoint\",\"urlTemplate\":\"https:\/\/schwarzmueller.com\/en\/?s={search_term_string}\"},\"query-input\":{\"@type\":\"PropertyValueSpecification\",\"valueRequired\":true,\"valueName\":\"search_term_string\"}}],\"inLanguage\":\"cs\"},{\"@type\":\"Organization\",\"@id\":\"https:\/\/schwarzmueller.com\/en\/#organization\",\"name\":\"Schwarzm\u00fcller\",\"url\":\"https:\/\/schwarzmueller.com\/en\/\",\"logo\":{\"@type\":\"ImageObject\",\"inLanguage\":\"cs\",\"@id\":\"https:\/\/schwarzmueller.com\/en\/#\/schema\/logo\/image\/\",\"url\":\"https:\/\/schwarzmueller.com\/wp-content\/uploads\/2024\/05\/sm_icon_logo.svg\",\"contentUrl\":\"https:\/\/schwarzmueller.com\/wp-content\/uploads\/2024\/05\/sm_icon_logo.svg\",\"width\":1,\"height\":1,\"caption\":\"Schwarzm\u00fcller\"},\"image\":{\"@id\":\"https:\/\/schwarzmueller.com\/en\/#\/schema\/logo\/image\/\"}}]}<\/script>\n<!-- \/ Yoast SEO Premium plugin. -->","yoast_head_json":{"title":"Financov\u00e1n\u00ed - Schwarzm\u00fcller","robots":{"index":"index","follow":"follow","max-snippet":"max-snippet:-1","max-image-preview":"max-image-preview:large","max-video-preview":"max-video-preview:-1"},"canonical":"https:\/\/schwarzmueller.com\/de\/service\/leasing\/","og_locale":"cs_CZ","og_type":"article","og_title":"Financov\u00e1n\u00ed","og_url":"https:\/\/schwarzmueller.com\/de\/service\/leasing\/","og_site_name":"Schwarzm\u00fcller","article_modified_time":"2024-07-12T17:07:31+00:00","og_image":[{"width":768,"height":480,"url":"https:\/\/schwarzmueller.com\/wp-content\/uploads\/2024\/03\/csm_schwarzmueller-IAA-2022-tp-schubboden_60f424c13a.jpg","type":"image\/jpeg"}],"twitter_card":"summary_large_image","twitter_misc":{"Odhadovan\u00e1 doba \u010dten\u00ed":"15 minut"},"schema":{"@context":"https:\/\/schema.org","@graph":[{"@type":"WebPage","@id":"https:\/\/schwarzmueller.com\/de\/service\/leasing\/","url":"https:\/\/schwarzmueller.com\/de\/service\/leasing\/","name":"Financov\u00e1n\u00ed - Schwarzm\u00fcller","isPartOf":{"@id":"https:\/\/schwarzmueller.com\/en\/#website"},"datePublished":"2024-04-04T12:32:32+00:00","dateModified":"2024-07-12T17:07:31+00:00","breadcrumb":{"@id":"https:\/\/schwarzmueller.com\/de\/service\/leasing\/#breadcrumb"},"inLanguage":"cs","potentialAction":[{"@type":"ReadAction","target":["https:\/\/schwarzmueller.com\/de\/service\/leasing\/"]}]},{"@type":"BreadcrumbList","@id":"https:\/\/schwarzmueller.com\/de\/service\/leasing\/#breadcrumb","itemListElement":[{"@type":"ListItem","position":1,"name":"Home","item":"https:\/\/schwarzmueller.com\/cs\/home-2\/"},{"@type":"ListItem","position":2,"name":"Slu\u017eby","item":"https:\/\/schwarzmueller.com\/cs\/sluzby\/"},{"@type":"ListItem","position":3,"name":"Financov\u00e1n\u00ed"}]},{"@type":"WebSite","@id":"https:\/\/schwarzmueller.com\/en\/#website","url":"https:\/\/schwarzmueller.com\/en\/","name":"Schwarzm\u00fcller | Intelligente Fahrzeuge","description":"Ganz auf exzellente Fahrzeugtechnik gebaut","publisher":{"@id":"https:\/\/schwarzmueller.com\/en\/#organization"},"alternateName":"Schwarzm\u00fcller","potentialAction":[{"@type":"SearchAction","target":{"@type":"EntryPoint","urlTemplate":"https:\/\/schwarzmueller.com\/en\/?s={search_term_string}"},"query-input":{"@type":"PropertyValueSpecification","valueRequired":true,"valueName":"search_term_string"}}],"inLanguage":"cs"},{"@type":"Organization","@id":"https:\/\/schwarzmueller.com\/en\/#organization","name":"Schwarzm\u00fcller","url":"https:\/\/schwarzmueller.com\/en\/","logo":{"@type":"ImageObject","inLanguage":"cs","@id":"https:\/\/schwarzmueller.com\/en\/#\/schema\/logo\/image\/","url":"https:\/\/schwarzmueller.com\/wp-content\/uploads\/2024\/05\/sm_icon_logo.svg","contentUrl":"https:\/\/schwarzmueller.com\/wp-content\/uploads\/2024\/05\/sm_icon_logo.svg","width":1,"height":1,"caption":"Schwarzm\u00fcller"},"image":{"@id":"https:\/\/schwarzmueller.com\/en\/#\/schema\/logo\/image\/"}}]}},"_links":{"self":[{"href":"https:\/\/schwarzmueller.com\/cs\/wp-json\/wp\/v2\/pages\/61838","targetHints":{"allow":["GET"]}}],"collection":[{"href":"https:\/\/schwarzmueller.com\/cs\/wp-json\/wp\/v2\/pages"}],"about":[{"href":"https:\/\/schwarzmueller.com\/cs\/wp-json\/wp\/v2\/types\/page"}],"author":[{"embeddable":true,"href":"https:\/\/schwarzmueller.com\/cs\/wp-json\/wp\/v2\/users\/6"}],"replies":[{"embeddable":true,"href":"https:\/\/schwarzmueller.com\/cs\/wp-json\/wp\/v2\/comments?post=61838"}],"version-history":[{"count":5,"href":"https:\/\/schwarzmueller.com\/cs\/wp-json\/wp\/v2\/pages\/61838\/revisions"}],"predecessor-version":[{"id":61855,"href":"https:\/\/schwarzmueller.com\/cs\/wp-json\/wp\/v2\/pages\/61838\/revisions\/61855"}],"up":[{"embeddable":true,"href":"https:\/\/schwarzmueller.com\/cs\/wp-json\/wp\/v2\/pages\/59745"}],"wp:attachment":[{"href":"https:\/\/schwarzmueller.com\/cs\/wp-json\/wp\/v2\/media?parent=61838"}],"curies":[{"name":"wp","href":"https:\/\/api.w.org\/{rel}","templated":true}]}}