{"id":61815,"date":"2024-04-04T14:32:08","date_gmt":"2024-04-04T12:32:08","guid":{"rendered":"https:\/\/schwarzmueller.com\/sluzby\/cisternova-vozidla\/"},"modified":"2024-10-15T14:37:36","modified_gmt":"2024-10-15T12:37:36","slug":"servis-cisternova-vozidla","status":"publish","type":"page","link":"https:\/\/schwarzmueller.com\/cs\/sluzby\/servis-cisternova-vozidla\/","title":{"rendered":"Servis cisternov\u00e1 vozidla"},"content":{"rendered":"\n<style type=\"text\/css\" data-created_by=\"avia_inline_auto\" id=\"style-css-av-lv2f0str-84eeb5720a27f826bd69fe9c49538959\">\n.avia-section.av-lv2f0str-84eeb5720a27f826bd69fe9c49538959{\nbackground-repeat:no-repeat;\nbackground-image:url(https:\/\/schwarzmueller.com\/wp-content\/uploads\/2024\/04\/csm_bild_tank_eichstelle_171a127184.jpg);\nbackground-position:50% 50%;\nbackground-attachment:scroll;\n}\n.avia-section.av-lv2f0str-84eeb5720a27f826bd69fe9c49538959 .av-section-color-overlay{\nopacity:0.5;\nbackground-color:#0a0a0a;\n}\n<\/style>\n<div id='av_section_1'  class='avia-section av-lv2f0str-84eeb5720a27f826bd69fe9c49538959 main_color avia-section-huge avia-no-border-styling  avia-builder-el-0  el_before_av_textblock  avia-builder-el-first  avia-full-stretch avia-bg-style-scroll av-section-color-overlay-active av-minimum-height av-minimum-height-custom av-height-custom  container_wrap sidebar_left'  data-section-bg-repeat='stretch' data-av_minimum_height_px='512'><div class=\"av-section-color-overlay-wrap\"><div class=\"av-section-color-overlay\"><\/div><div class='container av-section-cont-open' style='height:512px'><main  role=\"main\" itemprop=\"mainContentOfPage\"  class='template-page content  av-content-small units'><div class='post-entry post-entry-type-page post-entry-61815'><div class='entry-content-wrapper clearfix'>\n\n<style type=\"text\/css\" data-created_by=\"avia_inline_auto\" id=\"style-css-av-lv2f01me-3719737ce6600cd0a37c83603dcaf0dd\">\n#top .av_textblock_section.av-lv2f01me-3719737ce6600cd0a37c83603dcaf0dd .avia_textblock{\ncolor:#ffffff;\n}\n<\/style>\n<section  class='av_textblock_section av-lv2f01me-3719737ce6600cd0a37c83603dcaf0dd '   itemscope=\"itemscope\" itemtype=\"https:\/\/schema.org\/CreativeWork\" ><div class='avia_textblock hero-title av_inherit_color'  itemprop=\"text\" ><h1>Cisternov\u00e1 vozidla<\/h1>\n<h2 class=\"schwa-h3\">Servis \u00b7 \u00dadr\u017eba \u00b7 Opravy<\/h2>\n<\/div><\/section>\n<\/div><\/div><\/main><!-- close content main element --><\/div><\/div><\/div><div id='after_section_1'  class='main_color av_default_container_wrap container_wrap sidebar_left'  ><div class='container av-section-cont-open' ><div class='template-page content  av-content-small units'><div class='post-entry post-entry-type-page post-entry-61815'><div class='entry-content-wrapper clearfix'>\n<section  class='av_textblock_section av-1bney91-c6111e12c662d1452e565a1d44a80304 '   itemscope=\"itemscope\" itemtype=\"https:\/\/schema.org\/CreativeWork\" ><div class='avia_textblock sch-breadcrumb'  itemprop=\"text\" ><div class=\"breadcrumb breadcrumbs avia-breadcrumbs\"><div class=\"breadcrumb-trail\" ><span class=\"trail-before\"><span class=\"breadcrumb-title\">Jste zde:<\/span><\/span> <span  itemscope=\"itemscope\" itemtype=\"https:\/\/schema.org\/BreadcrumbList\" ><span  itemscope=\"itemscope\" itemtype=\"https:\/\/schema.org\/ListItem\" itemprop=\"itemListElement\" ><a itemprop=\"url\" href=\"https:\/\/schwarzmueller.com\/cs\/\" title=\"Schwarzm\u00fcller\" rel=\"home\" class=\"trail-begin\"><span itemprop=\"name\">Dom\u016f<\/span><\/a><span itemprop=\"position\" class=\"hidden\">1<\/span><\/span><\/span><\/div><\/div>\n<\/div><\/section>\n<\/div><\/div><\/div><!-- close content main div --><\/div><\/div><div id='av_section_2'  class='avia-section av-aj3iyt-ea49bccfbd2917df477203397cf7cc58 main_color avia-section-huge avia-no-border-styling  avia-builder-el-3  el_after_av_textblock  el_before_av_section  avia-bg-style-scroll container_wrap sidebar_left'  ><div class='container av-section-cont-open' ><div class='template-page content  av-content-small units'><div class='post-entry post-entry-type-page post-entry-61815'><div class='entry-content-wrapper clearfix'>\n<div class='flex_column_table av-2cp1xb9-4b18f236f157eb871947c7a1e4fc61f5 sc-av_one_half av-equal-height-column-flextable'><div  class='flex_column av-2cp1xb9-4b18f236f157eb871947c7a1e4fc61f5 av_one_half  avia-builder-el-4  el_before_av_one_half  avia-builder-el-first  first flex_column_table_cell av-equal-height-column av-align-top  '     ><section  class='av_textblock_section av-lv2f25iv-3989c35141d72a5fadf211a639a9fc94 '   itemscope=\"itemscope\" itemtype=\"https:\/\/schema.org\/CreativeWork\" ><div class='avia_textblock'  itemprop=\"text\" ><h2 class=\"schwa-h4\">Druh\u00fd \u201e\u017eivot\u201c Va\u0161eho cisternov\u00e9ho vozidla<\/h2>\n<p>Podvozek d\u00edky ka\u017edodenn\u00edmu zat\u00ed\u017een\u00ed podl\u00e9h\u00e1 hodn\u011b celkov\u00e9mu opot\u0159eben\u00ed, naproti tomu maj\u00ed n\u00e1dr\u017ee podstatn\u011b del\u0161\u00ed \u017eivotnost a pou\u017eitelnost. Proto vy\u017eaduj\u00ed cisternov\u00e1 vozidla speci\u00e1ln\u00ed p\u00e9\u010di a sv\u011bdomitou \u00fadr\u017ebu. Firma Schwarzm\u00fcller nab\u00edz\u00ed \u010dty\u0159i servisn\u00ed bal\u00ed\u010dky, z nich\u017e si m\u016f\u017eete vybrat podle pot\u0159eby.<\/p>\n<p>Pro komfortn\u011bj\u0161\u00ed organizaci TOP-servisu, nab\u00edz\u00ed Schwarzm\u00fcller p\u0159epravn\u00ed servis cisternov\u00fdch vozidel od z\u00e1kazn\u00edka do servisu. Pro V\u00e1s to znamen\u00e1 = \u017e\u00e1dn\u00e9 extra p\u0159epravn\u00ed slu\u017eby, n\u00fdbr\u017e absolutn\u011b nekomplikovan\u00e9 proveden\u00ed servisu.<\/p>\n<p>U Firmy Schwarzm\u00fcller pou\u017e\u00edv\u00e1me pro servis vozidel jen origin\u00e1ln\u00ed, homologovan\u00e9 a certifikovan\u00e9 d\u00edly. To plat\u00ed jak pro n\u00e1hradn\u00ed d\u00edly, tak pro komponenty a materi\u00e1ly, se kter\u00fdmi pracuje n\u00e1\u0161 vysoce kvalifikovan\u00fd a pro\u0161kolen\u00fd t\u00fdm mechanik\u016f! To dodate\u010dn\u011b prodlu\u017euje dobu pou\u017eitelnosti, a Schwarzm\u00fcller-vozidlo z\u016fstane i po letech pr\u00e9miov\u00fdm vozidlem. N\u00e1mi opraven\u00e1 cisternov\u00e1 vozidla, opou\u0161t\u011bj\u00ed n\u00e1\u0161 z\u00e1vod s plnou v\u00fdrobn\u00ed z\u00e1rukou, v\u010detn\u011b v\u0161ech adekv\u00e1tn\u00edch homologac\u00ed, atest\u016f a certifik\u00e1t\u016f!<\/p>\n<\/div><\/section><\/div><div class='av-flex-placeholder'><\/div><div  class='flex_column av-23akzwl-30250571aadc7b47e67785ff79282138 av_one_half  avia-builder-el-6  el_after_av_one_half  el_before_av_one_full  flex_column_table_cell av-equal-height-column av-align-top  '     ><style type=\"text\/css\" data-created_by=\"avia_inline_auto\" id=\"style-css-av-lv2f2hgo-8e475b90b726ef8a283eeed77b109411\">\n.avia-image-container.av-lv2f2hgo-8e475b90b726ef8a283eeed77b109411 img.avia_image{\nbox-shadow:none;\n}\n.avia-image-container.av-lv2f2hgo-8e475b90b726ef8a283eeed77b109411 .av-image-caption-overlay-center{\ncolor:#ffffff;\n}\n<\/style>\n<div  class='avia-image-container av-lv2f2hgo-8e475b90b726ef8a283eeed77b109411 av-styling- avia-align-center  avia-builder-el-7  avia-builder-el-no-sibling '   itemprop=\"image\" itemscope=\"itemscope\" itemtype=\"https:\/\/schema.org\/ImageObject\" ><div class=\"avia-image-container-inner\"><div class=\"avia-image-overlay-wrap\"><img decoding=\"async\" fetchpriority=\"high\" class='wp-image-41072 avia-img-lazy-loading-not-41072 avia_image ' src=\"https:\/\/schwarzmueller.com\/wp-content\/uploads\/2024\/04\/csm_broschuere_startseite_pic-red_830_zuschn_de387b721f.jpg\" alt='' title='csm_broschuere_startseite_pic-red_830_zuschn_de387b721f'  height=\"675\" width=\"700\"  itemprop=\"thumbnailUrl\" srcset=\"https:\/\/schwarzmueller.com\/wp-content\/uploads\/2024\/04\/csm_broschuere_startseite_pic-red_830_zuschn_de387b721f.jpg 700w, https:\/\/schwarzmueller.com\/wp-content\/uploads\/2024\/04\/csm_broschuere_startseite_pic-red_830_zuschn_de387b721f-300x289.jpg 300w, https:\/\/schwarzmueller.com\/wp-content\/uploads\/2024\/04\/csm_broschuere_startseite_pic-red_830_zuschn_de387b721f-36x36.jpg 36w\" sizes=\"(max-width: 700px) 100vw, 700px\" \/><\/div><\/div><\/div><\/div><\/div><!--close column table wrapper. Autoclose: 1 --><div  class='flex_column av-v7m2xx-07de8660ad49e01720e19eae21086676 av_one_full  avia-builder-el-8  el_after_av_one_half  el_before_av_one_half  first flex_column_div  column-top-margin'     ><section  class='av_textblock_section av-lv2f3v3d-bc14180f376a372c93e098c24cd40b29 '   itemscope=\"itemscope\" itemtype=\"https:\/\/schema.org\/CreativeWork\" ><div class='avia_textblock'  itemprop=\"text\" ><div id=\"c16144\" class=\"frame frame-type-text frame-layout-0 frame-space-before-none frame-space-after-medium frame-padding-top-extra-large frame-padding-bottom-medium frame-\">\n<div class=\"ce-content\">\n<h3 class=\"schwa-h6\"><strong>R\u00e1di V\u00e1s budeme informovat o na\u0161ich nab\u00eddk\u00e1ch<\/strong><\/h3>\n<\/div>\n<\/div>\n<\/div><\/section><\/div><div class='flex_column_table av-1997dut-70ddf0721c6eb529df5d627b2eae83fe sc-av_one_half av-equal-height-column-flextable'><div  class='flex_column av-1997dut-70ddf0721c6eb529df5d627b2eae83fe av_one_half  avia-builder-el-10  el_after_av_one_full  el_before_av_one_half  first flex_column_table_cell av-equal-height-column av-align-top  column-top-margin'     ><style type=\"text\/css\" data-created_by=\"avia_inline_auto\" id=\"style-css-av-lv2f3gjh-b9a16a52cdb7953de4adb3364a4e21cd\">\n#top .av_textblock_section.av-lv2f3gjh-b9a16a52cdb7953de4adb3364a4e21cd .avia_textblock{\ntext-align:left;\n}\n<\/style>\n<section  class='av_textblock_section av-lv2f3gjh-b9a16a52cdb7953de4adb3364a4e21cd '   itemscope=\"itemscope\" itemtype=\"https:\/\/schema.org\/CreativeWork\" ><div class='avia_textblock image-dark-section-title'  itemprop=\"text\" ><p class=\"headline\"><strong>Pavel Kratochvil<\/strong><\/p>\n<p class=\"info\"><a title=\"+420 311 908-111\" href=\"+420 311 908-111\">+420 311 908-111<\/a><\/p>\n<p class=\"info\"><a title=\"pavel.kratochvil@schwarzmueller.com\" href=\"mailto:pavel.kratochvil@schwarzmueller.com\">pavel.kratochvil@schwarzmueller.com<\/a><\/p>\n<\/div><\/section><\/div><div class='av-flex-placeholder'><\/div><div  class='flex_column av-mdqr2d-3bf3cc736c826df6f35b459b784f561b av_one_half  avia-builder-el-12  el_after_av_one_half  avia-builder-el-last  flex_column_table_cell av-equal-height-column av-align-top  column-top-margin'     ><\/div><\/div><!--close column table wrapper. Autoclose: 1 -->\n\n<\/div><\/div><\/div><!-- close content main div --><\/div><\/div>\n<style type=\"text\/css\" data-created_by=\"avia_inline_auto\" id=\"style-css-av-lv3qowlx-813e40838fcad4be8470642bf4a0c710\">\n.avia-section.av-lv3qowlx-813e40838fcad4be8470642bf4a0c710{\nbackground-repeat:no-repeat;\nbackground-image:url(https:\/\/schwarzmueller.com\/wp-content\/uploads\/2024\/04\/background_as-2.jpg);\nbackground-position:50% 50%;\nbackground-attachment:scroll;\nmargin-top:0px;\nmargin-bottom:0px;\n}\n<\/style>\n<div id='av_section_3'  class='avia-section av-lv3qowlx-813e40838fcad4be8470642bf4a0c710 main_color avia-section-default avia-no-border-styling  avia-builder-el-13  el_after_av_section  avia-builder-el-last  avia-full-stretch avia-bg-style-scroll av-minimum-height av-minimum-height-100 av-height-100  container_wrap sidebar_left'  data-section-bg-repeat='stretch' data-av_minimum_height_pc='100' data-av_min_height_opt='100'><div class='container av-section-cont-open' ><div class='template-page content  av-content-small units'><div class='post-entry post-entry-type-page post-entry-61815'><div class='entry-content-wrapper clearfix'>\n\n<style type=\"text\/css\" data-created_by=\"avia_inline_auto\" id=\"style-css-av-lv3qpa3w-a075b873882be3ce68aa1484cb7b8db4\">\n#top .av_textblock_section.av-lv3qpa3w-a075b873882be3ce68aa1484cb7b8db4 .avia_textblock{\ncolor:#ffffff;\ntext-align:center;\n}\n<\/style>\n<section  class='av_textblock_section av-lv3qpa3w-a075b873882be3ce68aa1484cb7b8db4 '   itemscope=\"itemscope\" itemtype=\"https:\/\/schema.org\/CreativeWork\" ><div class='avia_textblock image-dark-section-heading av_inherit_color'  itemprop=\"text\" ><div id=\"c16138\" class=\"frame frame-type-text frame-layout-0 frame-space-before-none frame-space-after-medium frame-padding-top-none frame-padding-bottom-none frame-\">\n<div class=\"ce-content\">\n<h2 class=\"align-center\">Bezplatn\u00e1 celoevropsk\u00e1<br \/>\nt\u00eds\u0148ov\u00e1 linka 24\/7<\/h2>\n<\/div>\n<\/div>\n<div id=\"c16139\" class=\"frame frame-type-text frame-layout-0 frame-space-before-extra-large frame-space-after-medium frame-padding-top-none frame-padding-bottom-none frame-\">\n<p><a style=\"font-size: 34px;font-weight: 600\" title=\"+43 36 22 723 00 66\" href=\"tel:+4336227230066\">+43 36 22 723 00 66<\/a><\/p>\n<div class=\"ce-content\"><\/div>\n<\/div>\n<\/div><\/section>\n<\/div><\/div><\/div><!-- close content main div --><\/div><\/div><div id='after_section_3'  class='main_color av_default_container_wrap container_wrap sidebar_left'  ><div class='container av-section-cont-open' ><div class='template-page content  av-content-small units'><div class='post-entry post-entry-type-page post-entry-61815'><div class='entry-content-wrapper clearfix'>\n","protected":false},"excerpt":{"rendered":"","protected":false},"author":6,"featured_media":0,"parent":59745,"menu_order":0,"comment_status":"closed","ping_status":"closed","template":"","meta":{"_acf_changed":false,"_relevanssi_hide_post":"","_relevanssi_hide_content":"","_relevanssi_pin_for_all":"","_relevanssi_pin_keywords":"","_relevanssi_unpin_keywords":"","_relevanssi_related_keywords":"","_relevanssi_related_include_ids":"","_relevanssi_related_exclude_ids":"","_relevanssi_related_no_append":"","_relevanssi_related_not_related":"","_relevanssi_related_posts":"51316,51322,51349,51335,51367,62799","_relevanssi_noindex_reason":"","footnotes":""},"class_list":["post-61815","page","type-page","status-publish","hentry"],"acf":[],"yoast_head":"<!-- This site is optimized with the Yoast SEO Premium plugin v26.4 (Yoast SEO v27.2) - https:\/\/yoast.com\/product\/yoast-seo-premium-wordpress\/ -->\n<title>Servis cisternov\u00e1 vozidla - Schwarzm\u00fcller<\/title>\n<meta name=\"robots\" content=\"index, follow, max-snippet:-1, max-image-preview:large, max-video-preview:-1\" \/>\n<link rel=\"canonical\" href=\"https:\/\/schwarzmueller.com\/cs\/sluzby\/servis-cisternova-vozidla\/\" \/>\n<meta property=\"og:locale\" content=\"cs_CZ\" \/>\n<meta property=\"og:type\" content=\"article\" \/>\n<meta property=\"og:title\" content=\"Servis cisternov\u00e1 vozidla\" \/>\n<meta property=\"og:url\" content=\"https:\/\/schwarzmueller.com\/cs\/sluzby\/servis-cisternova-vozidla\/\" \/>\n<meta property=\"og:site_name\" content=\"Schwarzm\u00fcller\" \/>\n<meta property=\"article:modified_time\" content=\"2024-10-15T12:37:36+00:00\" \/>\n<meta property=\"og:image\" content=\"https:\/\/schwarzmueller.com\/wp-content\/uploads\/2024\/03\/csm_schwarzmueller-IAA-2022-tp-schubboden_60f424c13a.jpg\" \/>\n\t<meta property=\"og:image:width\" content=\"768\" \/>\n\t<meta property=\"og:image:height\" content=\"480\" \/>\n\t<meta property=\"og:image:type\" content=\"image\/jpeg\" \/>\n<meta name=\"twitter:card\" content=\"summary_large_image\" \/>\n<meta name=\"twitter:label1\" content=\"Odhadovan\u00e1 doba \u010dten\u00ed\" \/>\n\t<meta name=\"twitter:data1\" content=\"2 minuty\" \/>\n<script type=\"application\/ld+json\" class=\"yoast-schema-graph\">{\"@context\":\"https:\/\/schema.org\",\"@graph\":[{\"@type\":\"WebPage\",\"@id\":\"https:\/\/schwarzmueller.com\/cs\/sluzby\/servis-cisternova-vozidla\/\",\"url\":\"https:\/\/schwarzmueller.com\/cs\/sluzby\/servis-cisternova-vozidla\/\",\"name\":\"Servis cisternov\u00e1 vozidla - Schwarzm\u00fcller\",\"isPartOf\":{\"@id\":\"https:\/\/schwarzmueller.com\/en\/#website\"},\"datePublished\":\"2024-04-04T12:32:08+00:00\",\"dateModified\":\"2024-10-15T12:37:36+00:00\",\"breadcrumb\":{\"@id\":\"https:\/\/schwarzmueller.com\/cs\/sluzby\/servis-cisternova-vozidla\/#breadcrumb\"},\"inLanguage\":\"cs\",\"potentialAction\":[{\"@type\":\"ReadAction\",\"target\":[\"https:\/\/schwarzmueller.com\/cs\/sluzby\/servis-cisternova-vozidla\/\"]}]},{\"@type\":\"BreadcrumbList\",\"@id\":\"https:\/\/schwarzmueller.com\/cs\/sluzby\/servis-cisternova-vozidla\/#breadcrumb\",\"itemListElement\":[{\"@type\":\"ListItem\",\"position\":1,\"name\":\"Home\",\"item\":\"https:\/\/schwarzmueller.com\/cs\/home-2\/\"},{\"@type\":\"ListItem\",\"position\":2,\"name\":\"Slu\u017eby\",\"item\":\"https:\/\/schwarzmueller.com\/cs\/sluzby\/\"},{\"@type\":\"ListItem\",\"position\":3,\"name\":\"Servis cisternov\u00e1 vozidla\"}]},{\"@type\":\"WebSite\",\"@id\":\"https:\/\/schwarzmueller.com\/en\/#website\",\"url\":\"https:\/\/schwarzmueller.com\/en\/\",\"name\":\"Schwarzm\u00fcller | Intelligente Fahrzeuge\",\"description\":\"Ganz auf exzellente Fahrzeugtechnik gebaut\",\"publisher\":{\"@id\":\"https:\/\/schwarzmueller.com\/en\/#organization\"},\"alternateName\":\"Schwarzm\u00fcller\",\"potentialAction\":[{\"@type\":\"SearchAction\",\"target\":{\"@type\":\"EntryPoint\",\"urlTemplate\":\"https:\/\/schwarzmueller.com\/en\/?s={search_term_string}\"},\"query-input\":{\"@type\":\"PropertyValueSpecification\",\"valueRequired\":true,\"valueName\":\"search_term_string\"}}],\"inLanguage\":\"cs\"},{\"@type\":\"Organization\",\"@id\":\"https:\/\/schwarzmueller.com\/en\/#organization\",\"name\":\"Schwarzm\u00fcller\",\"url\":\"https:\/\/schwarzmueller.com\/en\/\",\"logo\":{\"@type\":\"ImageObject\",\"inLanguage\":\"cs\",\"@id\":\"https:\/\/schwarzmueller.com\/en\/#\/schema\/logo\/image\/\",\"url\":\"https:\/\/schwarzmueller.com\/wp-content\/uploads\/2024\/05\/sm_icon_logo.svg\",\"contentUrl\":\"https:\/\/schwarzmueller.com\/wp-content\/uploads\/2024\/05\/sm_icon_logo.svg\",\"width\":1,\"height\":1,\"caption\":\"Schwarzm\u00fcller\"},\"image\":{\"@id\":\"https:\/\/schwarzmueller.com\/en\/#\/schema\/logo\/image\/\"}}]}<\/script>\n<!-- \/ Yoast SEO Premium plugin. -->","yoast_head_json":{"title":"Servis cisternov\u00e1 vozidla - Schwarzm\u00fcller","robots":{"index":"index","follow":"follow","max-snippet":"max-snippet:-1","max-image-preview":"max-image-preview:large","max-video-preview":"max-video-preview:-1"},"canonical":"https:\/\/schwarzmueller.com\/cs\/sluzby\/servis-cisternova-vozidla\/","og_locale":"cs_CZ","og_type":"article","og_title":"Servis cisternov\u00e1 vozidla","og_url":"https:\/\/schwarzmueller.com\/cs\/sluzby\/servis-cisternova-vozidla\/","og_site_name":"Schwarzm\u00fcller","article_modified_time":"2024-10-15T12:37:36+00:00","og_image":[{"width":768,"height":480,"url":"https:\/\/schwarzmueller.com\/wp-content\/uploads\/2024\/03\/csm_schwarzmueller-IAA-2022-tp-schubboden_60f424c13a.jpg","type":"image\/jpeg"}],"twitter_card":"summary_large_image","twitter_misc":{"Odhadovan\u00e1 doba \u010dten\u00ed":"2 minuty"},"schema":{"@context":"https:\/\/schema.org","@graph":[{"@type":"WebPage","@id":"https:\/\/schwarzmueller.com\/cs\/sluzby\/servis-cisternova-vozidla\/","url":"https:\/\/schwarzmueller.com\/cs\/sluzby\/servis-cisternova-vozidla\/","name":"Servis cisternov\u00e1 vozidla - Schwarzm\u00fcller","isPartOf":{"@id":"https:\/\/schwarzmueller.com\/en\/#website"},"datePublished":"2024-04-04T12:32:08+00:00","dateModified":"2024-10-15T12:37:36+00:00","breadcrumb":{"@id":"https:\/\/schwarzmueller.com\/cs\/sluzby\/servis-cisternova-vozidla\/#breadcrumb"},"inLanguage":"cs","potentialAction":[{"@type":"ReadAction","target":["https:\/\/schwarzmueller.com\/cs\/sluzby\/servis-cisternova-vozidla\/"]}]},{"@type":"BreadcrumbList","@id":"https:\/\/schwarzmueller.com\/cs\/sluzby\/servis-cisternova-vozidla\/#breadcrumb","itemListElement":[{"@type":"ListItem","position":1,"name":"Home","item":"https:\/\/schwarzmueller.com\/cs\/home-2\/"},{"@type":"ListItem","position":2,"name":"Slu\u017eby","item":"https:\/\/schwarzmueller.com\/cs\/sluzby\/"},{"@type":"ListItem","position":3,"name":"Servis cisternov\u00e1 vozidla"}]},{"@type":"WebSite","@id":"https:\/\/schwarzmueller.com\/en\/#website","url":"https:\/\/schwarzmueller.com\/en\/","name":"Schwarzm\u00fcller | Intelligente Fahrzeuge","description":"Ganz auf exzellente Fahrzeugtechnik gebaut","publisher":{"@id":"https:\/\/schwarzmueller.com\/en\/#organization"},"alternateName":"Schwarzm\u00fcller","potentialAction":[{"@type":"SearchAction","target":{"@type":"EntryPoint","urlTemplate":"https:\/\/schwarzmueller.com\/en\/?s={search_term_string}"},"query-input":{"@type":"PropertyValueSpecification","valueRequired":true,"valueName":"search_term_string"}}],"inLanguage":"cs"},{"@type":"Organization","@id":"https:\/\/schwarzmueller.com\/en\/#organization","name":"Schwarzm\u00fcller","url":"https:\/\/schwarzmueller.com\/en\/","logo":{"@type":"ImageObject","inLanguage":"cs","@id":"https:\/\/schwarzmueller.com\/en\/#\/schema\/logo\/image\/","url":"https:\/\/schwarzmueller.com\/wp-content\/uploads\/2024\/05\/sm_icon_logo.svg","contentUrl":"https:\/\/schwarzmueller.com\/wp-content\/uploads\/2024\/05\/sm_icon_logo.svg","width":1,"height":1,"caption":"Schwarzm\u00fcller"},"image":{"@id":"https:\/\/schwarzmueller.com\/en\/#\/schema\/logo\/image\/"}}]}},"_links":{"self":[{"href":"https:\/\/schwarzmueller.com\/cs\/wp-json\/wp\/v2\/pages\/61815","targetHints":{"allow":["GET"]}}],"collection":[{"href":"https:\/\/schwarzmueller.com\/cs\/wp-json\/wp\/v2\/pages"}],"about":[{"href":"https:\/\/schwarzmueller.com\/cs\/wp-json\/wp\/v2\/types\/page"}],"author":[{"embeddable":true,"href":"https:\/\/schwarzmueller.com\/cs\/wp-json\/wp\/v2\/users\/6"}],"replies":[{"embeddable":true,"href":"https:\/\/schwarzmueller.com\/cs\/wp-json\/wp\/v2\/comments?post=61815"}],"version-history":[{"count":7,"href":"https:\/\/schwarzmueller.com\/cs\/wp-json\/wp\/v2\/pages\/61815\/revisions"}],"predecessor-version":[{"id":81551,"href":"https:\/\/schwarzmueller.com\/cs\/wp-json\/wp\/v2\/pages\/61815\/revisions\/81551"}],"up":[{"embeddable":true,"href":"https:\/\/schwarzmueller.com\/cs\/wp-json\/wp\/v2\/pages\/59745"}],"wp:attachment":[{"href":"https:\/\/schwarzmueller.com\/cs\/wp-json\/wp\/v2\/media?parent=61815"}],"curies":[{"name":"wp","href":"https:\/\/api.w.org\/{rel}","templated":true}]}}