{"id":61336,"date":"2024-02-16T11:29:27","date_gmt":"2024-02-16T10:29:27","guid":{"rendered":"https:\/\/schwarzmueller.com\/sluzby\/hledani-servisni-dilny\/"},"modified":"2024-10-09T11:43:31","modified_gmt":"2024-10-09T09:43:31","slug":"hledani-servisni-dilny","status":"publish","type":"page","link":"https:\/\/schwarzmueller.com\/cs\/sluzby\/hledani-servisni-dilny\/","title":{"rendered":"Hledani servisni dilny"},"content":{"rendered":"\n<style type=\"text\/css\" data-created_by=\"avia_inline_auto\" id=\"style-css-av-lv2cnmd9-2a8da3537253a72ec74afa9afdacf6dd\">\n.avia-section.av-lv2cnmd9-2a8da3537253a72ec74afa9afdacf6dd{\nbackground-repeat:no-repeat;\nbackground-image:url(https:\/\/schwarzmueller.com\/wp-content\/uploads\/2024\/04\/SM-Punktschweisser-MPS00631.jpg);\nbackground-position:50% 50%;\nbackground-attachment:scroll;\n}\n.avia-section.av-lv2cnmd9-2a8da3537253a72ec74afa9afdacf6dd .av-section-color-overlay{\nopacity:0.5;\nbackground-color:#0a0a0a;\n}\n<\/style>\n<div id='av_section_1'  class='avia-section av-lv2cnmd9-2a8da3537253a72ec74afa9afdacf6dd main_color avia-section-huge avia-no-border-styling  avia-builder-el-0  el_before_av_textblock  avia-builder-el-first  avia-full-stretch avia-bg-style-scroll av-section-color-overlay-active av-minimum-height av-minimum-height-custom av-height-custom  container_wrap sidebar_left'  data-section-bg-repeat='stretch' data-av_minimum_height_px='512'><div class=\"av-section-color-overlay-wrap\"><div class=\"av-section-color-overlay\"><\/div><div class='container av-section-cont-open' style='height:512px'><main  role=\"main\" itemprop=\"mainContentOfPage\"  class='template-page content  av-content-small units'><div class='post-entry post-entry-type-page post-entry-61336'><div class='entry-content-wrapper clearfix'>\n\n<style type=\"text\/css\" data-created_by=\"avia_inline_auto\" id=\"style-css-av-lv2bw1rn-c9785b797d7e6b75f0a0c74b6be31c42\">\n#top .av_textblock_section.av-lv2bw1rn-c9785b797d7e6b75f0a0c74b6be31c42 .avia_textblock{\ncolor:#ffffff;\ntext-align:center;\n}\n<\/style>\n<section  class='av_textblock_section av-lv2bw1rn-c9785b797d7e6b75f0a0c74b6be31c42 '   itemscope=\"itemscope\" itemtype=\"https:\/\/schema.org\/CreativeWork\" ><div class='avia_textblock hero-title av_inherit_color'  itemprop=\"text\" ><h1>V bl\u00edzkosti z\u00e1kazn\u00edk\u016f v 21 zem\u00edch<\/h1>\n<div class=\"headline\">\n<p>Pro optim\u00e1ln\u00ed p\u00e9\u010di o va\u0161e pr\u00e9miov\u00e9 vozidlo: servisn\u00ed m\u00edsta Schwarzm\u00fcller a servisn\u00ed partne\u0159i na v\u0161ech d\u016fle\u017eit\u00fdch tranzitn\u00edch tras\u00e1ch ve st\u0159edn\u00ed Evrop\u011b<\/p>\n<\/div>\n<\/div><\/section>\n<div  class='avia-button-wrap av-3wjft-d3476dacb0eec733148b92078a21e510-wrap avia-button-left  avia-builder-el-2  el_after_av_textblock  avia-builder-el-last  button-filled-red'>\n<style type=\"text\/css\" data-created_by=\"avia_inline_auto\" id=\"style-css-av-3wjft-d3476dacb0eec733148b92078a21e510\">\n#top #wrap_all .avia-button.av-3wjft-d3476dacb0eec733148b92078a21e510{\nborder-style:none;\nborder-radius:0 0 0 0;\ntransition:all 0.4s ease-in-out;\nmargin:2rem 0 2rem 0;\npadding:1rem 2rem 1rem 2rem;\n}\n#top #wrap_all .avia-button.av-3wjft-d3476dacb0eec733148b92078a21e510:hover{\nbackground-color:white;\ncolor:black;\ntransition:all 0.4s ease-in-out;\n}\n#top #wrap_all.avia-button.av-3wjft-d3476dacb0eec733148b92078a21e510:hover .avia_button_background{\nborder-radius:0 0 0 0;\n}\n#top #wrap_all .avia-button.av-3wjft-d3476dacb0eec733148b92078a21e510:hover .avia-svg-icon svg:first-child{\nfill:black;\nstroke:black;\n}\n<\/style>\n<a href='https:\/\/schwarzmueller.com\/cs\/sluzby\/hledani-servisni-dilny\/#karte'  class='avia-button av-3wjft-d3476dacb0eec733148b92078a21e510 av-link-btn avia-icon_select-no avia-size-medium avia-position-left avia-color-theme-color avia-font-color-white'   aria-label=\"Zobrazit mapu\"><span class='avia_iconbox_title' >Zobrazit mapu<\/span><\/a><\/div>\n<\/div><\/div><\/main><!-- close content main element --><\/div><\/div><\/div><div id='after_section_1'  class='main_color av_default_container_wrap container_wrap sidebar_left'  ><div class='container av-section-cont-open' ><div class='template-page content  av-content-small units'><div class='post-entry post-entry-type-page post-entry-61336'><div class='entry-content-wrapper clearfix'>\n<section  class='av_textblock_section av-tvn5-6b11df157f066ff76c57a5d7ce7e417e '   itemscope=\"itemscope\" itemtype=\"https:\/\/schema.org\/CreativeWork\" ><div class='avia_textblock sch-breadcrumb'  itemprop=\"text\" ><div class=\"breadcrumb breadcrumbs avia-breadcrumbs\"><div class=\"breadcrumb-trail\" ><span class=\"trail-before\"><span class=\"breadcrumb-title\">Jste zde:<\/span><\/span> <span  itemscope=\"itemscope\" itemtype=\"https:\/\/schema.org\/BreadcrumbList\" ><span  itemscope=\"itemscope\" itemtype=\"https:\/\/schema.org\/ListItem\" itemprop=\"itemListElement\" ><a itemprop=\"url\" href=\"https:\/\/schwarzmueller.com\/cs\/\" title=\"Schwarzm\u00fcller\" rel=\"home\" class=\"trail-begin\"><span itemprop=\"name\">Dom\u016f<\/span><\/a><span itemprop=\"position\" class=\"hidden\">1<\/span><\/span><\/span><\/div><\/div>\n<\/div><\/section>\n<\/div><\/div><\/div><!-- close content main div --><\/div><\/div><div id='karte'  class='avia-section av-lw7zq103-03d33e6c204227668d794c84a7d595ed main_color avia-section-no-padding avia-no-border-styling  avia-builder-el-4  el_after_av_textblock  el_before_av_section  wpsl-store-container avia-bg-style-scroll container_wrap sidebar_left'  ><div class='container av-section-cont-open' ><div class='template-page content  av-content-small units'><div class='post-entry post-entry-type-page post-entry-61336'><div class='entry-content-wrapper clearfix'>\n<section  class='av_textblock_section av-vtl29x-517178cc1be2459a7a8a5a697e2a282a '   itemscope=\"itemscope\" itemtype=\"https:\/\/schema.org\/CreativeWork\" ><div class='avia_textblock'  itemprop=\"text\" ><style>\r\n\t#wpsl-stores .wpsl-store-thumb {height:45px !important; width:45px !important;}\r\n\t#wpsl-stores, #wpsl-direction-details, #wpsl-gmap {height:600px !important;}\r\n\t#wpsl-gmap .wpsl-info-window {max-width:325px !important;}\r\n\t.wpsl-input label, #wpsl-radius label, #wpsl-category label {width:95px;}\r\n\t#wpsl-search-input  {width:179px;}\r\n<\/style>\r\n<div class=\"sch-result-store-wrapper\"><div id=\"wpsl-gmap\" class=\"wpsl-gmap-canvas\"><\/div>\r\n<div class=\"sch-result-store-flex\"><div id=\"wpsl-wrap\" style=\"overflow:visible;\">\r\n<div class=\"wpsl-search wpsl-clearfix \">\r\n<div>\r\n<h2 class=\"schwa-h5\">Slu\u017eby p\u0159\u00edmo ve va\u0161em okol\u00ed<\/h2>\r\n<p>Aby bylo va\u0161e vozidlo Schwarzm\u00fcller v perfektn\u00edm stavu, nab\u00edz\u00edme v\u00e1m celoevropskou s\u00ed\u0165 servisn\u00edch st\u0159edisek.<\/p>\r\n<\/div>\r\n<div id=\"wpsl-search-wrap\">\r\n<form autocomplete=\"off\">\r\n<div class=\"wpsl-input\">\r\n<input id=\"wpsl-search-input\" placeholder=\"PLZ eingeben\" type=\"text\" value=\"\" name=\"wpsl-search-input\" placeholder=\"\" aria-required=\"true\" \/>\r\n<\/div>\r\n<div class=\"wpsl-select-wrap\">\r\n<div id=\"wpsl-radius\">\r\n<label for=\"wpsl-radius-dropdown\">Polom\u011br vyhled\u00e1v\u00e1n\u00ed:\t\t\t<\/label>\r\n<select id=\"wpsl-radius-dropdown\" class=\"wpsl-dropdown\" name=\"wpsl-radius\">\r\n<option value=\"50\">50 km<\/option><option value=\"100\">100 km<\/option><option value=\"200\">200 km<\/option><option selected=\"selected\" value=\"400\">400 km<\/option>\r\n<\/select>\r\n<\/div>\r\n<div id=\"wpsl-results\">\r\n<label for=\"wpsl-results-dropdown\">Zobrazen\u00e9 v\u00fdsledky: <\/label>\r\n<select id=\"wpsl-results-dropdown\" class=\"wpsl-dropdown\" name=\"wpsl-results\">\r\n<option value=\"25\">25<\/option><option value=\"50\">50<\/option><option selected=\"selected\" value=\"100\">100<\/option>\r\n<\/select>\r\n<\/div>\r\n<\/div>\r\n<div class=\"wpsl-search-btn-wrap\"><input id=\"wpsl-search-btn\" type=\"submit\" value=\"Vyhled\u00e1v\u00e1n\u00ed\"><\/div>\r\n<\/form>\r\n<\/div>\r\n<\/div>\r\n<\/div>\r\n<div id=\"wpsl-result-list\">\r\n<div id=\"wpsl-stores\" >\r\n<ul><\/ul>\r\n<\/div>\r\n<div id=\"wpsl-direction-details\">\r\n<ul><\/ul>\r\n<\/div>\r\n<\/div>\r\n<\/div><\/div><\/div>\r\n\n<\/div><\/section>\n\n<\/div><\/div><\/div><!-- close content main div --><\/div><\/div>\n<style type=\"text\/css\" data-created_by=\"avia_inline_auto\" id=\"style-css-av-lv2bzubd-8bf2abaf334c038fb42364a5937ad24e\">\n.avia-section.av-lv2bzubd-8bf2abaf334c038fb42364a5937ad24e{\nbackground-repeat:no-repeat;\nbackground-image:url(https:\/\/schwarzmueller.com\/wp-content\/uploads\/2024\/04\/csm_servicewerkstaetten_7d9247cfb8.jpg);\nbackground-position:50% 50%;\nbackground-attachment:scroll;\n}\n.avia-section.av-lv2bzubd-8bf2abaf334c038fb42364a5937ad24e .av-section-color-overlay{\nopacity:0.5;\nbackground-color:#000000;\n}\n<\/style>\n<div id='av_section_3'  class='avia-section av-lv2bzubd-8bf2abaf334c038fb42364a5937ad24e main_color avia-section-no-padding avia-no-border-styling  avia-builder-el-6  el_after_av_section  el_before_av_section  image-dark-section-background avia-full-stretch avia-bg-style-scroll av-section-color-overlay-active av-minimum-height av-minimum-height-100 av-height-100  container_wrap sidebar_left'  data-section-bg-repeat='stretch' data-av_minimum_height_pc='100' data-av_min_height_opt='100'><div class=\"av-section-color-overlay-wrap\"><div class=\"av-section-color-overlay\"><\/div><div class='container av-section-cont-open' ><div class='template-page content  av-content-small units'><div class='post-entry post-entry-type-page post-entry-61336'><div class='entry-content-wrapper clearfix'>\n\n<style type=\"text\/css\" data-created_by=\"avia_inline_auto\" id=\"style-css-av-lv2c0jux-3db82058d66ba7b81dd55786573846dd\">\n#top .av_textblock_section.av-lv2c0jux-3db82058d66ba7b81dd55786573846dd .avia_textblock{\ncolor:#ffffff;\ntext-align:center;\n}\n<\/style>\n<section  class='av_textblock_section av-lv2c0jux-3db82058d66ba7b81dd55786573846dd '   itemscope=\"itemscope\" itemtype=\"https:\/\/schema.org\/CreativeWork\" ><div class='avia_textblock image-dark-section-heading av_inherit_color'  itemprop=\"text\" ><h2 class=\"align-center\">Mezin\u00e1rodn\u00ed servisn\u00ed d\u00edlny<br \/>\nkoncernu Schwarzm\u00fcller<\/h2>\n<\/div><\/section>\n<div  class='avia-button-wrap av-2nig9-b536375ad286b7c8ce84a7e9a5759154-wrap avia-button-center  avia-builder-el-8  el_after_av_textblock  avia-builder-el-last  button-filled-red'>\n<style type=\"text\/css\" data-created_by=\"avia_inline_auto\" id=\"style-css-av-2nig9-b536375ad286b7c8ce84a7e9a5759154\">\n#top #wrap_all .avia-button.av-2nig9-b536375ad286b7c8ce84a7e9a5759154{\nborder-style:none;\nborder-radius:0 0 0 0;\ntransition:all 0.4s ease-in-out;\nmargin:2rem 0 2rem 0;\npadding:1rem 2rem 1rem 2rem;\n}\n#top #wrap_all .avia-button.av-2nig9-b536375ad286b7c8ce84a7e9a5759154:hover{\nbackground-color:white;\ncolor:black;\ntransition:all 0.4s ease-in-out;\n}\n#top #wrap_all.avia-button.av-2nig9-b536375ad286b7c8ce84a7e9a5759154:hover .avia_button_background{\nborder-radius:0 0 0 0;\n}\n#top #wrap_all .avia-button.av-2nig9-b536375ad286b7c8ce84a7e9a5759154:hover .avia-svg-icon svg:first-child{\nfill:black;\nstroke:black;\n}\n<\/style>\n<a href='https:\/\/schwarzmueller.com\/cs\/sluzby\/servisni-dilny-schwarzmueller\/'  class='avia-button av-2nig9-b536375ad286b7c8ce84a7e9a5759154 av-link-btn avia-icon_select-no avia-size-medium avia-position-center avia-color-theme-color avia-font-color-white'   aria-label=\"Dozv\u011bd\u011bt se v\u00edce\"><span class='avia_iconbox_title' >Dozv\u011bd\u011bt se v\u00edce<\/span><\/a><\/div>\n\n<\/div><\/div><\/div><!-- close content main div --><\/div><\/div><\/div>\n<style type=\"text\/css\" data-created_by=\"avia_inline_auto\" id=\"style-css-av-81zt-54b43cccfcfef36fb29df5bd9338b461\">\n.avia-section.av-81zt-54b43cccfcfef36fb29df5bd9338b461{\nbackground-repeat:repeat;\nbackground-image:url(https:\/\/schwarzmueller.com\/wp-content\/uploads\/2024\/03\/pattern2.png);\nbackground-position:0% 0%;\nbackground-attachment:scroll;\n}\n<\/style>\n<div id='av_section_4'  class='avia-section av-81zt-54b43cccfcfef36fb29df5bd9338b461 main_color avia-section-huge avia-no-border-styling  avia-builder-el-9  el_after_av_section  avia-builder-el-last  pattern-section-background avia-bg-style-scroll container_wrap sidebar_left'  data-section-bg-repeat='repeat'><div class='container av-section-cont-open' ><div class='template-page content  av-content-small units'><div class='post-entry post-entry-type-page post-entry-61336'><div class='entry-content-wrapper clearfix'>\n\n<style type=\"text\/css\" data-created_by=\"avia_inline_auto\" id=\"style-css-av-lv2c87d8-88259b0ffa15c78df8adfe2ee2fc2ff0\">\n#top .av_textblock_section.av-lv2c87d8-88259b0ffa15c78df8adfe2ee2fc2ff0 .avia_textblock{\nfont-size:40px;\ntext-align:center;\n}\n<\/style>\n<section  class='av_textblock_section av-lv2c87d8-88259b0ffa15c78df8adfe2ee2fc2ff0 '   itemscope=\"itemscope\" itemtype=\"https:\/\/schema.org\/CreativeWork\" ><div class='avia_textblock image-dark-section-heading'  itemprop=\"text\" ><div id=\"c1603\" class=\"frame frame-type-text frame-layout-0 frame-space-before-large frame-space-after-medium frame-padding-top-none frame-padding-bottom-none frame-\">\n<div class=\"ce-content\">\n<h2 class=\"align-center schwa-h3\">Bezplatn\u00e1 celoevropsk\u00e1<br \/>\nt\u00eds\u0148ov\u00e1 linka 24\/7<\/h2>\n<p><a style=\"font-size: 34px;font-weight: 600\" title=\"+43 36 22 723 00 66\" href=\"tel:+4336227230066\">+43 36 22 723 00 66<\/a><\/p>\n<\/div>\n<\/div>\n<\/div><\/section>\n<\/div><\/div><\/div><!-- close content main div --><\/div><\/div><div id='after_section_4'  class='main_color av_default_container_wrap container_wrap sidebar_left'  ><div class='container av-section-cont-open' ><div class='template-page content  av-content-small units'><div class='post-entry post-entry-type-page post-entry-61336'><div class='entry-content-wrapper clearfix'>\n","protected":false},"excerpt":{"rendered":"","protected":false},"author":5,"featured_media":0,"parent":59745,"menu_order":0,"comment_status":"closed","ping_status":"closed","template":"","meta":{"_acf_changed":false,"_relevanssi_hide_post":"","_relevanssi_hide_content":"","_relevanssi_pin_for_all":"","_relevanssi_pin_keywords":"","_relevanssi_unpin_keywords":"","_relevanssi_related_keywords":"","_relevanssi_related_include_ids":"","_relevanssi_related_exclude_ids":"","_relevanssi_related_no_append":"","_relevanssi_related_not_related":"","_relevanssi_related_posts":"51316,51333,51397,51301,51310,51317","_relevanssi_noindex_reason":"","footnotes":""},"class_list":["post-61336","page","type-page","status-publish","hentry"],"acf":[],"yoast_head":"<!-- This site is optimized with the Yoast SEO Premium plugin v26.4 (Yoast SEO v27.2) - https:\/\/yoast.com\/product\/yoast-seo-premium-wordpress\/ -->\n<title>Hledani servisni dilny - Schwarzm\u00fcller<\/title>\n<meta name=\"robots\" content=\"index, follow, max-snippet:-1, max-image-preview:large, max-video-preview:-1\" \/>\n<link rel=\"canonical\" href=\"https:\/\/schwarzmueller.com\/cs\/sluzby\/hledani-servisni-dilny\/\" \/>\n<meta property=\"og:locale\" content=\"cs_CZ\" \/>\n<meta property=\"og:type\" content=\"article\" \/>\n<meta property=\"og:title\" content=\"Hledani servisni dilny\" \/>\n<meta property=\"og:url\" content=\"https:\/\/schwarzmueller.com\/cs\/sluzby\/hledani-servisni-dilny\/\" \/>\n<meta property=\"og:site_name\" content=\"Schwarzm\u00fcller\" \/>\n<meta property=\"article:modified_time\" content=\"2024-10-09T09:43:31+00:00\" \/>\n<meta property=\"og:image\" content=\"https:\/\/schwarzmueller.com\/wp-content\/uploads\/2024\/03\/csm_schwarzmueller-IAA-2022-tp-schubboden_60f424c13a.jpg\" \/>\n\t<meta property=\"og:image:width\" content=\"768\" \/>\n\t<meta property=\"og:image:height\" content=\"480\" \/>\n\t<meta property=\"og:image:type\" content=\"image\/jpeg\" \/>\n<meta name=\"twitter:card\" content=\"summary_large_image\" \/>\n<script type=\"application\/ld+json\" class=\"yoast-schema-graph\">{\"@context\":\"https:\/\/schema.org\",\"@graph\":[{\"@type\":\"WebPage\",\"@id\":\"https:\/\/schwarzmueller.com\/cs\/sluzby\/hledani-servisni-dilny\/\",\"url\":\"https:\/\/schwarzmueller.com\/cs\/sluzby\/hledani-servisni-dilny\/\",\"name\":\"Hledani servisni dilny - Schwarzm\u00fcller\",\"isPartOf\":{\"@id\":\"https:\/\/schwarzmueller.com\/en\/#website\"},\"datePublished\":\"2024-02-16T10:29:27+00:00\",\"dateModified\":\"2024-10-09T09:43:31+00:00\",\"breadcrumb\":{\"@id\":\"https:\/\/schwarzmueller.com\/cs\/sluzby\/hledani-servisni-dilny\/#breadcrumb\"},\"inLanguage\":\"cs\",\"potentialAction\":[{\"@type\":\"ReadAction\",\"target\":[\"https:\/\/schwarzmueller.com\/cs\/sluzby\/hledani-servisni-dilny\/\"]}]},{\"@type\":\"BreadcrumbList\",\"@id\":\"https:\/\/schwarzmueller.com\/cs\/sluzby\/hledani-servisni-dilny\/#breadcrumb\",\"itemListElement\":[{\"@type\":\"ListItem\",\"position\":1,\"name\":\"Home\",\"item\":\"https:\/\/schwarzmueller.com\/cs\/home-2\/\"},{\"@type\":\"ListItem\",\"position\":2,\"name\":\"Slu\u017eby\",\"item\":\"https:\/\/schwarzmueller.com\/cs\/sluzby\/\"},{\"@type\":\"ListItem\",\"position\":3,\"name\":\"Hledani servisni dilny\"}]},{\"@type\":\"WebSite\",\"@id\":\"https:\/\/schwarzmueller.com\/en\/#website\",\"url\":\"https:\/\/schwarzmueller.com\/en\/\",\"name\":\"Schwarzm\u00fcller | Intelligente Fahrzeuge\",\"description\":\"Ganz auf exzellente Fahrzeugtechnik gebaut\",\"publisher\":{\"@id\":\"https:\/\/schwarzmueller.com\/en\/#organization\"},\"alternateName\":\"Schwarzm\u00fcller\",\"potentialAction\":[{\"@type\":\"SearchAction\",\"target\":{\"@type\":\"EntryPoint\",\"urlTemplate\":\"https:\/\/schwarzmueller.com\/en\/?s={search_term_string}\"},\"query-input\":{\"@type\":\"PropertyValueSpecification\",\"valueRequired\":true,\"valueName\":\"search_term_string\"}}],\"inLanguage\":\"cs\"},{\"@type\":\"Organization\",\"@id\":\"https:\/\/schwarzmueller.com\/en\/#organization\",\"name\":\"Schwarzm\u00fcller\",\"url\":\"https:\/\/schwarzmueller.com\/en\/\",\"logo\":{\"@type\":\"ImageObject\",\"inLanguage\":\"cs\",\"@id\":\"https:\/\/schwarzmueller.com\/en\/#\/schema\/logo\/image\/\",\"url\":\"https:\/\/schwarzmueller.com\/wp-content\/uploads\/2024\/05\/sm_icon_logo.svg\",\"contentUrl\":\"https:\/\/schwarzmueller.com\/wp-content\/uploads\/2024\/05\/sm_icon_logo.svg\",\"width\":1,\"height\":1,\"caption\":\"Schwarzm\u00fcller\"},\"image\":{\"@id\":\"https:\/\/schwarzmueller.com\/en\/#\/schema\/logo\/image\/\"}}]}<\/script>\n<!-- \/ Yoast SEO Premium plugin. -->","yoast_head_json":{"title":"Hledani servisni dilny - Schwarzm\u00fcller","robots":{"index":"index","follow":"follow","max-snippet":"max-snippet:-1","max-image-preview":"max-image-preview:large","max-video-preview":"max-video-preview:-1"},"canonical":"https:\/\/schwarzmueller.com\/cs\/sluzby\/hledani-servisni-dilny\/","og_locale":"cs_CZ","og_type":"article","og_title":"Hledani servisni dilny","og_url":"https:\/\/schwarzmueller.com\/cs\/sluzby\/hledani-servisni-dilny\/","og_site_name":"Schwarzm\u00fcller","article_modified_time":"2024-10-09T09:43:31+00:00","og_image":[{"width":768,"height":480,"url":"https:\/\/schwarzmueller.com\/wp-content\/uploads\/2024\/03\/csm_schwarzmueller-IAA-2022-tp-schubboden_60f424c13a.jpg","type":"image\/jpeg"}],"twitter_card":"summary_large_image","schema":{"@context":"https:\/\/schema.org","@graph":[{"@type":"WebPage","@id":"https:\/\/schwarzmueller.com\/cs\/sluzby\/hledani-servisni-dilny\/","url":"https:\/\/schwarzmueller.com\/cs\/sluzby\/hledani-servisni-dilny\/","name":"Hledani servisni dilny - Schwarzm\u00fcller","isPartOf":{"@id":"https:\/\/schwarzmueller.com\/en\/#website"},"datePublished":"2024-02-16T10:29:27+00:00","dateModified":"2024-10-09T09:43:31+00:00","breadcrumb":{"@id":"https:\/\/schwarzmueller.com\/cs\/sluzby\/hledani-servisni-dilny\/#breadcrumb"},"inLanguage":"cs","potentialAction":[{"@type":"ReadAction","target":["https:\/\/schwarzmueller.com\/cs\/sluzby\/hledani-servisni-dilny\/"]}]},{"@type":"BreadcrumbList","@id":"https:\/\/schwarzmueller.com\/cs\/sluzby\/hledani-servisni-dilny\/#breadcrumb","itemListElement":[{"@type":"ListItem","position":1,"name":"Home","item":"https:\/\/schwarzmueller.com\/cs\/home-2\/"},{"@type":"ListItem","position":2,"name":"Slu\u017eby","item":"https:\/\/schwarzmueller.com\/cs\/sluzby\/"},{"@type":"ListItem","position":3,"name":"Hledani servisni dilny"}]},{"@type":"WebSite","@id":"https:\/\/schwarzmueller.com\/en\/#website","url":"https:\/\/schwarzmueller.com\/en\/","name":"Schwarzm\u00fcller | Intelligente Fahrzeuge","description":"Ganz auf exzellente Fahrzeugtechnik gebaut","publisher":{"@id":"https:\/\/schwarzmueller.com\/en\/#organization"},"alternateName":"Schwarzm\u00fcller","potentialAction":[{"@type":"SearchAction","target":{"@type":"EntryPoint","urlTemplate":"https:\/\/schwarzmueller.com\/en\/?s={search_term_string}"},"query-input":{"@type":"PropertyValueSpecification","valueRequired":true,"valueName":"search_term_string"}}],"inLanguage":"cs"},{"@type":"Organization","@id":"https:\/\/schwarzmueller.com\/en\/#organization","name":"Schwarzm\u00fcller","url":"https:\/\/schwarzmueller.com\/en\/","logo":{"@type":"ImageObject","inLanguage":"cs","@id":"https:\/\/schwarzmueller.com\/en\/#\/schema\/logo\/image\/","url":"https:\/\/schwarzmueller.com\/wp-content\/uploads\/2024\/05\/sm_icon_logo.svg","contentUrl":"https:\/\/schwarzmueller.com\/wp-content\/uploads\/2024\/05\/sm_icon_logo.svg","width":1,"height":1,"caption":"Schwarzm\u00fcller"},"image":{"@id":"https:\/\/schwarzmueller.com\/en\/#\/schema\/logo\/image\/"}}]}},"_links":{"self":[{"href":"https:\/\/schwarzmueller.com\/cs\/wp-json\/wp\/v2\/pages\/61336","targetHints":{"allow":["GET"]}}],"collection":[{"href":"https:\/\/schwarzmueller.com\/cs\/wp-json\/wp\/v2\/pages"}],"about":[{"href":"https:\/\/schwarzmueller.com\/cs\/wp-json\/wp\/v2\/types\/page"}],"author":[{"embeddable":true,"href":"https:\/\/schwarzmueller.com\/cs\/wp-json\/wp\/v2\/users\/5"}],"replies":[{"embeddable":true,"href":"https:\/\/schwarzmueller.com\/cs\/wp-json\/wp\/v2\/comments?post=61336"}],"version-history":[{"count":7,"href":"https:\/\/schwarzmueller.com\/cs\/wp-json\/wp\/v2\/pages\/61336\/revisions"}],"predecessor-version":[{"id":80991,"href":"https:\/\/schwarzmueller.com\/cs\/wp-json\/wp\/v2\/pages\/61336\/revisions\/80991"}],"up":[{"embeddable":true,"href":"https:\/\/schwarzmueller.com\/cs\/wp-json\/wp\/v2\/pages\/59745"}],"wp:attachment":[{"href":"https:\/\/schwarzmueller.com\/cs\/wp-json\/wp\/v2\/media?parent=61336"}],"curies":[{"name":"wp","href":"https:\/\/api.w.org\/{rel}","templated":true}]}}