{"id":60090,"date":"2024-04-04T14:28:34","date_gmt":"2024-04-04T12:28:34","guid":{"rendered":"https:\/\/schwarzmueller.com\/sluzby\/nahradni-dily\/"},"modified":"2024-10-30T13:47:28","modified_gmt":"2024-10-30T12:47:28","slug":"nahradni-dily","status":"publish","type":"page","link":"https:\/\/schwarzmueller.com\/cs\/sluzby\/nahradni-dily\/","title":{"rendered":"N\u00e1hradn\u00ed d\u00edly"},"content":{"rendered":"\n<style type=\"text\/css\" data-created_by=\"avia_inline_auto\" id=\"style-css-av-33w6nu-ad92efd4665a1809a245e5e7c368246b\">\n.avia-section.av-33w6nu-ad92efd4665a1809a245e5e7c368246b{\nbackground-repeat:no-repeat;\nbackground-image:url(https:\/\/schwarzmueller.com\/wp-content\/uploads\/2024\/04\/dunaharaszti_schwarzmueller_ungarn_bild7_1663dunaharaszti_0620_reduz.jpg);\nbackground-position:50% 50%;\nbackground-attachment:scroll;\n}\n.avia-section.av-33w6nu-ad92efd4665a1809a245e5e7c368246b .av-section-color-overlay{\nopacity:0.5;\nbackground-color:#0a0a0a;\n}\n<\/style>\n<div id='av_section_1'  class='avia-section av-33w6nu-ad92efd4665a1809a245e5e7c368246b main_color avia-section-huge avia-no-border-styling  avia-builder-el-0  el_before_av_textblock  avia-builder-el-first  avia-full-stretch avia-bg-style-scroll av-section-color-overlay-active av-minimum-height av-minimum-height-custom av-height-custom  container_wrap sidebar_left'  data-section-bg-repeat='stretch' data-av_minimum_height_px='512'><div class=\"av-section-color-overlay-wrap\"><div class=\"av-section-color-overlay\"><\/div><div class='container av-section-cont-open' style='height:512px'><main  role=\"main\" itemprop=\"mainContentOfPage\"  class='template-page content  av-content-small units'><div class='post-entry post-entry-type-page post-entry-60090'><div class='entry-content-wrapper clearfix'>\n\n<style type=\"text\/css\" data-created_by=\"avia_inline_auto\" id=\"style-css-av-lv26z3qf-a2ec024430f2bcec46a1f0e5676b38a5\">\n#top .av_textblock_section.av-lv26z3qf-a2ec024430f2bcec46a1f0e5676b38a5 .avia_textblock{\ncolor:#ffffff;\n}\n<\/style>\n<section  class='av_textblock_section av-lv26z3qf-a2ec024430f2bcec46a1f0e5676b38a5 '   itemscope=\"itemscope\" itemtype=\"https:\/\/schema.org\/CreativeWork\" ><div class='avia_textblock hero-title av_inherit_color'  itemprop=\"text\" ><h1>N\u00e1hradn\u00ed d\u00edly<\/h1>\n<h2 class=\"schwa-h6\">Origin\u00e1l um\u00ed jednodu\u0161e v\u00edc.<\/h2>\n<\/div><\/section>\n<\/div><\/div><\/main><!-- close content main element --><\/div><\/div><\/div><div id='after_section_1'  class='main_color av_default_container_wrap container_wrap sidebar_left'  ><div class='container av-section-cont-open' ><div class='template-page content  av-content-small units'><div class='post-entry post-entry-type-page post-entry-60090'><div class='entry-content-wrapper clearfix'><section  class='av_textblock_section av-1fo5fei-8d6c9482fe2ee1270ed3c15b2fbc3202 '   itemscope=\"itemscope\" itemtype=\"https:\/\/schema.org\/CreativeWork\" ><div class='avia_textblock sch-breadcrumb'  itemprop=\"text\" ><div class=\"breadcrumb breadcrumbs avia-breadcrumbs\"><div class=\"breadcrumb-trail\" ><span class=\"trail-before\"><span class=\"breadcrumb-title\">Jste zde:<\/span><\/span> <span  itemscope=\"itemscope\" itemtype=\"https:\/\/schema.org\/BreadcrumbList\" ><span  itemscope=\"itemscope\" itemtype=\"https:\/\/schema.org\/ListItem\" itemprop=\"itemListElement\" ><a itemprop=\"url\" href=\"https:\/\/schwarzmueller.com\/cs\/\" title=\"Schwarzm\u00fcller\" rel=\"home\" class=\"trail-begin\"><span itemprop=\"name\">Dom\u016f<\/span><\/a><span itemprop=\"position\" class=\"hidden\">1<\/span><\/span><\/span><\/div><\/div>\n<\/div><\/section><\/p>\n<\/div><\/div><\/div><!-- close content main div --><\/div><\/div><div id='av_section_2'  class='avia-section av-3zcq5p6-0d95b3ad9dcbd1560b1108c6bff5ce57 main_color avia-section-huge avia-no-border-styling  avia-builder-el-3  el_after_av_textblock  avia-builder-el-last  avia-bg-style-scroll container_wrap sidebar_left'  ><div class='container av-section-cont-open' ><div class='template-page content  av-content-small units'><div class='post-entry post-entry-type-page post-entry-60090'><div class='entry-content-wrapper clearfix'>\n\n<style type=\"text\/css\" data-created_by=\"avia_inline_auto\" id=\"style-css-av-lv27zruy-bb4d53e4c254dc5df69d027de02304c5\">\n#top .av_textblock_section.av-lv27zruy-bb4d53e4c254dc5df69d027de02304c5 .avia_textblock{\ntext-align:left;\n}\n<\/style>\n<section  class='av_textblock_section av-lv27zruy-bb4d53e4c254dc5df69d027de02304c5 '   itemscope=\"itemscope\" itemtype=\"https:\/\/schema.org\/CreativeWork\" ><div class='avia_textblock image-dark-section-title'  itemprop=\"text\" ><h2 class=\"schwa-h4\">N\u00e1hradn\u00ed d\u00edly s dod\u00e1n\u00edm po cel\u00e9 Evrop\u011b do 24 hodin<\/h2>\n<\/div><\/section>\n<div class='flex_column_table av-3gfwzga-1c9e60efdfec746edbaa760845fabed2 sc-av_one_half av-equal-height-column-flextable'><div  class='flex_column av-3gfwzga-1c9e60efdfec746edbaa760845fabed2 av_one_half  avia-builder-el-5  el_after_av_textblock  el_before_av_one_half  first flex_column_table_cell av-equal-height-column av-align-top  column-top-margin'     ><p><section  class='av_textblock_section av-lv27v7v8-964807d7965b85e65257954685b332ab '   itemscope=\"itemscope\" itemtype=\"https:\/\/schema.org\/CreativeWork\" ><div class='avia_textblock'  itemprop=\"text\" ><p>Spolehliv\u00e9 a rychl\u00e9 z\u00e1sobov\u00e1n\u00ed origin\u00e1ln\u00edmi n\u00e1hradn\u00edmi d\u00edly je rozhoduj\u00edc\u00edm faktorem pro udr\u017een\u00ed vysok\u00e9ho stupn\u011b provozuschopnosti Va\u0161ich vozidel Schwarzm\u00fcller.<\/p>\n<p>V\u0161em firemn\u00edm servisn\u00edm m\u00edst\u016fm i servisn\u00edm partner\u016fm dod\u00e1v\u00e1me v\u0161e, co origin\u00e1ln\u00ed v\u016fz Schwarzm\u00fcller pot\u0159ebuje. Modern\u00ed a p\u0159ehledn\u00fd sklad umo\u017e\u0148uje dod\u00e1vky do 24 hodin.<\/p>\n<p class=\"small\"><em>Pozn\u00e1mka: Dod\u00e1n\u00ed do 24 hodin je mo\u017en\u00e9 pouze u n\u00e1hradn\u00edch d\u00edl\u016f skladem.<\/em><\/p>\n<\/div><\/section><br \/>\n<div  class='avia-button-wrap av-lv27x3wf-962a9aea08a756a37b43c7c310c98020-wrap avia-button-left  avia-builder-el-7  el_after_av_textblock  avia-builder-el-last  button-filled-red'>\n<style type=\"text\/css\" data-created_by=\"avia_inline_auto\" id=\"style-css-av-lv27x3wf-962a9aea08a756a37b43c7c310c98020\">\n#top #wrap_all .avia-button.av-lv27x3wf-962a9aea08a756a37b43c7c310c98020{\nborder-style:none;\nborder-radius:0 0 0 0;\ntransition:all 0.4s ease-in-out;\nmargin:3rem 0 0 0;\npadding:1rem 2rem 1rem 2rem;\n}\n#top #wrap_all .avia-button.av-lv27x3wf-962a9aea08a756a37b43c7c310c98020:hover{\nbackground-color:white;\ncolor:black;\ntransition:all 0.4s ease-in-out;\n}\n#top #wrap_all.avia-button.av-lv27x3wf-962a9aea08a756a37b43c7c310c98020:hover .avia_button_background{\nborder-radius:0 0 0 0;\n}\n#top #wrap_all .avia-button.av-lv27x3wf-962a9aea08a756a37b43c7c310c98020:hover .avia-svg-icon svg:first-child{\nfill:black;\nstroke:black;\n}\n<\/style>\n<a href='https:\/\/schwarzmueller.com\/de\/info-und-kontakt\/ansprechpartner\/'  class='avia-button av-lv27x3wf-962a9aea08a756a37b43c7c310c98020 av-link-btn avia-icon_select-no avia-size-medium avia-position-left avia-color-theme-color avia-font-color-white'   aria-label=\"Kontaktn\u00ed osoba\"><span class='avia_iconbox_title' >Kontaktn\u00ed osoba<\/span><\/a><\/div><\/p><\/div><div class='av-flex-placeholder'><\/div><div  class='flex_column av-34e4k3e-bcf50e4cf4f03ca46f5a2fd468d22d1b av_one_half  avia-builder-el-8  el_after_av_one_half  el_before_av_one_full  flex_column_table_cell av-equal-height-column av-align-top  column-top-margin'     ><style type=\"text\/css\" data-created_by=\"avia_inline_auto\" id=\"style-css-av-2hydroa-bb6c2b146684bb3b2904d2ab31555e45\">\n.avia-image-container.av-2hydroa-bb6c2b146684bb3b2904d2ab31555e45 img.avia_image{\nbox-shadow:none;\n}\n.avia-image-container.av-2hydroa-bb6c2b146684bb3b2904d2ab31555e45 .av-image-caption-overlay-center{\ncolor:#ffffff;\n}\n<\/style>\n<div  class='avia-image-container av-2hydroa-bb6c2b146684bb3b2904d2ab31555e45 av-styling- avia-align-center  avia-builder-el-9  avia-builder-el-no-sibling '   itemprop=\"image\" itemscope=\"itemscope\" itemtype=\"https:\/\/schema.org\/ImageObject\" ><div class=\"avia-image-container-inner\"><div class=\"avia-image-overlay-wrap\"><img decoding=\"async\" fetchpriority=\"high\" class='wp-image-64977 avia-img-lazy-loading-not-64977 avia_image ' src=\"https:\/\/schwarzmueller.com\/wp-content\/uploads\/2024\/03\/ersatzteile.jpg\" alt='' title='ersatzteile'  height=\"467\" width=\"700\"  itemprop=\"thumbnailUrl\" srcset=\"https:\/\/schwarzmueller.com\/wp-content\/uploads\/2024\/03\/ersatzteile.jpg 700w, https:\/\/schwarzmueller.com\/wp-content\/uploads\/2024\/03\/ersatzteile-300x200.jpg 300w\" sizes=\"(max-width: 700px) 100vw, 700px\" \/><\/div><\/div><\/div><\/div><\/div><!--close column table wrapper. Autoclose: 1 --><div  class='flex_column av-zz9cmy-6a60902a5bcad04770d01380dcb7283e av_one_full  avia-builder-el-10  el_after_av_one_half  avia-builder-el-last  first flex_column_div  column-top-margin'     ><div><div class=\"download-categories\"><\/div><\/div><\/div><\/div><\/div>\n<\/div><\/div><\/div><!-- close content main div --><\/div><\/div><div id='after_section_2'  class='main_color av_default_container_wrap container_wrap sidebar_left'  ><div class='container av-section-cont-open' ><div class='template-page content  av-content-small units'><div class='post-entry post-entry-type-page post-entry-60090'><div class='entry-content-wrapper clearfix'>\n","protected":false},"excerpt":{"rendered":"","protected":false},"author":6,"featured_media":0,"parent":59745,"menu_order":0,"comment_status":"closed","ping_status":"closed","template":"","meta":{"_acf_changed":false,"_relevanssi_hide_post":"","_relevanssi_hide_content":"","_relevanssi_pin_for_all":"","_relevanssi_pin_keywords":"","_relevanssi_unpin_keywords":"","_relevanssi_related_keywords":"","_relevanssi_related_include_ids":"","_relevanssi_related_exclude_ids":"","_relevanssi_related_no_append":"","_relevanssi_related_not_related":"","_relevanssi_related_posts":"51415,51317,51418,51322,51333,51379","_relevanssi_noindex_reason":"","footnotes":""},"class_list":["post-60090","page","type-page","status-publish","hentry"],"acf":[],"yoast_head":"<!-- This site is optimized with the Yoast SEO Premium plugin v26.4 (Yoast SEO v27.2) - https:\/\/yoast.com\/product\/yoast-seo-premium-wordpress\/ -->\n<title>N\u00e1hradn\u00ed d\u00edly - Schwarzm\u00fcller<\/title>\n<meta name=\"robots\" content=\"index, follow, max-snippet:-1, max-image-preview:large, max-video-preview:-1\" \/>\n<link rel=\"canonical\" href=\"https:\/\/schwarzmueller.com\/cs\/sluzby\/nahradni-dily\/\" \/>\n<meta property=\"og:locale\" content=\"cs_CZ\" \/>\n<meta property=\"og:type\" content=\"article\" \/>\n<meta property=\"og:title\" content=\"N\u00e1hradn\u00ed d\u00edly\" \/>\n<meta property=\"og:url\" content=\"https:\/\/schwarzmueller.com\/cs\/sluzby\/nahradni-dily\/\" \/>\n<meta property=\"og:site_name\" content=\"Schwarzm\u00fcller\" \/>\n<meta property=\"article:modified_time\" content=\"2024-10-30T12:47:28+00:00\" \/>\n<meta property=\"og:image\" content=\"https:\/\/schwarzmueller.com\/wp-content\/uploads\/2024\/03\/csm_schwarzmueller-IAA-2022-tp-schubboden_60f424c13a.jpg\" \/>\n\t<meta property=\"og:image:width\" content=\"768\" \/>\n\t<meta property=\"og:image:height\" content=\"480\" \/>\n\t<meta property=\"og:image:type\" content=\"image\/jpeg\" \/>\n<meta name=\"twitter:card\" content=\"summary_large_image\" \/>\n<meta name=\"twitter:label1\" content=\"Odhadovan\u00e1 doba \u010dten\u00ed\" \/>\n\t<meta name=\"twitter:data1\" content=\"1 minuta\" \/>\n<script type=\"application\/ld+json\" class=\"yoast-schema-graph\">{\"@context\":\"https:\/\/schema.org\",\"@graph\":[{\"@type\":\"WebPage\",\"@id\":\"https:\/\/schwarzmueller.com\/cs\/sluzby\/nahradni-dily\/\",\"url\":\"https:\/\/schwarzmueller.com\/cs\/sluzby\/nahradni-dily\/\",\"name\":\"N\u00e1hradn\u00ed d\u00edly - Schwarzm\u00fcller\",\"isPartOf\":{\"@id\":\"https:\/\/schwarzmueller.com\/en\/#website\"},\"datePublished\":\"2024-04-04T12:28:34+00:00\",\"dateModified\":\"2024-10-30T12:47:28+00:00\",\"breadcrumb\":{\"@id\":\"https:\/\/schwarzmueller.com\/cs\/sluzby\/nahradni-dily\/#breadcrumb\"},\"inLanguage\":\"cs\",\"potentialAction\":[{\"@type\":\"ReadAction\",\"target\":[\"https:\/\/schwarzmueller.com\/cs\/sluzby\/nahradni-dily\/\"]}]},{\"@type\":\"BreadcrumbList\",\"@id\":\"https:\/\/schwarzmueller.com\/cs\/sluzby\/nahradni-dily\/#breadcrumb\",\"itemListElement\":[{\"@type\":\"ListItem\",\"position\":1,\"name\":\"Home\",\"item\":\"https:\/\/schwarzmueller.com\/cs\/home-2\/\"},{\"@type\":\"ListItem\",\"position\":2,\"name\":\"Slu\u017eby\",\"item\":\"https:\/\/schwarzmueller.com\/cs\/sluzby\/\"},{\"@type\":\"ListItem\",\"position\":3,\"name\":\"N\u00e1hradn\u00ed d\u00edly\"}]},{\"@type\":\"WebSite\",\"@id\":\"https:\/\/schwarzmueller.com\/en\/#website\",\"url\":\"https:\/\/schwarzmueller.com\/en\/\",\"name\":\"Schwarzm\u00fcller | Intelligente Fahrzeuge\",\"description\":\"Ganz auf exzellente Fahrzeugtechnik gebaut\",\"publisher\":{\"@id\":\"https:\/\/schwarzmueller.com\/en\/#organization\"},\"alternateName\":\"Schwarzm\u00fcller\",\"potentialAction\":[{\"@type\":\"SearchAction\",\"target\":{\"@type\":\"EntryPoint\",\"urlTemplate\":\"https:\/\/schwarzmueller.com\/en\/?s={search_term_string}\"},\"query-input\":{\"@type\":\"PropertyValueSpecification\",\"valueRequired\":true,\"valueName\":\"search_term_string\"}}],\"inLanguage\":\"cs\"},{\"@type\":\"Organization\",\"@id\":\"https:\/\/schwarzmueller.com\/en\/#organization\",\"name\":\"Schwarzm\u00fcller\",\"url\":\"https:\/\/schwarzmueller.com\/en\/\",\"logo\":{\"@type\":\"ImageObject\",\"inLanguage\":\"cs\",\"@id\":\"https:\/\/schwarzmueller.com\/en\/#\/schema\/logo\/image\/\",\"url\":\"https:\/\/schwarzmueller.com\/wp-content\/uploads\/2024\/05\/sm_icon_logo.svg\",\"contentUrl\":\"https:\/\/schwarzmueller.com\/wp-content\/uploads\/2024\/05\/sm_icon_logo.svg\",\"width\":1,\"height\":1,\"caption\":\"Schwarzm\u00fcller\"},\"image\":{\"@id\":\"https:\/\/schwarzmueller.com\/en\/#\/schema\/logo\/image\/\"}}]}<\/script>\n<!-- \/ Yoast SEO Premium plugin. -->","yoast_head_json":{"title":"N\u00e1hradn\u00ed d\u00edly - Schwarzm\u00fcller","robots":{"index":"index","follow":"follow","max-snippet":"max-snippet:-1","max-image-preview":"max-image-preview:large","max-video-preview":"max-video-preview:-1"},"canonical":"https:\/\/schwarzmueller.com\/cs\/sluzby\/nahradni-dily\/","og_locale":"cs_CZ","og_type":"article","og_title":"N\u00e1hradn\u00ed d\u00edly","og_url":"https:\/\/schwarzmueller.com\/cs\/sluzby\/nahradni-dily\/","og_site_name":"Schwarzm\u00fcller","article_modified_time":"2024-10-30T12:47:28+00:00","og_image":[{"width":768,"height":480,"url":"https:\/\/schwarzmueller.com\/wp-content\/uploads\/2024\/03\/csm_schwarzmueller-IAA-2022-tp-schubboden_60f424c13a.jpg","type":"image\/jpeg"}],"twitter_card":"summary_large_image","twitter_misc":{"Odhadovan\u00e1 doba \u010dten\u00ed":"1 minuta"},"schema":{"@context":"https:\/\/schema.org","@graph":[{"@type":"WebPage","@id":"https:\/\/schwarzmueller.com\/cs\/sluzby\/nahradni-dily\/","url":"https:\/\/schwarzmueller.com\/cs\/sluzby\/nahradni-dily\/","name":"N\u00e1hradn\u00ed d\u00edly - Schwarzm\u00fcller","isPartOf":{"@id":"https:\/\/schwarzmueller.com\/en\/#website"},"datePublished":"2024-04-04T12:28:34+00:00","dateModified":"2024-10-30T12:47:28+00:00","breadcrumb":{"@id":"https:\/\/schwarzmueller.com\/cs\/sluzby\/nahradni-dily\/#breadcrumb"},"inLanguage":"cs","potentialAction":[{"@type":"ReadAction","target":["https:\/\/schwarzmueller.com\/cs\/sluzby\/nahradni-dily\/"]}]},{"@type":"BreadcrumbList","@id":"https:\/\/schwarzmueller.com\/cs\/sluzby\/nahradni-dily\/#breadcrumb","itemListElement":[{"@type":"ListItem","position":1,"name":"Home","item":"https:\/\/schwarzmueller.com\/cs\/home-2\/"},{"@type":"ListItem","position":2,"name":"Slu\u017eby","item":"https:\/\/schwarzmueller.com\/cs\/sluzby\/"},{"@type":"ListItem","position":3,"name":"N\u00e1hradn\u00ed d\u00edly"}]},{"@type":"WebSite","@id":"https:\/\/schwarzmueller.com\/en\/#website","url":"https:\/\/schwarzmueller.com\/en\/","name":"Schwarzm\u00fcller | Intelligente Fahrzeuge","description":"Ganz auf exzellente Fahrzeugtechnik gebaut","publisher":{"@id":"https:\/\/schwarzmueller.com\/en\/#organization"},"alternateName":"Schwarzm\u00fcller","potentialAction":[{"@type":"SearchAction","target":{"@type":"EntryPoint","urlTemplate":"https:\/\/schwarzmueller.com\/en\/?s={search_term_string}"},"query-input":{"@type":"PropertyValueSpecification","valueRequired":true,"valueName":"search_term_string"}}],"inLanguage":"cs"},{"@type":"Organization","@id":"https:\/\/schwarzmueller.com\/en\/#organization","name":"Schwarzm\u00fcller","url":"https:\/\/schwarzmueller.com\/en\/","logo":{"@type":"ImageObject","inLanguage":"cs","@id":"https:\/\/schwarzmueller.com\/en\/#\/schema\/logo\/image\/","url":"https:\/\/schwarzmueller.com\/wp-content\/uploads\/2024\/05\/sm_icon_logo.svg","contentUrl":"https:\/\/schwarzmueller.com\/wp-content\/uploads\/2024\/05\/sm_icon_logo.svg","width":1,"height":1,"caption":"Schwarzm\u00fcller"},"image":{"@id":"https:\/\/schwarzmueller.com\/en\/#\/schema\/logo\/image\/"}}]}},"_links":{"self":[{"href":"https:\/\/schwarzmueller.com\/cs\/wp-json\/wp\/v2\/pages\/60090","targetHints":{"allow":["GET"]}}],"collection":[{"href":"https:\/\/schwarzmueller.com\/cs\/wp-json\/wp\/v2\/pages"}],"about":[{"href":"https:\/\/schwarzmueller.com\/cs\/wp-json\/wp\/v2\/types\/page"}],"author":[{"embeddable":true,"href":"https:\/\/schwarzmueller.com\/cs\/wp-json\/wp\/v2\/users\/6"}],"replies":[{"embeddable":true,"href":"https:\/\/schwarzmueller.com\/cs\/wp-json\/wp\/v2\/comments?post=60090"}],"version-history":[{"count":6,"href":"https:\/\/schwarzmueller.com\/cs\/wp-json\/wp\/v2\/pages\/60090\/revisions"}],"predecessor-version":[{"id":81774,"href":"https:\/\/schwarzmueller.com\/cs\/wp-json\/wp\/v2\/pages\/60090\/revisions\/81774"}],"up":[{"embeddable":true,"href":"https:\/\/schwarzmueller.com\/cs\/wp-json\/wp\/v2\/pages\/59745"}],"wp:attachment":[{"href":"https:\/\/schwarzmueller.com\/cs\/wp-json\/wp\/v2\/media?parent=60090"}],"curies":[{"name":"wp","href":"https:\/\/api.w.org\/{rel}","templated":true}]}}